{"id":3188,"date":"2023-07-02T23:16:13","date_gmt":"2023-07-02T21:16:13","guid":{"rendered":"https:\/\/www.laguidasorrento.com\/?page_id=3188"},"modified":"2025-08-19T15:39:43","modified_gmt":"2025-08-19T13:39:43","slug":"sorrento-coast-tour-guide","status":"publish","type":"page","link":"https:\/\/www.laguidasorrento.com\/de\/sorrento-coast-tour-guide\/","title":{"rendered":"Touren an der K\u00fcste von Sorrent"},"content":{"rendered":"<div data-elementor-type=\"wp-page\" data-elementor-id=\"3188\" class=\"elementor elementor-3188\">\n\t\t\t\t\t\t<section class=\"elementor-section elementor-top-section elementor-element elementor-element-60c9816 elementor-section-boxed elementor-section-height-default elementor-section-height-default\" data-id=\"60c9816\" data-element_type=\"section\">\n\t\t\t\t\t\t<div class=\"elementor-container elementor-column-gap-default\">\n\t\t\t\t\t<div class=\"elementor-column elementor-col-100 elementor-top-column elementor-element elementor-element-a76ee7c\" data-id=\"a76ee7c\" data-element_type=\"column\">\n\t\t\t<div class=\"elementor-widget-wrap elementor-element-populated\">\n\t\t\t\t\t\t<div class=\"elementor-element elementor-element-8e464d3 elementor-widget elementor-widget-text-editor\" data-id=\"8e464d3\" data-element_type=\"widget\" data-widget_type=\"text-editor.default\">\n\t\t\t\t<div class=\"elementor-widget-container\">\n\t\t\t\t\t\t\t\t\t<p><strong>Sorrent<\/strong>:<strong> Eine verf\u00fchrerische Flucht in das bezaubernde Land der Sirenen<\/strong><\/p><p><strong>Sorrent<\/strong>, wo Geschichte und Mythos eins werden und Reisende aus aller Welt anlocken. Unsere bezaubernde Stadt ist wie eine herrliche Terrasse mit Blick auf das Meer, ein Juwel, das die Halbinsel ziert, eingebettet zwischen den verf\u00fchrerischen Buchten von <strong>Neapel<\/strong> Und <strong>Salerno<\/strong>.<\/p><p>Sorrentos Reiz ist zeitlos und wird nicht nur in der Neuzeit gefeiert, sondern geht auch auf die Zeit des R\u00f6mischen Reiches zur\u00fcck, als einst Patrizier beschlossen, hier ihre opulenten Freizeitvillen zu errichten. Im 18. Jahrhundert war es ein zentraler Zwischenstopp auf dem prestigetr\u00e4chtigen Markt <strong>gro\u00dfe Tour<\/strong>, und die Stadt war schon immer f\u00fcr ihre unvergleichliche Gastfreundschaft bekannt.<\/p><p>Stellen Sie sich einen Ort vor, an dem der legend\u00e4re Tenor <strong>Enrico Caruso<\/strong> suchte w\u00e4hrend seiner Genesung Trost in den Armen von Sorrent. Jahre sp\u00e4ter, <strong>Lucio Dalla<\/strong>Inspiriert von dieser Verbindung schuf er das Meisterwerk des zeitlosen Liedes \u201e<strong>Caruso<\/strong>.\u201d<\/p><p>Der Name einer der gr\u00f6\u00dften und ber\u00fchmtesten Schauspielerinnen der Filmgeschichte, <strong>Sophia Loren<\/strong>ist f\u00fcr immer mit Sorrent verbunden. Im Jahr 1955 beehrte sie zusammen mit dem italienischen Schauspieler das malerische Dorf Marina Grande mit ihrer Anwesenheit <strong>Vittorio de Sica,<\/strong> in der ber\u00fchmten italienischen Kom\u00f6die \u201e<strong>Pane, Amore e\u2026<\/strong>\u201c&quot;.<\/p><p><strong>Tasso<\/strong> Platz, benannt nach dem ber\u00fchmtesten Sohn der Stadt, dem Schriftsteller <strong>Torquato Tasso<\/strong>, dient als Tor zu einem faszinierenden Labyrinth aus Cardines und Decumani. Diese verwinkelten Gassen verbergen die Sch\u00e4tze des antiken Sorrent, und wenn Sie durch sie schlendern, werden Ihnen vielleicht die Ankl\u00e4nge eines der ber\u00fchmtesten Lieder der Welt in den Sinn kommen: \u201e<strong>Anema und Kern<\/strong>\u201e, aus der Feder des \u00f6rtlichen S\u00e4ngers <strong>Salve d&#039;Esposito<\/strong>.<\/p><p>Sorrent ist nicht nur ein Ort; Es ist ein Erlebnis der Pracht der Natur. Lassen Sie sich vom bet\u00f6renden Duft der Zitronen bei einem gem\u00fctlichen Spaziergang durch einen der typischen G\u00e4rten der Stadt begleiten. Hier, das Ber\u00fchmte <strong>Sorrento g.g.A. Zitrone<\/strong> angebaut wird, ist es die Essenz hinter dem k\u00f6stlichen Zitronenlik\u00f6r:\u00a0\u00a0<strong>Limoncello<\/strong> di Sorrent.<\/p><p>Ihre Reise nach Sorrent ist auch eine Reise voller kulinarischer K\u00f6stlichkeiten und Traditionen. Stellen Sie sich eine kleine Pfanne gef\u00fcllt mit vor <strong>Gnocchi<\/strong> alla Sorrentina, ein Teller mit <strong>Spaghetti<\/strong> mit Muscheln oder die exquisite Cremigkeit von <strong>Delizia al Limone<\/strong>. Dies ist nur ein kleiner Vorgeschmack auf die Spezialit\u00e4ten, die Ihre Sinne begeistern werden.<\/p><p>Sorrento ist ein Reich von <strong>Handwerkskunst<\/strong>, wo Sie von der Faszination fasziniert sein werden <strong>handgefertigte Sandalen<\/strong> und der Charme von <strong>eingelegte Spieluhren<\/strong> Und <strong>eingelegte Holzarbeiten.<\/strong><\/p><p>Schlie\u00dflich ist Sorrent Ihr Tor zu einer Reihe von Wundern. Davon <strong>strategisch<\/strong> Lage k\u00f6nnen Sie m\u00fchelos die benachbarten Sch\u00e4tze erkunden <strong>Pompeji<\/strong>, <strong>Herculaneum<\/strong>, die verf\u00fchrerische Insel <strong>Capri<\/strong>und das G\u00f6ttliche <strong>Amalfi k\u00fcste<\/strong>. 45 Minuten mit Hydrophoilen oder ca. 1 Stunde mit dem Zug bringen Sie zum <strong>Stadt Neapel<\/strong>.<\/p><p>Sorrent ist nicht nur ein Reiseziel; Es ist eine verf\u00fchrerische und bezaubernde Flucht, bei der Geschichte, Mythos, Kultur und Natursch\u00f6nheit zusammenkommen und ein Erlebnis schaffen, das f\u00fcr immer in Ihrem Herzen und Ihrer Erinnerung bleiben wird.<\/p><p><strong>Ihre Reise beginnt hier<\/strong><\/p>\t\t\t\t\t\t\t\t<\/div>\n\t\t\t\t<\/div>\n\t\t\t\t\t<\/div>\n\t\t<\/div>\n\t\t\t\t\t<\/div>\n\t\t<\/section>\n\t\t\t\t<section class=\"elementor-section elementor-top-section elementor-element elementor-element-2646712 elementor-section-boxed elementor-section-height-default elementor-section-height-default\" data-id=\"2646712\" data-element_type=\"section\">\n\t\t\t\t\t\t<div class=\"elementor-container elementor-column-gap-default\">\n\t\t\t\t\t<div class=\"elementor-column elementor-col-100 elementor-top-column elementor-element elementor-element-9467ebd\" data-id=\"9467ebd\" data-element_type=\"column\">\n\t\t\t<div class=\"elementor-widget-wrap elementor-element-populated\">\n\t\t\t\t\t\t<div class=\"elementor-element elementor-element-439a020 elementor-widget elementor-widget-image\" data-id=\"439a020\" data-element_type=\"widget\" data-widget_type=\"image.default\">\n\t\t\t\t<div class=\"elementor-widget-container\">\n\t\t\t\t\t\t\t\t\t\t\t\t\t\t\t<img fetchpriority=\"high\" decoding=\"async\" width=\"640\" height=\"321\" src=\"https:\/\/www.laguidasorrento.com\/wp-content\/uploads\/2023\/10\/LaguidaSorrento_panres1-1024x513.jpg\" class=\"attachment-large size-large wp-image-3761\" alt=\"Sorrento Coast\" srcset=\"https:\/\/www.laguidasorrento.com\/wp-content\/uploads\/2023\/10\/LaguidaSorrento_panres1-1024x513.jpg 1024w, https:\/\/www.laguidasorrento.com\/wp-content\/uploads\/2023\/10\/LaguidaSorrento_panres1-300x150.jpg 300w, https:\/\/www.laguidasorrento.com\/wp-content\/uploads\/2023\/10\/LaguidaSorrento_panres1-768x385.jpg 768w, https:\/\/www.laguidasorrento.com\/wp-content\/uploads\/2023\/10\/LaguidaSorrento_panres1-1536x770.jpg 1536w, https:\/\/www.laguidasorrento.com\/wp-content\/uploads\/2023\/10\/LaguidaSorrento_panres1-2048x1026.jpg 2048w, https:\/\/www.laguidasorrento.com\/wp-content\/uploads\/2023\/10\/LaguidaSorrento_panres1-18x9.jpg 18w, https:\/\/www.laguidasorrento.com\/wp-content\/uploads\/2023\/10\/LaguidaSorrento_panres1-600x301.jpg 600w\" sizes=\"(max-width: 640px) 100vw, 640px\" \/>\t\t\t\t\t\t\t\t\t\t\t\t\t\t\t<\/div>\n\t\t\t\t<\/div>\n\t\t\t\t\t<\/div>\n\t\t<\/div>\n\t\t\t\t\t<\/div>\n\t\t<\/section>\n\t\t\t\t<\/div>","protected":false},"excerpt":{"rendered":"<p>Sorrent: Ein verf\u00fchrerischer Ausflug in das bezaubernde Land der Sirenen. Sorrent, wo Geschichte und Mythos eins werden, lockt Reisende aus aller Welt an. Unsere bezaubernde Stadt ist wie eine herrliche Terrasse mit Blick auf das Meer, ein Juwel, das die Halbinsel schm\u00fcckt, eingebettet zwischen den verlockenden Buchten von Neapel und Salerno. Sorrents Reiz ist zeitlos und wird nicht [\u2026]<\/p>","protected":false},"author":1,"featured_media":3341,"parent":0,"menu_order":0,"comment_status":"closed","ping_status":"closed","template":"","meta":{"footnotes":""},"class_list":["post-3188","page","type-page","status-publish","has-post-thumbnail","hentry"],"yoast_head":"<!-- This site is optimized with the Yoast SEO Premium plugin v26.8 (Yoast SEO v27.6) - https:\/\/yoast.com\/product\/yoast-seo-premium-wordpress\/ -->\n<title>Sorrento Coast Tours - La Guida Sorrento<\/title>\n<meta name=\"description\" content=\"Sorrento Coast private tour with expert guide. A gem between Naples and Salerno, with breathtaking views, cliffs and Mediterranean beauty\" \/>\n<meta name=\"robots\" content=\"index, follow, max-snippet:-1, max-image-preview:large, max-video-preview:-1\" \/>\n<link rel=\"canonical\" href=\"https:\/\/www.laguidasorrento.com\/de\/sorrento-coast-tour-guide\/\" \/>\n<meta property=\"og:locale\" content=\"de_DE\" \/>\n<meta property=\"og:type\" content=\"article\" \/>\n<meta property=\"og:title\" content=\"Sorrento Coast Tours\" \/>\n<meta property=\"og:description\" content=\"Sorrento Coast private tour with expert guide. A gem between Naples and Salerno, with breathtaking views, cliffs and Mediterranean beauty\" \/>\n<meta property=\"og:url\" content=\"https:\/\/www.laguidasorrento.com\/de\/sorrento-coast-tour-guide\/\" \/>\n<meta property=\"og:site_name\" content=\"La Guida Sorrento\" \/>\n<meta property=\"article:publisher\" content=\"https:\/\/facebook.com\/tourguidesorrento\" \/>\n<meta property=\"article:modified_time\" content=\"2025-08-19T13:39:43+00:00\" \/>\n<meta property=\"og:image\" content=\"https:\/\/www.laguidasorrento.com\/wp-content\/uploads\/2023\/07\/20210512_173514709_iOS-scaled.jpg\" \/>\n\t<meta property=\"og:image:width\" content=\"2560\" \/>\n\t<meta property=\"og:image:height\" content=\"1920\" \/>\n\t<meta property=\"og:image:type\" content=\"image\/jpeg\" \/>\n<meta name=\"twitter:card\" content=\"summary_large_image\" \/>\n<meta name=\"twitter:label1\" content=\"Gesch\u00e4tzte Lesezeit\" \/>\n\t<meta name=\"twitter:data1\" content=\"3\u00a0Minuten\" \/>\n<script type=\"application\/ld+json\" class=\"yoast-schema-graph\">{\"@context\":\"https:\\\/\\\/schema.org\",\"@graph\":[{\"@type\":\"WebPage\",\"@id\":\"https:\\\/\\\/www.laguidasorrento.com\\\/sorrento-coast-tour-guide\\\/\",\"url\":\"https:\\\/\\\/www.laguidasorrento.com\\\/sorrento-coast-tour-guide\\\/\",\"name\":\"Sorrento Coast Tours - La Guida Sorrento\",\"isPartOf\":{\"@id\":\"https:\\\/\\\/www.laguidasorrento.com\\\/#website\"},\"primaryImageOfPage\":{\"@id\":\"https:\\\/\\\/www.laguidasorrento.com\\\/sorrento-coast-tour-guide\\\/#primaryimage\"},\"image\":{\"@id\":\"https:\\\/\\\/www.laguidasorrento.com\\\/sorrento-coast-tour-guide\\\/#primaryimage\"},\"thumbnailUrl\":\"https:\\\/\\\/www.laguidasorrento.com\\\/wp-content\\\/uploads\\\/2023\\\/07\\\/20210512_173514709_iOS-scaled.jpg\",\"datePublished\":\"2023-07-02T21:16:13+00:00\",\"dateModified\":\"2025-08-19T13:39:43+00:00\",\"description\":\"Sorrento Coast private tour with expert guide. A gem between Naples and Salerno, with breathtaking views, cliffs and Mediterranean beauty\",\"breadcrumb\":{\"@id\":\"https:\\\/\\\/www.laguidasorrento.com\\\/sorrento-coast-tour-guide\\\/#breadcrumb\"},\"inLanguage\":\"de\",\"potentialAction\":[{\"@type\":\"ReadAction\",\"target\":[\"https:\\\/\\\/www.laguidasorrento.com\\\/sorrento-coast-tour-guide\\\/\"]}]},{\"@type\":\"ImageObject\",\"inLanguage\":\"de\",\"@id\":\"https:\\\/\\\/www.laguidasorrento.com\\\/sorrento-coast-tour-guide\\\/#primaryimage\",\"url\":\"https:\\\/\\\/www.laguidasorrento.com\\\/wp-content\\\/uploads\\\/2023\\\/07\\\/20210512_173514709_iOS-scaled.jpg\",\"contentUrl\":\"https:\\\/\\\/www.laguidasorrento.com\\\/wp-content\\\/uploads\\\/2023\\\/07\\\/20210512_173514709_iOS-scaled.jpg\",\"width\":2560,\"height\":1920,\"caption\":\"Sorrento\"},{\"@type\":\"BreadcrumbList\",\"@id\":\"https:\\\/\\\/www.laguidasorrento.com\\\/sorrento-coast-tour-guide\\\/#breadcrumb\",\"itemListElement\":[{\"@type\":\"ListItem\",\"position\":1,\"name\":\"Home\",\"item\":\"https:\\\/\\\/www.laguidasorrento.com\\\/\"},{\"@type\":\"ListItem\",\"position\":2,\"name\":\"Sorrento Coast Tours\"}]},{\"@type\":\"WebSite\",\"@id\":\"https:\\\/\\\/www.laguidasorrento.com\\\/#website\",\"url\":\"https:\\\/\\\/www.laguidasorrento.com\\\/\",\"name\":\"La Guida Sorrento\",\"description\":\"Explore Naples and Beyond\",\"publisher\":{\"@id\":\"https:\\\/\\\/www.laguidasorrento.com\\\/#organization\"},\"potentialAction\":[{\"@type\":\"SearchAction\",\"target\":{\"@type\":\"EntryPoint\",\"urlTemplate\":\"https:\\\/\\\/www.laguidasorrento.com\\\/?s={search_term_string}\"},\"query-input\":{\"@type\":\"PropertyValueSpecification\",\"valueRequired\":true,\"valueName\":\"search_term_string\"}}],\"inLanguage\":\"de\"},{\"@type\":\"Organization\",\"@id\":\"https:\\\/\\\/www.laguidasorrento.com\\\/#organization\",\"name\":\"La Guida Sorrento\",\"url\":\"https:\\\/\\\/www.laguidasorrento.com\\\/\",\"logo\":{\"@type\":\"ImageObject\",\"inLanguage\":\"de\",\"@id\":\"https:\\\/\\\/www.laguidasorrento.com\\\/#\\\/schema\\\/logo\\\/image\\\/\",\"url\":\"https:\\\/\\\/www.laguidasorrento.com\\\/wp-content\\\/uploads\\\/2023\\\/02\\\/la_guida_sorrento_logo-e1688335948369.webp\",\"contentUrl\":\"https:\\\/\\\/www.laguidasorrento.com\\\/wp-content\\\/uploads\\\/2023\\\/02\\\/la_guida_sorrento_logo-e1688335948369.webp\",\"width\":1443,\"height\":468,\"caption\":\"La Guida Sorrento\"},\"image\":{\"@id\":\"https:\\\/\\\/www.laguidasorrento.com\\\/#\\\/schema\\\/logo\\\/image\\\/\"},\"sameAs\":[\"https:\\\/\\\/facebook.com\\\/tourguidesorrento\",\"https:\\\/\\\/instagram.com\\\/tourguidesorrento\",\"https:\\\/\\\/linkedin.com\\\/tourguidesorrento\"]}]}<\/script>\n<!-- \/ Yoast SEO Premium plugin. -->","yoast_head_json":{"title":"Touren an der K\u00fcste von Sorrent - La Guida Sorrent","description":"Private Tour an der K\u00fcste von Sorrent mit erfahrenem Guide. Ein Juwel zwischen Neapel und Salerno mit atemberaubender Aussicht, Klippen und mediterraner Sch\u00f6nheit","robots":{"index":"index","follow":"follow","max-snippet":"max-snippet:-1","max-image-preview":"max-image-preview:large","max-video-preview":"max-video-preview:-1"},"canonical":"https:\/\/www.laguidasorrento.com\/de\/sorrento-coast-tour-guide\/","og_locale":"de_DE","og_type":"article","og_title":"Sorrento Coast Tours","og_description":"Sorrento Coast private tour with expert guide. A gem between Naples and Salerno, with breathtaking views, cliffs and Mediterranean beauty","og_url":"https:\/\/www.laguidasorrento.com\/de\/sorrento-coast-tour-guide\/","og_site_name":"La Guida Sorrento","article_publisher":"https:\/\/facebook.com\/tourguidesorrento","article_modified_time":"2025-08-19T13:39:43+00:00","og_image":[{"width":2560,"height":1920,"url":"https:\/\/www.laguidasorrento.com\/wp-content\/uploads\/2023\/07\/20210512_173514709_iOS-scaled.jpg","type":"image\/jpeg"}],"twitter_card":"summary_large_image","twitter_misc":{"Gesch\u00e4tzte Lesezeit":"3\u00a0Minuten"},"schema":{"@context":"https:\/\/schema.org","@graph":[{"@type":"WebPage","@id":"https:\/\/www.laguidasorrento.com\/sorrento-coast-tour-guide\/","url":"https:\/\/www.laguidasorrento.com\/sorrento-coast-tour-guide\/","name":"Touren an der K\u00fcste von Sorrent - La Guida Sorrent","isPartOf":{"@id":"https:\/\/www.laguidasorrento.com\/#website"},"primaryImageOfPage":{"@id":"https:\/\/www.laguidasorrento.com\/sorrento-coast-tour-guide\/#primaryimage"},"image":{"@id":"https:\/\/www.laguidasorrento.com\/sorrento-coast-tour-guide\/#primaryimage"},"thumbnailUrl":"https:\/\/www.laguidasorrento.com\/wp-content\/uploads\/2023\/07\/20210512_173514709_iOS-scaled.jpg","datePublished":"2023-07-02T21:16:13+00:00","dateModified":"2025-08-19T13:39:43+00:00","description":"Private Tour an der K\u00fcste von Sorrent mit erfahrenem Guide. Ein Juwel zwischen Neapel und Salerno mit atemberaubender Aussicht, Klippen und mediterraner Sch\u00f6nheit","breadcrumb":{"@id":"https:\/\/www.laguidasorrento.com\/sorrento-coast-tour-guide\/#breadcrumb"},"inLanguage":"de","potentialAction":[{"@type":"ReadAction","target":["https:\/\/www.laguidasorrento.com\/sorrento-coast-tour-guide\/"]}]},{"@type":"ImageObject","inLanguage":"de","@id":"https:\/\/www.laguidasorrento.com\/sorrento-coast-tour-guide\/#primaryimage","url":"https:\/\/www.laguidasorrento.com\/wp-content\/uploads\/2023\/07\/20210512_173514709_iOS-scaled.jpg","contentUrl":"https:\/\/www.laguidasorrento.com\/wp-content\/uploads\/2023\/07\/20210512_173514709_iOS-scaled.jpg","width":2560,"height":1920,"caption":"Sorrento"},{"@type":"BreadcrumbList","@id":"https:\/\/www.laguidasorrento.com\/sorrento-coast-tour-guide\/#breadcrumb","itemListElement":[{"@type":"ListItem","position":1,"name":"Home","item":"https:\/\/www.laguidasorrento.com\/"},{"@type":"ListItem","position":2,"name":"Sorrento Coast Tours"}]},{"@type":"WebSite","@id":"https:\/\/www.laguidasorrento.com\/#website","url":"https:\/\/www.laguidasorrento.com\/","name":"La Guida Sorrent","description":"Entdecken Sie Neapel und Umgebung","publisher":{"@id":"https:\/\/www.laguidasorrento.com\/#organization"},"potentialAction":[{"@type":"SearchAction","target":{"@type":"EntryPoint","urlTemplate":"https:\/\/www.laguidasorrento.com\/?s={search_term_string}"},"query-input":{"@type":"PropertyValueSpecification","valueRequired":true,"valueName":"search_term_string"}}],"inLanguage":"de"},{"@type":"Organization","@id":"https:\/\/www.laguidasorrento.com\/#organization","name":"La Guida Sorrent","url":"https:\/\/www.laguidasorrento.com\/","logo":{"@type":"ImageObject","inLanguage":"de","@id":"https:\/\/www.laguidasorrento.com\/#\/schema\/logo\/image\/","url":"https:\/\/www.laguidasorrento.com\/wp-content\/uploads\/2023\/02\/la_guida_sorrento_logo-e1688335948369.webp","contentUrl":"https:\/\/www.laguidasorrento.com\/wp-content\/uploads\/2023\/02\/la_guida_sorrento_logo-e1688335948369.webp","width":1443,"height":468,"caption":"La Guida Sorrento"},"image":{"@id":"https:\/\/www.laguidasorrento.com\/#\/schema\/logo\/image\/"},"sameAs":["https:\/\/facebook.com\/tourguidesorrento","https:\/\/instagram.com\/tourguidesorrento","https:\/\/linkedin.com\/tourguidesorrento"]}]}},"_links":{"self":[{"href":"https:\/\/www.laguidasorrento.com\/de\/wp-json\/wp\/v2\/pages\/3188","targetHints":{"allow":["GET"]}}],"collection":[{"href":"https:\/\/www.laguidasorrento.com\/de\/wp-json\/wp\/v2\/pages"}],"about":[{"href":"https:\/\/www.laguidasorrento.com\/de\/wp-json\/wp\/v2\/types\/page"}],"author":[{"embeddable":true,"href":"https:\/\/www.laguidasorrento.com\/de\/wp-json\/wp\/v2\/users\/1"}],"replies":[{"embeddable":true,"href":"https:\/\/www.laguidasorrento.com\/de\/wp-json\/wp\/v2\/comments?post=3188"}],"version-history":[{"count":27,"href":"https:\/\/www.laguidasorrento.com\/de\/wp-json\/wp\/v2\/pages\/3188\/revisions"}],"predecessor-version":[{"id":7522,"href":"https:\/\/www.laguidasorrento.com\/de\/wp-json\/wp\/v2\/pages\/3188\/revisions\/7522"}],"wp:featuredmedia":[{"embeddable":true,"href":"https:\/\/www.laguidasorrento.com\/de\/wp-json\/wp\/v2\/media\/3341"}],"wp:attachment":[{"href":"https:\/\/www.laguidasorrento.com\/de\/wp-json\/wp\/v2\/media?parent=3188"}],"curies":[{"name":"wp","href":"https:\/\/api.w.org\/{rel}","templated":true}]}}