{"id":3196,"date":"2023-07-02T23:23:25","date_gmt":"2023-07-02T21:23:25","guid":{"rendered":"https:\/\/www.laguidasorrento.com\/?page_id=3196"},"modified":"2025-08-19T15:41:26","modified_gmt":"2025-08-19T13:41:26","slug":"the-amalfi-coast","status":"publish","type":"page","link":"https:\/\/www.laguidasorrento.com\/de\/the-amalfi-coast\/","title":{"rendered":"Die Amalfik\u00fcste, eine g\u00f6ttliche Reise"},"content":{"rendered":"<div data-elementor-type=\"wp-page\" data-elementor-id=\"3196\" class=\"elementor elementor-3196\">\n\t\t\t\t\t\t<section class=\"elementor-section elementor-top-section elementor-element elementor-element-a645e5d elementor-section-boxed elementor-section-height-default elementor-section-height-default\" data-id=\"a645e5d\" data-element_type=\"section\">\n\t\t\t\t\t\t<div class=\"elementor-container elementor-column-gap-default\">\n\t\t\t\t\t<div class=\"elementor-column elementor-col-100 elementor-top-column elementor-element elementor-element-b73ab21\" data-id=\"b73ab21\" data-element_type=\"column\">\n\t\t\t<div class=\"elementor-widget-wrap elementor-element-populated\">\n\t\t\t\t\t\t<div class=\"elementor-element elementor-element-93ec853 elementor-widget elementor-widget-text-editor\" data-id=\"93ec853\" data-element_type=\"widget\" data-widget_type=\"text-editor.default\">\n\t\t\t\t<div class=\"elementor-widget-container\">\n\t\t\t\t\t\t\t\t\t<h2 style=\"font-size: 1rem; color: #696969;\"><strong>Entdecken Sie die Amalfik\u00fcste: Eine \u201eg\u00f6ttliche\u201c Reise durch Sch\u00f6nheit und Kulturerbe<\/strong><\/h1>\nErleben Sie die atemberaubende Amalfik\u00fcste, ein UNESCO-Weltkulturerbe, das als \u201esch\u00f6nste Stra\u00dfe der Welt\u201c gefeiert wird. Diese 50 Kilometer lange Strecke schl\u00e4ngelt sich durch die dramatischen Kalksteingipfel der Lattari-Berge und bietet unvergleichliche Ausblicke, wo der Himmel das glitzernde azurblaue Meer ber\u00fchrt.\n<br \/>\n<h3 style=\"font-size: 1rem; color: #696969; margin-top: 15px;\"><strong>Beginnen Sie Ihr Abenteuer im ikonischen Positano<\/strong><\/h2>\nBeginnen Sie Ihre Reise in Positano, der ber\u00fchmten \u201evertikalen Stadt\u201c, die f\u00fcr ihre pastellfarbenen Geb\u00e4ude und blumenges\u00e4umten Gassen bekannt ist, die zur Spiaggia Grande f\u00fchren. Dieser lebhafte Strand ist perfekt zum Entspannen und Genie\u00dfen, denn die Restaurants am Meer bieten k\u00f6stliche K\u00fcche.\n\n<br \/>\n<h3 style=\"font-size: 1rem; color: #696969;margin-top: 15px;\">\n<strong>Bestaunen Sie Naturwunder und historische Sch\u00e4tze<\/strong>\n<\/h3>\nEntdecken Sie den Furore-Fjord und die faszinierende Smeraldo-Grotte, verborgene Sch\u00e4tze entlang der K\u00fcste. Besuchen Sie Conca dei Marini, die Heimat pr\u00e4chtiger Villen am Meer und des historischen Klosters Santa Rosa, dem Geburtsort des ber\u00fchmten Santa Rosa-Sfogliatella-Geb\u00e4cks.\n\n<br \/>\n<h3 style=\"font-size: 1rem; color: #696969;margin-top: 15px;\">\n<strong>Machen Sie eine Zeitreise in Amalfi<\/strong>\n<\/h3>\nAmalfi, einst eine einflussreiche Seerepublik, l\u00e4dt Sie ein, seine reiche Geschichte zu erkunden. Besuchen Sie die beeindruckende Amalfi-Kathedrale, die dem Heiligen Andreas gewidmet ist, und schlendern Sie durch die malerischen Stra\u00dfen. Naturliebhaber werden Wanderwege wie das \u201eValle dei Mulini\u201c und das \u201eValle delle Ferriere\u201c genie\u00dfen, wo Geschichte und \u00fcppige Landschaften ineinander \u00fcbergehen.\n\n<br \/>\n<h3 style=\"font-size: 1rem; color: #696969;margin-top: 15px;\">\n<strong>Ravello: Die Stadt der Musik<\/strong>\n<\/h3>\nRavello liegt hoch \u00fcber der K\u00fcste und verzaubert Besucher mit seinem kulturellen Charme. Spazieren Sie durch die G\u00e4rten der Villa Rufolo, einem Veranstaltungsort des ber\u00fchmten Ravello-Festivals, und der Villa Cimbrone, die von ihrer ber\u00fchmten Infinity-Terrasse aus einen atemberaubenden Ausblick bietet.\n\n<br \/>\n<h3 style=\"font-size: 1rem; color: #696969;margin-top: 15px;\">\n<strong>Charmante D\u00f6rfer und kulinarische Gen\u00fcsse<\/strong>\n<\/h3>\nEntdecken Sie die verborgenen Sch\u00e4tze der Amalfik\u00fcste, darunter Atrani, Minori, Maiori und Cetara, wo Sie lebendige Traditionen und atemberaubende Landschaften finden. Genie\u00dfen Sie inmitten von Terrassen mit Amalfi-Zitronen (g.g.A.) die kulinarischen K\u00f6stlichkeiten der Region, von frischen Meeresfr\u00fcchten bis hin zu mit Zitrone verfeinerten Spezialit\u00e4ten.\n\n<br \/>\n<h3 style=\"font-size: 1rem; color: #696969;margin-top: 15px;\">\n<strong>Beenden Sie Ihre Reise im k\u00fcnstlerischen Vietri<\/strong>\n<\/h3>\nBeenden Sie Ihr Abenteuer in Vietri sul Mare, ber\u00fchmt f\u00fcr seine lebendige Keramik und sein k\u00fcnstlerisches Erbe. Die Amalfik\u00fcste ist mehr als nur eine Stra\u00dfe; sie ist eine Reise voller Sch\u00f6nheit, Kultur und Aromen, die Sie verzaubern wird.\t\t\t\t\t\t\t\t<\/div>\n\t\t\t\t<\/div>\n\t\t\t\t\t<\/div>\n\t\t<\/div>\n\t\t\t\t\t<\/div>\n\t\t<\/section>\n\t\t\t\t<section class=\"elementor-section elementor-top-section elementor-element elementor-element-ee9cb64 elementor-section-boxed elementor-section-height-default elementor-section-height-default\" data-id=\"ee9cb64\" data-element_type=\"section\">\n\t\t\t\t\t\t<div class=\"elementor-container elementor-column-gap-default\">\n\t\t\t\t\t<div class=\"elementor-column elementor-col-33 elementor-top-column elementor-element elementor-element-5e7f891\" data-id=\"5e7f891\" data-element_type=\"column\">\n\t\t\t<div class=\"elementor-widget-wrap elementor-element-populated\">\n\t\t\t\t\t\t<div class=\"elementor-element elementor-element-6285514 elementor-widget elementor-widget-image\" data-id=\"6285514\" data-element_type=\"widget\" data-widget_type=\"image.default\">\n\t\t\t\t<div class=\"elementor-widget-container\">\n\t\t\t\t\t\t\t\t\t\t\t\t\t\t\t<img fetchpriority=\"high\" decoding=\"async\" width=\"225\" height=\"300\" src=\"https:\/\/www.laguidasorrento.com\/wp-content\/uploads\/2023\/07\/Amalfi-225x300.jpg\" class=\"attachment-medium size-medium wp-image-3199\" alt=\"Amalfi\" srcset=\"https:\/\/www.laguidasorrento.com\/wp-content\/uploads\/2023\/07\/Amalfi-225x300.jpg 225w, https:\/\/www.laguidasorrento.com\/wp-content\/uploads\/2023\/07\/Amalfi-768x1024.jpg 768w, https:\/\/www.laguidasorrento.com\/wp-content\/uploads\/2023\/07\/Amalfi-1152x1536.jpg 1152w, https:\/\/www.laguidasorrento.com\/wp-content\/uploads\/2023\/07\/Amalfi-600x800.jpg 600w, https:\/\/www.laguidasorrento.com\/wp-content\/uploads\/2023\/07\/Amalfi.jpg 1200w\" sizes=\"(max-width: 225px) 100vw, 225px\" \/>\t\t\t\t\t\t\t\t\t\t\t\t\t\t\t<\/div>\n\t\t\t\t<\/div>\n\t\t\t\t\t<\/div>\n\t\t<\/div>\n\t\t\t\t<div class=\"elementor-column elementor-col-33 elementor-top-column elementor-element elementor-element-7a7350d\" data-id=\"7a7350d\" data-element_type=\"column\">\n\t\t\t<div class=\"elementor-widget-wrap elementor-element-populated\">\n\t\t\t\t\t\t<div class=\"elementor-element elementor-element-e373bbb elementor-widget elementor-widget-image\" data-id=\"e373bbb\" data-element_type=\"widget\" data-widget_type=\"image.default\">\n\t\t\t\t<div class=\"elementor-widget-container\">\n\t\t\t\t\t\t\t\t\t\t\t\t\t\t\t<img decoding=\"async\" width=\"300\" height=\"225\" src=\"https:\/\/www.laguidasorrento.com\/wp-content\/uploads\/2025\/01\/AmalfiCoast-Positano-view4-300x225.jpg\" class=\"attachment-medium size-medium wp-image-4936\" alt=\"Sea Tour\" srcset=\"https:\/\/www.laguidasorrento.com\/wp-content\/uploads\/2025\/01\/AmalfiCoast-Positano-view4-300x225.jpg 300w, https:\/\/www.laguidasorrento.com\/wp-content\/uploads\/2025\/01\/AmalfiCoast-Positano-view4-1024x768.jpg 1024w, https:\/\/www.laguidasorrento.com\/wp-content\/uploads\/2025\/01\/AmalfiCoast-Positano-view4-768x576.jpg 768w, https:\/\/www.laguidasorrento.com\/wp-content\/uploads\/2025\/01\/AmalfiCoast-Positano-view4-1536x1152.jpg 1536w, https:\/\/www.laguidasorrento.com\/wp-content\/uploads\/2025\/01\/AmalfiCoast-Positano-view4-2048x1536.jpg 2048w, https:\/\/www.laguidasorrento.com\/wp-content\/uploads\/2025\/01\/AmalfiCoast-Positano-view4-16x12.jpg 16w, https:\/\/www.laguidasorrento.com\/wp-content\/uploads\/2025\/01\/AmalfiCoast-Positano-view4-600x450.jpg 600w\" sizes=\"(max-width: 300px) 100vw, 300px\" \/>\t\t\t\t\t\t\t\t\t\t\t\t\t\t\t<\/div>\n\t\t\t\t<\/div>\n\t\t\t\t\t<\/div>\n\t\t<\/div>\n\t\t\t\t<div class=\"elementor-column elementor-col-33 elementor-top-column elementor-element elementor-element-518e48f\" data-id=\"518e48f\" data-element_type=\"column\">\n\t\t\t<div class=\"elementor-widget-wrap elementor-element-populated\">\n\t\t\t\t\t\t<div class=\"elementor-element elementor-element-3aee709 elementor-widget elementor-widget-image\" data-id=\"3aee709\" data-element_type=\"widget\" data-widget_type=\"image.default\">\n\t\t\t\t<div class=\"elementor-widget-container\">\n\t\t\t\t\t\t\t\t\t\t\t\t\t\t\t<img decoding=\"async\" width=\"300\" height=\"225\" src=\"https:\/\/www.laguidasorrento.com\/wp-content\/uploads\/2025\/01\/AmalfiCoast-Positano-view1-300x225.jpg\" class=\"attachment-medium size-medium wp-image-4939\" alt=\"Positano\" srcset=\"https:\/\/www.laguidasorrento.com\/wp-content\/uploads\/2025\/01\/AmalfiCoast-Positano-view1-300x225.jpg 300w, https:\/\/www.laguidasorrento.com\/wp-content\/uploads\/2025\/01\/AmalfiCoast-Positano-view1-1024x768.jpg 1024w, https:\/\/www.laguidasorrento.com\/wp-content\/uploads\/2025\/01\/AmalfiCoast-Positano-view1-768x576.jpg 768w, https:\/\/www.laguidasorrento.com\/wp-content\/uploads\/2025\/01\/AmalfiCoast-Positano-view1-1536x1152.jpg 1536w, https:\/\/www.laguidasorrento.com\/wp-content\/uploads\/2025\/01\/AmalfiCoast-Positano-view1-2048x1536.jpg 2048w, https:\/\/www.laguidasorrento.com\/wp-content\/uploads\/2025\/01\/AmalfiCoast-Positano-view1-16x12.jpg 16w, https:\/\/www.laguidasorrento.com\/wp-content\/uploads\/2025\/01\/AmalfiCoast-Positano-view1-600x450.jpg 600w\" sizes=\"(max-width: 300px) 100vw, 300px\" \/>\t\t\t\t\t\t\t\t\t\t\t\t\t\t\t<\/div>\n\t\t\t\t<\/div>\n\t\t\t\t\t<\/div>\n\t\t<\/div>\n\t\t\t\t\t<\/div>\n\t\t<\/section>\n\t\t\t\t<\/div>","protected":false},"excerpt":{"rendered":"<p>Entdecken Sie die Amalfik\u00fcste: Eine \u201eg\u00f6ttliche\u201c Reise durch Sch\u00f6nheit und Kulturerbe. Erleben Sie die atemberaubende Amalfik\u00fcste, ein UNESCO-Weltkulturerbe, das als \u201esch\u00f6nste Stra\u00dfe der Welt\u201c gefeiert wird. Diese 50 Kilometer lange Strecke schl\u00e4ngelt sich durch die dramatischen Kalksteingipfel der Lattari-Berge und bietet unvergleichliche Ausblicke, wo der Himmel das glitzernde azurblaue Meer k\u00fcsst. Beginnen Sie [\u2026]<\/p>","protected":false},"author":1,"featured_media":0,"parent":0,"menu_order":0,"comment_status":"closed","ping_status":"closed","template":"","meta":{"footnotes":""},"class_list":["post-3196","page","type-page","status-publish","hentry"],"yoast_head":"<!-- This site is optimized with the Yoast SEO Premium plugin v26.8 (Yoast SEO v27.4) - https:\/\/yoast.com\/product\/yoast-seo-premium-wordpress\/ -->\n<title>The Amalfi Coast, a Divine journey - La Guida Sorrento<\/title>\n<meta name=\"description\" content=\"Amalfi Coast private tour: discover the world\u2019s most beautiful road, a UNESCO site with dramatic cliffs, villages and stunning sea views\" \/>\n<meta name=\"robots\" content=\"index, follow, max-snippet:-1, max-image-preview:large, max-video-preview:-1\" \/>\n<link rel=\"canonical\" href=\"https:\/\/www.laguidasorrento.com\/de\/the-amalfi-coast\/\" \/>\n<meta property=\"og:locale\" content=\"de_DE\" \/>\n<meta property=\"og:type\" content=\"article\" \/>\n<meta property=\"og:title\" content=\"The Amalfi Coast, a Divine journey\" \/>\n<meta property=\"og:description\" content=\"Amalfi Coast private tour: discover the world\u2019s most beautiful road, a UNESCO site with dramatic cliffs, villages and stunning sea views\" \/>\n<meta property=\"og:url\" content=\"https:\/\/www.laguidasorrento.com\/de\/the-amalfi-coast\/\" \/>\n<meta property=\"og:site_name\" content=\"La Guida Sorrento\" \/>\n<meta property=\"article:publisher\" content=\"https:\/\/facebook.com\/tourguidesorrento\" \/>\n<meta property=\"article:modified_time\" content=\"2025-08-19T13:41:26+00:00\" \/>\n<meta property=\"og:image\" content=\"https:\/\/www.laguidasorrento.com\/wp-content\/uploads\/2023\/07\/Amalfi-225x300.jpg\" \/>\n<meta name=\"twitter:card\" content=\"summary_large_image\" \/>\n<meta name=\"twitter:label1\" content=\"Gesch\u00e4tzte Lesezeit\" \/>\n\t<meta name=\"twitter:data1\" content=\"3\u00a0Minuten\" \/>\n<script type=\"application\/ld+json\" class=\"yoast-schema-graph\">{\"@context\":\"https:\\\/\\\/schema.org\",\"@graph\":[{\"@type\":\"WebPage\",\"@id\":\"https:\\\/\\\/www.laguidasorrento.com\\\/the-amalfi-coast\\\/\",\"url\":\"https:\\\/\\\/www.laguidasorrento.com\\\/the-amalfi-coast\\\/\",\"name\":\"The Amalfi Coast, a Divine journey - La Guida Sorrento\",\"isPartOf\":{\"@id\":\"https:\\\/\\\/www.laguidasorrento.com\\\/#website\"},\"primaryImageOfPage\":{\"@id\":\"https:\\\/\\\/www.laguidasorrento.com\\\/the-amalfi-coast\\\/#primaryimage\"},\"image\":{\"@id\":\"https:\\\/\\\/www.laguidasorrento.com\\\/the-amalfi-coast\\\/#primaryimage\"},\"thumbnailUrl\":\"https:\\\/\\\/www.laguidasorrento.com\\\/wp-content\\\/uploads\\\/2023\\\/07\\\/Amalfi-225x300.jpg\",\"datePublished\":\"2023-07-02T21:23:25+00:00\",\"dateModified\":\"2025-08-19T13:41:26+00:00\",\"description\":\"Amalfi Coast private tour: discover the world\u2019s most beautiful road, a UNESCO site with dramatic cliffs, villages and stunning sea views\",\"breadcrumb\":{\"@id\":\"https:\\\/\\\/www.laguidasorrento.com\\\/the-amalfi-coast\\\/#breadcrumb\"},\"inLanguage\":\"de\",\"potentialAction\":[{\"@type\":\"ReadAction\",\"target\":[\"https:\\\/\\\/www.laguidasorrento.com\\\/the-amalfi-coast\\\/\"]}]},{\"@type\":\"ImageObject\",\"inLanguage\":\"de\",\"@id\":\"https:\\\/\\\/www.laguidasorrento.com\\\/the-amalfi-coast\\\/#primaryimage\",\"url\":\"https:\\\/\\\/www.laguidasorrento.com\\\/wp-content\\\/uploads\\\/2023\\\/07\\\/Amalfi-225x300.jpg\",\"contentUrl\":\"https:\\\/\\\/www.laguidasorrento.com\\\/wp-content\\\/uploads\\\/2023\\\/07\\\/Amalfi-225x300.jpg\"},{\"@type\":\"BreadcrumbList\",\"@id\":\"https:\\\/\\\/www.laguidasorrento.com\\\/the-amalfi-coast\\\/#breadcrumb\",\"itemListElement\":[{\"@type\":\"ListItem\",\"position\":1,\"name\":\"Home\",\"item\":\"https:\\\/\\\/www.laguidasorrento.com\\\/\"},{\"@type\":\"ListItem\",\"position\":2,\"name\":\"The Amalfi Coast, a Divine journey\"}]},{\"@type\":\"WebSite\",\"@id\":\"https:\\\/\\\/www.laguidasorrento.com\\\/#website\",\"url\":\"https:\\\/\\\/www.laguidasorrento.com\\\/\",\"name\":\"La Guida Sorrento\",\"description\":\"Explore Naples and Beyond\",\"publisher\":{\"@id\":\"https:\\\/\\\/www.laguidasorrento.com\\\/#organization\"},\"potentialAction\":[{\"@type\":\"SearchAction\",\"target\":{\"@type\":\"EntryPoint\",\"urlTemplate\":\"https:\\\/\\\/www.laguidasorrento.com\\\/?s={search_term_string}\"},\"query-input\":{\"@type\":\"PropertyValueSpecification\",\"valueRequired\":true,\"valueName\":\"search_term_string\"}}],\"inLanguage\":\"de\"},{\"@type\":\"Organization\",\"@id\":\"https:\\\/\\\/www.laguidasorrento.com\\\/#organization\",\"name\":\"La Guida Sorrento\",\"url\":\"https:\\\/\\\/www.laguidasorrento.com\\\/\",\"logo\":{\"@type\":\"ImageObject\",\"inLanguage\":\"de\",\"@id\":\"https:\\\/\\\/www.laguidasorrento.com\\\/#\\\/schema\\\/logo\\\/image\\\/\",\"url\":\"https:\\\/\\\/www.laguidasorrento.com\\\/wp-content\\\/uploads\\\/2023\\\/02\\\/la_guida_sorrento_logo-e1688335948369.webp\",\"contentUrl\":\"https:\\\/\\\/www.laguidasorrento.com\\\/wp-content\\\/uploads\\\/2023\\\/02\\\/la_guida_sorrento_logo-e1688335948369.webp\",\"width\":1443,\"height\":468,\"caption\":\"La Guida Sorrento\"},\"image\":{\"@id\":\"https:\\\/\\\/www.laguidasorrento.com\\\/#\\\/schema\\\/logo\\\/image\\\/\"},\"sameAs\":[\"https:\\\/\\\/facebook.com\\\/tourguidesorrento\",\"https:\\\/\\\/instagram.com\\\/tourguidesorrento\",\"https:\\\/\\\/linkedin.com\\\/tourguidesorrento\"]}]}<\/script>\n<!-- \/ Yoast SEO Premium plugin. -->","yoast_head_json":{"title":"Die Amalfik\u00fcste, eine g\u00f6ttliche Reise - La Guida Sorrento","description":"Private Tour an der Amalfik\u00fcste: Entdecken Sie die sch\u00f6nste Stra\u00dfe der Welt, ein UNESCO-Weltkulturerbe mit dramatischen Klippen, D\u00f6rfern und atemberaubendem Meerblick","robots":{"index":"index","follow":"follow","max-snippet":"max-snippet:-1","max-image-preview":"max-image-preview:large","max-video-preview":"max-video-preview:-1"},"canonical":"https:\/\/www.laguidasorrento.com\/de\/the-amalfi-coast\/","og_locale":"de_DE","og_type":"article","og_title":"The Amalfi Coast, a Divine journey","og_description":"Amalfi Coast private tour: discover the world\u2019s most beautiful road, a UNESCO site with dramatic cliffs, villages and stunning sea views","og_url":"https:\/\/www.laguidasorrento.com\/de\/the-amalfi-coast\/","og_site_name":"La Guida Sorrento","article_publisher":"https:\/\/facebook.com\/tourguidesorrento","article_modified_time":"2025-08-19T13:41:26+00:00","og_image":[{"url":"https:\/\/www.laguidasorrento.com\/wp-content\/uploads\/2023\/07\/Amalfi-225x300.jpg","type":"","width":"","height":""}],"twitter_card":"summary_large_image","twitter_misc":{"Gesch\u00e4tzte Lesezeit":"3\u00a0Minuten"},"schema":{"@context":"https:\/\/schema.org","@graph":[{"@type":"WebPage","@id":"https:\/\/www.laguidasorrento.com\/the-amalfi-coast\/","url":"https:\/\/www.laguidasorrento.com\/the-amalfi-coast\/","name":"Die Amalfik\u00fcste, eine g\u00f6ttliche Reise - La Guida Sorrento","isPartOf":{"@id":"https:\/\/www.laguidasorrento.com\/#website"},"primaryImageOfPage":{"@id":"https:\/\/www.laguidasorrento.com\/the-amalfi-coast\/#primaryimage"},"image":{"@id":"https:\/\/www.laguidasorrento.com\/the-amalfi-coast\/#primaryimage"},"thumbnailUrl":"https:\/\/www.laguidasorrento.com\/wp-content\/uploads\/2023\/07\/Amalfi-225x300.jpg","datePublished":"2023-07-02T21:23:25+00:00","dateModified":"2025-08-19T13:41:26+00:00","description":"Private Tour an der Amalfik\u00fcste: Entdecken Sie die sch\u00f6nste Stra\u00dfe der Welt, ein UNESCO-Weltkulturerbe mit dramatischen Klippen, D\u00f6rfern und atemberaubendem Meerblick","breadcrumb":{"@id":"https:\/\/www.laguidasorrento.com\/the-amalfi-coast\/#breadcrumb"},"inLanguage":"de","potentialAction":[{"@type":"ReadAction","target":["https:\/\/www.laguidasorrento.com\/the-amalfi-coast\/"]}]},{"@type":"ImageObject","inLanguage":"de","@id":"https:\/\/www.laguidasorrento.com\/the-amalfi-coast\/#primaryimage","url":"https:\/\/www.laguidasorrento.com\/wp-content\/uploads\/2023\/07\/Amalfi-225x300.jpg","contentUrl":"https:\/\/www.laguidasorrento.com\/wp-content\/uploads\/2023\/07\/Amalfi-225x300.jpg"},{"@type":"BreadcrumbList","@id":"https:\/\/www.laguidasorrento.com\/the-amalfi-coast\/#breadcrumb","itemListElement":[{"@type":"ListItem","position":1,"name":"Home","item":"https:\/\/www.laguidasorrento.com\/"},{"@type":"ListItem","position":2,"name":"The Amalfi Coast, a Divine journey"}]},{"@type":"WebSite","@id":"https:\/\/www.laguidasorrento.com\/#website","url":"https:\/\/www.laguidasorrento.com\/","name":"La Guida Sorrent","description":"Entdecken Sie Neapel und Umgebung","publisher":{"@id":"https:\/\/www.laguidasorrento.com\/#organization"},"potentialAction":[{"@type":"SearchAction","target":{"@type":"EntryPoint","urlTemplate":"https:\/\/www.laguidasorrento.com\/?s={search_term_string}"},"query-input":{"@type":"PropertyValueSpecification","valueRequired":true,"valueName":"search_term_string"}}],"inLanguage":"de"},{"@type":"Organization","@id":"https:\/\/www.laguidasorrento.com\/#organization","name":"La Guida Sorrent","url":"https:\/\/www.laguidasorrento.com\/","logo":{"@type":"ImageObject","inLanguage":"de","@id":"https:\/\/www.laguidasorrento.com\/#\/schema\/logo\/image\/","url":"https:\/\/www.laguidasorrento.com\/wp-content\/uploads\/2023\/02\/la_guida_sorrento_logo-e1688335948369.webp","contentUrl":"https:\/\/www.laguidasorrento.com\/wp-content\/uploads\/2023\/02\/la_guida_sorrento_logo-e1688335948369.webp","width":1443,"height":468,"caption":"La Guida Sorrento"},"image":{"@id":"https:\/\/www.laguidasorrento.com\/#\/schema\/logo\/image\/"},"sameAs":["https:\/\/facebook.com\/tourguidesorrento","https:\/\/instagram.com\/tourguidesorrento","https:\/\/linkedin.com\/tourguidesorrento"]}]}},"_links":{"self":[{"href":"https:\/\/www.laguidasorrento.com\/de\/wp-json\/wp\/v2\/pages\/3196","targetHints":{"allow":["GET"]}}],"collection":[{"href":"https:\/\/www.laguidasorrento.com\/de\/wp-json\/wp\/v2\/pages"}],"about":[{"href":"https:\/\/www.laguidasorrento.com\/de\/wp-json\/wp\/v2\/types\/page"}],"author":[{"embeddable":true,"href":"https:\/\/www.laguidasorrento.com\/de\/wp-json\/wp\/v2\/users\/1"}],"replies":[{"embeddable":true,"href":"https:\/\/www.laguidasorrento.com\/de\/wp-json\/wp\/v2\/comments?post=3196"}],"version-history":[{"count":39,"href":"https:\/\/www.laguidasorrento.com\/de\/wp-json\/wp\/v2\/pages\/3196\/revisions"}],"predecessor-version":[{"id":6966,"href":"https:\/\/www.laguidasorrento.com\/de\/wp-json\/wp\/v2\/pages\/3196\/revisions\/6966"}],"wp:attachment":[{"href":"https:\/\/www.laguidasorrento.com\/de\/wp-json\/wp\/v2\/media?parent=3196"}],"curies":[{"name":"wp","href":"https:\/\/api.w.org\/{rel}","templated":true}]}}