{"id":3206,"date":"2023-07-02T23:37:24","date_gmt":"2023-07-02T21:37:24","guid":{"rendered":"https:\/\/www.laguidasorrento.com\/?page_id=3206"},"modified":"2025-08-19T15:49:20","modified_gmt":"2025-08-19T13:49:20","slug":"capri-la-dolce-vita","status":"publish","type":"page","link":"https:\/\/www.laguidasorrento.com\/de\/capri-la-dolce-vita\/","title":{"rendered":"Capri, La Dolce Vita"},"content":{"rendered":"<p><strong>Eingebettet in die Umarmung des Tyrrhenischen Meeres lockt Capri Besucher schon lange bevor sie seine malerischen K\u00fcsten erreichen<\/strong>.<\/p>\n<p>Diese bezaubernde Insel, nur einen Steinwurf von der K\u00fcste von Sorrent entfernt, hat einen geradezu faszinierenden Reiz.<\/p>\n<p>In der Antike waren sogar die r\u00f6mischen Kaiser Augustus und Tiberius von der Mystik Capris fasziniert. Augustus war von der Insel so begeistert, dass er \u00fcberlegte, sie gegen Ischia einzutauschen. Unterdessen w\u00e4hlte Tiberius Capri zu seinem freiwilligen Verbannungsort, von wo aus er weiterhin das riesige R\u00f6mische Reich regierte.<\/p>\n<p><strong>Capri ist in zwei bezaubernde St\u00e4dte unterteilt: Anacapri und Capri.<\/strong><\/p>\n<p><strong>Anacapri<\/strong>Die im Oberlauf der Insel gelegene und vom majest\u00e4tischen Monte Solaro dominierte Insel ist eine Oase voller Natur- und Architekturwunder. Hier k\u00f6nnen Sie das Faszinierende erkunden <strong>Villa San Michele<\/strong>, der ehemalige Wohnsitz des schwedischen Arztes <strong>Axel Munthe<\/strong>, jetzt in ein Museum umgewandelt. Die Legende von Capris ber\u00fchmter Glocke, einem Symbol f\u00fcr Gl\u00fcck und Gl\u00fcck, soll hier ihren Ursprung haben.<\/p>\n<p>Ein herrlicher Spaziergang f\u00fchrt Sie zum \u201e<strong>Porta della Differenza,<\/strong>\u201eein altes mittelalterliches Tor, von dem aus die <strong>Ph\u00f6nizische Schritte<\/strong>, bestehend aus 921 Schritten, beginnen. In der Antike war dies die einzige Verbindung zwischen Capri und Anacapri. Heute bietet es eine atemberaubende Alternativroute f\u00fcr Abenteurer und Wanderbegeisterte und bietet einen Panoramablick auf die Bucht von Neapel und die K\u00fcste von Sorrent.<\/p>\n<p>Bevor Sie nach Capri absteigen, besuchen Sie das Prachtvolle <strong>Kirche St. Michel<\/strong> ist ein Muss. Hier k\u00f6nnen Sie eine Darstellung des \u201eGarten Eden\u201c bewundern <strong>Majolika-Fliesenboden<\/strong>.<\/p>\n<p>Capris Herz ist das Ber\u00fchmte <strong>Piazzetta<\/strong>, ein Zentrum \u201eschicker\u201c Caf\u00e9s und modischer Gesch\u00e4fte, die eine Dolce-Vita-Atmosph\u00e4re verspr\u00fchen. Wenn Sie durch die engen Gassen der Insel schlendern, die f\u00fcr ihre stilvollen Boutiquen und luxuri\u00f6sen Hotels bekannt sind, k\u00f6nnen Sie bezaubernde Orte entdecken.<\/p>\n<p>Entdecke die <strong>G\u00e4rten des Augustus<\/strong>, Terrasseng\u00e4rten mit Blick auf das Wahrzeichen <strong>Faraglioni-Felsen,<\/strong> und die kurvenreiche Via Krupp. Verpassen Sie das nicht <strong>Kartause von San Giacomo<\/strong>, wo der Legende nach M\u00f6nche versehentlich das erste Parf\u00fcm der Insel f\u00fcr die Herrscherin Jeanne d&#039;Anjou kreierten. Bis heute geh\u00f6ren diese exquisiten D\u00fcfte zu den wertvollsten Sch\u00e4tzen der Insel.<\/p>\n<p>Kein Besuch auf Capri ist vollst\u00e4ndig, ohne die Insel auf einem Ausflug vom Meer aus zu erleben <strong>romantische Bootsfahrt<\/strong>. Capri hat noch viel mehr zu bieten, von versteckten Buchten und dramatischen Ausblicken bis hin zu faszinierenden H\u00f6hlen wie der ber\u00fchmten <strong>Blaue Grotte<\/strong>. Ein besonders romantischer Moment erwartet Sie beim Durchqueren <strong>\u201eFaraglione di Mezzo<\/strong>\u201eWo ein Kuss ein Versprechen ewiger Liebe symbolisiert.<\/p>\n<p>F\u00fcr kulinarische Enthusiasten entt\u00e4uscht Capri nicht. G\u00f6nnen Sie sich authentische K\u00f6stlichkeiten wie<strong> Ravioli Capres<\/strong>Ich habe mit Majoran gew\u00fcrzt und ein Glas davon genossen <strong>Limoncello<\/strong>, ein legend\u00e4rer Lik\u00f6r mit Ursprung auf der Insel.<\/p>\n<p>Und wenn Ihnen das alles nicht reicht, erleben Sie Capri bei Nacht. Wie die eleganteste aller Frauen gl\u00e4nzt Capri im Abendkleid. <strong>Sehen ist Glauben!<\/strong><\/p>\n<p><strong>A<\/strong><strong>Sind Sie bereit, sich auf diese unvergessliche Reise zu begeben und eine gef\u00fchrte Tour mit mir zu buchen?<\/strong><\/p>\n<p>\u00a0<\/p>\n<p>\t\t\t\t\t\t\t\t\t\t\t\t\t\t\t<img loading=\"lazy\" decoding=\"async\" width=\"640\" height=\"480\" src=\"https:\/\/www.laguidasorrento.com\/wp-content\/uploads\/2023\/04\/77db7e95-7aa5-4594-bd6a-58de4d0e0f00-1024x768.jpg\" alt=\"Natalia_Fiorentino_LaguidaSorrento\" \/><\/p>","protected":false},"excerpt":{"rendered":"<p>Eingebettet in das Tyrrhenische Meer lockt Capri Besucher schon lange bevor sie seine malerischen Ufer erreichen. Diese bezaubernde Insel, nur einen Steinwurf von der K\u00fcste Sorrents entfernt, hat einen Reiz, der geradezu hypnotisierend ist. In der Antike waren sogar die r\u00f6mischen Kaiser Augustus und Tiberius von der Mystik der Insel fasziniert [\u2026]<\/p>","protected":false},"author":1,"featured_media":3363,"parent":0,"menu_order":0,"comment_status":"closed","ping_status":"closed","template":"","meta":{"footnotes":""},"class_list":["post-3206","page","type-page","status-publish","has-post-thumbnail","hentry"],"yoast_head":"<!-- This site is optimized with the Yoast SEO Premium plugin v26.8 (Yoast SEO v27.3) - https:\/\/yoast.com\/product\/yoast-seo-premium-wordpress\/ -->\n<title>Capri Private Tour with Expert Guide<\/title>\n<meta name=\"description\" content=\"Exclusive Capri private tours with a private guide. Explore the iconic places, breathtaking views and authentic stories of the island!\" \/>\n<meta name=\"robots\" content=\"index, follow, max-snippet:-1, max-image-preview:large, max-video-preview:-1\" \/>\n<link rel=\"canonical\" href=\"https:\/\/www.laguidasorrento.com\/de\/capri-la-dolce-vita\/\" \/>\n<meta property=\"og:locale\" content=\"de_DE\" \/>\n<meta property=\"og:type\" content=\"article\" \/>\n<meta property=\"og:title\" content=\"Capri, La Dolce Vita\" \/>\n<meta property=\"og:description\" content=\"Exclusive Capri private tours with a private guide. Explore the iconic places, breathtaking views and authentic stories of the island!\" \/>\n<meta property=\"og:url\" content=\"https:\/\/www.laguidasorrento.com\/de\/capri-la-dolce-vita\/\" \/>\n<meta property=\"og:site_name\" content=\"La Guida Sorrento\" \/>\n<meta property=\"article:publisher\" content=\"https:\/\/facebook.com\/tourguidesorrento\" \/>\n<meta property=\"article:modified_time\" content=\"2025-08-19T13:49:20+00:00\" \/>\n<meta property=\"og:image\" content=\"https:\/\/www.laguidasorrento.com\/wp-content\/uploads\/2023\/04\/Capri.jpg\" \/>\n\t<meta property=\"og:image:width\" content=\"1920\" \/>\n\t<meta property=\"og:image:height\" content=\"1200\" \/>\n\t<meta property=\"og:image:type\" content=\"image\/jpeg\" \/>\n<meta name=\"twitter:card\" content=\"summary_large_image\" \/>\n<meta name=\"twitter:label1\" content=\"Gesch\u00e4tzte Lesezeit\" \/>\n\t<meta name=\"twitter:data1\" content=\"4\u00a0Minuten\" \/>\n<script type=\"application\/ld+json\" class=\"yoast-schema-graph\">{\"@context\":\"https:\\\/\\\/schema.org\",\"@graph\":[{\"@type\":\"WebPage\",\"@id\":\"https:\\\/\\\/www.laguidasorrento.com\\\/capri-la-dolce-vita\\\/\",\"url\":\"https:\\\/\\\/www.laguidasorrento.com\\\/capri-la-dolce-vita\\\/\",\"name\":\"Capri Private Tour with Expert Guide\",\"isPartOf\":{\"@id\":\"https:\\\/\\\/www.laguidasorrento.com\\\/#website\"},\"primaryImageOfPage\":{\"@id\":\"https:\\\/\\\/www.laguidasorrento.com\\\/capri-la-dolce-vita\\\/#primaryimage\"},\"image\":{\"@id\":\"https:\\\/\\\/www.laguidasorrento.com\\\/capri-la-dolce-vita\\\/#primaryimage\"},\"thumbnailUrl\":\"https:\\\/\\\/www.laguidasorrento.com\\\/wp-content\\\/uploads\\\/2023\\\/04\\\/Capri.jpg\",\"datePublished\":\"2023-07-02T21:37:24+00:00\",\"dateModified\":\"2025-08-19T13:49:20+00:00\",\"description\":\"Exclusive Capri private tours with a private guide. Explore the iconic places, breathtaking views and authentic stories of the island!\",\"breadcrumb\":{\"@id\":\"https:\\\/\\\/www.laguidasorrento.com\\\/capri-la-dolce-vita\\\/#breadcrumb\"},\"inLanguage\":\"de\",\"potentialAction\":[{\"@type\":\"ReadAction\",\"target\":[\"https:\\\/\\\/www.laguidasorrento.com\\\/capri-la-dolce-vita\\\/\"]}]},{\"@type\":\"ImageObject\",\"inLanguage\":\"de\",\"@id\":\"https:\\\/\\\/www.laguidasorrento.com\\\/capri-la-dolce-vita\\\/#primaryimage\",\"url\":\"https:\\\/\\\/www.laguidasorrento.com\\\/wp-content\\\/uploads\\\/2023\\\/04\\\/Capri.jpg\",\"contentUrl\":\"https:\\\/\\\/www.laguidasorrento.com\\\/wp-content\\\/uploads\\\/2023\\\/04\\\/Capri.jpg\",\"width\":1920,\"height\":1200,\"caption\":\"Faraglioni\"},{\"@type\":\"BreadcrumbList\",\"@id\":\"https:\\\/\\\/www.laguidasorrento.com\\\/capri-la-dolce-vita\\\/#breadcrumb\",\"itemListElement\":[{\"@type\":\"ListItem\",\"position\":1,\"name\":\"Home\",\"item\":\"https:\\\/\\\/www.laguidasorrento.com\\\/\"},{\"@type\":\"ListItem\",\"position\":2,\"name\":\"Capri, La Dolce Vita\"}]},{\"@type\":\"WebSite\",\"@id\":\"https:\\\/\\\/www.laguidasorrento.com\\\/#website\",\"url\":\"https:\\\/\\\/www.laguidasorrento.com\\\/\",\"name\":\"La Guida Sorrento\",\"description\":\"Explore Naples and Beyond\",\"publisher\":{\"@id\":\"https:\\\/\\\/www.laguidasorrento.com\\\/#organization\"},\"potentialAction\":[{\"@type\":\"SearchAction\",\"target\":{\"@type\":\"EntryPoint\",\"urlTemplate\":\"https:\\\/\\\/www.laguidasorrento.com\\\/?s={search_term_string}\"},\"query-input\":{\"@type\":\"PropertyValueSpecification\",\"valueRequired\":true,\"valueName\":\"search_term_string\"}}],\"inLanguage\":\"de\"},{\"@type\":\"Organization\",\"@id\":\"https:\\\/\\\/www.laguidasorrento.com\\\/#organization\",\"name\":\"La Guida Sorrento\",\"url\":\"https:\\\/\\\/www.laguidasorrento.com\\\/\",\"logo\":{\"@type\":\"ImageObject\",\"inLanguage\":\"de\",\"@id\":\"https:\\\/\\\/www.laguidasorrento.com\\\/#\\\/schema\\\/logo\\\/image\\\/\",\"url\":\"https:\\\/\\\/www.laguidasorrento.com\\\/wp-content\\\/uploads\\\/2023\\\/02\\\/la_guida_sorrento_logo-e1688335948369.webp\",\"contentUrl\":\"https:\\\/\\\/www.laguidasorrento.com\\\/wp-content\\\/uploads\\\/2023\\\/02\\\/la_guida_sorrento_logo-e1688335948369.webp\",\"width\":1443,\"height\":468,\"caption\":\"La Guida Sorrento\"},\"image\":{\"@id\":\"https:\\\/\\\/www.laguidasorrento.com\\\/#\\\/schema\\\/logo\\\/image\\\/\"},\"sameAs\":[\"https:\\\/\\\/facebook.com\\\/tourguidesorrento\",\"https:\\\/\\\/instagram.com\\\/tourguidesorrento\",\"https:\\\/\\\/linkedin.com\\\/tourguidesorrento\"]}]}<\/script>\n<!-- \/ Yoast SEO Premium plugin. -->","yoast_head_json":{"title":"Capri Private Tour mit fachkundigem Guide","description":"Exklusive Capri-Privattouren mit privatem Reiseleiter. Entdecken Sie die ikonischen Orte, atemberaubenden Aussichten und authentischen Geschichten der Insel!","robots":{"index":"index","follow":"follow","max-snippet":"max-snippet:-1","max-image-preview":"max-image-preview:large","max-video-preview":"max-video-preview:-1"},"canonical":"https:\/\/www.laguidasorrento.com\/de\/capri-la-dolce-vita\/","og_locale":"de_DE","og_type":"article","og_title":"Capri, La Dolce Vita","og_description":"Exclusive Capri private tours with a private guide. Explore the iconic places, breathtaking views and authentic stories of the island!","og_url":"https:\/\/www.laguidasorrento.com\/de\/capri-la-dolce-vita\/","og_site_name":"La Guida Sorrento","article_publisher":"https:\/\/facebook.com\/tourguidesorrento","article_modified_time":"2025-08-19T13:49:20+00:00","og_image":[{"width":1920,"height":1200,"url":"https:\/\/www.laguidasorrento.com\/wp-content\/uploads\/2023\/04\/Capri.jpg","type":"image\/jpeg"}],"twitter_card":"summary_large_image","twitter_misc":{"Gesch\u00e4tzte Lesezeit":"4\u00a0Minuten"},"schema":{"@context":"https:\/\/schema.org","@graph":[{"@type":"WebPage","@id":"https:\/\/www.laguidasorrento.com\/capri-la-dolce-vita\/","url":"https:\/\/www.laguidasorrento.com\/capri-la-dolce-vita\/","name":"Capri Private Tour mit fachkundigem Guide","isPartOf":{"@id":"https:\/\/www.laguidasorrento.com\/#website"},"primaryImageOfPage":{"@id":"https:\/\/www.laguidasorrento.com\/capri-la-dolce-vita\/#primaryimage"},"image":{"@id":"https:\/\/www.laguidasorrento.com\/capri-la-dolce-vita\/#primaryimage"},"thumbnailUrl":"https:\/\/www.laguidasorrento.com\/wp-content\/uploads\/2023\/04\/Capri.jpg","datePublished":"2023-07-02T21:37:24+00:00","dateModified":"2025-08-19T13:49:20+00:00","description":"Exklusive Capri-Privattouren mit privatem Reiseleiter. Entdecken Sie die ikonischen Orte, atemberaubenden Aussichten und authentischen Geschichten der Insel!","breadcrumb":{"@id":"https:\/\/www.laguidasorrento.com\/capri-la-dolce-vita\/#breadcrumb"},"inLanguage":"de","potentialAction":[{"@type":"ReadAction","target":["https:\/\/www.laguidasorrento.com\/capri-la-dolce-vita\/"]}]},{"@type":"ImageObject","inLanguage":"de","@id":"https:\/\/www.laguidasorrento.com\/capri-la-dolce-vita\/#primaryimage","url":"https:\/\/www.laguidasorrento.com\/wp-content\/uploads\/2023\/04\/Capri.jpg","contentUrl":"https:\/\/www.laguidasorrento.com\/wp-content\/uploads\/2023\/04\/Capri.jpg","width":1920,"height":1200,"caption":"Faraglioni"},{"@type":"BreadcrumbList","@id":"https:\/\/www.laguidasorrento.com\/capri-la-dolce-vita\/#breadcrumb","itemListElement":[{"@type":"ListItem","position":1,"name":"Home","item":"https:\/\/www.laguidasorrento.com\/"},{"@type":"ListItem","position":2,"name":"Capri, La Dolce Vita"}]},{"@type":"WebSite","@id":"https:\/\/www.laguidasorrento.com\/#website","url":"https:\/\/www.laguidasorrento.com\/","name":"La Guida Sorrent","description":"Entdecken Sie Neapel und Umgebung","publisher":{"@id":"https:\/\/www.laguidasorrento.com\/#organization"},"potentialAction":[{"@type":"SearchAction","target":{"@type":"EntryPoint","urlTemplate":"https:\/\/www.laguidasorrento.com\/?s={search_term_string}"},"query-input":{"@type":"PropertyValueSpecification","valueRequired":true,"valueName":"search_term_string"}}],"inLanguage":"de"},{"@type":"Organization","@id":"https:\/\/www.laguidasorrento.com\/#organization","name":"La Guida Sorrent","url":"https:\/\/www.laguidasorrento.com\/","logo":{"@type":"ImageObject","inLanguage":"de","@id":"https:\/\/www.laguidasorrento.com\/#\/schema\/logo\/image\/","url":"https:\/\/www.laguidasorrento.com\/wp-content\/uploads\/2023\/02\/la_guida_sorrento_logo-e1688335948369.webp","contentUrl":"https:\/\/www.laguidasorrento.com\/wp-content\/uploads\/2023\/02\/la_guida_sorrento_logo-e1688335948369.webp","width":1443,"height":468,"caption":"La Guida Sorrento"},"image":{"@id":"https:\/\/www.laguidasorrento.com\/#\/schema\/logo\/image\/"},"sameAs":["https:\/\/facebook.com\/tourguidesorrento","https:\/\/instagram.com\/tourguidesorrento","https:\/\/linkedin.com\/tourguidesorrento"]}]}},"_links":{"self":[{"href":"https:\/\/www.laguidasorrento.com\/de\/wp-json\/wp\/v2\/pages\/3206","targetHints":{"allow":["GET"]}}],"collection":[{"href":"https:\/\/www.laguidasorrento.com\/de\/wp-json\/wp\/v2\/pages"}],"about":[{"href":"https:\/\/www.laguidasorrento.com\/de\/wp-json\/wp\/v2\/types\/page"}],"author":[{"embeddable":true,"href":"https:\/\/www.laguidasorrento.com\/de\/wp-json\/wp\/v2\/users\/1"}],"replies":[{"embeddable":true,"href":"https:\/\/www.laguidasorrento.com\/de\/wp-json\/wp\/v2\/comments?post=3206"}],"version-history":[{"count":16,"href":"https:\/\/www.laguidasorrento.com\/de\/wp-json\/wp\/v2\/pages\/3206\/revisions"}],"predecessor-version":[{"id":3860,"href":"https:\/\/www.laguidasorrento.com\/de\/wp-json\/wp\/v2\/pages\/3206\/revisions\/3860"}],"wp:featuredmedia":[{"embeddable":true,"href":"https:\/\/www.laguidasorrento.com\/de\/wp-json\/wp\/v2\/media\/3363"}],"wp:attachment":[{"href":"https:\/\/www.laguidasorrento.com\/de\/wp-json\/wp\/v2\/media?parent=3206"}],"curies":[{"name":"wp","href":"https:\/\/api.w.org\/{rel}","templated":true}]}}