{"id":3661,"date":"2023-10-26T15:42:26","date_gmt":"2023-10-26T13:42:26","guid":{"rendered":"https:\/\/www.laguidasorrento.com\/?page_id=3661"},"modified":"2025-08-19T15:51:44","modified_gmt":"2025-08-19T13:51:44","slug":"pompeii-tour-guide","status":"publish","type":"page","link":"https:\/\/www.laguidasorrento.com\/de\/pompeii-tour-guide\/","title":{"rendered":"Pompeji"},"content":{"rendered":"<div data-elementor-type=\"wp-page\" data-elementor-id=\"3661\" class=\"elementor elementor-3661\">\n\t\t\t\t\t\t<section class=\"elementor-section elementor-top-section elementor-element elementor-element-d7ced84 elementor-section-boxed elementor-section-height-default elementor-section-height-default\" data-id=\"d7ced84\" data-element_type=\"section\">\n\t\t\t\t\t\t<div class=\"elementor-container elementor-column-gap-default\">\n\t\t\t\t\t<div class=\"elementor-column elementor-col-100 elementor-top-column elementor-element elementor-element-cad681e\" data-id=\"cad681e\" data-element_type=\"column\">\n\t\t\t<div class=\"elementor-widget-wrap elementor-element-populated\">\n\t\t\t\t\t\t<div class=\"elementor-element elementor-element-7202c28 elementor-widget elementor-widget-text-editor\" data-id=\"7202c28\" data-element_type=\"widget\" data-widget_type=\"text-editor.default\">\n\t\t\t\t<div class=\"elementor-widget-container\">\n\t\t\t\t\t\t\t\t\t<h1 style=\"font-size: 1.8rem\"><strong>POMPEII: Enth\u00fcllung der Geschichte einer verfinsterten \u00c4ra<\/strong><\/h1>\t\t\t\t\t\t\t\t<\/div>\n\t\t\t\t<\/div>\n\t\t\t\t\t<\/div>\n\t\t<\/div>\n\t\t\t\t\t<\/div>\n\t\t<\/section>\n\t\t\t\t<section class=\"elementor-section elementor-top-section elementor-element elementor-element-a189ee6 elementor-section-boxed elementor-section-height-default elementor-section-height-default\" data-id=\"a189ee6\" data-element_type=\"section\">\n\t\t\t\t\t\t<div class=\"elementor-container elementor-column-gap-default\">\n\t\t\t\t\t<div class=\"elementor-column elementor-col-100 elementor-top-column elementor-element elementor-element-1fe34e2\" data-id=\"1fe34e2\" data-element_type=\"column\">\n\t\t\t<div class=\"elementor-widget-wrap\">\n\t\t\t\t\t\t\t<\/div>\n\t\t<\/div>\n\t\t\t\t\t<\/div>\n\t\t<\/section>\n\t\t\t\t<section class=\"elementor-section elementor-top-section elementor-element elementor-element-2dd9f51 elementor-section-boxed elementor-section-height-default elementor-section-height-default\" data-id=\"2dd9f51\" data-element_type=\"section\">\n\t\t\t\t\t\t<div class=\"elementor-container elementor-column-gap-default\">\n\t\t\t\t\t<div class=\"elementor-column elementor-col-100 elementor-top-column elementor-element elementor-element-430e85a\" data-id=\"430e85a\" data-element_type=\"column\">\n\t\t\t<div class=\"elementor-widget-wrap elementor-element-populated\">\n\t\t\t\t\t\t<div class=\"elementor-element elementor-element-05282cc elementor-widget elementor-widget-text-editor\" data-id=\"05282cc\" data-element_type=\"widget\" data-widget_type=\"text-editor.default\">\n\t\t\t\t<div class=\"elementor-widget-container\">\n\t\t\t\t\t\t\t\t\t<p><strong><em>Stellen Sie sich vor, Sie steigen in eine Zeitmaschine und finden sich pl\u00f6tzlich im Herzen des antiken Pompeji wieder.<\/em><\/strong> Wir schreiben das Jahr 79 n. Chr. und in der Stadt herrscht gesch\u00e4ftiges Treiben \u2013 Kaufleute feilschen auf dem Marktplatz, die B\u00fcrger gehen ihren t\u00e4glichen Aufgaben nach und die Luft ist erf\u00fcllt vom Duft von frisch gebackenem Brot. Das ist die faszinierende Welt, die Sie in den Ruinen von Pompeji erwartet.<\/p><p>Vor zwei Jahrtausenden begrub der katastrophale Ausbruch des Vesuvs diese bl\u00fchende r\u00f6mische Stadt unter Schichten aus Lava und vulkanischen Tr\u00fcmmern. W\u00e4hrend es dem Leben seiner Bewohner ein Ende setzte, bewahrte es Pompeji gleichzeitig in einer Zeitkapsel. Heute ist ein Spaziergang durch die perfekt erhaltenen Stra\u00dfen eine atemberaubende Reise in die Vergangenheit.<\/p><p>Die architektonischen Wunder Pompejis sind geradezu beeindruckend. Pr\u00e4chtige Villen, anmutige Tempel und ein bemerkenswert intaktes Amphitheater zeugen vom Wohlstand und der Kultiviertheit der Stadt. Wenn Sie durch die alten Kopfsteinpflasterstra\u00dfen schlendern, werden Sie den Puls einer vergangenen \u00c4ra sp\u00fcren.<\/p><p>Aber was Pompeji wirklich auszeichnet, ist seine bemerkenswerte Kunst- und Freskensammlung. Diese wundersch\u00f6n erhaltenen Gem\u00e4lde offenbaren das \u00e4sthetische Empfinden der Zeit und zeigen mythologische Geschichten, malerische Landschaften und Portr\u00e4ts.<\/p><p>Heute geh\u00f6rt Pompeji zum UNESCO-Weltkulturerbe, und die laufenden Forschungen enth\u00fcllen immer wieder neue Aspekte seiner faszinierenden Geschichte. Jeder Besuch verspricht neue Entdeckungen und macht diese arch\u00e4ologische St\u00e4tte zu einer nie versiegenden Quelle der Faszination.<\/p>\t\t\t\t\t\t\t\t<\/div>\n\t\t\t\t<\/div>\n\t\t\t\t<div class=\"elementor-element elementor-element-9646155 elementor-widget elementor-widget-text-editor\" data-id=\"9646155\" data-element_type=\"widget\" data-widget_type=\"text-editor.default\">\n\t\t\t\t<div class=\"elementor-widget-container\">\n\t\t\t\t\t\t\t\t\t<h2 style=\"font-size: 1rem; color:#696969\"><strong>Wenn Sie eine gef\u00fchrte Tour f\u00fcr Ihren Besuch in Pompeji buchen, haben Sie die M\u00f6glichkeit, eine gew\u00f6hnliche Reise in eine au\u00dfergew\u00f6hnliche zu verwandeln.\u00a0<\/strong><\/h2>\n\n<span style=\"text-decoration: underline;\"><strong>Warum sollten Sie mich f\u00fcr Ihre F\u00fchrung w\u00e4hlen?<\/strong><\/span>\t\t\t\t\t\t\t\t<\/div>\n\t\t\t\t<\/div>\n\t\t\t\t\t<\/div>\n\t\t<\/div>\n\t\t\t\t\t<\/div>\n\t\t<\/section>\n\t\t\t\t<section class=\"elementor-section elementor-top-section elementor-element elementor-element-bb9d0eb elementor-section-boxed elementor-section-height-default elementor-section-height-default\" data-id=\"bb9d0eb\" data-element_type=\"section\">\n\t\t\t\t\t\t<div class=\"elementor-container elementor-column-gap-default\">\n\t\t\t\t\t<div class=\"elementor-column elementor-col-25 elementor-top-column elementor-element elementor-element-f5276c5\" data-id=\"f5276c5\" data-element_type=\"column\">\n\t\t\t<div class=\"elementor-widget-wrap elementor-element-populated\">\n\t\t\t\t\t\t<div class=\"elementor-element elementor-element-8838eef elementor-widget elementor-widget-text-editor\" data-id=\"8838eef\" data-element_type=\"widget\" data-widget_type=\"text-editor.default\">\n\t\t\t\t<div class=\"elementor-widget-container\">\n\t\t\t\t\t\t\t\t\t<p><strong>1. Fachwissen:<\/strong> Stellen Sie sich vor, Sie h\u00e4tten einen sachkundigen F\u00fchrer an Ihrer Seite, der den stillen Steinen und zerfallenden Ruinen Leben einhauchen kann. Wir versorgen Sie mit historischem Kontext, faszinierenden Geschichten und faszinierenden Fakten, die Ihnen sonst vielleicht entgehen w\u00fcrden.\u00a0<\/p><p><strong>2. Verborgene Seiten:<\/strong> Pompeji ist riesig und man \u00fcbersieht leicht die verborgenen Sch\u00e4tze, die in seinen labyrinthischen Stra\u00dfen versteckt sind. Ein offizieller Reisef\u00fchrer kennt die Ecken und Winkel der Stadt.<\/p>\t\t\t\t\t\t\t\t<\/div>\n\t\t\t\t<\/div>\n\t\t\t\t\t<\/div>\n\t\t<\/div>\n\t\t\t\t<div class=\"elementor-column elementor-col-25 elementor-top-column elementor-element elementor-element-100ad90\" data-id=\"100ad90\" data-element_type=\"column\">\n\t\t\t<div class=\"elementor-widget-wrap elementor-element-populated\">\n\t\t\t\t\t\t<div class=\"elementor-element elementor-element-09853f8 elementor-widget elementor-widget-text-editor\" data-id=\"09853f8\" data-element_type=\"widget\" data-widget_type=\"text-editor.default\">\n\t\t\t\t<div class=\"elementor-widget-container\">\n\t\t\t\t\t\t\t\t\t<p><strong>3. Es spart Zeit:<\/strong> In Pompeji kann es besonders in der Touristenhochsaison \u00fcberf\u00fcllt sein. Wenn Sie mit einem offiziellen F\u00fchrer eintreten, ist m\u00f6glicherweise ein fr\u00fcher Zugang garantiert.<\/p>\t\t\t\t\t\t\t\t<\/div>\n\t\t\t\t<\/div>\n\t\t\t\t\t<\/div>\n\t\t<\/div>\n\t\t\t\t<div class=\"elementor-column elementor-col-25 elementor-top-column elementor-element elementor-element-87fadce\" data-id=\"87fadce\" data-element_type=\"column\">\n\t\t\t<div class=\"elementor-widget-wrap elementor-element-populated\">\n\t\t\t\t\t\t<div class=\"elementor-element elementor-element-848e102 elementor-widget elementor-widget-text-editor\" data-id=\"848e102\" data-element_type=\"widget\" data-widget_type=\"text-editor.default\">\n\t\t\t\t<div class=\"elementor-widget-container\">\n\t\t\t\t\t\t\t\t\t<p><strong>4. Es ist zeiteffizient:<\/strong>\u00a0Mit einem Reiseleiter optimieren Sie Ihren Besuch und stellen sicher, dass Sie die H\u00f6hepunkte sehen und ihre Bedeutung verstehen, ohne Zeit mit Navigation oder ziellosem Umherirren zu verschwenden. Sie k\u00f6nnen Ihre Zeit in Pompeji optimal nutzen und nichts unversucht lassen.<\/p>\t\t\t\t\t\t\t\t<\/div>\n\t\t\t\t<\/div>\n\t\t\t\t\t<\/div>\n\t\t<\/div>\n\t\t\t\t<div class=\"elementor-column elementor-col-25 elementor-top-column elementor-element elementor-element-52009fe\" data-id=\"52009fe\" data-element_type=\"column\">\n\t\t\t<div class=\"elementor-widget-wrap elementor-element-populated\">\n\t\t\t\t\t\t<div class=\"elementor-element elementor-element-b226e0e elementor-widget elementor-widget-text-editor\" data-id=\"b226e0e\" data-element_type=\"widget\" data-widget_type=\"text-editor.default\">\n\t\t\t\t<div class=\"elementor-widget-container\">\n\t\t\t\t\t\t\t\t\t<p><strong>5. Es ist ma\u00dfgeschneidert:<\/strong> F\u00fchrungen k\u00f6nnen auf Ihre Interessen zugeschnitten werden. Ganz gleich, ob Sie ein Kunstliebhaber, Geschichtsinteressierter oder einfach nur neugierig auf das t\u00e4gliche Leben im antiken Pompeji sind, wir k\u00f6nnen die Tour Ihren Erwartungen entsprechend modifizieren und verl\u00e4ngern.<\/p>\t\t\t\t\t\t\t\t<\/div>\n\t\t\t\t<\/div>\n\t\t\t\t<div class=\"elementor-element elementor-element-502e5b9 elementor-widget elementor-widget-text-editor\" data-id=\"502e5b9\" data-element_type=\"widget\" data-widget_type=\"text-editor.default\">\n\t\t\t\t<div class=\"elementor-widget-container\">\n\t\t\t\t\t\t\t\t\t<p><strong>6. Es ist professionell:<\/strong> Sie m\u00fcssen sich keine Gedanken \u00fcber den Ticketkauf, das Anstehen in der Warteschlange, die Navigation auf der Website oder den Versuch, Karten zu entziffern, machen. Ein offizieller, lizenzierter Guide k\u00fcmmert sich um die gesamte Organisation.<\/p>\t\t\t\t\t\t\t\t<\/div>\n\t\t\t\t<\/div>\n\t\t\t\t\t<\/div>\n\t\t<\/div>\n\t\t\t\t\t<\/div>\n\t\t<\/section>\n\t\t\t\t<section class=\"elementor-section elementor-top-section elementor-element elementor-element-cfe8ac8 elementor-section-boxed elementor-section-height-default elementor-section-height-default\" data-id=\"cfe8ac8\" data-element_type=\"section\">\n\t\t\t\t\t\t<div class=\"elementor-container elementor-column-gap-default\">\n\t\t\t\t\t<div class=\"elementor-column elementor-col-100 elementor-top-column elementor-element elementor-element-14c3675\" data-id=\"14c3675\" data-element_type=\"column\">\n\t\t\t<div class=\"elementor-widget-wrap\">\n\t\t\t\t\t\t\t<\/div>\n\t\t<\/div>\n\t\t\t\t\t<\/div>\n\t\t<\/section>\n\t\t\t\t<section class=\"elementor-section elementor-top-section elementor-element elementor-element-9d1cdcb elementor-section-boxed elementor-section-height-default elementor-section-height-default\" data-id=\"9d1cdcb\" data-element_type=\"section\">\n\t\t\t\t\t\t<div class=\"elementor-container elementor-column-gap-default\">\n\t\t\t\t\t<div class=\"elementor-column elementor-col-100 elementor-top-column elementor-element elementor-element-8e2a182\" data-id=\"8e2a182\" data-element_type=\"column\">\n\t\t\t<div class=\"elementor-widget-wrap elementor-element-populated\">\n\t\t\t\t\t\t<div class=\"elementor-element elementor-element-f4d6ae9 elementor-widget__width-initial elementor-widget elementor-widget-image\" data-id=\"f4d6ae9\" data-element_type=\"widget\" data-widget_type=\"image.default\">\n\t\t\t\t<div class=\"elementor-widget-container\">\n\t\t\t\t\t\t\t\t\t\t\t\t\t\t\t<img fetchpriority=\"high\" decoding=\"async\" width=\"1200\" height=\"802\" src=\"https:\/\/www.laguidasorrento.com\/wp-content\/uploads\/2023\/10\/Menandro.jpg\" class=\"attachment-2048x2048 size-2048x2048 wp-image-3662\" alt=\"Pompeii\" srcset=\"https:\/\/www.laguidasorrento.com\/wp-content\/uploads\/2023\/10\/Menandro.jpg 1200w, https:\/\/www.laguidasorrento.com\/wp-content\/uploads\/2023\/10\/Menandro-300x201.jpg 300w, https:\/\/www.laguidasorrento.com\/wp-content\/uploads\/2023\/10\/Menandro-1024x684.jpg 1024w, https:\/\/www.laguidasorrento.com\/wp-content\/uploads\/2023\/10\/Menandro-768x513.jpg 768w, https:\/\/www.laguidasorrento.com\/wp-content\/uploads\/2023\/10\/Menandro-18x12.jpg 18w, https:\/\/www.laguidasorrento.com\/wp-content\/uploads\/2023\/10\/Menandro-600x401.jpg 600w\" sizes=\"(max-width: 1200px) 100vw, 1200px\" \/>\t\t\t\t\t\t\t\t\t\t\t\t\t\t\t<\/div>\n\t\t\t\t<\/div>\n\t\t\t\t\t<\/div>\n\t\t<\/div>\n\t\t\t\t\t<\/div>\n\t\t<\/section>\n\t\t\t\t<\/div>","protected":false},"excerpt":{"rendered":"<p>POMPEJI: Die Geschichte einer vergangenen \u00c4ra Stellen Sie sich vor, Sie steigen in eine Zeitmaschine und finden sich pl\u00f6tzlich im Herzen des antiken Pompeji wieder. Wir schreiben das Jahr 79 n. Chr. und in der Stadt herrscht reges Treiben \u2013 H\u00e4ndler feilschen auf dem Marktplatz, B\u00fcrger gehen ihrem Alltag nach und die Luft ist erf\u00fcllt von [\u2026]<\/p>","protected":false},"author":4,"featured_media":4813,"parent":0,"menu_order":0,"comment_status":"closed","ping_status":"closed","template":"","meta":{"footnotes":""},"class_list":["post-3661","page","type-page","status-publish","has-post-thumbnail","hentry"],"yoast_head":"<!-- This site is optimized with the Yoast SEO Premium plugin v26.8 (Yoast SEO v27.5) - https:\/\/yoast.com\/product\/yoast-seo-premium-wordpress\/ -->\n<title>Pompeii Guided Tour with Licensed Guide<\/title>\n<meta name=\"description\" content=\"Step into ancient Pompeii with an official guide. Walk its ruins, villas and frescoes for an unforgettable journey through history.\" \/>\n<meta name=\"robots\" content=\"index, follow, max-snippet:-1, max-image-preview:large, max-video-preview:-1\" \/>\n<link rel=\"canonical\" href=\"https:\/\/www.laguidasorrento.com\/de\/pompeii-tour-guide\/\" \/>\n<meta property=\"og:locale\" content=\"de_DE\" \/>\n<meta property=\"og:type\" content=\"article\" \/>\n<meta property=\"og:title\" content=\"Pompeii\" \/>\n<meta property=\"og:description\" content=\"Step into ancient Pompeii with an official guide. Walk its ruins, villas and frescoes for an unforgettable journey through history.\" \/>\n<meta property=\"og:url\" content=\"https:\/\/www.laguidasorrento.com\/de\/pompeii-tour-guide\/\" \/>\n<meta property=\"og:site_name\" content=\"La Guida Sorrento\" \/>\n<meta property=\"article:publisher\" content=\"https:\/\/facebook.com\/tourguidesorrento\" \/>\n<meta property=\"article:modified_time\" content=\"2025-08-19T13:51:44+00:00\" \/>\n<meta property=\"og:image\" content=\"https:\/\/www.laguidasorrento.com\/wp-content\/uploads\/2025\/01\/1NataliaFiorentino-scaled.jpg\" \/>\n\t<meta property=\"og:image:width\" content=\"1840\" \/>\n\t<meta property=\"og:image:height\" content=\"2560\" \/>\n\t<meta property=\"og:image:type\" content=\"image\/jpeg\" \/>\n<meta name=\"twitter:card\" content=\"summary_large_image\" \/>\n<meta name=\"twitter:label1\" content=\"Gesch\u00e4tzte Lesezeit\" \/>\n\t<meta name=\"twitter:data1\" content=\"3\u00a0Minuten\" \/>\n<script type=\"application\/ld+json\" class=\"yoast-schema-graph\">{\"@context\":\"https:\\\/\\\/schema.org\",\"@graph\":[{\"@type\":\"WebPage\",\"@id\":\"https:\\\/\\\/www.laguidasorrento.com\\\/pompeii-tour-guide\\\/\",\"url\":\"https:\\\/\\\/www.laguidasorrento.com\\\/pompeii-tour-guide\\\/\",\"name\":\"Pompeii Guided Tour with Licensed Guide\",\"isPartOf\":{\"@id\":\"https:\\\/\\\/www.laguidasorrento.com\\\/#website\"},\"primaryImageOfPage\":{\"@id\":\"https:\\\/\\\/www.laguidasorrento.com\\\/pompeii-tour-guide\\\/#primaryimage\"},\"image\":{\"@id\":\"https:\\\/\\\/www.laguidasorrento.com\\\/pompeii-tour-guide\\\/#primaryimage\"},\"thumbnailUrl\":\"https:\\\/\\\/www.laguidasorrento.com\\\/wp-content\\\/uploads\\\/2025\\\/01\\\/1NataliaFiorentino-scaled.jpg\",\"datePublished\":\"2023-10-26T13:42:26+00:00\",\"dateModified\":\"2025-08-19T13:51:44+00:00\",\"description\":\"Step into ancient Pompeii with an official guide. Walk its ruins, villas and frescoes for an unforgettable journey through history.\",\"breadcrumb\":{\"@id\":\"https:\\\/\\\/www.laguidasorrento.com\\\/pompeii-tour-guide\\\/#breadcrumb\"},\"inLanguage\":\"de\",\"potentialAction\":[{\"@type\":\"ReadAction\",\"target\":[\"https:\\\/\\\/www.laguidasorrento.com\\\/pompeii-tour-guide\\\/\"]}]},{\"@type\":\"ImageObject\",\"inLanguage\":\"de\",\"@id\":\"https:\\\/\\\/www.laguidasorrento.com\\\/pompeii-tour-guide\\\/#primaryimage\",\"url\":\"https:\\\/\\\/www.laguidasorrento.com\\\/wp-content\\\/uploads\\\/2025\\\/01\\\/1NataliaFiorentino-scaled.jpg\",\"contentUrl\":\"https:\\\/\\\/www.laguidasorrento.com\\\/wp-content\\\/uploads\\\/2025\\\/01\\\/1NataliaFiorentino-scaled.jpg\",\"width\":1840,\"height\":2560,\"caption\":\"Tour Guide\"},{\"@type\":\"BreadcrumbList\",\"@id\":\"https:\\\/\\\/www.laguidasorrento.com\\\/pompeii-tour-guide\\\/#breadcrumb\",\"itemListElement\":[{\"@type\":\"ListItem\",\"position\":1,\"name\":\"Home\",\"item\":\"https:\\\/\\\/www.laguidasorrento.com\\\/\"},{\"@type\":\"ListItem\",\"position\":2,\"name\":\"Pompeii\"}]},{\"@type\":\"WebSite\",\"@id\":\"https:\\\/\\\/www.laguidasorrento.com\\\/#website\",\"url\":\"https:\\\/\\\/www.laguidasorrento.com\\\/\",\"name\":\"La Guida Sorrento\",\"description\":\"Explore Naples and Beyond\",\"publisher\":{\"@id\":\"https:\\\/\\\/www.laguidasorrento.com\\\/#organization\"},\"potentialAction\":[{\"@type\":\"SearchAction\",\"target\":{\"@type\":\"EntryPoint\",\"urlTemplate\":\"https:\\\/\\\/www.laguidasorrento.com\\\/?s={search_term_string}\"},\"query-input\":{\"@type\":\"PropertyValueSpecification\",\"valueRequired\":true,\"valueName\":\"search_term_string\"}}],\"inLanguage\":\"de\"},{\"@type\":\"Organization\",\"@id\":\"https:\\\/\\\/www.laguidasorrento.com\\\/#organization\",\"name\":\"La Guida Sorrento\",\"url\":\"https:\\\/\\\/www.laguidasorrento.com\\\/\",\"logo\":{\"@type\":\"ImageObject\",\"inLanguage\":\"de\",\"@id\":\"https:\\\/\\\/www.laguidasorrento.com\\\/#\\\/schema\\\/logo\\\/image\\\/\",\"url\":\"https:\\\/\\\/www.laguidasorrento.com\\\/wp-content\\\/uploads\\\/2023\\\/02\\\/la_guida_sorrento_logo-e1688335948369.webp\",\"contentUrl\":\"https:\\\/\\\/www.laguidasorrento.com\\\/wp-content\\\/uploads\\\/2023\\\/02\\\/la_guida_sorrento_logo-e1688335948369.webp\",\"width\":1443,\"height\":468,\"caption\":\"La Guida Sorrento\"},\"image\":{\"@id\":\"https:\\\/\\\/www.laguidasorrento.com\\\/#\\\/schema\\\/logo\\\/image\\\/\"},\"sameAs\":[\"https:\\\/\\\/facebook.com\\\/tourguidesorrento\",\"https:\\\/\\\/instagram.com\\\/tourguidesorrento\",\"https:\\\/\\\/linkedin.com\\\/tourguidesorrento\"]}]}<\/script>\n<!-- \/ Yoast SEO Premium plugin. -->","yoast_head_json":{"title":"Pompeji: F\u00fchrung mit lizenziertem Guide","description":"Betreten Sie das antike Pompeji mit einem offiziellen Guide. Spazieren Sie durch die Ruinen, Villen und Fresken und erleben Sie eine unvergessliche Reise durch die Geschichte.","robots":{"index":"index","follow":"follow","max-snippet":"max-snippet:-1","max-image-preview":"max-image-preview:large","max-video-preview":"max-video-preview:-1"},"canonical":"https:\/\/www.laguidasorrento.com\/de\/pompeii-tour-guide\/","og_locale":"de_DE","og_type":"article","og_title":"Pompeii","og_description":"Step into ancient Pompeii with an official guide. Walk its ruins, villas and frescoes for an unforgettable journey through history.","og_url":"https:\/\/www.laguidasorrento.com\/de\/pompeii-tour-guide\/","og_site_name":"La Guida Sorrento","article_publisher":"https:\/\/facebook.com\/tourguidesorrento","article_modified_time":"2025-08-19T13:51:44+00:00","og_image":[{"width":1840,"height":2560,"url":"https:\/\/www.laguidasorrento.com\/wp-content\/uploads\/2025\/01\/1NataliaFiorentino-scaled.jpg","type":"image\/jpeg"}],"twitter_card":"summary_large_image","twitter_misc":{"Gesch\u00e4tzte Lesezeit":"3\u00a0Minuten"},"schema":{"@context":"https:\/\/schema.org","@graph":[{"@type":"WebPage","@id":"https:\/\/www.laguidasorrento.com\/pompeii-tour-guide\/","url":"https:\/\/www.laguidasorrento.com\/pompeii-tour-guide\/","name":"Pompeji: F\u00fchrung mit lizenziertem Guide","isPartOf":{"@id":"https:\/\/www.laguidasorrento.com\/#website"},"primaryImageOfPage":{"@id":"https:\/\/www.laguidasorrento.com\/pompeii-tour-guide\/#primaryimage"},"image":{"@id":"https:\/\/www.laguidasorrento.com\/pompeii-tour-guide\/#primaryimage"},"thumbnailUrl":"https:\/\/www.laguidasorrento.com\/wp-content\/uploads\/2025\/01\/1NataliaFiorentino-scaled.jpg","datePublished":"2023-10-26T13:42:26+00:00","dateModified":"2025-08-19T13:51:44+00:00","description":"Betreten Sie das antike Pompeji mit einem offiziellen Guide. Spazieren Sie durch die Ruinen, Villen und Fresken und erleben Sie eine unvergessliche Reise durch die Geschichte.","breadcrumb":{"@id":"https:\/\/www.laguidasorrento.com\/pompeii-tour-guide\/#breadcrumb"},"inLanguage":"de","potentialAction":[{"@type":"ReadAction","target":["https:\/\/www.laguidasorrento.com\/pompeii-tour-guide\/"]}]},{"@type":"ImageObject","inLanguage":"de","@id":"https:\/\/www.laguidasorrento.com\/pompeii-tour-guide\/#primaryimage","url":"https:\/\/www.laguidasorrento.com\/wp-content\/uploads\/2025\/01\/1NataliaFiorentino-scaled.jpg","contentUrl":"https:\/\/www.laguidasorrento.com\/wp-content\/uploads\/2025\/01\/1NataliaFiorentino-scaled.jpg","width":1840,"height":2560,"caption":"Tour Guide"},{"@type":"BreadcrumbList","@id":"https:\/\/www.laguidasorrento.com\/pompeii-tour-guide\/#breadcrumb","itemListElement":[{"@type":"ListItem","position":1,"name":"Home","item":"https:\/\/www.laguidasorrento.com\/"},{"@type":"ListItem","position":2,"name":"Pompeii"}]},{"@type":"WebSite","@id":"https:\/\/www.laguidasorrento.com\/#website","url":"https:\/\/www.laguidasorrento.com\/","name":"La Guida Sorrent","description":"Entdecken Sie Neapel und Umgebung","publisher":{"@id":"https:\/\/www.laguidasorrento.com\/#organization"},"potentialAction":[{"@type":"SearchAction","target":{"@type":"EntryPoint","urlTemplate":"https:\/\/www.laguidasorrento.com\/?s={search_term_string}"},"query-input":{"@type":"PropertyValueSpecification","valueRequired":true,"valueName":"search_term_string"}}],"inLanguage":"de"},{"@type":"Organization","@id":"https:\/\/www.laguidasorrento.com\/#organization","name":"La Guida Sorrent","url":"https:\/\/www.laguidasorrento.com\/","logo":{"@type":"ImageObject","inLanguage":"de","@id":"https:\/\/www.laguidasorrento.com\/#\/schema\/logo\/image\/","url":"https:\/\/www.laguidasorrento.com\/wp-content\/uploads\/2023\/02\/la_guida_sorrento_logo-e1688335948369.webp","contentUrl":"https:\/\/www.laguidasorrento.com\/wp-content\/uploads\/2023\/02\/la_guida_sorrento_logo-e1688335948369.webp","width":1443,"height":468,"caption":"La Guida Sorrento"},"image":{"@id":"https:\/\/www.laguidasorrento.com\/#\/schema\/logo\/image\/"},"sameAs":["https:\/\/facebook.com\/tourguidesorrento","https:\/\/instagram.com\/tourguidesorrento","https:\/\/linkedin.com\/tourguidesorrento"]}]}},"_links":{"self":[{"href":"https:\/\/www.laguidasorrento.com\/de\/wp-json\/wp\/v2\/pages\/3661","targetHints":{"allow":["GET"]}}],"collection":[{"href":"https:\/\/www.laguidasorrento.com\/de\/wp-json\/wp\/v2\/pages"}],"about":[{"href":"https:\/\/www.laguidasorrento.com\/de\/wp-json\/wp\/v2\/types\/page"}],"author":[{"embeddable":true,"href":"https:\/\/www.laguidasorrento.com\/de\/wp-json\/wp\/v2\/users\/4"}],"replies":[{"embeddable":true,"href":"https:\/\/www.laguidasorrento.com\/de\/wp-json\/wp\/v2\/comments?post=3661"}],"version-history":[{"count":34,"href":"https:\/\/www.laguidasorrento.com\/de\/wp-json\/wp\/v2\/pages\/3661\/revisions"}],"predecessor-version":[{"id":6951,"href":"https:\/\/www.laguidasorrento.com\/de\/wp-json\/wp\/v2\/pages\/3661\/revisions\/6951"}],"wp:featuredmedia":[{"embeddable":true,"href":"https:\/\/www.laguidasorrento.com\/de\/wp-json\/wp\/v2\/media\/4813"}],"wp:attachment":[{"href":"https:\/\/www.laguidasorrento.com\/de\/wp-json\/wp\/v2\/media?parent=3661"}],"curies":[{"name":"wp","href":"https:\/\/api.w.org\/{rel}","templated":true}]}}