{"id":3668,"date":"2023-10-26T16:56:41","date_gmt":"2023-10-26T14:56:41","guid":{"rendered":"https:\/\/www.laguidasorrento.com\/?page_id=3668"},"modified":"2025-08-19T15:50:35","modified_gmt":"2025-08-19T13:50:35","slug":"herculaneum","status":"publish","type":"page","link":"https:\/\/www.laguidasorrento.com\/de\/herculaneum\/","title":{"rendered":"Herculaneum"},"content":{"rendered":"<h4><strong>Arch\u00e4ologischer Park Herculaneum: Ein verstecktes Juwel antiker Pracht<\/strong><\/h4>\n<p><em>Wenn<strong> Pompeji sonnt sich im Rampenlicht, ein gut geh\u00fctetes Geheimnis liegt im Schatten des Vesuvs \u2013 der Arch\u00e4ologische Park Herculaneum.<\/strong><\/em>\u00a0Die Enth\u00fcllung dieses Schatzes ist wie das \u00d6ffnen eines vergessenen Kapitels des R\u00f6mischen Reiches, in dem Geschichte und Sch\u00f6nheit in einem intimeren Rahmen zusammenflie\u00dfen.<\/p>\n<p>Im Jahr 79 n. Chr. traf der Vulkanausbruch, der das Schicksal Pompejis besiegelte, auch Herculaneum. Doch w\u00e4hrend die Geschichte von Pompeji weithin bekannt ist, \u00e4hnelt die Geschichte von Herculaneum eher einer gefl\u00fcsterten Legende, die auf diejenigen wartet, die eine tiefere Verbindung zur Vergangenheit suchen.<\/p>\n<p>Anders als die Weiten von Pompeji bietet Herculaneum eine konzentriertere Begegnung mit der Antike. Die gut erhaltenen Stra\u00dfen schl\u00e4ngeln sich durch alte H\u00e4user und pr\u00e4chtige Villen, von denen jede Geschichten \u00fcber ein Leben vor langer Zeit erz\u00e4hlt.<\/p>\n<p>Was Herculaneum auszeichnet, ist die einzigartige Erhaltung organischer Materialien. Holzt\u00fcren, Balken und sogar M\u00f6bel haben die Jahrhunderte \u00fcberdauert und zeichnen ein intimes Portr\u00e4t des r\u00f6mischen Alltags. Das Haus der h\u00f6lzernen Trennwand mit seinen exquisiten Holzschirmen und aufwendigen Mosaiken ist ein Beweis f\u00fcr den Reichtum der Stadt.<\/p>\n<p>W\u00e4hrend Sie die alten Strandvillen erkunden, sind die perfekt erhaltenen Bootsschuppen ein Zeugnis des Lebens am Meer. Diese Strukturen erm\u00f6glichen es uns, uns vorzustellen, wie die R\u00f6mer lebten, arbeiteten und \u00fcber die Bucht blickten, so wie wir es heute tun.<\/p>\n<p>Herculaneum, der verborgene Schatz, erwartet diejenigen, die sich f\u00fcr Geschichte begeistern und sich auf ein unvergessliches Abenteuer einlassen m\u00f6chten.<\/p>\n<p><strong>Warum eine gef\u00fchrte Tour mit mir w\u00e4hlen?<\/strong><\/p>\n<p><strong>1. Fachwissen:<\/strong>\u00a0Stellen Sie sich vor, Sie h\u00e4tten einen sachkundigen F\u00fchrer an Ihrer Seite, der den stillen Steinen und zerfallenden Ruinen Leben einhauchen kann. Wir versorgen Sie mit historischem Kontext, faszinierenden Geschichten und faszinierenden Fakten, die Ihnen sonst vielleicht entgehen w\u00fcrden.\u00a0<\/p>\n<p><strong>2. Sicher navigieren:<\/strong> Aufgrund des kompakten Grundrisses von Herculaneum kann es schwierig sein, sich ohne Anleitung zurechtzufinden. Ein Reisef\u00fchrer sorgt daf\u00fcr, dass Sie keines der Highlights der St\u00e4tte verpassen und nimmt Sie mit auf eine effiziente Reise durch die Geschichte.<\/p>\n<p><strong>3. Es ist zeiteffizient:<\/strong> Mit einem Reiseleiter optimieren Sie Ihren Besuch und stellen sicher, dass Sie die H\u00f6hepunkte sehen und ihre Bedeutung verstehen, ohne Zeit mit Navigation oder ziellosem Umherirren zu verschwenden. Sie k\u00f6nnen Ihre Zeit optimal nutzen und nichts ungesehen lassen.<\/p>\n<p><strong>4. Es ist ma\u00dfgeschneidert:<\/strong>\u00a0F\u00fchrungen k\u00f6nnen auf Ihre Interessen zugeschnitten werden. Ganz gleich, ob Sie ein Kunstliebhaber, Geschichtsinteressierter oder einfach nur neugierig auf das t\u00e4gliche Leben im antiken Pompeji sind, wir k\u00f6nnen die Tour Ihren Erwartungen entsprechend modifizieren und verl\u00e4ngern.<\/p>\n<p><strong>5. Es ist professionell:<\/strong>\u00a0Sie m\u00fcssen sich keine Gedanken \u00fcber den Ticketkauf, das Anstehen in der Warteschlange, die Navigation auf der Website oder den Versuch, Karten zu entziffern, machen. Ein offizieller, lizenzierter Guide k\u00fcmmert sich um die gesamte Organisation.<\/p>\n<style>\/*! elementor - v3.16.0 - 17-10-2023 *\/\n.elementor-widget-image{text-align:center}.elementor-widget-image a{display:inline-block}.elementor-widget-image a img[src$=\".svg\"]{width:48px}.elementor-widget-image img{vertical-align:middle;display:inline-block}<\/style>\n<p>\t\t\t\t\t\t\t\t\t\t\t\t<img loading=\"lazy\" decoding=\"async\" width=\"1024\" height=\"768\" src=\"https:\/\/www.laguidasorrento.com\/wp-content\/uploads\/2023\/10\/IMG_1436-1024x768.jpg\" alt=\"\" srcset=\"https:\/\/www.laguidasorrento.com\/wp-content\/uploads\/2023\/10\/IMG_1436-1024x768.jpg 1024w, https:\/\/www.laguidasorrento.com\/wp-content\/uploads\/2023\/10\/IMG_1436-300x225.jpg 300w, https:\/\/www.laguidasorrento.com\/wp-content\/uploads\/2023\/10\/IMG_1436-768x576.jpg 768w, https:\/\/www.laguidasorrento.com\/wp-content\/uploads\/2023\/10\/IMG_1436-1536x1152.jpg 1536w, https:\/\/www.laguidasorrento.com\/wp-content\/uploads\/2023\/10\/IMG_1436-2048x1536.jpg 2048w, https:\/\/www.laguidasorrento.com\/wp-content\/uploads\/2023\/10\/IMG_1436-16x12.jpg 16w, https:\/\/www.laguidasorrento.com\/wp-content\/uploads\/2023\/10\/IMG_1436-600x450.jpg 600w\" sizes=\"auto, (max-width: 1024px) 100vw, 1024px\" \/><\/p>","protected":false},"excerpt":{"rendered":"<p>Arch\u00e4ologischer Park Herculaneum: Ein verborgenes Juwel antiker Pracht W\u00e4hrend Pompeji im Rampenlicht steht, verbirgt sich im Schatten des Vesuvs ein gut geh\u00fctetes Geheimnis \u2013 der Arch\u00e4ologische Park Herculaneum. Die Enth\u00fcllung dieses Schatzes ist wie das \u00d6ffnen eines vergessenen Kapitels des R\u00f6mischen Reiches, in dem Geschichte und Sch\u00f6nheit in einem intimeren Rahmen zusammentreffen. Im Jahr 79 n. Chr. [\u2026]<\/p>","protected":false},"author":4,"featured_media":3672,"parent":0,"menu_order":0,"comment_status":"closed","ping_status":"closed","template":"","meta":{"footnotes":""},"class_list":["post-3668","page","type-page","status-publish","has-post-thumbnail","hentry"],"yoast_head":"<!-- This site is optimized with the Yoast SEO Premium plugin v26.8 (Yoast SEO v27.4) - https:\/\/yoast.com\/product\/yoast-seo-premium-wordpress\/ -->\n<title>Herculaneum Guided Tour \u2013 Private Experience<\/title>\n<meta name=\"description\" content=\"Discover Herculaneum with a licensed guide. Explore preserved homes, frescoes and streets for an immersive journey into Roman life.\" \/>\n<meta name=\"robots\" content=\"index, follow, max-snippet:-1, max-image-preview:large, max-video-preview:-1\" \/>\n<link rel=\"canonical\" href=\"https:\/\/www.laguidasorrento.com\/de\/herculaneum\/\" \/>\n<meta property=\"og:locale\" content=\"de_DE\" \/>\n<meta property=\"og:type\" content=\"article\" \/>\n<meta property=\"og:title\" content=\"Herculaneum\" \/>\n<meta property=\"og:description\" content=\"Discover Herculaneum with a licensed guide. Explore preserved homes, frescoes and streets for an immersive journey into Roman life.\" \/>\n<meta property=\"og:url\" content=\"https:\/\/www.laguidasorrento.com\/de\/herculaneum\/\" \/>\n<meta property=\"og:site_name\" content=\"La Guida Sorrento\" \/>\n<meta property=\"article:publisher\" content=\"https:\/\/facebook.com\/tourguidesorrento\" \/>\n<meta property=\"article:modified_time\" content=\"2025-08-19T13:50:35+00:00\" \/>\n<meta property=\"og:image\" content=\"https:\/\/www.laguidasorrento.com\/wp-content\/uploads\/2023\/10\/IMG_1436-scaled.jpg\" \/>\n\t<meta property=\"og:image:width\" content=\"2560\" \/>\n\t<meta property=\"og:image:height\" content=\"1920\" \/>\n\t<meta property=\"og:image:type\" content=\"image\/jpeg\" \/>\n<meta name=\"twitter:card\" content=\"summary_large_image\" \/>\n<meta name=\"twitter:label1\" content=\"Gesch\u00e4tzte Lesezeit\" \/>\n\t<meta name=\"twitter:data1\" content=\"3\u00a0Minuten\" \/>\n<script type=\"application\/ld+json\" class=\"yoast-schema-graph\">{\"@context\":\"https:\\\/\\\/schema.org\",\"@graph\":[{\"@type\":\"WebPage\",\"@id\":\"https:\\\/\\\/www.laguidasorrento.com\\\/herculaneum\\\/\",\"url\":\"https:\\\/\\\/www.laguidasorrento.com\\\/herculaneum\\\/\",\"name\":\"Herculaneum Guided Tour \u2013 Private Experience\",\"isPartOf\":{\"@id\":\"https:\\\/\\\/www.laguidasorrento.com\\\/#website\"},\"primaryImageOfPage\":{\"@id\":\"https:\\\/\\\/www.laguidasorrento.com\\\/herculaneum\\\/#primaryimage\"},\"image\":{\"@id\":\"https:\\\/\\\/www.laguidasorrento.com\\\/herculaneum\\\/#primaryimage\"},\"thumbnailUrl\":\"https:\\\/\\\/www.laguidasorrento.com\\\/wp-content\\\/uploads\\\/2023\\\/10\\\/IMG_1436-scaled.jpg\",\"datePublished\":\"2023-10-26T14:56:41+00:00\",\"dateModified\":\"2025-08-19T13:50:35+00:00\",\"description\":\"Discover Herculaneum with a licensed guide. Explore preserved homes, frescoes and streets for an immersive journey into Roman life.\",\"breadcrumb\":{\"@id\":\"https:\\\/\\\/www.laguidasorrento.com\\\/herculaneum\\\/#breadcrumb\"},\"inLanguage\":\"de\",\"potentialAction\":[{\"@type\":\"ReadAction\",\"target\":[\"https:\\\/\\\/www.laguidasorrento.com\\\/herculaneum\\\/\"]}]},{\"@type\":\"ImageObject\",\"inLanguage\":\"de\",\"@id\":\"https:\\\/\\\/www.laguidasorrento.com\\\/herculaneum\\\/#primaryimage\",\"url\":\"https:\\\/\\\/www.laguidasorrento.com\\\/wp-content\\\/uploads\\\/2023\\\/10\\\/IMG_1436-scaled.jpg\",\"contentUrl\":\"https:\\\/\\\/www.laguidasorrento.com\\\/wp-content\\\/uploads\\\/2023\\\/10\\\/IMG_1436-scaled.jpg\",\"width\":2560,\"height\":1920,\"caption\":\"Herculaneum\"},{\"@type\":\"BreadcrumbList\",\"@id\":\"https:\\\/\\\/www.laguidasorrento.com\\\/herculaneum\\\/#breadcrumb\",\"itemListElement\":[{\"@type\":\"ListItem\",\"position\":1,\"name\":\"Home\",\"item\":\"https:\\\/\\\/www.laguidasorrento.com\\\/\"},{\"@type\":\"ListItem\",\"position\":2,\"name\":\"Herculaneum\"}]},{\"@type\":\"WebSite\",\"@id\":\"https:\\\/\\\/www.laguidasorrento.com\\\/#website\",\"url\":\"https:\\\/\\\/www.laguidasorrento.com\\\/\",\"name\":\"La Guida Sorrento\",\"description\":\"Explore Naples and Beyond\",\"publisher\":{\"@id\":\"https:\\\/\\\/www.laguidasorrento.com\\\/#organization\"},\"potentialAction\":[{\"@type\":\"SearchAction\",\"target\":{\"@type\":\"EntryPoint\",\"urlTemplate\":\"https:\\\/\\\/www.laguidasorrento.com\\\/?s={search_term_string}\"},\"query-input\":{\"@type\":\"PropertyValueSpecification\",\"valueRequired\":true,\"valueName\":\"search_term_string\"}}],\"inLanguage\":\"de\"},{\"@type\":\"Organization\",\"@id\":\"https:\\\/\\\/www.laguidasorrento.com\\\/#organization\",\"name\":\"La Guida Sorrento\",\"url\":\"https:\\\/\\\/www.laguidasorrento.com\\\/\",\"logo\":{\"@type\":\"ImageObject\",\"inLanguage\":\"de\",\"@id\":\"https:\\\/\\\/www.laguidasorrento.com\\\/#\\\/schema\\\/logo\\\/image\\\/\",\"url\":\"https:\\\/\\\/www.laguidasorrento.com\\\/wp-content\\\/uploads\\\/2023\\\/02\\\/la_guida_sorrento_logo-e1688335948369.webp\",\"contentUrl\":\"https:\\\/\\\/www.laguidasorrento.com\\\/wp-content\\\/uploads\\\/2023\\\/02\\\/la_guida_sorrento_logo-e1688335948369.webp\",\"width\":1443,\"height\":468,\"caption\":\"La Guida Sorrento\"},\"image\":{\"@id\":\"https:\\\/\\\/www.laguidasorrento.com\\\/#\\\/schema\\\/logo\\\/image\\\/\"},\"sameAs\":[\"https:\\\/\\\/facebook.com\\\/tourguidesorrento\",\"https:\\\/\\\/instagram.com\\\/tourguidesorrento\",\"https:\\\/\\\/linkedin.com\\\/tourguidesorrento\"]}]}<\/script>\n<!-- \/ Yoast SEO Premium plugin. -->","yoast_head_json":{"title":"Herculaneum-F\u00fchrung \u2013 Privates Erlebnis","description":"Entdecken Sie Herculaneum mit einem lizenzierten F\u00fchrer. Erkunden Sie erhaltene H\u00e4user, Fresken und Stra\u00dfen und erleben Sie eine Reise in das r\u00f6mische Leben.","robots":{"index":"index","follow":"follow","max-snippet":"max-snippet:-1","max-image-preview":"max-image-preview:large","max-video-preview":"max-video-preview:-1"},"canonical":"https:\/\/www.laguidasorrento.com\/de\/herculaneum\/","og_locale":"de_DE","og_type":"article","og_title":"Herculaneum","og_description":"Discover Herculaneum with a licensed guide. Explore preserved homes, frescoes and streets for an immersive journey into Roman life.","og_url":"https:\/\/www.laguidasorrento.com\/de\/herculaneum\/","og_site_name":"La Guida Sorrento","article_publisher":"https:\/\/facebook.com\/tourguidesorrento","article_modified_time":"2025-08-19T13:50:35+00:00","og_image":[{"width":2560,"height":1920,"url":"https:\/\/www.laguidasorrento.com\/wp-content\/uploads\/2023\/10\/IMG_1436-scaled.jpg","type":"image\/jpeg"}],"twitter_card":"summary_large_image","twitter_misc":{"Gesch\u00e4tzte Lesezeit":"3\u00a0Minuten"},"schema":{"@context":"https:\/\/schema.org","@graph":[{"@type":"WebPage","@id":"https:\/\/www.laguidasorrento.com\/herculaneum\/","url":"https:\/\/www.laguidasorrento.com\/herculaneum\/","name":"Herculaneum-F\u00fchrung \u2013 Privates Erlebnis","isPartOf":{"@id":"https:\/\/www.laguidasorrento.com\/#website"},"primaryImageOfPage":{"@id":"https:\/\/www.laguidasorrento.com\/herculaneum\/#primaryimage"},"image":{"@id":"https:\/\/www.laguidasorrento.com\/herculaneum\/#primaryimage"},"thumbnailUrl":"https:\/\/www.laguidasorrento.com\/wp-content\/uploads\/2023\/10\/IMG_1436-scaled.jpg","datePublished":"2023-10-26T14:56:41+00:00","dateModified":"2025-08-19T13:50:35+00:00","description":"Entdecken Sie Herculaneum mit einem lizenzierten F\u00fchrer. Erkunden Sie erhaltene H\u00e4user, Fresken und Stra\u00dfen und erleben Sie eine Reise in das r\u00f6mische Leben.","breadcrumb":{"@id":"https:\/\/www.laguidasorrento.com\/herculaneum\/#breadcrumb"},"inLanguage":"de","potentialAction":[{"@type":"ReadAction","target":["https:\/\/www.laguidasorrento.com\/herculaneum\/"]}]},{"@type":"ImageObject","inLanguage":"de","@id":"https:\/\/www.laguidasorrento.com\/herculaneum\/#primaryimage","url":"https:\/\/www.laguidasorrento.com\/wp-content\/uploads\/2023\/10\/IMG_1436-scaled.jpg","contentUrl":"https:\/\/www.laguidasorrento.com\/wp-content\/uploads\/2023\/10\/IMG_1436-scaled.jpg","width":2560,"height":1920,"caption":"Herculaneum"},{"@type":"BreadcrumbList","@id":"https:\/\/www.laguidasorrento.com\/herculaneum\/#breadcrumb","itemListElement":[{"@type":"ListItem","position":1,"name":"Home","item":"https:\/\/www.laguidasorrento.com\/"},{"@type":"ListItem","position":2,"name":"Herculaneum"}]},{"@type":"WebSite","@id":"https:\/\/www.laguidasorrento.com\/#website","url":"https:\/\/www.laguidasorrento.com\/","name":"La Guida Sorrent","description":"Entdecken Sie Neapel und Umgebung","publisher":{"@id":"https:\/\/www.laguidasorrento.com\/#organization"},"potentialAction":[{"@type":"SearchAction","target":{"@type":"EntryPoint","urlTemplate":"https:\/\/www.laguidasorrento.com\/?s={search_term_string}"},"query-input":{"@type":"PropertyValueSpecification","valueRequired":true,"valueName":"search_term_string"}}],"inLanguage":"de"},{"@type":"Organization","@id":"https:\/\/www.laguidasorrento.com\/#organization","name":"La Guida Sorrent","url":"https:\/\/www.laguidasorrento.com\/","logo":{"@type":"ImageObject","inLanguage":"de","@id":"https:\/\/www.laguidasorrento.com\/#\/schema\/logo\/image\/","url":"https:\/\/www.laguidasorrento.com\/wp-content\/uploads\/2023\/02\/la_guida_sorrento_logo-e1688335948369.webp","contentUrl":"https:\/\/www.laguidasorrento.com\/wp-content\/uploads\/2023\/02\/la_guida_sorrento_logo-e1688335948369.webp","width":1443,"height":468,"caption":"La Guida Sorrento"},"image":{"@id":"https:\/\/www.laguidasorrento.com\/#\/schema\/logo\/image\/"},"sameAs":["https:\/\/facebook.com\/tourguidesorrento","https:\/\/instagram.com\/tourguidesorrento","https:\/\/linkedin.com\/tourguidesorrento"]}]}},"_links":{"self":[{"href":"https:\/\/www.laguidasorrento.com\/de\/wp-json\/wp\/v2\/pages\/3668","targetHints":{"allow":["GET"]}}],"collection":[{"href":"https:\/\/www.laguidasorrento.com\/de\/wp-json\/wp\/v2\/pages"}],"about":[{"href":"https:\/\/www.laguidasorrento.com\/de\/wp-json\/wp\/v2\/types\/page"}],"author":[{"embeddable":true,"href":"https:\/\/www.laguidasorrento.com\/de\/wp-json\/wp\/v2\/users\/4"}],"replies":[{"embeddable":true,"href":"https:\/\/www.laguidasorrento.com\/de\/wp-json\/wp\/v2\/comments?post=3668"}],"version-history":[{"count":22,"href":"https:\/\/www.laguidasorrento.com\/de\/wp-json\/wp\/v2\/pages\/3668\/revisions"}],"predecessor-version":[{"id":3732,"href":"https:\/\/www.laguidasorrento.com\/de\/wp-json\/wp\/v2\/pages\/3668\/revisions\/3732"}],"wp:featuredmedia":[{"embeddable":true,"href":"https:\/\/www.laguidasorrento.com\/de\/wp-json\/wp\/v2\/media\/3672"}],"wp:attachment":[{"href":"https:\/\/www.laguidasorrento.com\/de\/wp-json\/wp\/v2\/media?parent=3668"}],"curies":[{"name":"wp","href":"https:\/\/api.w.org\/{rel}","templated":true}]}}