{"id":3768,"date":"2023-10-27T17:18:27","date_gmt":"2023-10-27T15:18:27","guid":{"rendered":"https:\/\/www.laguidasorrento.com\/?page_id=3768"},"modified":"2025-08-19T15:56:22","modified_gmt":"2025-08-19T13:56:22","slug":"naples","status":"publish","type":"page","link":"https:\/\/www.laguidasorrento.com\/de\/naples\/","title":{"rendered":"Neapel"},"content":{"rendered":"<div data-elementor-type=\"wp-page\" data-elementor-id=\"3768\" class=\"elementor elementor-3768\">\n\t\t\t\t\t\t<section class=\"elementor-section elementor-top-section elementor-element elementor-element-d7ced84 elementor-section-boxed elementor-section-height-default elementor-section-height-default\" data-id=\"d7ced84\" data-element_type=\"section\">\n\t\t\t\t\t\t<div class=\"elementor-container elementor-column-gap-default\">\n\t\t\t\t\t<div class=\"elementor-column elementor-col-100 elementor-top-column elementor-element elementor-element-cad681e\" data-id=\"cad681e\" data-element_type=\"column\">\n\t\t\t<div class=\"elementor-widget-wrap elementor-element-populated\">\n\t\t\t\t\t\t<div class=\"elementor-element elementor-element-7202c28 elementor-widget elementor-widget-text-editor\" data-id=\"7202c28\" data-element_type=\"widget\" data-widget_type=\"text-editor.default\">\n\t\t\t\t<div class=\"elementor-widget-container\">\n\t\t\t\t\t\t\t\t\t<h2>Neapel<\/h2>\n<h3 style=\"font-size: 1.5rem;\">Die Stadt des Mythos<\/h3>\t\t\t\t\t\t\t\t<\/div>\n\t\t\t\t<\/div>\n\t\t\t\t\t<\/div>\n\t\t<\/div>\n\t\t\t\t\t<\/div>\n\t\t<\/section>\n\t\t\t\t<section class=\"elementor-section elementor-top-section elementor-element elementor-element-2dd9f51 elementor-section-boxed elementor-section-height-default elementor-section-height-default\" data-id=\"2dd9f51\" data-element_type=\"section\">\n\t\t\t\t\t\t<div class=\"elementor-container elementor-column-gap-default\">\n\t\t\t\t\t<div class=\"elementor-column elementor-col-100 elementor-top-column elementor-element elementor-element-430e85a\" data-id=\"430e85a\" data-element_type=\"column\">\n\t\t\t<div class=\"elementor-widget-wrap elementor-element-populated\">\n\t\t\t\t\t\t<div class=\"elementor-element elementor-element-05282cc elementor-widget elementor-widget-text-editor\" data-id=\"05282cc\" data-element_type=\"widget\" data-widget_type=\"text-editor.default\">\n\t\t\t\t<div class=\"elementor-widget-container\">\n\t\t\t\t\t\t\t\t\t<p>Ehemalige Hauptstadt des K\u00f6nigreichs beider Sizilien, Hier<strong> Geschichte, Kultur und nat\u00fcrliche Sch\u00f6nheit vereinen sich zu einem unvergleichlichen Erlebnis.<\/strong><\/p><p>Neapel liegt an der azurblauen K\u00fcste des Tyrrhenischen Meeres und ist eine Stadt mit einer jahrtausendealten Geschichte und einer Lebendigkeit, die die Seele fesselt.<\/p><p>Der Legende nach wurde die Stadt von der sch\u00f6nen Sirene gegr\u00fcndet.<strong>Parthenope<\/strong>\u201c.<\/p><p>Diese Stadt war Zeuge des Aufstiegs und Niedergangs von Reichen und Dynastien <strong>R\u00f6mer<\/strong> zum <strong>Byzantiner<\/strong>, Die <strong>Normannen<\/strong>, Die <strong>Spanisch <\/strong>Die <strong>Anjoux <\/strong>und das <strong>Bourbonen,\u00a0<\/strong>\u00a0Jeder hinterl\u00e4sst eine Spur seiner Kultur und seines Erbes. Bei einem Spaziergang durch die historischen Stra\u00dfen werden Sie unweigerlich eine Verbindung zur Vergangenheit sp\u00fcren, die nur wenige Orte auf der Welt bieten k\u00f6nnen.<\/p><p>Einer der ber\u00fchmtesten historischen Sch\u00e4tze Neapels ist der <strong>UNESCO-Weltkulturerbe<\/strong>, Die <strong>Historisches Zentrum von Neapel<\/strong>. Dieses Herz der Stadt verf\u00fcgt \u00fcber eine F\u00fclle von Kirchen, Pal\u00e4sten und engen Gassen, die sich durch ein Labyrinth der Geschichte schl\u00e4ngeln. Die Erhabenheit der <strong>k\u00f6niglicher Palast<\/strong>, <strong>Piazza Plebiscito<\/strong>, die komplizierte Sch\u00f6nheit von <strong>San Gregorio Armeno<\/strong>, Die <strong>Verschleierter Christus<\/strong>, Die <strong>Kreuzgang in Santa Chiara<\/strong> und die herrliche Majest\u00e4t der<strong> Kathedrale St. Januar<\/strong>, der geliebte Heilige der <strong>Wunder<\/strong>, sind nur einige Beispiele der architektonischen Wunder, die darauf warten, von Ihnen erkundet zu werden.<\/p><p>Neapel ist ein Freilichtmuseum, ein kulinarisches Paradies, ein Tor zu Natursch\u00f6nheiten und ein Beweis f\u00fcr die Widerstandsf\u00e4higkeit des menschlichen Geistes.<\/p><p>Die Bucht von Neapel, eingerahmt von der imposanten <strong>Vesuv<\/strong>bietet eine atemberaubende Kulisse f\u00fcr die Stadt. Es ist eine Erinnerung an die Widerstandsf\u00e4higkeit der Stadt, da der Vesuv bekannterma\u00dfen begraben wurde <strong>Pompeji<\/strong> im Jahr 79 n. Chr. und seine F\u00e4higkeit zur Erneuerung.<\/p><p>Aber was Neapel wirklich bemerkenswert macht, sind seine Menschen. Die Neapolitaner sind bekannt f\u00fcr ihre Herzlichkeit, Leidenschaft und lebendige Lebensart.<\/p><p>Egal, ob Sie durch die historischen Stra\u00dfen schlendern oder einfach nur auf die Bucht von Neapel blicken, Sie werden eine Stadt entdecken, die einen unausl\u00f6schlichen Eindruck in Ihrem Herzen und Ihrer Seele hinterl\u00e4sst. Neapel ist nicht nur ein Reiseziel; Es ist eine unvergessliche Reise durch Zeit, Kultur und Sch\u00f6nheit, die Ihnen f\u00fcr immer in Erinnerung bleiben wird.<\/p>\t\t\t\t\t\t\t\t<\/div>\n\t\t\t\t<\/div>\n\t\t\t\t\t<\/div>\n\t\t<\/div>\n\t\t\t\t\t<\/div>\n\t\t<\/section>\n\t\t\t\t<section class=\"elementor-section elementor-top-section elementor-element elementor-element-8e25bb1 elementor-section-boxed elementor-section-height-default elementor-section-height-default\" data-id=\"8e25bb1\" data-element_type=\"section\">\n\t\t\t\t\t\t<div class=\"elementor-container elementor-column-gap-default\">\n\t\t\t\t\t<div class=\"elementor-column elementor-col-100 elementor-top-column elementor-element elementor-element-deca835\" data-id=\"deca835\" data-element_type=\"column\">\n\t\t\t<div class=\"elementor-widget-wrap elementor-element-populated\">\n\t\t\t\t\t\t<div class=\"elementor-element elementor-element-1a4f848 elementor-widget elementor-widget-text-editor\" data-id=\"1a4f848\" data-element_type=\"widget\" data-widget_type=\"text-editor.default\">\n\t\t\t\t<div class=\"elementor-widget-container\">\n\t\t\t\t\t\t\t\t\t<span style=\"text-decoration: underline;\"><strong>Die Investition in eine private Tour bietet nicht nur Komfort und Fachwissen, sondern erschlie\u00dft auch die ganze Sch\u00f6nheit und den kulturellen Reichtum Neapels und macht es zu einem einmaligen Erlebnis.<\/strong><\/span>\n\n<strong>Mit einem Reisef\u00fchrer k\u00f6nnen Sie Ihre Reise zu einem wirklich au\u00dfergew\u00f6hnlichen Erlebnis machen.<\/strong>\t\t\t\t\t\t\t\t<\/div>\n\t\t\t\t<\/div>\n\t\t\t\t\t<\/div>\n\t\t<\/div>\n\t\t\t\t\t<\/div>\n\t\t<\/section>\n\t\t\t\t<section class=\"elementor-section elementor-top-section elementor-element elementor-element-046b22d elementor-section-boxed elementor-section-height-default elementor-section-height-default\" data-id=\"046b22d\" data-element_type=\"section\">\n\t\t\t\t\t\t<div class=\"elementor-container elementor-column-gap-default\">\n\t\t\t\t\t<div class=\"elementor-column elementor-col-100 elementor-top-column elementor-element elementor-element-522ac4a\" data-id=\"522ac4a\" data-element_type=\"column\">\n\t\t\t<div class=\"elementor-widget-wrap elementor-element-populated\">\n\t\t\t\t\t\t<div class=\"elementor-element elementor-element-7d61393 elementor-widget elementor-widget-image\" data-id=\"7d61393\" data-element_type=\"widget\" data-widget_type=\"image.default\">\n\t\t\t\t<div class=\"elementor-widget-container\">\n\t\t\t\t\t\t\t\t\t\t\t\t\t\t\t<img fetchpriority=\"high\" decoding=\"async\" width=\"640\" height=\"213\" src=\"https:\/\/www.laguidasorrento.com\/wp-content\/uploads\/2023\/03\/laguidasorrento_the_amazing_urban_trekking-1024x341.jpg\" class=\"attachment-large size-large wp-image-2937\" alt=\"Parthenope, history, art and traditions\" srcset=\"https:\/\/www.laguidasorrento.com\/wp-content\/uploads\/2023\/03\/laguidasorrento_the_amazing_urban_trekking-1024x341.jpg 1024w, https:\/\/www.laguidasorrento.com\/wp-content\/uploads\/2023\/03\/laguidasorrento_the_amazing_urban_trekking-300x100.jpg 300w, https:\/\/www.laguidasorrento.com\/wp-content\/uploads\/2023\/03\/laguidasorrento_the_amazing_urban_trekking-768x256.jpg 768w, https:\/\/www.laguidasorrento.com\/wp-content\/uploads\/2023\/03\/laguidasorrento_the_amazing_urban_trekking-1536x512.jpg 1536w, https:\/\/www.laguidasorrento.com\/wp-content\/uploads\/2023\/03\/laguidasorrento_the_amazing_urban_trekking-2048x683.jpg 2048w, https:\/\/www.laguidasorrento.com\/wp-content\/uploads\/2023\/03\/laguidasorrento_the_amazing_urban_trekking-600x200.jpg 600w\" sizes=\"(max-width: 640px) 100vw, 640px\" \/>\t\t\t\t\t\t\t\t\t\t\t\t\t\t\t<\/div>\n\t\t\t\t<\/div>\n\t\t\t\t\t<\/div>\n\t\t<\/div>\n\t\t\t\t\t<\/div>\n\t\t<\/section>\n\t\t\t\t<\/div>","protected":false},"excerpt":{"rendered":"<p>Neapel, die Stadt des Mythos. Ehemalige Hauptstadt des K\u00f6nigreichs beider Sizilien. Hier vereinen sich Geschichte, Kultur und Natur zu einem einzigartigen Erlebnis. Eingebettet an der azurblauen K\u00fcste des Tyrrhenischen Meeres ist Neapel eine Stadt mit einer jahrtausendealten Geschichte und einer Lebendigkeit, die die [\u2026]<\/p>","protected":false},"author":4,"featured_media":3780,"parent":0,"menu_order":0,"comment_status":"closed","ping_status":"closed","template":"","meta":{"footnotes":""},"class_list":["post-3768","page","type-page","status-publish","has-post-thumbnail","hentry"],"yoast_head":"<!-- This site is optimized with the Yoast SEO Premium plugin v26.8 (Yoast SEO v27.3) - https:\/\/yoast.com\/product\/yoast-seo-premium-wordpress\/ -->\n<title>Naples Private Tour with Official Guide<\/title>\n<meta name=\"description\" content=\"Explore Naples with a private guide. Discover art, culture and hidden gems on a tailor-made tour of this vibrant Italian city.\" \/>\n<meta name=\"robots\" content=\"index, follow, max-snippet:-1, max-image-preview:large, max-video-preview:-1\" \/>\n<link rel=\"canonical\" href=\"https:\/\/www.laguidasorrento.com\/de\/naples\/\" \/>\n<meta property=\"og:locale\" content=\"de_DE\" \/>\n<meta property=\"og:type\" content=\"article\" \/>\n<meta property=\"og:title\" content=\"Naples\" \/>\n<meta property=\"og:description\" content=\"Explore Naples with a private guide. Discover art, culture and hidden gems on a tailor-made tour of this vibrant Italian city.\" \/>\n<meta property=\"og:url\" content=\"https:\/\/www.laguidasorrento.com\/de\/naples\/\" \/>\n<meta property=\"og:site_name\" content=\"La Guida Sorrento\" \/>\n<meta property=\"article:publisher\" content=\"https:\/\/facebook.com\/tourguidesorrento\" \/>\n<meta property=\"article:modified_time\" content=\"2025-08-19T13:56:22+00:00\" \/>\n<meta property=\"og:image\" content=\"https:\/\/www.laguidasorrento.com\/wp-content\/uploads\/2023\/10\/20211213_190109000_iOS.jpg\" \/>\n\t<meta property=\"og:image:width\" content=\"1024\" \/>\n\t<meta property=\"og:image:height\" content=\"768\" \/>\n\t<meta property=\"og:image:type\" content=\"image\/jpeg\" \/>\n<meta name=\"twitter:card\" content=\"summary_large_image\" \/>\n<meta name=\"twitter:label1\" content=\"Gesch\u00e4tzte Lesezeit\" \/>\n\t<meta name=\"twitter:data1\" content=\"3\u00a0Minuten\" \/>\n<script type=\"application\/ld+json\" class=\"yoast-schema-graph\">{\"@context\":\"https:\\\/\\\/schema.org\",\"@graph\":[{\"@type\":\"WebPage\",\"@id\":\"https:\\\/\\\/www.laguidasorrento.com\\\/naples\\\/\",\"url\":\"https:\\\/\\\/www.laguidasorrento.com\\\/naples\\\/\",\"name\":\"Naples Private Tour with Official Guide\",\"isPartOf\":{\"@id\":\"https:\\\/\\\/www.laguidasorrento.com\\\/#website\"},\"primaryImageOfPage\":{\"@id\":\"https:\\\/\\\/www.laguidasorrento.com\\\/naples\\\/#primaryimage\"},\"image\":{\"@id\":\"https:\\\/\\\/www.laguidasorrento.com\\\/naples\\\/#primaryimage\"},\"thumbnailUrl\":\"https:\\\/\\\/www.laguidasorrento.com\\\/wp-content\\\/uploads\\\/2023\\\/10\\\/20211213_190109000_iOS.jpg\",\"datePublished\":\"2023-10-27T15:18:27+00:00\",\"dateModified\":\"2025-08-19T13:56:22+00:00\",\"description\":\"Explore Naples with a private guide. Discover art, culture and hidden gems on a tailor-made tour of this vibrant Italian city.\",\"breadcrumb\":{\"@id\":\"https:\\\/\\\/www.laguidasorrento.com\\\/naples\\\/#breadcrumb\"},\"inLanguage\":\"de\",\"potentialAction\":[{\"@type\":\"ReadAction\",\"target\":[\"https:\\\/\\\/www.laguidasorrento.com\\\/naples\\\/\"]}]},{\"@type\":\"ImageObject\",\"inLanguage\":\"de\",\"@id\":\"https:\\\/\\\/www.laguidasorrento.com\\\/naples\\\/#primaryimage\",\"url\":\"https:\\\/\\\/www.laguidasorrento.com\\\/wp-content\\\/uploads\\\/2023\\\/10\\\/20211213_190109000_iOS.jpg\",\"contentUrl\":\"https:\\\/\\\/www.laguidasorrento.com\\\/wp-content\\\/uploads\\\/2023\\\/10\\\/20211213_190109000_iOS.jpg\",\"width\":1024,\"height\":768,\"caption\":\"San Gregorio Armeno\"},{\"@type\":\"BreadcrumbList\",\"@id\":\"https:\\\/\\\/www.laguidasorrento.com\\\/naples\\\/#breadcrumb\",\"itemListElement\":[{\"@type\":\"ListItem\",\"position\":1,\"name\":\"Home\",\"item\":\"https:\\\/\\\/www.laguidasorrento.com\\\/\"},{\"@type\":\"ListItem\",\"position\":2,\"name\":\"Naples\"}]},{\"@type\":\"WebSite\",\"@id\":\"https:\\\/\\\/www.laguidasorrento.com\\\/#website\",\"url\":\"https:\\\/\\\/www.laguidasorrento.com\\\/\",\"name\":\"La Guida Sorrento\",\"description\":\"Explore Naples and Beyond\",\"publisher\":{\"@id\":\"https:\\\/\\\/www.laguidasorrento.com\\\/#organization\"},\"potentialAction\":[{\"@type\":\"SearchAction\",\"target\":{\"@type\":\"EntryPoint\",\"urlTemplate\":\"https:\\\/\\\/www.laguidasorrento.com\\\/?s={search_term_string}\"},\"query-input\":{\"@type\":\"PropertyValueSpecification\",\"valueRequired\":true,\"valueName\":\"search_term_string\"}}],\"inLanguage\":\"de\"},{\"@type\":\"Organization\",\"@id\":\"https:\\\/\\\/www.laguidasorrento.com\\\/#organization\",\"name\":\"La Guida Sorrento\",\"url\":\"https:\\\/\\\/www.laguidasorrento.com\\\/\",\"logo\":{\"@type\":\"ImageObject\",\"inLanguage\":\"de\",\"@id\":\"https:\\\/\\\/www.laguidasorrento.com\\\/#\\\/schema\\\/logo\\\/image\\\/\",\"url\":\"https:\\\/\\\/www.laguidasorrento.com\\\/wp-content\\\/uploads\\\/2023\\\/02\\\/la_guida_sorrento_logo-e1688335948369.webp\",\"contentUrl\":\"https:\\\/\\\/www.laguidasorrento.com\\\/wp-content\\\/uploads\\\/2023\\\/02\\\/la_guida_sorrento_logo-e1688335948369.webp\",\"width\":1443,\"height\":468,\"caption\":\"La Guida Sorrento\"},\"image\":{\"@id\":\"https:\\\/\\\/www.laguidasorrento.com\\\/#\\\/schema\\\/logo\\\/image\\\/\"},\"sameAs\":[\"https:\\\/\\\/facebook.com\\\/tourguidesorrento\",\"https:\\\/\\\/instagram.com\\\/tourguidesorrento\",\"https:\\\/\\\/linkedin.com\\\/tourguidesorrento\"]}]}<\/script>\n<!-- \/ Yoast SEO Premium plugin. -->","yoast_head_json":{"title":"Private Tour durch Neapel mit offiziellem Reisef\u00fchrer","description":"Erkunden Sie Neapel mit einem privaten Reisef\u00fchrer. Entdecken Sie Kunst, Kultur und verborgene Sch\u00e4tze auf einer ma\u00dfgeschneiderten Tour durch diese pulsierende italienische Stadt.","robots":{"index":"index","follow":"follow","max-snippet":"max-snippet:-1","max-image-preview":"max-image-preview:large","max-video-preview":"max-video-preview:-1"},"canonical":"https:\/\/www.laguidasorrento.com\/de\/naples\/","og_locale":"de_DE","og_type":"article","og_title":"Naples","og_description":"Explore Naples with a private guide. Discover art, culture and hidden gems on a tailor-made tour of this vibrant Italian city.","og_url":"https:\/\/www.laguidasorrento.com\/de\/naples\/","og_site_name":"La Guida Sorrento","article_publisher":"https:\/\/facebook.com\/tourguidesorrento","article_modified_time":"2025-08-19T13:56:22+00:00","og_image":[{"width":1024,"height":768,"url":"https:\/\/www.laguidasorrento.com\/wp-content\/uploads\/2023\/10\/20211213_190109000_iOS.jpg","type":"image\/jpeg"}],"twitter_card":"summary_large_image","twitter_misc":{"Gesch\u00e4tzte Lesezeit":"3\u00a0Minuten"},"schema":{"@context":"https:\/\/schema.org","@graph":[{"@type":"WebPage","@id":"https:\/\/www.laguidasorrento.com\/naples\/","url":"https:\/\/www.laguidasorrento.com\/naples\/","name":"Private Tour durch Neapel mit offiziellem Reisef\u00fchrer","isPartOf":{"@id":"https:\/\/www.laguidasorrento.com\/#website"},"primaryImageOfPage":{"@id":"https:\/\/www.laguidasorrento.com\/naples\/#primaryimage"},"image":{"@id":"https:\/\/www.laguidasorrento.com\/naples\/#primaryimage"},"thumbnailUrl":"https:\/\/www.laguidasorrento.com\/wp-content\/uploads\/2023\/10\/20211213_190109000_iOS.jpg","datePublished":"2023-10-27T15:18:27+00:00","dateModified":"2025-08-19T13:56:22+00:00","description":"Erkunden Sie Neapel mit einem privaten Reisef\u00fchrer. Entdecken Sie Kunst, Kultur und verborgene Sch\u00e4tze auf einer ma\u00dfgeschneiderten Tour durch diese pulsierende italienische Stadt.","breadcrumb":{"@id":"https:\/\/www.laguidasorrento.com\/naples\/#breadcrumb"},"inLanguage":"de","potentialAction":[{"@type":"ReadAction","target":["https:\/\/www.laguidasorrento.com\/naples\/"]}]},{"@type":"ImageObject","inLanguage":"de","@id":"https:\/\/www.laguidasorrento.com\/naples\/#primaryimage","url":"https:\/\/www.laguidasorrento.com\/wp-content\/uploads\/2023\/10\/20211213_190109000_iOS.jpg","contentUrl":"https:\/\/www.laguidasorrento.com\/wp-content\/uploads\/2023\/10\/20211213_190109000_iOS.jpg","width":1024,"height":768,"caption":"San Gregorio Armeno"},{"@type":"BreadcrumbList","@id":"https:\/\/www.laguidasorrento.com\/naples\/#breadcrumb","itemListElement":[{"@type":"ListItem","position":1,"name":"Home","item":"https:\/\/www.laguidasorrento.com\/"},{"@type":"ListItem","position":2,"name":"Naples"}]},{"@type":"WebSite","@id":"https:\/\/www.laguidasorrento.com\/#website","url":"https:\/\/www.laguidasorrento.com\/","name":"La Guida Sorrent","description":"Entdecken Sie Neapel und Umgebung","publisher":{"@id":"https:\/\/www.laguidasorrento.com\/#organization"},"potentialAction":[{"@type":"SearchAction","target":{"@type":"EntryPoint","urlTemplate":"https:\/\/www.laguidasorrento.com\/?s={search_term_string}"},"query-input":{"@type":"PropertyValueSpecification","valueRequired":true,"valueName":"search_term_string"}}],"inLanguage":"de"},{"@type":"Organization","@id":"https:\/\/www.laguidasorrento.com\/#organization","name":"La Guida Sorrent","url":"https:\/\/www.laguidasorrento.com\/","logo":{"@type":"ImageObject","inLanguage":"de","@id":"https:\/\/www.laguidasorrento.com\/#\/schema\/logo\/image\/","url":"https:\/\/www.laguidasorrento.com\/wp-content\/uploads\/2023\/02\/la_guida_sorrento_logo-e1688335948369.webp","contentUrl":"https:\/\/www.laguidasorrento.com\/wp-content\/uploads\/2023\/02\/la_guida_sorrento_logo-e1688335948369.webp","width":1443,"height":468,"caption":"La Guida Sorrento"},"image":{"@id":"https:\/\/www.laguidasorrento.com\/#\/schema\/logo\/image\/"},"sameAs":["https:\/\/facebook.com\/tourguidesorrento","https:\/\/instagram.com\/tourguidesorrento","https:\/\/linkedin.com\/tourguidesorrento"]}]}},"_links":{"self":[{"href":"https:\/\/www.laguidasorrento.com\/de\/wp-json\/wp\/v2\/pages\/3768","targetHints":{"allow":["GET"]}}],"collection":[{"href":"https:\/\/www.laguidasorrento.com\/de\/wp-json\/wp\/v2\/pages"}],"about":[{"href":"https:\/\/www.laguidasorrento.com\/de\/wp-json\/wp\/v2\/types\/page"}],"author":[{"embeddable":true,"href":"https:\/\/www.laguidasorrento.com\/de\/wp-json\/wp\/v2\/users\/4"}],"replies":[{"embeddable":true,"href":"https:\/\/www.laguidasorrento.com\/de\/wp-json\/wp\/v2\/comments?post=3768"}],"version-history":[{"count":32,"href":"https:\/\/www.laguidasorrento.com\/de\/wp-json\/wp\/v2\/pages\/3768\/revisions"}],"predecessor-version":[{"id":7003,"href":"https:\/\/www.laguidasorrento.com\/de\/wp-json\/wp\/v2\/pages\/3768\/revisions\/7003"}],"wp:featuredmedia":[{"embeddable":true,"href":"https:\/\/www.laguidasorrento.com\/de\/wp-json\/wp\/v2\/media\/3780"}],"wp:attachment":[{"href":"https:\/\/www.laguidasorrento.com\/de\/wp-json\/wp\/v2\/media?parent=3768"}],"curies":[{"name":"wp","href":"https:\/\/api.w.org\/{rel}","templated":true}]}}