{"id":3172,"date":"2023-07-02T22:08:01","date_gmt":"2023-07-02T20:08:01","guid":{"rendered":"https:\/\/www.laguidasorrento.com\/?page_id=3172"},"modified":"2025-08-19T15:25:01","modified_gmt":"2025-08-19T13:25:01","slug":"private_tour_naples_and_surroundings","status":"publish","type":"page","link":"https:\/\/www.laguidasorrento.com\/fr\/private_tour_naples_and_surroundings\/","title":{"rendered":"Visites exclusives et priv\u00e9es"},"content":{"rendered":"<div data-elementor-type=\"wp-page\" data-elementor-id=\"3172\" class=\"elementor elementor-3172\">\n\t\t\t\t\t\t<section class=\"elementor-section elementor-top-section elementor-element elementor-element-688333b elementor-section-boxed elementor-section-height-default elementor-section-height-default\" data-id=\"688333b\" data-element_type=\"section\">\n\t\t\t\t\t\t<div class=\"elementor-container elementor-column-gap-default\">\n\t\t\t\t\t<div class=\"elementor-column elementor-col-100 elementor-top-column elementor-element elementor-element-7638052\" data-id=\"7638052\" data-element_type=\"column\">\n\t\t\t<div class=\"elementor-widget-wrap elementor-element-populated\">\n\t\t\t\t\t\t<div class=\"elementor-element elementor-element-a8a6e2b elementor-widget elementor-widget-text-editor\" data-id=\"a8a6e2b\" data-element_type=\"widget\" data-widget_type=\"text-editor.default\">\n\t\t\t\t<div class=\"elementor-widget-container\">\n\t\t\t\t\t\t\t\t\t<h1 style=\"font-size: 1rem; color: #696969;\"><strong>Votre voyage, \u00e0 votre fa\u00e7on : am\u00e9liorez votre exp\u00e9rience avec des visites priv\u00e9es exclusives \u2013 sur mesure, intimes et uniques !<\/strong><\/h1>\t\t\t\t\t\t\t\t<\/div>\n\t\t\t\t<\/div>\n\t\t\t\t\t<\/div>\n\t\t<\/div>\n\t\t\t\t\t<\/div>\n\t\t<\/section>\n\t\t\t\t<section class=\"elementor-section elementor-top-section elementor-element elementor-element-9a74fe9 elementor-section-boxed elementor-section-height-default elementor-section-height-default\" data-id=\"9a74fe9\" data-element_type=\"section\">\n\t\t\t\t\t\t<div class=\"elementor-container elementor-column-gap-default\">\n\t\t\t\t\t<div class=\"elementor-column elementor-col-100 elementor-top-column elementor-element elementor-element-893ee36\" data-id=\"893ee36\" data-element_type=\"column\">\n\t\t\t<div class=\"elementor-widget-wrap elementor-element-populated\">\n\t\t\t\t\t\t<div class=\"elementor-element elementor-element-8a0da90 elementor-widget__width-initial elementor-widget elementor-widget-text-editor\" data-id=\"8a0da90\" data-element_type=\"widget\" data-widget_type=\"text-editor.default\">\n\t\t\t\t<div class=\"elementor-widget-container\">\n\t\t\t\t\t\t\t\t\t<h2 style=\"font-size: 1rem; color: #696969\"><b>Pourquoi devriez-vous vous lancer dans une visite priv\u00e9e plut\u00f4t que partag\u00e9e ?<\/b><\/h2>\n\nEmbarquer pour une visite priv\u00e9e, avec un <strong>guide touristique enti\u00e8rement d\u00e9di\u00e9, professionnel et qualifi\u00e9<\/strong>, en particulier dans <strong>Pomp\u00e9i, Herculanum, Naples ou Sorrente<\/strong>, il offre une exp\u00e9rience touristique in\u00e9gal\u00e9e, m\u00e9ticuleusement con\u00e7ue pour r\u00e9pondre \u00e0 vos pr\u00e9f\u00e9rences et d\u00e9sirs.\n\n<strong>Contrairement aux visites partag\u00e9es<\/strong>, o\u00f9 les itin\u00e9raires sont fixes et o\u00f9 la dynamique de groupe et les n\u00e9cessit\u00e9s linguistiques peuvent varier, une visite priv\u00e9e offre la libert\u00e9 de personnaliser chaque aspect de votre exp\u00e9rience.\n\n<strong>Profitez de toute l&#039;attention d&#039;un guide d\u00e9di\u00e9, qui peut adapter le rythme et l&#039;orientation de la visite en fonction de vos int\u00e9r\u00eats.<\/strong>\n\n<strong>Profitez de la flexibilit\u00e9 d&#039;explorer \u00e0 votre propre rythme, en veillant \u00e0 ce que chaque instant soit pleinement savour\u00e9.<\/strong>\n\nLa nature exclusive d&#039;une visite priv\u00e9e garantit non seulement une aventure intime et immersive, mais \u00e9limine \u00e9galement le risque de perturbations inattendues, vous permettant ainsi de cr\u00e9er des souvenirs imp\u00e9rissables en toute tranquillit\u00e9 d&#039;esprit.\n\n<b>\u00a0<\/b>\n\n<strong>Tout commence par vos attentes pour rendre vos moments inoubliables.\u00a0 <\/strong>\n\n<strong>Vous pouvez compter sur moi, que votre voyage commence ici.<\/strong>\t\t\t\t\t\t\t\t<\/div>\n\t\t\t\t<\/div>\n\t\t\t\t\t<\/div>\n\t\t<\/div>\n\t\t\t\t\t<\/div>\n\t\t<\/section>\n\t\t\t\t<section class=\"elementor-section elementor-top-section elementor-element elementor-element-ff8107f elementor-section-boxed elementor-section-height-default elementor-section-height-default\" data-id=\"ff8107f\" data-element_type=\"section\">\n\t\t\t\t\t\t<div class=\"elementor-container elementor-column-gap-default\">\n\t\t\t\t\t<div class=\"elementor-column elementor-col-100 elementor-top-column elementor-element elementor-element-ef9d857\" data-id=\"ef9d857\" data-element_type=\"column\">\n\t\t\t<div class=\"elementor-widget-wrap elementor-element-populated\">\n\t\t\t\t\t\t<div class=\"elementor-element elementor-element-21f7874 elementor-widget__width-initial elementor-widget elementor-widget-image\" data-id=\"21f7874\" data-element_type=\"widget\" data-widget_type=\"image.default\">\n\t\t\t\t<div class=\"elementor-widget-container\">\n\t\t\t\t\t\t\t\t\t\t\t\t\t\t\t<img fetchpriority=\"high\" decoding=\"async\" width=\"640\" height=\"480\" src=\"https:\/\/www.laguidasorrento.com\/wp-content\/uploads\/2023\/10\/20211213_190109000_iOS-768x576.jpg\" class=\"attachment-medium_large size-medium_large wp-image-3780\" alt=\"San Gregorio Armeno\" srcset=\"https:\/\/www.laguidasorrento.com\/wp-content\/uploads\/2023\/10\/20211213_190109000_iOS-768x576.jpg 768w, https:\/\/www.laguidasorrento.com\/wp-content\/uploads\/2023\/10\/20211213_190109000_iOS-300x225.jpg 300w, https:\/\/www.laguidasorrento.com\/wp-content\/uploads\/2023\/10\/20211213_190109000_iOS-16x12.jpg 16w, https:\/\/www.laguidasorrento.com\/wp-content\/uploads\/2023\/10\/20211213_190109000_iOS-600x450.jpg 600w, https:\/\/www.laguidasorrento.com\/wp-content\/uploads\/2023\/10\/20211213_190109000_iOS.jpg 1024w\" sizes=\"(max-width: 640px) 100vw, 640px\" \/>\t\t\t\t\t\t\t\t\t\t\t\t\t\t\t<\/div>\n\t\t\t\t<\/div>\n\t\t\t\t\t<\/div>\n\t\t<\/div>\n\t\t\t\t\t<\/div>\n\t\t<\/section>\n\t\t\t\t<\/div>","protected":false},"excerpt":{"rendered":"<p>Votre voyage, &agrave; votre fa&ccedil;on&nbsp;: Sublimez votre exp&eacute;rience avec des visites priv&eacute;es exclusives &ndash; sur mesure, intimes et uniques&nbsp;! Pourquoi opter pour une visite priv&eacute;e plut&ocirc;t qu&amp;#039;une visite partag&eacute;e&nbsp;? &lt;p&gt;&lt;p&gt;&lt;p&gt;En vous lan&ccedil;ant dans une visite priv&eacute;e, avec un guide touristique professionnel et qualifi&eacute; enti&egrave;rement d&eacute;di&eacute;, notamment &agrave; Pomp&eacute;i, Herculanum, Naples ou Sorrente, vous b&eacute;n&eacute;ficierez d&amp;#039;une [&hellip;]<\/p>","protected":false},"author":1,"featured_media":3375,"parent":0,"menu_order":0,"comment_status":"closed","ping_status":"closed","template":"","meta":{"footnotes":""},"class_list":["post-3172","page","type-page","status-publish","has-post-thumbnail","hentry"],"yoast_head":"<!-- This site is optimized with the Yoast SEO Premium plugin v26.8 (Yoast SEO v27.4) - https:\/\/yoast.com\/product\/yoast-seo-premium-wordpress\/ -->\n<title>Exclusive, Private Tours - La Guida Sorrento<\/title>\n<meta name=\"description\" content=\"Discover Capri, Pompeii and the Amalfi Coast with a licensed private guide. An unforgettable journey filled with stories, art and culture.\" \/>\n<meta name=\"robots\" content=\"index, follow, max-snippet:-1, max-image-preview:large, max-video-preview:-1\" \/>\n<link rel=\"canonical\" href=\"https:\/\/www.laguidasorrento.com\/fr\/private_tour_naples_and_surroundings\/\" \/>\n<meta property=\"og:locale\" content=\"fr_FR\" \/>\n<meta property=\"og:type\" content=\"article\" \/>\n<meta property=\"og:title\" content=\"Exclusive, Private Tours\" \/>\n<meta property=\"og:description\" content=\"Discover Capri, Pompeii and the Amalfi Coast with a licensed private guide. An unforgettable journey filled with stories, art and culture.\" \/>\n<meta property=\"og:url\" content=\"https:\/\/www.laguidasorrento.com\/fr\/private_tour_naples_and_surroundings\/\" \/>\n<meta property=\"og:site_name\" content=\"La Guida Sorrento\" \/>\n<meta property=\"article:publisher\" content=\"https:\/\/facebook.com\/tourguidesorrento\" \/>\n<meta property=\"article:modified_time\" content=\"2025-08-19T13:25:01+00:00\" \/>\n<meta property=\"og:image\" content=\"https:\/\/www.laguidasorrento.com\/wp-content\/uploads\/2023\/04\/Pompeii3.jpg\" \/>\n\t<meta property=\"og:image:width\" content=\"1600\" \/>\n\t<meta property=\"og:image:height\" content=\"1200\" \/>\n\t<meta property=\"og:image:type\" content=\"image\/jpeg\" \/>\n<meta name=\"twitter:card\" content=\"summary_large_image\" \/>\n<meta name=\"twitter:label1\" content=\"Dur\u00e9e de lecture estim\u00e9e\" \/>\n\t<meta name=\"twitter:data1\" content=\"2 minutes\" \/>\n<script type=\"application\/ld+json\" class=\"yoast-schema-graph\">{\"@context\":\"https:\\\/\\\/schema.org\",\"@graph\":[{\"@type\":\"WebPage\",\"@id\":\"https:\\\/\\\/www.laguidasorrento.com\\\/private_tour_naples_and_surroundings\\\/\",\"url\":\"https:\\\/\\\/www.laguidasorrento.com\\\/private_tour_naples_and_surroundings\\\/\",\"name\":\"Exclusive, Private Tours - La Guida Sorrento\",\"isPartOf\":{\"@id\":\"https:\\\/\\\/www.laguidasorrento.com\\\/#website\"},\"primaryImageOfPage\":{\"@id\":\"https:\\\/\\\/www.laguidasorrento.com\\\/private_tour_naples_and_surroundings\\\/#primaryimage\"},\"image\":{\"@id\":\"https:\\\/\\\/www.laguidasorrento.com\\\/private_tour_naples_and_surroundings\\\/#primaryimage\"},\"thumbnailUrl\":\"https:\\\/\\\/www.laguidasorrento.com\\\/wp-content\\\/uploads\\\/2023\\\/04\\\/Pompeii3.jpg\",\"datePublished\":\"2023-07-02T20:08:01+00:00\",\"dateModified\":\"2025-08-19T13:25:01+00:00\",\"description\":\"Discover Capri, Pompeii and the Amalfi Coast with a licensed private guide. An unforgettable journey filled with stories, art and culture.\",\"breadcrumb\":{\"@id\":\"https:\\\/\\\/www.laguidasorrento.com\\\/private_tour_naples_and_surroundings\\\/#breadcrumb\"},\"inLanguage\":\"fr-FR\",\"potentialAction\":[{\"@type\":\"ReadAction\",\"target\":[\"https:\\\/\\\/www.laguidasorrento.com\\\/private_tour_naples_and_surroundings\\\/\"]}]},{\"@type\":\"ImageObject\",\"inLanguage\":\"fr-FR\",\"@id\":\"https:\\\/\\\/www.laguidasorrento.com\\\/private_tour_naples_and_surroundings\\\/#primaryimage\",\"url\":\"https:\\\/\\\/www.laguidasorrento.com\\\/wp-content\\\/uploads\\\/2023\\\/04\\\/Pompeii3.jpg\",\"contentUrl\":\"https:\\\/\\\/www.laguidasorrento.com\\\/wp-content\\\/uploads\\\/2023\\\/04\\\/Pompeii3.jpg\",\"width\":1600,\"height\":1200,\"caption\":\"Pompeii\"},{\"@type\":\"BreadcrumbList\",\"@id\":\"https:\\\/\\\/www.laguidasorrento.com\\\/private_tour_naples_and_surroundings\\\/#breadcrumb\",\"itemListElement\":[{\"@type\":\"ListItem\",\"position\":1,\"name\":\"Home\",\"item\":\"https:\\\/\\\/www.laguidasorrento.com\\\/\"},{\"@type\":\"ListItem\",\"position\":2,\"name\":\"Exclusive, Private Tours\"}]},{\"@type\":\"WebSite\",\"@id\":\"https:\\\/\\\/www.laguidasorrento.com\\\/#website\",\"url\":\"https:\\\/\\\/www.laguidasorrento.com\\\/\",\"name\":\"La Guida Sorrento\",\"description\":\"Explore Naples and Beyond\",\"publisher\":{\"@id\":\"https:\\\/\\\/www.laguidasorrento.com\\\/#organization\"},\"potentialAction\":[{\"@type\":\"SearchAction\",\"target\":{\"@type\":\"EntryPoint\",\"urlTemplate\":\"https:\\\/\\\/www.laguidasorrento.com\\\/?s={search_term_string}\"},\"query-input\":{\"@type\":\"PropertyValueSpecification\",\"valueRequired\":true,\"valueName\":\"search_term_string\"}}],\"inLanguage\":\"fr-FR\"},{\"@type\":\"Organization\",\"@id\":\"https:\\\/\\\/www.laguidasorrento.com\\\/#organization\",\"name\":\"La Guida Sorrento\",\"url\":\"https:\\\/\\\/www.laguidasorrento.com\\\/\",\"logo\":{\"@type\":\"ImageObject\",\"inLanguage\":\"fr-FR\",\"@id\":\"https:\\\/\\\/www.laguidasorrento.com\\\/#\\\/schema\\\/logo\\\/image\\\/\",\"url\":\"https:\\\/\\\/www.laguidasorrento.com\\\/wp-content\\\/uploads\\\/2023\\\/02\\\/la_guida_sorrento_logo-e1688335948369.webp\",\"contentUrl\":\"https:\\\/\\\/www.laguidasorrento.com\\\/wp-content\\\/uploads\\\/2023\\\/02\\\/la_guida_sorrento_logo-e1688335948369.webp\",\"width\":1443,\"height\":468,\"caption\":\"La Guida Sorrento\"},\"image\":{\"@id\":\"https:\\\/\\\/www.laguidasorrento.com\\\/#\\\/schema\\\/logo\\\/image\\\/\"},\"sameAs\":[\"https:\\\/\\\/facebook.com\\\/tourguidesorrento\",\"https:\\\/\\\/instagram.com\\\/tourguidesorrento\",\"https:\\\/\\\/linkedin.com\\\/tourguidesorrento\"]}]}<\/script>\n<!-- \/ Yoast SEO Premium plugin. -->","yoast_head_json":{"title":"Visites exclusives et priv\u00e9es - La Guida Sorrento","description":"D\u00e9couvrez Capri, Pomp\u00e9i et la c\u00f4te amalfitaine avec un guide priv\u00e9 agr\u00e9\u00e9. Un voyage inoubliable, riche en histoires, en art et en culture.","robots":{"index":"index","follow":"follow","max-snippet":"max-snippet:-1","max-image-preview":"max-image-preview:large","max-video-preview":"max-video-preview:-1"},"canonical":"https:\/\/www.laguidasorrento.com\/fr\/private_tour_naples_and_surroundings\/","og_locale":"fr_FR","og_type":"article","og_title":"Exclusive, Private Tours","og_description":"Discover Capri, Pompeii and the Amalfi Coast with a licensed private guide. An unforgettable journey filled with stories, art and culture.","og_url":"https:\/\/www.laguidasorrento.com\/fr\/private_tour_naples_and_surroundings\/","og_site_name":"La Guida Sorrento","article_publisher":"https:\/\/facebook.com\/tourguidesorrento","article_modified_time":"2025-08-19T13:25:01+00:00","og_image":[{"width":1600,"height":1200,"url":"https:\/\/www.laguidasorrento.com\/wp-content\/uploads\/2023\/04\/Pompeii3.jpg","type":"image\/jpeg"}],"twitter_card":"summary_large_image","twitter_misc":{"Dur\u00e9e de lecture estim\u00e9e":"2 minutes"},"schema":{"@context":"https:\/\/schema.org","@graph":[{"@type":"WebPage","@id":"https:\/\/www.laguidasorrento.com\/private_tour_naples_and_surroundings\/","url":"https:\/\/www.laguidasorrento.com\/private_tour_naples_and_surroundings\/","name":"Visites exclusives et priv\u00e9es - La Guida Sorrento","isPartOf":{"@id":"https:\/\/www.laguidasorrento.com\/#website"},"primaryImageOfPage":{"@id":"https:\/\/www.laguidasorrento.com\/private_tour_naples_and_surroundings\/#primaryimage"},"image":{"@id":"https:\/\/www.laguidasorrento.com\/private_tour_naples_and_surroundings\/#primaryimage"},"thumbnailUrl":"https:\/\/www.laguidasorrento.com\/wp-content\/uploads\/2023\/04\/Pompeii3.jpg","datePublished":"2023-07-02T20:08:01+00:00","dateModified":"2025-08-19T13:25:01+00:00","description":"D\u00e9couvrez Capri, Pomp\u00e9i et la c\u00f4te amalfitaine avec un guide priv\u00e9 agr\u00e9\u00e9. Un voyage inoubliable, riche en histoires, en art et en culture.","breadcrumb":{"@id":"https:\/\/www.laguidasorrento.com\/private_tour_naples_and_surroundings\/#breadcrumb"},"inLanguage":"fr-FR","potentialAction":[{"@type":"ReadAction","target":["https:\/\/www.laguidasorrento.com\/private_tour_naples_and_surroundings\/"]}]},{"@type":"ImageObject","inLanguage":"fr-FR","@id":"https:\/\/www.laguidasorrento.com\/private_tour_naples_and_surroundings\/#primaryimage","url":"https:\/\/www.laguidasorrento.com\/wp-content\/uploads\/2023\/04\/Pompeii3.jpg","contentUrl":"https:\/\/www.laguidasorrento.com\/wp-content\/uploads\/2023\/04\/Pompeii3.jpg","width":1600,"height":1200,"caption":"Pompeii"},{"@type":"BreadcrumbList","@id":"https:\/\/www.laguidasorrento.com\/private_tour_naples_and_surroundings\/#breadcrumb","itemListElement":[{"@type":"ListItem","position":1,"name":"Home","item":"https:\/\/www.laguidasorrento.com\/"},{"@type":"ListItem","position":2,"name":"Exclusive, Private Tours"}]},{"@type":"WebSite","@id":"https:\/\/www.laguidasorrento.com\/#website","url":"https:\/\/www.laguidasorrento.com\/","name":"La Guida Sorrente","description":"Explorez Naples et au-del\u00e0","publisher":{"@id":"https:\/\/www.laguidasorrento.com\/#organization"},"potentialAction":[{"@type":"SearchAction","target":{"@type":"EntryPoint","urlTemplate":"https:\/\/www.laguidasorrento.com\/?s={search_term_string}"},"query-input":{"@type":"PropertyValueSpecification","valueRequired":true,"valueName":"search_term_string"}}],"inLanguage":"fr-FR"},{"@type":"Organization","@id":"https:\/\/www.laguidasorrento.com\/#organization","name":"La Guida Sorrente","url":"https:\/\/www.laguidasorrento.com\/","logo":{"@type":"ImageObject","inLanguage":"fr-FR","@id":"https:\/\/www.laguidasorrento.com\/#\/schema\/logo\/image\/","url":"https:\/\/www.laguidasorrento.com\/wp-content\/uploads\/2023\/02\/la_guida_sorrento_logo-e1688335948369.webp","contentUrl":"https:\/\/www.laguidasorrento.com\/wp-content\/uploads\/2023\/02\/la_guida_sorrento_logo-e1688335948369.webp","width":1443,"height":468,"caption":"La Guida Sorrento"},"image":{"@id":"https:\/\/www.laguidasorrento.com\/#\/schema\/logo\/image\/"},"sameAs":["https:\/\/facebook.com\/tourguidesorrento","https:\/\/instagram.com\/tourguidesorrento","https:\/\/linkedin.com\/tourguidesorrento"]}]}},"_links":{"self":[{"href":"https:\/\/www.laguidasorrento.com\/fr\/wp-json\/wp\/v2\/pages\/3172","targetHints":{"allow":["GET"]}}],"collection":[{"href":"https:\/\/www.laguidasorrento.com\/fr\/wp-json\/wp\/v2\/pages"}],"about":[{"href":"https:\/\/www.laguidasorrento.com\/fr\/wp-json\/wp\/v2\/types\/page"}],"author":[{"embeddable":true,"href":"https:\/\/www.laguidasorrento.com\/fr\/wp-json\/wp\/v2\/users\/1"}],"replies":[{"embeddable":true,"href":"https:\/\/www.laguidasorrento.com\/fr\/wp-json\/wp\/v2\/comments?post=3172"}],"version-history":[{"count":37,"href":"https:\/\/www.laguidasorrento.com\/fr\/wp-json\/wp\/v2\/pages\/3172\/revisions"}],"predecessor-version":[{"id":7504,"href":"https:\/\/www.laguidasorrento.com\/fr\/wp-json\/wp\/v2\/pages\/3172\/revisions\/7504"}],"wp:featuredmedia":[{"embeddable":true,"href":"https:\/\/www.laguidasorrento.com\/fr\/wp-json\/wp\/v2\/media\/3375"}],"wp:attachment":[{"href":"https:\/\/www.laguidasorrento.com\/fr\/wp-json\/wp\/v2\/media?parent=3172"}],"curies":[{"name":"wp","href":"https:\/\/api.w.org\/{rel}","templated":true}]}}