{"id":3188,"date":"2023-07-02T23:16:13","date_gmt":"2023-07-02T21:16:13","guid":{"rendered":"https:\/\/www.laguidasorrento.com\/?page_id=3188"},"modified":"2025-08-19T15:39:43","modified_gmt":"2025-08-19T13:39:43","slug":"sorrento-coast-tour-guide","status":"publish","type":"page","link":"https:\/\/www.laguidasorrento.com\/fr\/sorrento-coast-tour-guide\/","title":{"rendered":"Excursions sur la c\u00f4te de Sorrente"},"content":{"rendered":"<div data-elementor-type=\"wp-page\" data-elementor-id=\"3188\" class=\"elementor elementor-3188\">\n\t\t\t\t\t\t<section class=\"elementor-section elementor-top-section elementor-element elementor-element-60c9816 elementor-section-boxed elementor-section-height-default elementor-section-height-default\" data-id=\"60c9816\" data-element_type=\"section\">\n\t\t\t\t\t\t<div class=\"elementor-container elementor-column-gap-default\">\n\t\t\t\t\t<div class=\"elementor-column elementor-col-100 elementor-top-column elementor-element elementor-element-a76ee7c\" data-id=\"a76ee7c\" data-element_type=\"column\">\n\t\t\t<div class=\"elementor-widget-wrap elementor-element-populated\">\n\t\t\t\t\t\t<div class=\"elementor-element elementor-element-8e464d3 elementor-widget elementor-widget-text-editor\" data-id=\"8e464d3\" data-element_type=\"widget\" data-widget_type=\"text-editor.default\">\n\t\t\t\t<div class=\"elementor-widget-container\">\n\t\t\t\t\t\t\t\t\t<p><strong>Sorrente<\/strong>:<strong> Une \u00e9vasion s\u00e9duisante au pays enchanteur des sir\u00e8nes<\/strong><\/p><p><strong>Sorrente<\/strong>, o\u00f9 l&#039;histoire et le mythe ne font plus qu&#039;un, attirant les voyageurs du monde entier. Notre Ville enchanteresse est telle une magnifique terrasse surplombant la mer, un joyau qui orne la P\u00e9ninsule, nich\u00e9e entre les s\u00e9duisantes baies de <strong>Naples<\/strong> et <strong>Salerne<\/strong>.<\/p><p>L&#039;attrait de Sorrente est intemporel, c\u00e9l\u00e9br\u00e9 non seulement dans les temps modernes, mais aussi depuis l&#039;\u00e9poque de l&#039;Empire romain, lorsque les patriciens d\u00e9cid\u00e8rent autrefois de construire ici leurs opulentes villas de loisirs. Au XVIIIe si\u00e8cle, c&#039;\u00e9tait une \u00e9tape charni\u00e8re du prestigieux <strong>grande tourn\u00e9e<\/strong>, et la ville a toujours \u00e9t\u00e9 connue pour son hospitalit\u00e9 sans pr\u00e9c\u00e9dent.<\/p><p>Imaginez un endroit o\u00f9 le l\u00e9gendaire t\u00e9nor <strong>Enrico Caruso<\/strong> chercha du r\u00e9confort dans les bras de Sorrente pendant sa p\u00e9riode de convalescence. Des ann\u00e9es plus tard, <strong>Lucio Dalla<\/strong>, inspir\u00e9 par cette connexion, a cr\u00e9\u00e9 le chef-d\u2019\u0153uvre de la chanson intemporelle \u00ab<strong>Caruso<\/strong>.&quot;\u201d<\/p><p>Le nom de l&#039;une des actrices les plus grandes et les plus embl\u00e9matiques de l&#039;histoire du cin\u00e9ma, <strong>Sophie Loren<\/strong>, est \u00e0 jamais li\u00e9e \u00e0 Sorrente. En 1955, elle a honor\u00e9 de sa pr\u00e9sence le pittoresque village de Marina Grande, aux c\u00f4t\u00e9s de l&#039;acteur italien <strong>Vittorio de Sica,<\/strong> dans la c\u00e9l\u00e8bre com\u00e9die italienne \u00ab<strong>Pane, Amore e\u2026<\/strong>\u201c&quot;.<\/p><p><strong>Tasse<\/strong> Place, du nom du fils le plus illustre de la ville, \u00e9crivain <strong>Torquato Tasse<\/strong>, sert de porte d&#039;entr\u00e9e \u00e0 un labyrinthe fascinant de cardines et decumani. Ces rues sinueuses cachent les tr\u00e9sors de l&#039;ancienne Sorrente et, en vous y promenant, vous pourrez peut-\u00eatre entendre les \u00e9chos de l&#039;une des chansons les plus c\u00e9l\u00e8bres au monde : \u00ab<strong>Anema et noyau<\/strong>\u00bb, \u00e9crit par le chanteur local <strong>Salve d&#039;Esposito<\/strong>.<\/p><p>Sorrente n&#039;est pas seulement un endroit ; c&#039;est une exp\u00e9rience de la splendeur de la nature. Laissez-vous emporter par le parfum envo\u00fbtant des citrons lors d&#039;une promenade tranquille dans l&#039;un des jardins typiques de la ville. Ici, le c\u00e9l\u00e8bre <strong>Citron de Sorrente IGP<\/strong> est cultiv\u00e9, c&#039;est l&#039;essence m\u00eame de la d\u00e9licieuse liqueur de citrons :\u00a0\u00a0<strong>Limoncello<\/strong> de Sorrente.<\/p><p>Votre voyage \u00e0 Sorrente est aussi un voyage de d\u00e9lices culinaires et de traditions. Imaginez une petite casserole remplie de <strong>Gnocchi<\/strong> alla Sorrentina, une assiette de <strong>spaghetti<\/strong> aux palourdes, ou l&#039;exquise onctuosit\u00e9 du <strong>Delizia au citron<\/strong>. Ce ne sont l\u00e0 qu&#039;un aper\u00e7u des sp\u00e9cialit\u00e9s qui enflammeront vos sens.<\/p><p>Sorrente est un royaume de <strong>artisanat<\/strong>, o\u00f9 vous serez captiv\u00e9 par le charme de <strong>sandales faites \u00e0 la main<\/strong> et le charme de <strong>bo\u00eetes \u00e0 musique incrust\u00e9es<\/strong> et <strong>ouvrages en bois marquet\u00e9.<\/strong><\/p><p>Enfin, Sorrente est votre porte d&#039;entr\u00e9e vers de nombreuses merveilles. De ceci <strong>strat\u00e9gique<\/strong> emplacement, vous pourrez explorer sans effort les tr\u00e9sors voisins de <strong>Pomp\u00e9i<\/strong>, <strong>Herculanum<\/strong>, la s\u00e9duisante \u00eele de <strong>Corsaire<\/strong>, et le Divin <strong>C\u00f4te amalfitaine<\/strong>. 45 minutes en hydrophoils ou environ 1 heure en train, vous emm\u00e8ne au <strong>Ville de Naples<\/strong>.<\/p><p>Sorrente n&#039;est pas seulement une destination ; c&#039;est une \u00e9vasion s\u00e9duisante et envo\u00fbtante, o\u00f9 l&#039;histoire, les mythes, la culture et la beaut\u00e9 naturelle convergent pour cr\u00e9er une exp\u00e9rience qui restera \u00e0 jamais grav\u00e9e dans votre c\u0153ur et votre m\u00e9moire.<\/p><p><strong>Votre voyage commence ici<\/strong><\/p>\t\t\t\t\t\t\t\t<\/div>\n\t\t\t\t<\/div>\n\t\t\t\t\t<\/div>\n\t\t<\/div>\n\t\t\t\t\t<\/div>\n\t\t<\/section>\n\t\t\t\t<section class=\"elementor-section elementor-top-section elementor-element elementor-element-2646712 elementor-section-boxed elementor-section-height-default elementor-section-height-default\" data-id=\"2646712\" data-element_type=\"section\">\n\t\t\t\t\t\t<div class=\"elementor-container elementor-column-gap-default\">\n\t\t\t\t\t<div class=\"elementor-column elementor-col-100 elementor-top-column elementor-element elementor-element-9467ebd\" data-id=\"9467ebd\" data-element_type=\"column\">\n\t\t\t<div class=\"elementor-widget-wrap elementor-element-populated\">\n\t\t\t\t\t\t<div class=\"elementor-element elementor-element-439a020 elementor-widget elementor-widget-image\" data-id=\"439a020\" data-element_type=\"widget\" data-widget_type=\"image.default\">\n\t\t\t\t<div class=\"elementor-widget-container\">\n\t\t\t\t\t\t\t\t\t\t\t\t\t\t\t<img fetchpriority=\"high\" decoding=\"async\" width=\"640\" height=\"321\" src=\"https:\/\/www.laguidasorrento.com\/wp-content\/uploads\/2023\/10\/LaguidaSorrento_panres1-1024x513.jpg\" class=\"attachment-large size-large wp-image-3761\" alt=\"Sorrento Coast\" srcset=\"https:\/\/www.laguidasorrento.com\/wp-content\/uploads\/2023\/10\/LaguidaSorrento_panres1-1024x513.jpg 1024w, https:\/\/www.laguidasorrento.com\/wp-content\/uploads\/2023\/10\/LaguidaSorrento_panres1-300x150.jpg 300w, https:\/\/www.laguidasorrento.com\/wp-content\/uploads\/2023\/10\/LaguidaSorrento_panres1-768x385.jpg 768w, https:\/\/www.laguidasorrento.com\/wp-content\/uploads\/2023\/10\/LaguidaSorrento_panres1-1536x770.jpg 1536w, https:\/\/www.laguidasorrento.com\/wp-content\/uploads\/2023\/10\/LaguidaSorrento_panres1-2048x1026.jpg 2048w, https:\/\/www.laguidasorrento.com\/wp-content\/uploads\/2023\/10\/LaguidaSorrento_panres1-18x9.jpg 18w, https:\/\/www.laguidasorrento.com\/wp-content\/uploads\/2023\/10\/LaguidaSorrento_panres1-600x301.jpg 600w\" sizes=\"(max-width: 640px) 100vw, 640px\" \/>\t\t\t\t\t\t\t\t\t\t\t\t\t\t\t<\/div>\n\t\t\t\t<\/div>\n\t\t\t\t\t<\/div>\n\t\t<\/div>\n\t\t\t\t\t<\/div>\n\t\t<\/section>\n\t\t\t\t<\/div>","protected":false},"excerpt":{"rendered":"<p>Sorrente\u00a0: une escapade s\u00e9duisante au pays enchanteur des sir\u00e8nes Sorrente, o\u00f9 l&#039;histoire et le mythe ne font plus qu&#039;un, attirant les voyageurs du monde entier. Notre ville enchanteresse est comme une magnifique terrasse surplombant la mer, un joyau qui orne la p\u00e9ninsule, nich\u00e9e entre les s\u00e9duisantes baies de Naples et de Salerne. Le charme de Sorrente est intemporel, c\u00e9l\u00e9br\u00e9 non seulement [\u2026]<\/p>","protected":false},"author":1,"featured_media":3341,"parent":0,"menu_order":0,"comment_status":"closed","ping_status":"closed","template":"","meta":{"footnotes":""},"class_list":["post-3188","page","type-page","status-publish","has-post-thumbnail","hentry"],"yoast_head":"<!-- This site is optimized with the Yoast SEO Premium plugin v26.8 (Yoast SEO v27.3) - https:\/\/yoast.com\/product\/yoast-seo-premium-wordpress\/ -->\n<title>Sorrento Coast Tours - La Guida Sorrento<\/title>\n<meta name=\"description\" content=\"Sorrento Coast private tour with expert guide. A gem between Naples and Salerno, with breathtaking views, cliffs and Mediterranean beauty\" \/>\n<meta name=\"robots\" content=\"index, follow, max-snippet:-1, max-image-preview:large, max-video-preview:-1\" \/>\n<link rel=\"canonical\" href=\"https:\/\/www.laguidasorrento.com\/fr\/sorrento-coast-tour-guide\/\" \/>\n<meta property=\"og:locale\" content=\"fr_FR\" \/>\n<meta property=\"og:type\" content=\"article\" \/>\n<meta property=\"og:title\" content=\"Sorrento Coast Tours\" \/>\n<meta property=\"og:description\" content=\"Sorrento Coast private tour with expert guide. A gem between Naples and Salerno, with breathtaking views, cliffs and Mediterranean beauty\" \/>\n<meta property=\"og:url\" content=\"https:\/\/www.laguidasorrento.com\/fr\/sorrento-coast-tour-guide\/\" \/>\n<meta property=\"og:site_name\" content=\"La Guida Sorrento\" \/>\n<meta property=\"article:publisher\" content=\"https:\/\/facebook.com\/tourguidesorrento\" \/>\n<meta property=\"article:modified_time\" content=\"2025-08-19T13:39:43+00:00\" \/>\n<meta property=\"og:image\" content=\"https:\/\/www.laguidasorrento.com\/wp-content\/uploads\/2023\/07\/20210512_173514709_iOS-scaled.jpg\" \/>\n\t<meta property=\"og:image:width\" content=\"2560\" \/>\n\t<meta property=\"og:image:height\" content=\"1920\" \/>\n\t<meta property=\"og:image:type\" content=\"image\/jpeg\" \/>\n<meta name=\"twitter:card\" content=\"summary_large_image\" \/>\n<meta name=\"twitter:label1\" content=\"Dur\u00e9e de lecture estim\u00e9e\" \/>\n\t<meta name=\"twitter:data1\" content=\"3 minutes\" \/>\n<script type=\"application\/ld+json\" class=\"yoast-schema-graph\">{\"@context\":\"https:\\\/\\\/schema.org\",\"@graph\":[{\"@type\":\"WebPage\",\"@id\":\"https:\\\/\\\/www.laguidasorrento.com\\\/sorrento-coast-tour-guide\\\/\",\"url\":\"https:\\\/\\\/www.laguidasorrento.com\\\/sorrento-coast-tour-guide\\\/\",\"name\":\"Sorrento Coast Tours - La Guida Sorrento\",\"isPartOf\":{\"@id\":\"https:\\\/\\\/www.laguidasorrento.com\\\/#website\"},\"primaryImageOfPage\":{\"@id\":\"https:\\\/\\\/www.laguidasorrento.com\\\/sorrento-coast-tour-guide\\\/#primaryimage\"},\"image\":{\"@id\":\"https:\\\/\\\/www.laguidasorrento.com\\\/sorrento-coast-tour-guide\\\/#primaryimage\"},\"thumbnailUrl\":\"https:\\\/\\\/www.laguidasorrento.com\\\/wp-content\\\/uploads\\\/2023\\\/07\\\/20210512_173514709_iOS-scaled.jpg\",\"datePublished\":\"2023-07-02T21:16:13+00:00\",\"dateModified\":\"2025-08-19T13:39:43+00:00\",\"description\":\"Sorrento Coast private tour with expert guide. A gem between Naples and Salerno, with breathtaking views, cliffs and Mediterranean beauty\",\"breadcrumb\":{\"@id\":\"https:\\\/\\\/www.laguidasorrento.com\\\/sorrento-coast-tour-guide\\\/#breadcrumb\"},\"inLanguage\":\"fr-FR\",\"potentialAction\":[{\"@type\":\"ReadAction\",\"target\":[\"https:\\\/\\\/www.laguidasorrento.com\\\/sorrento-coast-tour-guide\\\/\"]}]},{\"@type\":\"ImageObject\",\"inLanguage\":\"fr-FR\",\"@id\":\"https:\\\/\\\/www.laguidasorrento.com\\\/sorrento-coast-tour-guide\\\/#primaryimage\",\"url\":\"https:\\\/\\\/www.laguidasorrento.com\\\/wp-content\\\/uploads\\\/2023\\\/07\\\/20210512_173514709_iOS-scaled.jpg\",\"contentUrl\":\"https:\\\/\\\/www.laguidasorrento.com\\\/wp-content\\\/uploads\\\/2023\\\/07\\\/20210512_173514709_iOS-scaled.jpg\",\"width\":2560,\"height\":1920,\"caption\":\"Sorrento\"},{\"@type\":\"BreadcrumbList\",\"@id\":\"https:\\\/\\\/www.laguidasorrento.com\\\/sorrento-coast-tour-guide\\\/#breadcrumb\",\"itemListElement\":[{\"@type\":\"ListItem\",\"position\":1,\"name\":\"Home\",\"item\":\"https:\\\/\\\/www.laguidasorrento.com\\\/\"},{\"@type\":\"ListItem\",\"position\":2,\"name\":\"Sorrento Coast Tours\"}]},{\"@type\":\"WebSite\",\"@id\":\"https:\\\/\\\/www.laguidasorrento.com\\\/#website\",\"url\":\"https:\\\/\\\/www.laguidasorrento.com\\\/\",\"name\":\"La Guida Sorrento\",\"description\":\"Explore Naples and Beyond\",\"publisher\":{\"@id\":\"https:\\\/\\\/www.laguidasorrento.com\\\/#organization\"},\"potentialAction\":[{\"@type\":\"SearchAction\",\"target\":{\"@type\":\"EntryPoint\",\"urlTemplate\":\"https:\\\/\\\/www.laguidasorrento.com\\\/?s={search_term_string}\"},\"query-input\":{\"@type\":\"PropertyValueSpecification\",\"valueRequired\":true,\"valueName\":\"search_term_string\"}}],\"inLanguage\":\"fr-FR\"},{\"@type\":\"Organization\",\"@id\":\"https:\\\/\\\/www.laguidasorrento.com\\\/#organization\",\"name\":\"La Guida Sorrento\",\"url\":\"https:\\\/\\\/www.laguidasorrento.com\\\/\",\"logo\":{\"@type\":\"ImageObject\",\"inLanguage\":\"fr-FR\",\"@id\":\"https:\\\/\\\/www.laguidasorrento.com\\\/#\\\/schema\\\/logo\\\/image\\\/\",\"url\":\"https:\\\/\\\/www.laguidasorrento.com\\\/wp-content\\\/uploads\\\/2023\\\/02\\\/la_guida_sorrento_logo-e1688335948369.webp\",\"contentUrl\":\"https:\\\/\\\/www.laguidasorrento.com\\\/wp-content\\\/uploads\\\/2023\\\/02\\\/la_guida_sorrento_logo-e1688335948369.webp\",\"width\":1443,\"height\":468,\"caption\":\"La Guida Sorrento\"},\"image\":{\"@id\":\"https:\\\/\\\/www.laguidasorrento.com\\\/#\\\/schema\\\/logo\\\/image\\\/\"},\"sameAs\":[\"https:\\\/\\\/facebook.com\\\/tourguidesorrento\",\"https:\\\/\\\/instagram.com\\\/tourguidesorrento\",\"https:\\\/\\\/linkedin.com\\\/tourguidesorrento\"]}]}<\/script>\n<!-- \/ Yoast SEO Premium plugin. -->","yoast_head_json":{"title":"Tours sur la c\u00f4te de Sorrente - La Guida Sorrento","description":"Excursion priv\u00e9e sur la c\u00f4te de Sorrente avec un guide expert. Un joyau entre Naples et Salerne, offrant des vues \u00e0 couper le souffle, des falaises et la beaut\u00e9 m\u00e9diterran\u00e9enne.","robots":{"index":"index","follow":"follow","max-snippet":"max-snippet:-1","max-image-preview":"max-image-preview:large","max-video-preview":"max-video-preview:-1"},"canonical":"https:\/\/www.laguidasorrento.com\/fr\/sorrento-coast-tour-guide\/","og_locale":"fr_FR","og_type":"article","og_title":"Sorrento Coast Tours","og_description":"Sorrento Coast private tour with expert guide. A gem between Naples and Salerno, with breathtaking views, cliffs and Mediterranean beauty","og_url":"https:\/\/www.laguidasorrento.com\/fr\/sorrento-coast-tour-guide\/","og_site_name":"La Guida Sorrento","article_publisher":"https:\/\/facebook.com\/tourguidesorrento","article_modified_time":"2025-08-19T13:39:43+00:00","og_image":[{"width":2560,"height":1920,"url":"https:\/\/www.laguidasorrento.com\/wp-content\/uploads\/2023\/07\/20210512_173514709_iOS-scaled.jpg","type":"image\/jpeg"}],"twitter_card":"summary_large_image","twitter_misc":{"Dur\u00e9e de lecture estim\u00e9e":"3 minutes"},"schema":{"@context":"https:\/\/schema.org","@graph":[{"@type":"WebPage","@id":"https:\/\/www.laguidasorrento.com\/sorrento-coast-tour-guide\/","url":"https:\/\/www.laguidasorrento.com\/sorrento-coast-tour-guide\/","name":"Tours sur la c\u00f4te de Sorrente - La Guida Sorrento","isPartOf":{"@id":"https:\/\/www.laguidasorrento.com\/#website"},"primaryImageOfPage":{"@id":"https:\/\/www.laguidasorrento.com\/sorrento-coast-tour-guide\/#primaryimage"},"image":{"@id":"https:\/\/www.laguidasorrento.com\/sorrento-coast-tour-guide\/#primaryimage"},"thumbnailUrl":"https:\/\/www.laguidasorrento.com\/wp-content\/uploads\/2023\/07\/20210512_173514709_iOS-scaled.jpg","datePublished":"2023-07-02T21:16:13+00:00","dateModified":"2025-08-19T13:39:43+00:00","description":"Excursion priv\u00e9e sur la c\u00f4te de Sorrente avec un guide expert. Un joyau entre Naples et Salerne, offrant des vues \u00e0 couper le souffle, des falaises et la beaut\u00e9 m\u00e9diterran\u00e9enne.","breadcrumb":{"@id":"https:\/\/www.laguidasorrento.com\/sorrento-coast-tour-guide\/#breadcrumb"},"inLanguage":"fr-FR","potentialAction":[{"@type":"ReadAction","target":["https:\/\/www.laguidasorrento.com\/sorrento-coast-tour-guide\/"]}]},{"@type":"ImageObject","inLanguage":"fr-FR","@id":"https:\/\/www.laguidasorrento.com\/sorrento-coast-tour-guide\/#primaryimage","url":"https:\/\/www.laguidasorrento.com\/wp-content\/uploads\/2023\/07\/20210512_173514709_iOS-scaled.jpg","contentUrl":"https:\/\/www.laguidasorrento.com\/wp-content\/uploads\/2023\/07\/20210512_173514709_iOS-scaled.jpg","width":2560,"height":1920,"caption":"Sorrento"},{"@type":"BreadcrumbList","@id":"https:\/\/www.laguidasorrento.com\/sorrento-coast-tour-guide\/#breadcrumb","itemListElement":[{"@type":"ListItem","position":1,"name":"Home","item":"https:\/\/www.laguidasorrento.com\/"},{"@type":"ListItem","position":2,"name":"Sorrento Coast Tours"}]},{"@type":"WebSite","@id":"https:\/\/www.laguidasorrento.com\/#website","url":"https:\/\/www.laguidasorrento.com\/","name":"La Guida Sorrente","description":"Explorez Naples et au-del\u00e0","publisher":{"@id":"https:\/\/www.laguidasorrento.com\/#organization"},"potentialAction":[{"@type":"SearchAction","target":{"@type":"EntryPoint","urlTemplate":"https:\/\/www.laguidasorrento.com\/?s={search_term_string}"},"query-input":{"@type":"PropertyValueSpecification","valueRequired":true,"valueName":"search_term_string"}}],"inLanguage":"fr-FR"},{"@type":"Organization","@id":"https:\/\/www.laguidasorrento.com\/#organization","name":"La Guida Sorrente","url":"https:\/\/www.laguidasorrento.com\/","logo":{"@type":"ImageObject","inLanguage":"fr-FR","@id":"https:\/\/www.laguidasorrento.com\/#\/schema\/logo\/image\/","url":"https:\/\/www.laguidasorrento.com\/wp-content\/uploads\/2023\/02\/la_guida_sorrento_logo-e1688335948369.webp","contentUrl":"https:\/\/www.laguidasorrento.com\/wp-content\/uploads\/2023\/02\/la_guida_sorrento_logo-e1688335948369.webp","width":1443,"height":468,"caption":"La Guida Sorrento"},"image":{"@id":"https:\/\/www.laguidasorrento.com\/#\/schema\/logo\/image\/"},"sameAs":["https:\/\/facebook.com\/tourguidesorrento","https:\/\/instagram.com\/tourguidesorrento","https:\/\/linkedin.com\/tourguidesorrento"]}]}},"_links":{"self":[{"href":"https:\/\/www.laguidasorrento.com\/fr\/wp-json\/wp\/v2\/pages\/3188","targetHints":{"allow":["GET"]}}],"collection":[{"href":"https:\/\/www.laguidasorrento.com\/fr\/wp-json\/wp\/v2\/pages"}],"about":[{"href":"https:\/\/www.laguidasorrento.com\/fr\/wp-json\/wp\/v2\/types\/page"}],"author":[{"embeddable":true,"href":"https:\/\/www.laguidasorrento.com\/fr\/wp-json\/wp\/v2\/users\/1"}],"replies":[{"embeddable":true,"href":"https:\/\/www.laguidasorrento.com\/fr\/wp-json\/wp\/v2\/comments?post=3188"}],"version-history":[{"count":27,"href":"https:\/\/www.laguidasorrento.com\/fr\/wp-json\/wp\/v2\/pages\/3188\/revisions"}],"predecessor-version":[{"id":7522,"href":"https:\/\/www.laguidasorrento.com\/fr\/wp-json\/wp\/v2\/pages\/3188\/revisions\/7522"}],"wp:featuredmedia":[{"embeddable":true,"href":"https:\/\/www.laguidasorrento.com\/fr\/wp-json\/wp\/v2\/media\/3341"}],"wp:attachment":[{"href":"https:\/\/www.laguidasorrento.com\/fr\/wp-json\/wp\/v2\/media?parent=3188"}],"curies":[{"name":"wp","href":"https:\/\/api.w.org\/{rel}","templated":true}]}}