{"id":3196,"date":"2023-07-02T23:23:25","date_gmt":"2023-07-02T21:23:25","guid":{"rendered":"https:\/\/www.laguidasorrento.com\/?page_id=3196"},"modified":"2025-08-19T15:41:26","modified_gmt":"2025-08-19T13:41:26","slug":"the-amalfi-coast","status":"publish","type":"page","link":"https:\/\/www.laguidasorrento.com\/fr\/the-amalfi-coast\/","title":{"rendered":"La c\u00f4te amalfitaine, un voyage divin"},"content":{"rendered":"<div data-elementor-type=\"wp-page\" data-elementor-id=\"3196\" class=\"elementor elementor-3196\">\n\t\t\t\t\t\t<section class=\"elementor-section elementor-top-section elementor-element elementor-element-a645e5d elementor-section-boxed elementor-section-height-default elementor-section-height-default\" data-id=\"a645e5d\" data-element_type=\"section\">\n\t\t\t\t\t\t<div class=\"elementor-container elementor-column-gap-default\">\n\t\t\t\t\t<div class=\"elementor-column elementor-col-100 elementor-top-column elementor-element elementor-element-b73ab21\" data-id=\"b73ab21\" data-element_type=\"column\">\n\t\t\t<div class=\"elementor-widget-wrap elementor-element-populated\">\n\t\t\t\t\t\t<div class=\"elementor-element elementor-element-93ec853 elementor-widget elementor-widget-text-editor\" data-id=\"93ec853\" data-element_type=\"widget\" data-widget_type=\"text-editor.default\">\n\t\t\t\t<div class=\"elementor-widget-container\">\n\t\t\t\t\t\t\t\t\t<h2 style=\"font-size: 1rem; color: #696969;\"><strong>D\u00e9couvrez la c\u00f4te amalfitaine : un voyage \u00ab divin \u00bb entre beaut\u00e9 et patrimoine<\/strong><\/h1>\nD\u00e9couvrez la magnifique c\u00f4te amalfitaine, un site class\u00e9 au patrimoine mondial de l&#039;UNESCO et consid\u00e9r\u00e9 comme \u00ab la plus belle route du monde \u00bb. Ce tron\u00e7on de 50 kilom\u00e8tres serpente \u00e0 travers les spectaculaires sommets calcaires des monts Lattari, offrant des vues incomparables o\u00f9 le ciel embrasse la mer azur \u00e9tincelante.\n<br \/>\n<h3 style=\"font-size: 1rem; color: #696969; margin-top: 15px;\"><strong>Commencez votre aventure dans l&#039;embl\u00e9matique Positano<\/strong><\/h2>\nCommencez votre voyage \u00e0 Positano, la c\u00e9l\u00e8bre \u00ab ville verticale \u00bb, connue pour ses b\u00e2timents aux couleurs pastel et ses ruelles bord\u00e9es de fleurs menant \u00e0 la Spiaggia Grande. Cette plage anim\u00e9e est parfaite pour se d\u00e9tendre et se faire plaisir, avec des restaurants en bord de mer proposant une cuisine d\u00e9licieuse.\n\n<br \/>\n<h3 style=\"font-size: 1rem; color: #696969;margin-top: 15px;\">\n<strong>\u00c9merveillez-vous devant les merveilles naturelles et les joyaux historiques<\/strong>\n<\/h3>\nD\u00e9couvrez le fjord de Furore et la fascinante grotte de Smeraldo, des tr\u00e9sors cach\u00e9s le long de la c\u00f4te. Visitez la Conca dei Marini, qui abrite de somptueuses villas baln\u00e9aires et le monast\u00e8re historique de Santa Rosa, berceau de la c\u00e9l\u00e8bre p\u00e2tisserie sfogliatella de Santa Rosa.\n\n<br \/>\n<h3 style=\"font-size: 1rem; color: #696969;margin-top: 15px;\">\n<strong>Remontez le temps \u00e0 Amalfi<\/strong>\n<\/h3>\nAmalfi, autrefois une r\u00e9publique maritime influente, vous invite \u00e0 d\u00e9couvrir sa riche histoire. Visitez la superbe cath\u00e9drale d&#039;Amalfi, d\u00e9di\u00e9e \u00e0 Saint-Andr\u00e9, et promenez-vous dans ses rues pittoresques. Les amoureux de la nature appr\u00e9cieront les sentiers de randonn\u00e9e comme la \u00ab Valle dei Mulini \u00bb et la \u00ab Valle delle Ferriere \u00bb, o\u00f9 histoire et paysages luxuriants se m\u00ealent.\n\n<br \/>\n<h3 style=\"font-size: 1rem; color: #696969;margin-top: 15px;\">\n<strong>Ravello : la ville de la musique<\/strong>\n<\/h3>\nSurplombant la c\u00f4te, Ravello enchante les visiteurs par son charme culturel. Promenez-vous dans les jardins de la Villa Rufolo, lieu du c\u00e9l\u00e8bre festival de Ravello, et de la Villa Cimbrone, offrant une vue imprenable depuis sa c\u00e9l\u00e8bre terrasse Infinity.\n\n<br \/>\n<h3 style=\"font-size: 1rem; color: #696969;margin-top: 15px;\">\n<strong>Villages de charme et d\u00e9lices culinaires<\/strong>\n<\/h3>\nExplorez les tr\u00e9sors cach\u00e9s de la c\u00f4te amalfitaine, notamment Atrani, Minori, Maiori et Cetara, o\u00f9 abondent les traditions vibrantes et les paysages \u00e0 couper le souffle. Au milieu des terrasses de citrons d&#039;Amalfi (IGP), savourez l&#039;excellence culinaire de la r\u00e9gion, des fruits de mer frais aux sp\u00e9cialit\u00e9s infus\u00e9es au citron.\n\n<br \/>\n<h3 style=\"font-size: 1rem; color: #696969;margin-top: 15px;\">\n<strong>Terminez votre voyage dans la ville artistique de Vietri<\/strong>\n<\/h3>\nTerminez votre aventure \u00e0 Vietri sul Mare, c\u00e9l\u00e8bre pour sa c\u00e9ramique vibrante et son patrimoine artistique. La c\u00f4te amalfitaine est plus qu&#039;une simple route\u00a0; c&#039;est un voyage de beaut\u00e9, de culture et de saveurs qui vous envo\u00fbtera.\t\t\t\t\t\t\t\t<\/div>\n\t\t\t\t<\/div>\n\t\t\t\t\t<\/div>\n\t\t<\/div>\n\t\t\t\t\t<\/div>\n\t\t<\/section>\n\t\t\t\t<section class=\"elementor-section elementor-top-section elementor-element elementor-element-ee9cb64 elementor-section-boxed elementor-section-height-default elementor-section-height-default\" data-id=\"ee9cb64\" data-element_type=\"section\">\n\t\t\t\t\t\t<div class=\"elementor-container elementor-column-gap-default\">\n\t\t\t\t\t<div class=\"elementor-column elementor-col-33 elementor-top-column elementor-element elementor-element-5e7f891\" data-id=\"5e7f891\" data-element_type=\"column\">\n\t\t\t<div class=\"elementor-widget-wrap elementor-element-populated\">\n\t\t\t\t\t\t<div class=\"elementor-element elementor-element-6285514 elementor-widget elementor-widget-image\" data-id=\"6285514\" data-element_type=\"widget\" data-widget_type=\"image.default\">\n\t\t\t\t<div class=\"elementor-widget-container\">\n\t\t\t\t\t\t\t\t\t\t\t\t\t\t\t<img fetchpriority=\"high\" decoding=\"async\" width=\"225\" height=\"300\" src=\"https:\/\/www.laguidasorrento.com\/wp-content\/uploads\/2023\/07\/Amalfi-225x300.jpg\" class=\"attachment-medium size-medium wp-image-3199\" alt=\"Amalfi\" srcset=\"https:\/\/www.laguidasorrento.com\/wp-content\/uploads\/2023\/07\/Amalfi-225x300.jpg 225w, https:\/\/www.laguidasorrento.com\/wp-content\/uploads\/2023\/07\/Amalfi-768x1024.jpg 768w, https:\/\/www.laguidasorrento.com\/wp-content\/uploads\/2023\/07\/Amalfi-1152x1536.jpg 1152w, https:\/\/www.laguidasorrento.com\/wp-content\/uploads\/2023\/07\/Amalfi-600x800.jpg 600w, https:\/\/www.laguidasorrento.com\/wp-content\/uploads\/2023\/07\/Amalfi.jpg 1200w\" sizes=\"(max-width: 225px) 100vw, 225px\" \/>\t\t\t\t\t\t\t\t\t\t\t\t\t\t\t<\/div>\n\t\t\t\t<\/div>\n\t\t\t\t\t<\/div>\n\t\t<\/div>\n\t\t\t\t<div class=\"elementor-column elementor-col-33 elementor-top-column elementor-element elementor-element-7a7350d\" data-id=\"7a7350d\" data-element_type=\"column\">\n\t\t\t<div class=\"elementor-widget-wrap elementor-element-populated\">\n\t\t\t\t\t\t<div class=\"elementor-element elementor-element-e373bbb elementor-widget elementor-widget-image\" data-id=\"e373bbb\" data-element_type=\"widget\" data-widget_type=\"image.default\">\n\t\t\t\t<div class=\"elementor-widget-container\">\n\t\t\t\t\t\t\t\t\t\t\t\t\t\t\t<img decoding=\"async\" width=\"300\" height=\"225\" src=\"https:\/\/www.laguidasorrento.com\/wp-content\/uploads\/2025\/01\/AmalfiCoast-Positano-view4-300x225.jpg\" class=\"attachment-medium size-medium wp-image-4936\" alt=\"Sea Tour\" srcset=\"https:\/\/www.laguidasorrento.com\/wp-content\/uploads\/2025\/01\/AmalfiCoast-Positano-view4-300x225.jpg 300w, https:\/\/www.laguidasorrento.com\/wp-content\/uploads\/2025\/01\/AmalfiCoast-Positano-view4-1024x768.jpg 1024w, https:\/\/www.laguidasorrento.com\/wp-content\/uploads\/2025\/01\/AmalfiCoast-Positano-view4-768x576.jpg 768w, https:\/\/www.laguidasorrento.com\/wp-content\/uploads\/2025\/01\/AmalfiCoast-Positano-view4-1536x1152.jpg 1536w, https:\/\/www.laguidasorrento.com\/wp-content\/uploads\/2025\/01\/AmalfiCoast-Positano-view4-2048x1536.jpg 2048w, https:\/\/www.laguidasorrento.com\/wp-content\/uploads\/2025\/01\/AmalfiCoast-Positano-view4-16x12.jpg 16w, https:\/\/www.laguidasorrento.com\/wp-content\/uploads\/2025\/01\/AmalfiCoast-Positano-view4-600x450.jpg 600w\" sizes=\"(max-width: 300px) 100vw, 300px\" \/>\t\t\t\t\t\t\t\t\t\t\t\t\t\t\t<\/div>\n\t\t\t\t<\/div>\n\t\t\t\t\t<\/div>\n\t\t<\/div>\n\t\t\t\t<div class=\"elementor-column elementor-col-33 elementor-top-column elementor-element elementor-element-518e48f\" data-id=\"518e48f\" data-element_type=\"column\">\n\t\t\t<div class=\"elementor-widget-wrap elementor-element-populated\">\n\t\t\t\t\t\t<div class=\"elementor-element elementor-element-3aee709 elementor-widget elementor-widget-image\" data-id=\"3aee709\" data-element_type=\"widget\" data-widget_type=\"image.default\">\n\t\t\t\t<div class=\"elementor-widget-container\">\n\t\t\t\t\t\t\t\t\t\t\t\t\t\t\t<img decoding=\"async\" width=\"300\" height=\"225\" src=\"https:\/\/www.laguidasorrento.com\/wp-content\/uploads\/2025\/01\/AmalfiCoast-Positano-view1-300x225.jpg\" class=\"attachment-medium size-medium wp-image-4939\" alt=\"Positano\" srcset=\"https:\/\/www.laguidasorrento.com\/wp-content\/uploads\/2025\/01\/AmalfiCoast-Positano-view1-300x225.jpg 300w, https:\/\/www.laguidasorrento.com\/wp-content\/uploads\/2025\/01\/AmalfiCoast-Positano-view1-1024x768.jpg 1024w, https:\/\/www.laguidasorrento.com\/wp-content\/uploads\/2025\/01\/AmalfiCoast-Positano-view1-768x576.jpg 768w, https:\/\/www.laguidasorrento.com\/wp-content\/uploads\/2025\/01\/AmalfiCoast-Positano-view1-1536x1152.jpg 1536w, https:\/\/www.laguidasorrento.com\/wp-content\/uploads\/2025\/01\/AmalfiCoast-Positano-view1-2048x1536.jpg 2048w, https:\/\/www.laguidasorrento.com\/wp-content\/uploads\/2025\/01\/AmalfiCoast-Positano-view1-16x12.jpg 16w, https:\/\/www.laguidasorrento.com\/wp-content\/uploads\/2025\/01\/AmalfiCoast-Positano-view1-600x450.jpg 600w\" sizes=\"(max-width: 300px) 100vw, 300px\" \/>\t\t\t\t\t\t\t\t\t\t\t\t\t\t\t<\/div>\n\t\t\t\t<\/div>\n\t\t\t\t\t<\/div>\n\t\t<\/div>\n\t\t\t\t\t<\/div>\n\t\t<\/section>\n\t\t\t\t<\/div>","protected":false},"excerpt":{"rendered":"<p>D\u00e9couvrez la c\u00f4te amalfitaine : un voyage \u00ab divin \u00bb \u00e0 travers la beaut\u00e9 et le patrimoine D\u00e9couvrez la magnifique c\u00f4te amalfitaine, un site class\u00e9 au patrimoine mondial de l\u2019UNESCO, c\u00e9l\u00e9br\u00e9 comme \u00ab la plus belle route du monde \u00bb. Ce tron\u00e7on de 50 kilom\u00e8tres serpente \u00e0 travers les pics calcaires spectaculaires des monts Lattari, offrant des vues incomparables o\u00f9 le ciel embrasse la mer azur \u00e9tincelante. Commencez [\u2026]<\/p>","protected":false},"author":1,"featured_media":0,"parent":0,"menu_order":0,"comment_status":"closed","ping_status":"closed","template":"","meta":{"footnotes":""},"class_list":["post-3196","page","type-page","status-publish","hentry"],"yoast_head":"<!-- This site is optimized with the Yoast SEO Premium plugin v26.8 (Yoast SEO v27.3) - https:\/\/yoast.com\/product\/yoast-seo-premium-wordpress\/ -->\n<title>The Amalfi Coast, a Divine journey - La Guida Sorrento<\/title>\n<meta name=\"description\" content=\"Amalfi Coast private tour: discover the world\u2019s most beautiful road, a UNESCO site with dramatic cliffs, villages and stunning sea views\" \/>\n<meta name=\"robots\" content=\"index, follow, max-snippet:-1, max-image-preview:large, max-video-preview:-1\" \/>\n<link rel=\"canonical\" href=\"https:\/\/www.laguidasorrento.com\/fr\/the-amalfi-coast\/\" \/>\n<meta property=\"og:locale\" content=\"fr_FR\" \/>\n<meta property=\"og:type\" content=\"article\" \/>\n<meta property=\"og:title\" content=\"The Amalfi Coast, a Divine journey\" \/>\n<meta property=\"og:description\" content=\"Amalfi Coast private tour: discover the world\u2019s most beautiful road, a UNESCO site with dramatic cliffs, villages and stunning sea views\" \/>\n<meta property=\"og:url\" content=\"https:\/\/www.laguidasorrento.com\/fr\/the-amalfi-coast\/\" \/>\n<meta property=\"og:site_name\" content=\"La Guida Sorrento\" \/>\n<meta property=\"article:publisher\" content=\"https:\/\/facebook.com\/tourguidesorrento\" \/>\n<meta property=\"article:modified_time\" content=\"2025-08-19T13:41:26+00:00\" \/>\n<meta property=\"og:image\" content=\"https:\/\/www.laguidasorrento.com\/wp-content\/uploads\/2023\/07\/Amalfi-225x300.jpg\" \/>\n<meta name=\"twitter:card\" content=\"summary_large_image\" \/>\n<meta name=\"twitter:label1\" content=\"Dur\u00e9e de lecture estim\u00e9e\" \/>\n\t<meta name=\"twitter:data1\" content=\"3 minutes\" \/>\n<script type=\"application\/ld+json\" class=\"yoast-schema-graph\">{\"@context\":\"https:\\\/\\\/schema.org\",\"@graph\":[{\"@type\":\"WebPage\",\"@id\":\"https:\\\/\\\/www.laguidasorrento.com\\\/the-amalfi-coast\\\/\",\"url\":\"https:\\\/\\\/www.laguidasorrento.com\\\/the-amalfi-coast\\\/\",\"name\":\"The Amalfi Coast, a Divine journey - La Guida Sorrento\",\"isPartOf\":{\"@id\":\"https:\\\/\\\/www.laguidasorrento.com\\\/#website\"},\"primaryImageOfPage\":{\"@id\":\"https:\\\/\\\/www.laguidasorrento.com\\\/the-amalfi-coast\\\/#primaryimage\"},\"image\":{\"@id\":\"https:\\\/\\\/www.laguidasorrento.com\\\/the-amalfi-coast\\\/#primaryimage\"},\"thumbnailUrl\":\"https:\\\/\\\/www.laguidasorrento.com\\\/wp-content\\\/uploads\\\/2023\\\/07\\\/Amalfi-225x300.jpg\",\"datePublished\":\"2023-07-02T21:23:25+00:00\",\"dateModified\":\"2025-08-19T13:41:26+00:00\",\"description\":\"Amalfi Coast private tour: discover the world\u2019s most beautiful road, a UNESCO site with dramatic cliffs, villages and stunning sea views\",\"breadcrumb\":{\"@id\":\"https:\\\/\\\/www.laguidasorrento.com\\\/the-amalfi-coast\\\/#breadcrumb\"},\"inLanguage\":\"fr-FR\",\"potentialAction\":[{\"@type\":\"ReadAction\",\"target\":[\"https:\\\/\\\/www.laguidasorrento.com\\\/the-amalfi-coast\\\/\"]}]},{\"@type\":\"ImageObject\",\"inLanguage\":\"fr-FR\",\"@id\":\"https:\\\/\\\/www.laguidasorrento.com\\\/the-amalfi-coast\\\/#primaryimage\",\"url\":\"https:\\\/\\\/www.laguidasorrento.com\\\/wp-content\\\/uploads\\\/2023\\\/07\\\/Amalfi-225x300.jpg\",\"contentUrl\":\"https:\\\/\\\/www.laguidasorrento.com\\\/wp-content\\\/uploads\\\/2023\\\/07\\\/Amalfi-225x300.jpg\"},{\"@type\":\"BreadcrumbList\",\"@id\":\"https:\\\/\\\/www.laguidasorrento.com\\\/the-amalfi-coast\\\/#breadcrumb\",\"itemListElement\":[{\"@type\":\"ListItem\",\"position\":1,\"name\":\"Home\",\"item\":\"https:\\\/\\\/www.laguidasorrento.com\\\/\"},{\"@type\":\"ListItem\",\"position\":2,\"name\":\"The Amalfi Coast, a Divine journey\"}]},{\"@type\":\"WebSite\",\"@id\":\"https:\\\/\\\/www.laguidasorrento.com\\\/#website\",\"url\":\"https:\\\/\\\/www.laguidasorrento.com\\\/\",\"name\":\"La Guida Sorrento\",\"description\":\"Explore Naples and Beyond\",\"publisher\":{\"@id\":\"https:\\\/\\\/www.laguidasorrento.com\\\/#organization\"},\"potentialAction\":[{\"@type\":\"SearchAction\",\"target\":{\"@type\":\"EntryPoint\",\"urlTemplate\":\"https:\\\/\\\/www.laguidasorrento.com\\\/?s={search_term_string}\"},\"query-input\":{\"@type\":\"PropertyValueSpecification\",\"valueRequired\":true,\"valueName\":\"search_term_string\"}}],\"inLanguage\":\"fr-FR\"},{\"@type\":\"Organization\",\"@id\":\"https:\\\/\\\/www.laguidasorrento.com\\\/#organization\",\"name\":\"La Guida Sorrento\",\"url\":\"https:\\\/\\\/www.laguidasorrento.com\\\/\",\"logo\":{\"@type\":\"ImageObject\",\"inLanguage\":\"fr-FR\",\"@id\":\"https:\\\/\\\/www.laguidasorrento.com\\\/#\\\/schema\\\/logo\\\/image\\\/\",\"url\":\"https:\\\/\\\/www.laguidasorrento.com\\\/wp-content\\\/uploads\\\/2023\\\/02\\\/la_guida_sorrento_logo-e1688335948369.webp\",\"contentUrl\":\"https:\\\/\\\/www.laguidasorrento.com\\\/wp-content\\\/uploads\\\/2023\\\/02\\\/la_guida_sorrento_logo-e1688335948369.webp\",\"width\":1443,\"height\":468,\"caption\":\"La Guida Sorrento\"},\"image\":{\"@id\":\"https:\\\/\\\/www.laguidasorrento.com\\\/#\\\/schema\\\/logo\\\/image\\\/\"},\"sameAs\":[\"https:\\\/\\\/facebook.com\\\/tourguidesorrento\",\"https:\\\/\\\/instagram.com\\\/tourguidesorrento\",\"https:\\\/\\\/linkedin.com\\\/tourguidesorrento\"]}]}<\/script>\n<!-- \/ Yoast SEO Premium plugin. -->","yoast_head_json":{"title":"La c\u00f4te amalfitaine, un voyage divin - La Guida Sorrento","description":"Visite priv\u00e9e de la c\u00f4te amalfitaine : d\u00e9couvrez la plus belle route du monde, un site de l&#039;UNESCO avec des falaises spectaculaires, des villages et une vue imprenable sur la mer","robots":{"index":"index","follow":"follow","max-snippet":"max-snippet:-1","max-image-preview":"max-image-preview:large","max-video-preview":"max-video-preview:-1"},"canonical":"https:\/\/www.laguidasorrento.com\/fr\/the-amalfi-coast\/","og_locale":"fr_FR","og_type":"article","og_title":"The Amalfi Coast, a Divine journey","og_description":"Amalfi Coast private tour: discover the world\u2019s most beautiful road, a UNESCO site with dramatic cliffs, villages and stunning sea views","og_url":"https:\/\/www.laguidasorrento.com\/fr\/the-amalfi-coast\/","og_site_name":"La Guida Sorrento","article_publisher":"https:\/\/facebook.com\/tourguidesorrento","article_modified_time":"2025-08-19T13:41:26+00:00","og_image":[{"url":"https:\/\/www.laguidasorrento.com\/wp-content\/uploads\/2023\/07\/Amalfi-225x300.jpg","type":"","width":"","height":""}],"twitter_card":"summary_large_image","twitter_misc":{"Dur\u00e9e de lecture estim\u00e9e":"3 minutes"},"schema":{"@context":"https:\/\/schema.org","@graph":[{"@type":"WebPage","@id":"https:\/\/www.laguidasorrento.com\/the-amalfi-coast\/","url":"https:\/\/www.laguidasorrento.com\/the-amalfi-coast\/","name":"La c\u00f4te amalfitaine, un voyage divin - La Guida Sorrento","isPartOf":{"@id":"https:\/\/www.laguidasorrento.com\/#website"},"primaryImageOfPage":{"@id":"https:\/\/www.laguidasorrento.com\/the-amalfi-coast\/#primaryimage"},"image":{"@id":"https:\/\/www.laguidasorrento.com\/the-amalfi-coast\/#primaryimage"},"thumbnailUrl":"https:\/\/www.laguidasorrento.com\/wp-content\/uploads\/2023\/07\/Amalfi-225x300.jpg","datePublished":"2023-07-02T21:23:25+00:00","dateModified":"2025-08-19T13:41:26+00:00","description":"Visite priv\u00e9e de la c\u00f4te amalfitaine : d\u00e9couvrez la plus belle route du monde, un site de l&#039;UNESCO avec des falaises spectaculaires, des villages et une vue imprenable sur la mer","breadcrumb":{"@id":"https:\/\/www.laguidasorrento.com\/the-amalfi-coast\/#breadcrumb"},"inLanguage":"fr-FR","potentialAction":[{"@type":"ReadAction","target":["https:\/\/www.laguidasorrento.com\/the-amalfi-coast\/"]}]},{"@type":"ImageObject","inLanguage":"fr-FR","@id":"https:\/\/www.laguidasorrento.com\/the-amalfi-coast\/#primaryimage","url":"https:\/\/www.laguidasorrento.com\/wp-content\/uploads\/2023\/07\/Amalfi-225x300.jpg","contentUrl":"https:\/\/www.laguidasorrento.com\/wp-content\/uploads\/2023\/07\/Amalfi-225x300.jpg"},{"@type":"BreadcrumbList","@id":"https:\/\/www.laguidasorrento.com\/the-amalfi-coast\/#breadcrumb","itemListElement":[{"@type":"ListItem","position":1,"name":"Home","item":"https:\/\/www.laguidasorrento.com\/"},{"@type":"ListItem","position":2,"name":"The Amalfi Coast, a Divine journey"}]},{"@type":"WebSite","@id":"https:\/\/www.laguidasorrento.com\/#website","url":"https:\/\/www.laguidasorrento.com\/","name":"La Guida Sorrente","description":"Explorez Naples et au-del\u00e0","publisher":{"@id":"https:\/\/www.laguidasorrento.com\/#organization"},"potentialAction":[{"@type":"SearchAction","target":{"@type":"EntryPoint","urlTemplate":"https:\/\/www.laguidasorrento.com\/?s={search_term_string}"},"query-input":{"@type":"PropertyValueSpecification","valueRequired":true,"valueName":"search_term_string"}}],"inLanguage":"fr-FR"},{"@type":"Organization","@id":"https:\/\/www.laguidasorrento.com\/#organization","name":"La Guida Sorrente","url":"https:\/\/www.laguidasorrento.com\/","logo":{"@type":"ImageObject","inLanguage":"fr-FR","@id":"https:\/\/www.laguidasorrento.com\/#\/schema\/logo\/image\/","url":"https:\/\/www.laguidasorrento.com\/wp-content\/uploads\/2023\/02\/la_guida_sorrento_logo-e1688335948369.webp","contentUrl":"https:\/\/www.laguidasorrento.com\/wp-content\/uploads\/2023\/02\/la_guida_sorrento_logo-e1688335948369.webp","width":1443,"height":468,"caption":"La Guida Sorrento"},"image":{"@id":"https:\/\/www.laguidasorrento.com\/#\/schema\/logo\/image\/"},"sameAs":["https:\/\/facebook.com\/tourguidesorrento","https:\/\/instagram.com\/tourguidesorrento","https:\/\/linkedin.com\/tourguidesorrento"]}]}},"_links":{"self":[{"href":"https:\/\/www.laguidasorrento.com\/fr\/wp-json\/wp\/v2\/pages\/3196","targetHints":{"allow":["GET"]}}],"collection":[{"href":"https:\/\/www.laguidasorrento.com\/fr\/wp-json\/wp\/v2\/pages"}],"about":[{"href":"https:\/\/www.laguidasorrento.com\/fr\/wp-json\/wp\/v2\/types\/page"}],"author":[{"embeddable":true,"href":"https:\/\/www.laguidasorrento.com\/fr\/wp-json\/wp\/v2\/users\/1"}],"replies":[{"embeddable":true,"href":"https:\/\/www.laguidasorrento.com\/fr\/wp-json\/wp\/v2\/comments?post=3196"}],"version-history":[{"count":39,"href":"https:\/\/www.laguidasorrento.com\/fr\/wp-json\/wp\/v2\/pages\/3196\/revisions"}],"predecessor-version":[{"id":6966,"href":"https:\/\/www.laguidasorrento.com\/fr\/wp-json\/wp\/v2\/pages\/3196\/revisions\/6966"}],"wp:attachment":[{"href":"https:\/\/www.laguidasorrento.com\/fr\/wp-json\/wp\/v2\/media?parent=3196"}],"curies":[{"name":"wp","href":"https:\/\/api.w.org\/{rel}","templated":true}]}}