{"id":3206,"date":"2023-07-02T23:37:24","date_gmt":"2023-07-02T21:37:24","guid":{"rendered":"https:\/\/www.laguidasorrento.com\/?page_id=3206"},"modified":"2025-08-19T15:49:20","modified_gmt":"2025-08-19T13:49:20","slug":"capri-la-dolce-vita","status":"publish","type":"page","link":"https:\/\/www.laguidasorrento.com\/fr\/capri-la-dolce-vita\/","title":{"rendered":"Capri, la dolce vita"},"content":{"rendered":"<p><strong>Nich\u00e9e au c\u0153ur de la mer Tyrrh\u00e9nienne, Capri attire les visiteurs bien avant qu&#039;ils n&#039;atteignent ses rivages pittoresques.<\/strong>.<\/p>\n<p>Cette \u00eele enchanteresse, situ\u00e9e \u00e0 quelques pas de la c\u00f4te de Sorrente, a un charme tout simplement fascinant.<\/p>\n<p>Dans l\u2019Antiquit\u00e9, m\u00eame les empereurs romains Auguste et Tib\u00e8re \u00e9taient captiv\u00e9s par la mystique de Capri. Auguste \u00e9tait tellement amoureux de l&#039;\u00eele qu&#039;il envisagea de l&#039;\u00e9changer contre Ischia. Pendant ce temps, Tib\u00e8re choisit Capri comme lieu d&#039;exil volontaire, d&#039;o\u00f9 il continua \u00e0 gouverner le vaste empire romain.<\/p>\n<p><strong>Capri est divis\u00e9e en deux charmantes villes : Anacapri et Capri.<\/strong><\/p>\n<p><strong>Anacapri<\/strong>, perch\u00e9e dans les hauteurs de l&#039;\u00eele et domin\u00e9e par le majestueux mont Solaro, est un havre de merveilles naturelles et architecturales. Ici, vous pouvez explorer le fascinant <strong>Villa San Michele<\/strong>, l&#039;ancienne r\u00e9sidence du m\u00e9decin su\u00e9dois <strong>Axel Munthe<\/strong>, aujourd&#039;hui transform\u00e9 en mus\u00e9e. La l\u00e9gende de la c\u00e9l\u00e8bre cloche de Capri, symbole de bonheur et de chance, trouverait ici son origine.<\/p>\n<p>Une agr\u00e9able promenade vous emm\u00e8ne au \u00ab<strong>Porte de la Diff\u00e9rence,<\/strong>&quot; une ancienne porte m\u00e9di\u00e9vale d&#039;o\u00f9 l&#039;on <strong>Pas ph\u00e9niciens<\/strong>, compos\u00e9 de 921 \u00e9tapes, commence. Dans l\u2019Antiquit\u00e9, c\u2019\u00e9tait le seul lien entre Capri et Anacapri. Aujourd&#039;hui, il offre un itin\u00e9raire alternatif \u00e0 couper le souffle aux amateurs d&#039;aventure et de randonn\u00e9e, offrant des vues panoramiques sur la baie de Naples et la c\u00f4te de Sorrente.<\/p>\n<p>Avant de descendre \u00e0 Capri, visite du magnifique <strong>\u00c9glise Saint-Michel<\/strong> est un incontournable. Ici, vous pourrez admirer une repr\u00e9sentation du \u00ab Jardin d&#039;Eden \u00bb repr\u00e9sent\u00e9 sur le <strong>Sol carrel\u00e9 en majolique<\/strong>.<\/p>\n<p>Le c\u0153ur de Capri est le c\u00e9l\u00e8bre <strong>Piazzetta<\/strong>, une plaque tournante de caf\u00e9s \u00ab\u00a0chic\u00a0\u00bb et de boutiques \u00e0 la mode qui d\u00e9gagent une atmosph\u00e8re de dolce vita. En vous promenant dans les rues \u00e9troites de l&#039;\u00eele, c\u00e9l\u00e8bres pour leurs boutiques chics et leurs h\u00f4tels luxueux, vous d\u00e9couvrirez des sites enchanteurs.<\/p>\n<p>Explore le <strong>Jardins d&#039;Auguste<\/strong>, jardins en terrasses surplombant l&#039;embl\u00e9matique <strong>Rochers Faraglioni,<\/strong> et la sinueuse Via Krupp. Ne manquez pas le <strong>Chartreuse de San Giacomo<\/strong>, o\u00f9, selon la l\u00e9gende, des moines cr\u00e9\u00e8rent par inadvertance le premier parfum de l&#039;\u00eele pour la souveraine Jeanne d&#039;Anjou. Aujourd\u2019hui encore, ces parfums exquis restent l\u2019un des tr\u00e9sors les plus pr\u00e9cieux de l\u2019\u00eele.<\/p>\n<p>Aucune visite \u00e0 Capri n&#039;est compl\u00e8te sans observer l&#039;\u00eele depuis la mer lors d&#039;un <strong>excursion romantique en bateau<\/strong>. Capri a bien plus \u00e0 r\u00e9v\u00e9ler, des baies cach\u00e9es et des vues spectaculaires aux grottes captivantes comme la c\u00e9l\u00e8bre <strong>Grotte Bleue<\/strong>. Un moment particuli\u00e8rement romantique vous attend lors de votre travers\u00e9e du <strong>\u00ab Faraglione di Mezzo<\/strong>\u00bb, o\u00f9 un baiser symbolise une promesse d\u2019amour \u00e9ternel.<\/p>\n<p>Pour les passionn\u00e9s de cuisine, Capri ne d\u00e9\u00e7oit pas. Offrez-vous des d\u00e9lices authentiques comme<strong> Raviolis Capr\u00e9s<\/strong>j&#039;ai assaisonn\u00e9 de marjolaine et savour\u00e9 un verre de <strong>Limoncello<\/strong>, une liqueur l\u00e9gendaire originaire de l&#039;\u00eele.<\/p>\n<p>Et si vous pensez que tout cela ne suffit pas, d\u00e9couvrez Capri la nuit. Comme la plus \u00e9l\u00e9gante des femmes, Capri \u00e9blouit dans sa robe de soir\u00e9e. <strong>Voir c&#039;est croire!<\/strong><\/p>\n<p><strong>UN<\/strong><strong>\u00cates-vous pr\u00eat \u00e0 vous lancer dans ce voyage inoubliable en r\u00e9servant une visite guid\u00e9e avec moi ?<\/strong><\/p>\n<p>\u00a0<\/p>\n<p>\t\t\t\t\t\t\t\t\t\t\t\t\t\t\t<img loading=\"lazy\" decoding=\"async\" width=\"640\" height=\"480\" src=\"https:\/\/www.laguidasorrento.com\/wp-content\/uploads\/2023\/04\/77db7e95-7aa5-4594-bd6a-58de4d0e0f00-1024x768.jpg\" alt=\"Natalia_Fiorentino_LaguidaSorrento\" \/><\/p>","protected":false},"excerpt":{"rendered":"<p>Nich\u00e9e au c\u0153ur de la mer Tyrrh\u00e9nienne, Capri attire les visiteurs bien avant qu&#039;ils n&#039;atteignent ses rivages pittoresques. Cette \u00eele enchanteresse, situ\u00e9e \u00e0 quelques pas de la c\u00f4te de Sorrente, a un charme tout simplement fascinant. Dans l\u2019Antiquit\u00e9, m\u00eame les empereurs romains Auguste et Tib\u00e8re \u00e9taient captiv\u00e9s par la mystique de [\u2026]<\/p>","protected":false},"author":1,"featured_media":3363,"parent":0,"menu_order":0,"comment_status":"closed","ping_status":"closed","template":"","meta":{"footnotes":""},"class_list":["post-3206","page","type-page","status-publish","has-post-thumbnail","hentry"],"yoast_head":"<!-- This site is optimized with the Yoast SEO Premium plugin v26.8 (Yoast SEO v27.3) - https:\/\/yoast.com\/product\/yoast-seo-premium-wordpress\/ -->\n<title>Capri Private Tour with Expert Guide<\/title>\n<meta name=\"description\" content=\"Exclusive Capri private tours with a private guide. Explore the iconic places, breathtaking views and authentic stories of the island!\" \/>\n<meta name=\"robots\" content=\"index, follow, max-snippet:-1, max-image-preview:large, max-video-preview:-1\" \/>\n<link rel=\"canonical\" href=\"https:\/\/www.laguidasorrento.com\/fr\/capri-la-dolce-vita\/\" \/>\n<meta property=\"og:locale\" content=\"fr_FR\" \/>\n<meta property=\"og:type\" content=\"article\" \/>\n<meta property=\"og:title\" content=\"Capri, La Dolce Vita\" \/>\n<meta property=\"og:description\" content=\"Exclusive Capri private tours with a private guide. Explore the iconic places, breathtaking views and authentic stories of the island!\" \/>\n<meta property=\"og:url\" content=\"https:\/\/www.laguidasorrento.com\/fr\/capri-la-dolce-vita\/\" \/>\n<meta property=\"og:site_name\" content=\"La Guida Sorrento\" \/>\n<meta property=\"article:publisher\" content=\"https:\/\/facebook.com\/tourguidesorrento\" \/>\n<meta property=\"article:modified_time\" content=\"2025-08-19T13:49:20+00:00\" \/>\n<meta property=\"og:image\" content=\"https:\/\/www.laguidasorrento.com\/wp-content\/uploads\/2023\/04\/Capri.jpg\" \/>\n\t<meta property=\"og:image:width\" content=\"1920\" \/>\n\t<meta property=\"og:image:height\" content=\"1200\" \/>\n\t<meta property=\"og:image:type\" content=\"image\/jpeg\" \/>\n<meta name=\"twitter:card\" content=\"summary_large_image\" \/>\n<meta name=\"twitter:label1\" content=\"Dur\u00e9e de lecture estim\u00e9e\" \/>\n\t<meta name=\"twitter:data1\" content=\"4 minutes\" \/>\n<script type=\"application\/ld+json\" class=\"yoast-schema-graph\">{\"@context\":\"https:\\\/\\\/schema.org\",\"@graph\":[{\"@type\":\"WebPage\",\"@id\":\"https:\\\/\\\/www.laguidasorrento.com\\\/capri-la-dolce-vita\\\/\",\"url\":\"https:\\\/\\\/www.laguidasorrento.com\\\/capri-la-dolce-vita\\\/\",\"name\":\"Capri Private Tour with Expert Guide\",\"isPartOf\":{\"@id\":\"https:\\\/\\\/www.laguidasorrento.com\\\/#website\"},\"primaryImageOfPage\":{\"@id\":\"https:\\\/\\\/www.laguidasorrento.com\\\/capri-la-dolce-vita\\\/#primaryimage\"},\"image\":{\"@id\":\"https:\\\/\\\/www.laguidasorrento.com\\\/capri-la-dolce-vita\\\/#primaryimage\"},\"thumbnailUrl\":\"https:\\\/\\\/www.laguidasorrento.com\\\/wp-content\\\/uploads\\\/2023\\\/04\\\/Capri.jpg\",\"datePublished\":\"2023-07-02T21:37:24+00:00\",\"dateModified\":\"2025-08-19T13:49:20+00:00\",\"description\":\"Exclusive Capri private tours with a private guide. Explore the iconic places, breathtaking views and authentic stories of the island!\",\"breadcrumb\":{\"@id\":\"https:\\\/\\\/www.laguidasorrento.com\\\/capri-la-dolce-vita\\\/#breadcrumb\"},\"inLanguage\":\"fr-FR\",\"potentialAction\":[{\"@type\":\"ReadAction\",\"target\":[\"https:\\\/\\\/www.laguidasorrento.com\\\/capri-la-dolce-vita\\\/\"]}]},{\"@type\":\"ImageObject\",\"inLanguage\":\"fr-FR\",\"@id\":\"https:\\\/\\\/www.laguidasorrento.com\\\/capri-la-dolce-vita\\\/#primaryimage\",\"url\":\"https:\\\/\\\/www.laguidasorrento.com\\\/wp-content\\\/uploads\\\/2023\\\/04\\\/Capri.jpg\",\"contentUrl\":\"https:\\\/\\\/www.laguidasorrento.com\\\/wp-content\\\/uploads\\\/2023\\\/04\\\/Capri.jpg\",\"width\":1920,\"height\":1200,\"caption\":\"Faraglioni\"},{\"@type\":\"BreadcrumbList\",\"@id\":\"https:\\\/\\\/www.laguidasorrento.com\\\/capri-la-dolce-vita\\\/#breadcrumb\",\"itemListElement\":[{\"@type\":\"ListItem\",\"position\":1,\"name\":\"Home\",\"item\":\"https:\\\/\\\/www.laguidasorrento.com\\\/\"},{\"@type\":\"ListItem\",\"position\":2,\"name\":\"Capri, La Dolce Vita\"}]},{\"@type\":\"WebSite\",\"@id\":\"https:\\\/\\\/www.laguidasorrento.com\\\/#website\",\"url\":\"https:\\\/\\\/www.laguidasorrento.com\\\/\",\"name\":\"La Guida Sorrento\",\"description\":\"Explore Naples and Beyond\",\"publisher\":{\"@id\":\"https:\\\/\\\/www.laguidasorrento.com\\\/#organization\"},\"potentialAction\":[{\"@type\":\"SearchAction\",\"target\":{\"@type\":\"EntryPoint\",\"urlTemplate\":\"https:\\\/\\\/www.laguidasorrento.com\\\/?s={search_term_string}\"},\"query-input\":{\"@type\":\"PropertyValueSpecification\",\"valueRequired\":true,\"valueName\":\"search_term_string\"}}],\"inLanguage\":\"fr-FR\"},{\"@type\":\"Organization\",\"@id\":\"https:\\\/\\\/www.laguidasorrento.com\\\/#organization\",\"name\":\"La Guida Sorrento\",\"url\":\"https:\\\/\\\/www.laguidasorrento.com\\\/\",\"logo\":{\"@type\":\"ImageObject\",\"inLanguage\":\"fr-FR\",\"@id\":\"https:\\\/\\\/www.laguidasorrento.com\\\/#\\\/schema\\\/logo\\\/image\\\/\",\"url\":\"https:\\\/\\\/www.laguidasorrento.com\\\/wp-content\\\/uploads\\\/2023\\\/02\\\/la_guida_sorrento_logo-e1688335948369.webp\",\"contentUrl\":\"https:\\\/\\\/www.laguidasorrento.com\\\/wp-content\\\/uploads\\\/2023\\\/02\\\/la_guida_sorrento_logo-e1688335948369.webp\",\"width\":1443,\"height\":468,\"caption\":\"La Guida Sorrento\"},\"image\":{\"@id\":\"https:\\\/\\\/www.laguidasorrento.com\\\/#\\\/schema\\\/logo\\\/image\\\/\"},\"sameAs\":[\"https:\\\/\\\/facebook.com\\\/tourguidesorrento\",\"https:\\\/\\\/instagram.com\\\/tourguidesorrento\",\"https:\\\/\\\/linkedin.com\\\/tourguidesorrento\"]}]}<\/script>\n<!-- \/ Yoast SEO Premium plugin. -->","yoast_head_json":{"title":"Visite priv\u00e9e de Capri avec guide expert","description":"Visites priv\u00e9es exclusives de Capri avec un guide priv\u00e9. Explorez les lieux embl\u00e9matiques, les panoramas \u00e0 couper le souffle et les histoires authentiques de l&#039;\u00eele !","robots":{"index":"index","follow":"follow","max-snippet":"max-snippet:-1","max-image-preview":"max-image-preview:large","max-video-preview":"max-video-preview:-1"},"canonical":"https:\/\/www.laguidasorrento.com\/fr\/capri-la-dolce-vita\/","og_locale":"fr_FR","og_type":"article","og_title":"Capri, La Dolce Vita","og_description":"Exclusive Capri private tours with a private guide. Explore the iconic places, breathtaking views and authentic stories of the island!","og_url":"https:\/\/www.laguidasorrento.com\/fr\/capri-la-dolce-vita\/","og_site_name":"La Guida Sorrento","article_publisher":"https:\/\/facebook.com\/tourguidesorrento","article_modified_time":"2025-08-19T13:49:20+00:00","og_image":[{"width":1920,"height":1200,"url":"https:\/\/www.laguidasorrento.com\/wp-content\/uploads\/2023\/04\/Capri.jpg","type":"image\/jpeg"}],"twitter_card":"summary_large_image","twitter_misc":{"Dur\u00e9e de lecture estim\u00e9e":"4 minutes"},"schema":{"@context":"https:\/\/schema.org","@graph":[{"@type":"WebPage","@id":"https:\/\/www.laguidasorrento.com\/capri-la-dolce-vita\/","url":"https:\/\/www.laguidasorrento.com\/capri-la-dolce-vita\/","name":"Visite priv\u00e9e de Capri avec guide expert","isPartOf":{"@id":"https:\/\/www.laguidasorrento.com\/#website"},"primaryImageOfPage":{"@id":"https:\/\/www.laguidasorrento.com\/capri-la-dolce-vita\/#primaryimage"},"image":{"@id":"https:\/\/www.laguidasorrento.com\/capri-la-dolce-vita\/#primaryimage"},"thumbnailUrl":"https:\/\/www.laguidasorrento.com\/wp-content\/uploads\/2023\/04\/Capri.jpg","datePublished":"2023-07-02T21:37:24+00:00","dateModified":"2025-08-19T13:49:20+00:00","description":"Visites priv\u00e9es exclusives de Capri avec un guide priv\u00e9. Explorez les lieux embl\u00e9matiques, les panoramas \u00e0 couper le souffle et les histoires authentiques de l&#039;\u00eele !","breadcrumb":{"@id":"https:\/\/www.laguidasorrento.com\/capri-la-dolce-vita\/#breadcrumb"},"inLanguage":"fr-FR","potentialAction":[{"@type":"ReadAction","target":["https:\/\/www.laguidasorrento.com\/capri-la-dolce-vita\/"]}]},{"@type":"ImageObject","inLanguage":"fr-FR","@id":"https:\/\/www.laguidasorrento.com\/capri-la-dolce-vita\/#primaryimage","url":"https:\/\/www.laguidasorrento.com\/wp-content\/uploads\/2023\/04\/Capri.jpg","contentUrl":"https:\/\/www.laguidasorrento.com\/wp-content\/uploads\/2023\/04\/Capri.jpg","width":1920,"height":1200,"caption":"Faraglioni"},{"@type":"BreadcrumbList","@id":"https:\/\/www.laguidasorrento.com\/capri-la-dolce-vita\/#breadcrumb","itemListElement":[{"@type":"ListItem","position":1,"name":"Home","item":"https:\/\/www.laguidasorrento.com\/"},{"@type":"ListItem","position":2,"name":"Capri, La Dolce Vita"}]},{"@type":"WebSite","@id":"https:\/\/www.laguidasorrento.com\/#website","url":"https:\/\/www.laguidasorrento.com\/","name":"La Guida Sorrente","description":"Explorez Naples et au-del\u00e0","publisher":{"@id":"https:\/\/www.laguidasorrento.com\/#organization"},"potentialAction":[{"@type":"SearchAction","target":{"@type":"EntryPoint","urlTemplate":"https:\/\/www.laguidasorrento.com\/?s={search_term_string}"},"query-input":{"@type":"PropertyValueSpecification","valueRequired":true,"valueName":"search_term_string"}}],"inLanguage":"fr-FR"},{"@type":"Organization","@id":"https:\/\/www.laguidasorrento.com\/#organization","name":"La Guida Sorrente","url":"https:\/\/www.laguidasorrento.com\/","logo":{"@type":"ImageObject","inLanguage":"fr-FR","@id":"https:\/\/www.laguidasorrento.com\/#\/schema\/logo\/image\/","url":"https:\/\/www.laguidasorrento.com\/wp-content\/uploads\/2023\/02\/la_guida_sorrento_logo-e1688335948369.webp","contentUrl":"https:\/\/www.laguidasorrento.com\/wp-content\/uploads\/2023\/02\/la_guida_sorrento_logo-e1688335948369.webp","width":1443,"height":468,"caption":"La Guida Sorrento"},"image":{"@id":"https:\/\/www.laguidasorrento.com\/#\/schema\/logo\/image\/"},"sameAs":["https:\/\/facebook.com\/tourguidesorrento","https:\/\/instagram.com\/tourguidesorrento","https:\/\/linkedin.com\/tourguidesorrento"]}]}},"_links":{"self":[{"href":"https:\/\/www.laguidasorrento.com\/fr\/wp-json\/wp\/v2\/pages\/3206","targetHints":{"allow":["GET"]}}],"collection":[{"href":"https:\/\/www.laguidasorrento.com\/fr\/wp-json\/wp\/v2\/pages"}],"about":[{"href":"https:\/\/www.laguidasorrento.com\/fr\/wp-json\/wp\/v2\/types\/page"}],"author":[{"embeddable":true,"href":"https:\/\/www.laguidasorrento.com\/fr\/wp-json\/wp\/v2\/users\/1"}],"replies":[{"embeddable":true,"href":"https:\/\/www.laguidasorrento.com\/fr\/wp-json\/wp\/v2\/comments?post=3206"}],"version-history":[{"count":16,"href":"https:\/\/www.laguidasorrento.com\/fr\/wp-json\/wp\/v2\/pages\/3206\/revisions"}],"predecessor-version":[{"id":3860,"href":"https:\/\/www.laguidasorrento.com\/fr\/wp-json\/wp\/v2\/pages\/3206\/revisions\/3860"}],"wp:featuredmedia":[{"embeddable":true,"href":"https:\/\/www.laguidasorrento.com\/fr\/wp-json\/wp\/v2\/media\/3363"}],"wp:attachment":[{"href":"https:\/\/www.laguidasorrento.com\/fr\/wp-json\/wp\/v2\/media?parent=3206"}],"curies":[{"name":"wp","href":"https:\/\/api.w.org\/{rel}","templated":true}]}}