{"id":3214,"date":"2023-07-02T23:47:57","date_gmt":"2023-07-02T21:47:57","guid":{"rendered":"https:\/\/www.laguidasorrento.com\/?page_id=3214"},"modified":"2025-08-19T15:08:23","modified_gmt":"2025-08-19T13:08:23","slug":"contact-me","status":"publish","type":"page","link":"https:\/\/www.laguidasorrento.com\/fr\/contact-me\/","title":{"rendered":"Contactez-moi"},"content":{"rendered":"<div data-elementor-type=\"wp-page\" data-elementor-id=\"3214\" class=\"elementor elementor-3214\">\n\t\t\t\t\t\t<section class=\"elementor-section elementor-top-section elementor-element elementor-element-9322498 elementor-section-boxed elementor-section-height-default elementor-section-height-default\" data-id=\"9322498\" data-element_type=\"section\">\n\t\t\t\t\t\t<div class=\"elementor-container elementor-column-gap-default\">\n\t\t\t\t\t<div class=\"elementor-column elementor-col-100 elementor-top-column elementor-element elementor-element-a037de3\" data-id=\"a037de3\" data-element_type=\"column\">\n\t\t\t<div class=\"elementor-widget-wrap elementor-element-populated\">\n\t\t\t\t\t\t<div class=\"elementor-element elementor-element-fb3b9f4 elementor-widget__width-initial elementor-widget elementor-widget-text-editor\" data-id=\"fb3b9f4\" data-element_type=\"widget\" data-widget_type=\"text-editor.default\">\n\t\t\t\t<div class=\"elementor-widget-container\">\n\t\t\t\t\t\t\t\t\t<h2 style=\"font-size: 1.1rem; color: grey;\"><strong>Exp\u00e9riences uniques \u00e0 Naples, Pomp\u00e9i et sur la c\u00f4te amalfitaine<\/strong><\/h2><p>Plongez dans le <strong>\u00e2me vibrante de Naples,<\/strong> o\u00f9 chaque ruelle raconte une histoire. Promenez-vous dans <strong>UNESCO<\/strong>-le centre historique class\u00e9 et les quartiers espagnols anim\u00e9s, o\u00f9 l&#039;ar\u00f4me des p\u00e2tisseries fra\u00eechement cuites <strong><em data-start=\"618\" data-end=\"632\">sfogliatelles<\/em> <\/strong>Se m\u00eale aux rythmes anim\u00e9s de la vie quotidienne napolitaine. D\u00e9couvrez une ville riche en art, en histoire et en culture gr\u00e2ce \u00e0 une visite guid\u00e9e de qualit\u00e9, encadr\u00e9e par des experts.<\/p><p><strong>Remontez le temps sur les sites arch\u00e9ologiques de renomm\u00e9e mondiale de Pomp\u00e9i et d&#039;Herculanum<\/strong>, o\u00f9 la vie romaine fut instantan\u00e9ment interrompue par l&#039;\u00e9ruption du V\u00e9suve. Explorez ces villes antiques avec un guide agr\u00e9\u00e9 qui donnera vie \u00e0 leurs histoires dramatiques, rendant l&#039;histoire tangible, captivante et inoubliable.<\/p><p data-start=\"1101\" data-end=\"1374\">Laissez le <strong>C\u00f4te amalfitaine, Sorrente et Capri<\/strong> vous enchanteront avec leurs falaises spectaculaires, leurs villages pittoresques et leurs eaux turquoise.<\/p><p data-start=\"1101\" data-end=\"1374\">Go\u00fbtez aux saveurs authentiques du sud de l&#039;Italie, rencontrez des artisans locaux et d\u00e9couvrez la beaut\u00e9 \u00e9poustouflante qui captive les voyageurs depuis des si\u00e8cles.<\/p><p data-start=\"1376\" data-end=\"1540\">Avec un guide agr\u00e9\u00e9 et multilingue \u00e0 vos c\u00f4t\u00e9s, chaque \u00e9tape de votre voyage devient significative, \u00e9labor\u00e9e avec passion, expertise et une connaissance approfondie de la r\u00e9gion.<\/p>\t\t\t\t\t\t\t\t<\/div>\n\t\t\t\t<\/div>\n\t\t\t\t\t<\/div>\n\t\t<\/div>\n\t\t\t\t\t<\/div>\n\t\t<\/section>\n\t\t\t\t<section class=\"elementor-section elementor-top-section elementor-element elementor-element-cbac1aa elementor-section-boxed elementor-section-height-default elementor-section-height-default\" data-id=\"cbac1aa\" data-element_type=\"section\">\n\t\t\t\t\t\t<div class=\"elementor-container elementor-column-gap-default\">\n\t\t\t\t\t<div class=\"elementor-column elementor-col-100 elementor-top-column elementor-element elementor-element-46f57fa\" data-id=\"46f57fa\" data-element_type=\"column\">\n\t\t\t<div class=\"elementor-widget-wrap elementor-element-populated\">\n\t\t\t\t\t\t<div class=\"elementor-element elementor-element-a53d79e elementor-widget elementor-widget-text-editor\" data-id=\"a53d79e\" data-element_type=\"widget\" data-widget_type=\"text-editor.default\">\n\t\t\t\t<div class=\"elementor-widget-container\">\n\t\t\t\t\t\t\t\t\t<h2 style=\"font-size: 1.1rem; color: grey;\"><strong style=\"font-size: 1rem;\" data-start=\"1547\" data-end=\"1586\">Visites priv\u00e9es avec une touche personnelle<\/strong><\/h2><p data-start=\"1588\" data-end=\"1767\">Planifier le voyage parfait \u00e0 <strong>Sorrente<\/strong>, <strong>Naples<\/strong>, ou le <strong>Amalfi<\/strong> La c\u00f4te peut sembler intimidante, mais ce n&#039;est pas forc\u00e9ment le cas. Oubliez le stress des itin\u00e9raires compliqu\u00e9s et des recherches interminables.<\/p><p data-start=\"1769\" data-end=\"2044\">En tant que guide touristique certifi\u00e9 et professionnel de confiance, je propose des exp\u00e9riences priv\u00e9es organis\u00e9es con\u00e7ues pour le confort, la profondeur et la d\u00e9couverte.<\/p><p data-start=\"1769\" data-end=\"2044\">Que vous exploriez des ruines antiques, des villes anim\u00e9es ou des joyaux c\u00f4tiers, je m&#039;assure que chaque moment est fluide, personnalis\u00e9 et inoubliable.<\/p><p data-start=\"2046\" data-end=\"2199\">Dans un paysage touristique o\u00f9 le professionnalisme peut \u00eatre incertain, je fournis un service fiable et enti\u00e8rement conforme aux normes de qualit\u00e9 et de soins les plus \u00e9lev\u00e9es.<\/p><p data-start=\"2201\" data-end=\"2261\"><strong data-start=\"2201\" data-end=\"2261\">D\u00e9tendez-vous et profitez de votre voyage, je m&#039;occupe du reste !<\/strong><\/p>\t\t\t\t\t\t\t\t<\/div>\n\t\t\t\t<\/div>\n\t\t\t\t\t<\/div>\n\t\t<\/div>\n\t\t\t\t\t<\/div>\n\t\t<\/section>\n\t\t\t\t<section class=\"elementor-section elementor-top-section elementor-element elementor-element-16dda56 elementor-section-boxed elementor-section-height-default elementor-section-height-default\" data-id=\"16dda56\" data-element_type=\"section\">\n\t\t\t\t\t\t<div class=\"elementor-container elementor-column-gap-default\">\n\t\t\t\t\t<div class=\"elementor-column elementor-col-33 elementor-top-column elementor-element elementor-element-069d0d5\" data-id=\"069d0d5\" data-element_type=\"column\">\n\t\t\t<div class=\"elementor-widget-wrap elementor-element-populated\">\n\t\t\t\t\t\t<div class=\"elementor-element elementor-element-5789420 elementor-widget__width-initial elementor-widget elementor-widget-image\" data-id=\"5789420\" data-element_type=\"widget\" data-widget_type=\"image.default\">\n\t\t\t\t<div class=\"elementor-widget-container\">\n\t\t\t\t\t\t\t\t\t\t\t\t\t\t\t\t<a href=\"mailto:info@laguidasorrento.com\">\n\t\t\t\t\t\t\t<img decoding=\"async\" src=\"https:\/\/www.laguidasorrento.com\/wp-content\/uploads\/elementor\/thumbs\/email-icon-q8u99r8iq8uziq5mssp5w9280k3gqerixuq652nzxq.png\" title=\"ic\u00f4ne de courrier \u00e9lectronique\" alt=\"email-icon\" loading=\"lazy\" \/>\t\t\t\t\t\t\t\t<\/a>\n\t\t\t\t\t\t\t\t\t\t\t\t\t\t\t<\/div>\n\t\t\t\t<\/div>\n\t\t\t\t<div class=\"elementor-element elementor-element-00f6076 elementor-widget elementor-widget-text-editor\" data-id=\"00f6076\" data-element_type=\"widget\" data-widget_type=\"text-editor.default\">\n\t\t\t\t<div class=\"elementor-widget-container\">\n\t\t\t\t\t\t\t\t\t<h5 class=\"vc_custom_heading wpb_animate_when_almost_visible wpb_slideInUp slideInUp wpb_start_animation animated\" style=\"text-align: center;\"><span style=\"color: #000030;\">E-mail<\/span><\/h5><h5 class=\"vc_custom_heading wpb_animate_when_almost_visible wpb_slideInUp slideInUp wpb_start_animation animated\" style=\"text-align: center;\"><span style=\"color: #3366ff;\">laguidasorrento@gmail.com<\/span><\/h5>\t\t\t\t\t\t\t\t<\/div>\n\t\t\t\t<\/div>\n\t\t\t\t\t<\/div>\n\t\t<\/div>\n\t\t\t\t<div class=\"elementor-column elementor-col-33 elementor-top-column elementor-element elementor-element-93beb10\" data-id=\"93beb10\" data-element_type=\"column\">\n\t\t\t<div class=\"elementor-widget-wrap elementor-element-populated\">\n\t\t\t\t\t\t<div class=\"elementor-element elementor-element-40d4a26 elementor-widget elementor-widget-image\" data-id=\"40d4a26\" data-element_type=\"widget\" data-widget_type=\"image.default\">\n\t\t\t\t<div class=\"elementor-widget-container\">\n\t\t\t\t\t\t\t\t\t\t\t\t\t\t\t\t<a href=\"https:\/\/wa.me\/+393387055548\">\n\t\t\t\t\t\t\t<img decoding=\"async\" src=\"https:\/\/www.laguidasorrento.com\/wp-content\/uploads\/elementor\/thumbs\/vettore-dell-icona-di-logo-whatsapp-con-l-illustrazione-progettazione-pendenza-su-fondo-bianco-146098362-q8u99e2s2kcz06oqxn0dxcdrp5wbqnba81ldf77icu.jpg\" title=\"vetore-dell-icona-di-logo-whatsapp-con-l-illustrazione-progettazione-pendenza-su-fondo-bianco-146098362\" alt=\"vettore-dell-icona-di-logo-whatsapp-con-l-illustrazione-progettazione-pendenza-su-fondo-bianco-146098362\" loading=\"lazy\" \/>\t\t\t\t\t\t\t\t<\/a>\n\t\t\t\t\t\t\t\t\t\t\t\t\t\t\t<\/div>\n\t\t\t\t<\/div>\n\t\t\t\t<div class=\"elementor-element elementor-element-9c7f5fe elementor-widget elementor-widget-text-editor\" data-id=\"9c7f5fe\" data-element_type=\"widget\" data-widget_type=\"text-editor.default\">\n\t\t\t\t<div class=\"elementor-widget-container\">\n\t\t\t\t\t\t\t\t\t<h5 class=\"vc_custom_heading wpb_animate_when_almost_visible wpb_slideInUp slideInUp wpb_start_animation animated\" style=\"text-align: center;\"><span style=\"color: #000030;\">WhatsApp Business<\/span><\/h5><h5 class=\"vc_custom_heading wpb_animate_when_almost_visible wpb_slideInUp slideInUp wpb_start_animation animated\" style=\"text-align: center;\"><a title=\"https:\/\/wa.me\/+393387055548\" href=\"https:\/\/wa.me\/+393387055548\"><span style=\"color: #000030;\">https:\/\/wa.me\/+393387055548<\/span><\/a><\/h5>\t\t\t\t\t\t\t\t<\/div>\n\t\t\t\t<\/div>\n\t\t\t\t\t<\/div>\n\t\t<\/div>\n\t\t\t\t<div class=\"elementor-column elementor-col-33 elementor-top-column elementor-element elementor-element-47b45a5\" data-id=\"47b45a5\" data-element_type=\"column\">\n\t\t\t<div class=\"elementor-widget-wrap elementor-element-populated\">\n\t\t\t\t\t\t<div class=\"elementor-element elementor-element-c3b9ce3 elementor-widget elementor-widget-spacer\" data-id=\"c3b9ce3\" data-element_type=\"widget\" data-widget_type=\"spacer.default\">\n\t\t\t\t<div class=\"elementor-widget-container\">\n\t\t\t\t\t\t\t<div class=\"elementor-spacer\">\n\t\t\t<div class=\"elementor-spacer-inner\"><\/div>\n\t\t<\/div>\n\t\t\t\t\t\t<\/div>\n\t\t\t\t<\/div>\n\t\t\t\t\t<\/div>\n\t\t<\/div>\n\t\t\t\t\t<\/div>\n\t\t<\/section>\n\t\t\t\t<section class=\"elementor-section elementor-top-section elementor-element elementor-element-1a2f88c elementor-section-boxed elementor-section-height-default elementor-section-height-default\" data-id=\"1a2f88c\" data-element_type=\"section\">\n\t\t\t\t\t\t<div class=\"elementor-container elementor-column-gap-default\">\n\t\t\t\t\t<div class=\"elementor-column elementor-col-100 elementor-top-column elementor-element elementor-element-5e4edf9\" data-id=\"5e4edf9\" data-element_type=\"column\">\n\t\t\t<div class=\"elementor-widget-wrap\">\n\t\t\t\t\t\t\t<\/div>\n\t\t<\/div>\n\t\t\t\t\t<\/div>\n\t\t<\/section>\n\t\t\t\t<section class=\"elementor-section elementor-top-section elementor-element elementor-element-9eb40c9 elementor-section-boxed elementor-section-height-default elementor-section-height-default\" data-id=\"9eb40c9\" data-element_type=\"section\">\n\t\t\t\t\t\t<div class=\"elementor-container elementor-column-gap-default\">\n\t\t\t\t\t<div class=\"elementor-column elementor-col-100 elementor-top-column elementor-element elementor-element-78a11cf\" data-id=\"78a11cf\" data-element_type=\"column\">\n\t\t\t<div class=\"elementor-widget-wrap elementor-element-populated\">\n\t\t\t\t\t\t<div class=\"elementor-element elementor-element-42d4e66 elementor-widget elementor-widget-video\" data-id=\"42d4e66\" data-element_type=\"widget\" data-settings=\"{&quot;youtube_url&quot;:&quot;https:\\\/\\\/www.youtube.com\\\/watch?v=qJu0qzTCeug&quot;,&quot;video_type&quot;:&quot;youtube&quot;,&quot;controls&quot;:&quot;yes&quot;}\" data-widget_type=\"video.default\">\n\t\t\t\t<div class=\"elementor-widget-container\">\n\t\t\t\t\t\t\t<div class=\"elementor-wrapper elementor-open-inline\">\n\t\t\t<div class=\"elementor-video\"><\/div>\t\t<\/div>\n\t\t\t\t\t\t<\/div>\n\t\t\t\t<\/div>\n\t\t\t\t\t<\/div>\n\t\t<\/div>\n\t\t\t\t\t<\/div>\n\t\t<\/section>\n\t\t\t\t<section class=\"elementor-section elementor-top-section elementor-element elementor-element-361b72f elementor-section-boxed elementor-section-height-default elementor-section-height-default\" data-id=\"361b72f\" data-element_type=\"section\">\n\t\t\t\t\t\t<div class=\"elementor-container elementor-column-gap-default\">\n\t\t\t\t\t<div class=\"elementor-column elementor-col-100 elementor-top-column elementor-element elementor-element-f262a49\" data-id=\"f262a49\" data-element_type=\"column\">\n\t\t\t<div class=\"elementor-widget-wrap elementor-element-populated\">\n\t\t\t\t\t\t<div class=\"elementor-element elementor-element-f777eca elementor-widget elementor-widget-google_maps\" data-id=\"f777eca\" data-element_type=\"widget\" data-widget_type=\"google_maps.default\">\n\t\t\t\t<div class=\"elementor-widget-container\">\n\t\t\t\t\t\t\t<div class=\"elementor-custom-embed\">\n\t\t\t<iframe loading=\"lazy\"\n\t\t\t\t\tsrc=\"https:\/\/maps.google.com\/maps?q=la%20guida%20sorrento&#038;t=m&#038;z=11&#038;output=embed&#038;iwloc=near\"\n\t\t\t\t\ttitle=\"la guide de Sorrente\"\n\t\t\t\t\taria-label=\"la guide de Sorrente\"\n\t\t\t><\/iframe>\n\t\t<\/div>\n\t\t\t\t\t\t<\/div>\n\t\t\t\t<\/div>\n\t\t\t\t\t<\/div>\n\t\t<\/div>\n\t\t\t\t\t<\/div>\n\t\t<\/section>\n\t\t\t\t<section class=\"elementor-section elementor-top-section elementor-element elementor-element-cff9f0f elementor-section-boxed elementor-section-height-default elementor-section-height-default\" data-id=\"cff9f0f\" data-element_type=\"section\">\n\t\t\t\t\t\t<div class=\"elementor-container elementor-column-gap-default\">\n\t\t\t\t\t<div class=\"elementor-column elementor-col-100 elementor-top-column elementor-element elementor-element-07dc6c4\" data-id=\"07dc6c4\" data-element_type=\"column\">\n\t\t\t<div class=\"elementor-widget-wrap\">\n\t\t\t\t\t\t\t<\/div>\n\t\t<\/div>\n\t\t\t\t\t<\/div>\n\t\t<\/section>\n\t\t\t\t<section class=\"elementor-section elementor-top-section elementor-element elementor-element-796e149 elementor-section-boxed elementor-section-height-default elementor-section-height-default\" data-id=\"796e149\" data-element_type=\"section\">\n\t\t\t\t\t\t<div class=\"elementor-container elementor-column-gap-default\">\n\t\t\t\t\t<div class=\"elementor-column elementor-col-100 elementor-top-column elementor-element elementor-element-b39fac9\" data-id=\"b39fac9\" data-element_type=\"column\">\n\t\t\t<div class=\"elementor-widget-wrap elementor-element-populated\">\n\t\t\t\t\t\t<div class=\"elementor-element elementor-element-5b9d18c elementor-align-center elementor-widget elementor-widget-button\" data-id=\"5b9d18c\" data-element_type=\"widget\" data-widget_type=\"button.default\">\n\t\t\t\t<div class=\"elementor-widget-container\">\n\t\t\t\t\t\t\t\t\t<div class=\"elementor-button-wrapper\">\n\t\t\t\t\t<a class=\"elementor-button elementor-button-link elementor-size-sm\" href=\"\">\n\t\t\t\t\t\t<span class=\"elementor-button-content-wrapper\">\n\t\t\t\t\t\t\t\t\t<span class=\"elementor-button-text\">Cliquez et notez\u00a0! <\/span>\n\t\t\t\t\t<\/span>\n\t\t\t\t\t<\/a>\n\t\t\t\t<\/div>\n\t\t\t\t\t\t\t\t<\/div>\n\t\t\t\t<\/div>\n\t\t\t\t\t<\/div>\n\t\t<\/div>\n\t\t\t\t\t<\/div>\n\t\t<\/section>\n\t\t\t\t<\/div>","protected":false},"excerpt":{"rendered":"<p>Exp\u00e9riences uniques \u00e0 Naples, Pomp\u00e9i et sur la c\u00f4te amalfitaine. Plongez dans l&#039;\u00e2me vibrante de Naples, o\u00f9 chaque ruelle raconte une histoire. Promenez-vous dans le centre historique, class\u00e9 au patrimoine mondial de l&#039;UNESCO, et dans le vibrant quartier espagnol, o\u00f9 l&#039;ar\u00f4me des sfogliatelle fra\u00eechement sorties du four se m\u00eale aux sons entra\u00eenants de la vie napolitaine. D\u00e9couvrez une ville riche en [\u2026]<\/p>","protected":false},"author":1,"featured_media":4939,"parent":0,"menu_order":0,"comment_status":"closed","ping_status":"closed","template":"","meta":{"footnotes":""},"class_list":["post-3214","page","type-page","status-publish","has-post-thumbnail","hentry"],"yoast_head":"<!-- This site is optimized with the Yoast SEO Premium plugin v26.8 (Yoast SEO v27.3) - https:\/\/yoast.com\/product\/yoast-seo-premium-wordpress\/ -->\n<title>Discover Naples, Pompeii and the Amalfi Coast - La Guida Sorrento<\/title>\n<meta name=\"description\" content=\"Private tours in Naples, Pompeii and the Amalfi Coast. Discover ancient ruins, local life and stunning landscapes with your expert guide\" \/>\n<meta name=\"robots\" content=\"index, follow, max-snippet:-1, max-image-preview:large, max-video-preview:-1\" \/>\n<link rel=\"canonical\" href=\"https:\/\/www.laguidasorrento.com\/fr\/contact-me\/\" \/>\n<meta property=\"og:locale\" content=\"fr_FR\" \/>\n<meta property=\"og:type\" content=\"article\" \/>\n<meta property=\"og:title\" content=\"Contact me\" \/>\n<meta property=\"og:description\" content=\"Private tours in Naples, Pompeii and the Amalfi Coast. Discover ancient ruins, local life and stunning landscapes with your expert guide\" \/>\n<meta property=\"og:url\" content=\"https:\/\/www.laguidasorrento.com\/fr\/contact-me\/\" \/>\n<meta property=\"og:site_name\" content=\"La Guida Sorrento\" \/>\n<meta property=\"article:publisher\" content=\"https:\/\/facebook.com\/tourguidesorrento\" \/>\n<meta property=\"article:modified_time\" content=\"2025-08-19T13:08:23+00:00\" \/>\n<meta property=\"og:image\" content=\"https:\/\/www.laguidasorrento.com\/wp-content\/uploads\/2025\/01\/AmalfiCoast-Positano-view1-scaled.jpg\" \/>\n\t<meta property=\"og:image:width\" content=\"2560\" \/>\n\t<meta property=\"og:image:height\" content=\"1920\" \/>\n\t<meta property=\"og:image:type\" content=\"image\/jpeg\" \/>\n<meta name=\"twitter:card\" content=\"summary_large_image\" \/>\n<meta name=\"twitter:label1\" content=\"Dur\u00e9e de lecture estim\u00e9e\" \/>\n\t<meta name=\"twitter:data1\" content=\"3 minutes\" \/>\n<script type=\"application\/ld+json\" class=\"yoast-schema-graph\">{\"@context\":\"https:\\\/\\\/schema.org\",\"@graph\":[{\"@type\":\"WebPage\",\"@id\":\"https:\\\/\\\/www.laguidasorrento.com\\\/contact-me\\\/\",\"url\":\"https:\\\/\\\/www.laguidasorrento.com\\\/contact-me\\\/\",\"name\":\"Discover Naples, Pompeii and the Amalfi Coast - La Guida Sorrento\",\"isPartOf\":{\"@id\":\"https:\\\/\\\/www.laguidasorrento.com\\\/#website\"},\"primaryImageOfPage\":{\"@id\":\"https:\\\/\\\/www.laguidasorrento.com\\\/contact-me\\\/#primaryimage\"},\"image\":{\"@id\":\"https:\\\/\\\/www.laguidasorrento.com\\\/contact-me\\\/#primaryimage\"},\"thumbnailUrl\":\"https:\\\/\\\/www.laguidasorrento.com\\\/wp-content\\\/uploads\\\/2025\\\/01\\\/AmalfiCoast-Positano-view1-scaled.jpg\",\"datePublished\":\"2023-07-02T21:47:57+00:00\",\"dateModified\":\"2025-08-19T13:08:23+00:00\",\"description\":\"Private tours in Naples, Pompeii and the Amalfi Coast. Discover ancient ruins, local life and stunning landscapes with your expert guide\",\"breadcrumb\":{\"@id\":\"https:\\\/\\\/www.laguidasorrento.com\\\/contact-me\\\/#breadcrumb\"},\"inLanguage\":\"fr-FR\",\"potentialAction\":[{\"@type\":\"ReadAction\",\"target\":[\"https:\\\/\\\/www.laguidasorrento.com\\\/contact-me\\\/\"]}]},{\"@type\":\"ImageObject\",\"inLanguage\":\"fr-FR\",\"@id\":\"https:\\\/\\\/www.laguidasorrento.com\\\/contact-me\\\/#primaryimage\",\"url\":\"https:\\\/\\\/www.laguidasorrento.com\\\/wp-content\\\/uploads\\\/2025\\\/01\\\/AmalfiCoast-Positano-view1-scaled.jpg\",\"contentUrl\":\"https:\\\/\\\/www.laguidasorrento.com\\\/wp-content\\\/uploads\\\/2025\\\/01\\\/AmalfiCoast-Positano-view1-scaled.jpg\",\"width\":2560,\"height\":1920,\"caption\":\"Positano\"},{\"@type\":\"BreadcrumbList\",\"@id\":\"https:\\\/\\\/www.laguidasorrento.com\\\/contact-me\\\/#breadcrumb\",\"itemListElement\":[{\"@type\":\"ListItem\",\"position\":1,\"name\":\"Home\",\"item\":\"https:\\\/\\\/www.laguidasorrento.com\\\/\"},{\"@type\":\"ListItem\",\"position\":2,\"name\":\"Contact me\"}]},{\"@type\":\"WebSite\",\"@id\":\"https:\\\/\\\/www.laguidasorrento.com\\\/#website\",\"url\":\"https:\\\/\\\/www.laguidasorrento.com\\\/\",\"name\":\"La Guida Sorrento\",\"description\":\"Explore Naples and Beyond\",\"publisher\":{\"@id\":\"https:\\\/\\\/www.laguidasorrento.com\\\/#organization\"},\"potentialAction\":[{\"@type\":\"SearchAction\",\"target\":{\"@type\":\"EntryPoint\",\"urlTemplate\":\"https:\\\/\\\/www.laguidasorrento.com\\\/?s={search_term_string}\"},\"query-input\":{\"@type\":\"PropertyValueSpecification\",\"valueRequired\":true,\"valueName\":\"search_term_string\"}}],\"inLanguage\":\"fr-FR\"},{\"@type\":\"Organization\",\"@id\":\"https:\\\/\\\/www.laguidasorrento.com\\\/#organization\",\"name\":\"La Guida Sorrento\",\"url\":\"https:\\\/\\\/www.laguidasorrento.com\\\/\",\"logo\":{\"@type\":\"ImageObject\",\"inLanguage\":\"fr-FR\",\"@id\":\"https:\\\/\\\/www.laguidasorrento.com\\\/#\\\/schema\\\/logo\\\/image\\\/\",\"url\":\"https:\\\/\\\/www.laguidasorrento.com\\\/wp-content\\\/uploads\\\/2023\\\/02\\\/la_guida_sorrento_logo-e1688335948369.webp\",\"contentUrl\":\"https:\\\/\\\/www.laguidasorrento.com\\\/wp-content\\\/uploads\\\/2023\\\/02\\\/la_guida_sorrento_logo-e1688335948369.webp\",\"width\":1443,\"height\":468,\"caption\":\"La Guida Sorrento\"},\"image\":{\"@id\":\"https:\\\/\\\/www.laguidasorrento.com\\\/#\\\/schema\\\/logo\\\/image\\\/\"},\"sameAs\":[\"https:\\\/\\\/facebook.com\\\/tourguidesorrento\",\"https:\\\/\\\/instagram.com\\\/tourguidesorrento\",\"https:\\\/\\\/linkedin.com\\\/tourguidesorrento\"]}]}<\/script>\n<!-- \/ Yoast SEO Premium plugin. -->","yoast_head_json":{"title":"D\u00e9couvrez Naples, Pomp\u00e9i et la c\u00f4te amalfitaine - La Guida Sorrento","description":"Visites priv\u00e9es de Naples, Pomp\u00e9i et de la c\u00f4te amalfitaine. D\u00e9couvrez des ruines antiques, la vie locale et des paysages \u00e0 couper le souffle en compagnie de votre guide expert.","robots":{"index":"index","follow":"follow","max-snippet":"max-snippet:-1","max-image-preview":"max-image-preview:large","max-video-preview":"max-video-preview:-1"},"canonical":"https:\/\/www.laguidasorrento.com\/fr\/contact-me\/","og_locale":"fr_FR","og_type":"article","og_title":"Contact me","og_description":"Private tours in Naples, Pompeii and the Amalfi Coast. Discover ancient ruins, local life and stunning landscapes with your expert guide","og_url":"https:\/\/www.laguidasorrento.com\/fr\/contact-me\/","og_site_name":"La Guida Sorrento","article_publisher":"https:\/\/facebook.com\/tourguidesorrento","article_modified_time":"2025-08-19T13:08:23+00:00","og_image":[{"width":2560,"height":1920,"url":"https:\/\/www.laguidasorrento.com\/wp-content\/uploads\/2025\/01\/AmalfiCoast-Positano-view1-scaled.jpg","type":"image\/jpeg"}],"twitter_card":"summary_large_image","twitter_misc":{"Dur\u00e9e de lecture estim\u00e9e":"3 minutes"},"schema":{"@context":"https:\/\/schema.org","@graph":[{"@type":"WebPage","@id":"https:\/\/www.laguidasorrento.com\/contact-me\/","url":"https:\/\/www.laguidasorrento.com\/contact-me\/","name":"D\u00e9couvrez Naples, Pomp\u00e9i et la c\u00f4te amalfitaine - La Guida Sorrento","isPartOf":{"@id":"https:\/\/www.laguidasorrento.com\/#website"},"primaryImageOfPage":{"@id":"https:\/\/www.laguidasorrento.com\/contact-me\/#primaryimage"},"image":{"@id":"https:\/\/www.laguidasorrento.com\/contact-me\/#primaryimage"},"thumbnailUrl":"https:\/\/www.laguidasorrento.com\/wp-content\/uploads\/2025\/01\/AmalfiCoast-Positano-view1-scaled.jpg","datePublished":"2023-07-02T21:47:57+00:00","dateModified":"2025-08-19T13:08:23+00:00","description":"Visites priv\u00e9es de Naples, Pomp\u00e9i et de la c\u00f4te amalfitaine. D\u00e9couvrez des ruines antiques, la vie locale et des paysages \u00e0 couper le souffle en compagnie de votre guide expert.","breadcrumb":{"@id":"https:\/\/www.laguidasorrento.com\/contact-me\/#breadcrumb"},"inLanguage":"fr-FR","potentialAction":[{"@type":"ReadAction","target":["https:\/\/www.laguidasorrento.com\/contact-me\/"]}]},{"@type":"ImageObject","inLanguage":"fr-FR","@id":"https:\/\/www.laguidasorrento.com\/contact-me\/#primaryimage","url":"https:\/\/www.laguidasorrento.com\/wp-content\/uploads\/2025\/01\/AmalfiCoast-Positano-view1-scaled.jpg","contentUrl":"https:\/\/www.laguidasorrento.com\/wp-content\/uploads\/2025\/01\/AmalfiCoast-Positano-view1-scaled.jpg","width":2560,"height":1920,"caption":"Positano"},{"@type":"BreadcrumbList","@id":"https:\/\/www.laguidasorrento.com\/contact-me\/#breadcrumb","itemListElement":[{"@type":"ListItem","position":1,"name":"Home","item":"https:\/\/www.laguidasorrento.com\/"},{"@type":"ListItem","position":2,"name":"Contact me"}]},{"@type":"WebSite","@id":"https:\/\/www.laguidasorrento.com\/#website","url":"https:\/\/www.laguidasorrento.com\/","name":"La Guida Sorrente","description":"Explorez Naples et au-del\u00e0","publisher":{"@id":"https:\/\/www.laguidasorrento.com\/#organization"},"potentialAction":[{"@type":"SearchAction","target":{"@type":"EntryPoint","urlTemplate":"https:\/\/www.laguidasorrento.com\/?s={search_term_string}"},"query-input":{"@type":"PropertyValueSpecification","valueRequired":true,"valueName":"search_term_string"}}],"inLanguage":"fr-FR"},{"@type":"Organization","@id":"https:\/\/www.laguidasorrento.com\/#organization","name":"La Guida Sorrente","url":"https:\/\/www.laguidasorrento.com\/","logo":{"@type":"ImageObject","inLanguage":"fr-FR","@id":"https:\/\/www.laguidasorrento.com\/#\/schema\/logo\/image\/","url":"https:\/\/www.laguidasorrento.com\/wp-content\/uploads\/2023\/02\/la_guida_sorrento_logo-e1688335948369.webp","contentUrl":"https:\/\/www.laguidasorrento.com\/wp-content\/uploads\/2023\/02\/la_guida_sorrento_logo-e1688335948369.webp","width":1443,"height":468,"caption":"La Guida Sorrento"},"image":{"@id":"https:\/\/www.laguidasorrento.com\/#\/schema\/logo\/image\/"},"sameAs":["https:\/\/facebook.com\/tourguidesorrento","https:\/\/instagram.com\/tourguidesorrento","https:\/\/linkedin.com\/tourguidesorrento"]}]}},"_links":{"self":[{"href":"https:\/\/www.laguidasorrento.com\/fr\/wp-json\/wp\/v2\/pages\/3214","targetHints":{"allow":["GET"]}}],"collection":[{"href":"https:\/\/www.laguidasorrento.com\/fr\/wp-json\/wp\/v2\/pages"}],"about":[{"href":"https:\/\/www.laguidasorrento.com\/fr\/wp-json\/wp\/v2\/types\/page"}],"author":[{"embeddable":true,"href":"https:\/\/www.laguidasorrento.com\/fr\/wp-json\/wp\/v2\/users\/1"}],"replies":[{"embeddable":true,"href":"https:\/\/www.laguidasorrento.com\/fr\/wp-json\/wp\/v2\/comments?post=3214"}],"version-history":[{"count":117,"href":"https:\/\/www.laguidasorrento.com\/fr\/wp-json\/wp\/v2\/pages\/3214\/revisions"}],"predecessor-version":[{"id":7007,"href":"https:\/\/www.laguidasorrento.com\/fr\/wp-json\/wp\/v2\/pages\/3214\/revisions\/7007"}],"wp:featuredmedia":[{"embeddable":true,"href":"https:\/\/www.laguidasorrento.com\/fr\/wp-json\/wp\/v2\/media\/4939"}],"wp:attachment":[{"href":"https:\/\/www.laguidasorrento.com\/fr\/wp-json\/wp\/v2\/media?parent=3214"}],"curies":[{"name":"wp","href":"https:\/\/api.w.org\/{rel}","templated":true}]}}