{"id":3661,"date":"2023-10-26T15:42:26","date_gmt":"2023-10-26T13:42:26","guid":{"rendered":"https:\/\/www.laguidasorrento.com\/?page_id=3661"},"modified":"2025-08-19T15:51:44","modified_gmt":"2025-08-19T13:51:44","slug":"pompeii-tour-guide","status":"publish","type":"page","link":"https:\/\/www.laguidasorrento.com\/fr\/pompeii-tour-guide\/","title":{"rendered":"Pomp\u00e9i"},"content":{"rendered":"<div data-elementor-type=\"wp-page\" data-elementor-id=\"3661\" class=\"elementor elementor-3661\">\n\t\t\t\t\t\t<section class=\"elementor-section elementor-top-section elementor-element elementor-element-d7ced84 elementor-section-boxed elementor-section-height-default elementor-section-height-default\" data-id=\"d7ced84\" data-element_type=\"section\">\n\t\t\t\t\t\t<div class=\"elementor-container elementor-column-gap-default\">\n\t\t\t\t\t<div class=\"elementor-column elementor-col-100 elementor-top-column elementor-element elementor-element-cad681e\" data-id=\"cad681e\" data-element_type=\"column\">\n\t\t\t<div class=\"elementor-widget-wrap elementor-element-populated\">\n\t\t\t\t\t\t<div class=\"elementor-element elementor-element-7202c28 elementor-widget elementor-widget-text-editor\" data-id=\"7202c28\" data-element_type=\"widget\" data-widget_type=\"text-editor.default\">\n\t\t\t\t<div class=\"elementor-widget-container\">\n\t\t\t\t\t\t\t\t\t<h1 style=\"font-size: 1.8rem\"><strong>POMP\u00c9II\u00a0: d\u00e9voiler l&#039;histoire d&#039;une \u00e9poque \u00e9clips\u00e9e<\/strong><\/h1>\t\t\t\t\t\t\t\t<\/div>\n\t\t\t\t<\/div>\n\t\t\t\t\t<\/div>\n\t\t<\/div>\n\t\t\t\t\t<\/div>\n\t\t<\/section>\n\t\t\t\t<section class=\"elementor-section elementor-top-section elementor-element elementor-element-a189ee6 elementor-section-boxed elementor-section-height-default elementor-section-height-default\" data-id=\"a189ee6\" data-element_type=\"section\">\n\t\t\t\t\t\t<div class=\"elementor-container elementor-column-gap-default\">\n\t\t\t\t\t<div class=\"elementor-column elementor-col-100 elementor-top-column elementor-element elementor-element-1fe34e2\" data-id=\"1fe34e2\" data-element_type=\"column\">\n\t\t\t<div class=\"elementor-widget-wrap\">\n\t\t\t\t\t\t\t<\/div>\n\t\t<\/div>\n\t\t\t\t\t<\/div>\n\t\t<\/section>\n\t\t\t\t<section class=\"elementor-section elementor-top-section elementor-element elementor-element-2dd9f51 elementor-section-boxed elementor-section-height-default elementor-section-height-default\" data-id=\"2dd9f51\" data-element_type=\"section\">\n\t\t\t\t\t\t<div class=\"elementor-container elementor-column-gap-default\">\n\t\t\t\t\t<div class=\"elementor-column elementor-col-100 elementor-top-column elementor-element elementor-element-430e85a\" data-id=\"430e85a\" data-element_type=\"column\">\n\t\t\t<div class=\"elementor-widget-wrap elementor-element-populated\">\n\t\t\t\t\t\t<div class=\"elementor-element elementor-element-05282cc elementor-widget elementor-widget-text-editor\" data-id=\"05282cc\" data-element_type=\"widget\" data-widget_type=\"text-editor.default\">\n\t\t\t\t<div class=\"elementor-widget-container\">\n\t\t\t\t\t\t\t\t\t<p><strong><em>Imaginez entrer dans une machine \u00e0 voyager dans le temps et vous vous retrouverez soudain au c\u0153ur de l&#039;ancienne Pomp\u00e9i.<\/em><\/strong> Nous sommes en 79 apr\u00e8s JC et la ville bouillonne de vie : les marchands marchandent sur le march\u00e9, les citoyens vaquent \u00e0 leurs occupations quotidiennes et l&#039;air est empli de l&#039;ar\u00f4me du pain fra\u00eechement sorti du four. C&#039;est le monde captivant qui vous attend dans les ruines de Pomp\u00e9i.<\/p><p>Il y a deux mill\u00e9naires, l\u2019\u00e9ruption catastrophique du V\u00e9suve a enseveli cette ville romaine florissante sous des couches de lave et de d\u00e9bris volcaniques. S\u2019il a mis fin \u00e0 la vie de ses habitants, il a \u00e9galement pr\u00e9serv\u00e9 Pomp\u00e9i dans une capsule temporelle. Aujourd\u2019hui, se promener dans ses rues parfaitement pr\u00e9serv\u00e9es constitue un voyage dans le temps \u00e0 couper le souffle.<\/p><p>Les merveilles architecturales de Pomp\u00e9i sont tout simplement impressionnantes. De grandes villas, des temples gracieux et un amphith\u00e9\u00e2tre remarquablement intact t\u00e9moignent tous de la richesse et de la sophistication de la ville. En parcourant les anciennes rues pav\u00e9es, vous ne pouvez vous emp\u00eacher de ressentir le pouls d\u2019une \u00e9poque r\u00e9volue.<\/p><p>Mais ce qui distingue vraiment Pomp\u00e9i, c&#039;est sa remarquable collection d&#039;art et de fresques. Ces peintures magnifiquement conserv\u00e9es r\u00e9v\u00e8lent les sensibilit\u00e9s esth\u00e9tiques de l&#039;\u00e9poque, repr\u00e9sentant des contes mythologiques, des paysages pittoresques et des portraits.<\/p><p>Aujourd&#039;hui, Pomp\u00e9i est inscrite au patrimoine mondial de l&#039;UNESCO et les recherches en cours d\u00e9voilent continuellement de nouvelles couches de son histoire captivante. Chaque visite promet de nouvelles d\u00e9couvertes, faisant de ce site arch\u00e9ologique une source de fascination sans fin.<\/p>\t\t\t\t\t\t\t\t<\/div>\n\t\t\t\t<\/div>\n\t\t\t\t<div class=\"elementor-element elementor-element-9646155 elementor-widget elementor-widget-text-editor\" data-id=\"9646155\" data-element_type=\"widget\" data-widget_type=\"text-editor.default\">\n\t\t\t\t<div class=\"elementor-widget-container\">\n\t\t\t\t\t\t\t\t\t<h2 style=\"font-size: 1rem; color:#696969\"><strong>R\u00e9server une visite guid\u00e9e pour votre visite \u00e0 Pomp\u00e9i, c&#039;est l&#039;occasion de transformer un voyage ordinaire en un voyage extraordinaire.\u00a0<\/strong><\/h2>\n\n<span style=\"text-decoration: underline;\"><strong>Pourquoi me choisir pour votre visite guid\u00e9e ?<\/strong><\/span>\t\t\t\t\t\t\t\t<\/div>\n\t\t\t\t<\/div>\n\t\t\t\t\t<\/div>\n\t\t<\/div>\n\t\t\t\t\t<\/div>\n\t\t<\/section>\n\t\t\t\t<section class=\"elementor-section elementor-top-section elementor-element elementor-element-bb9d0eb elementor-section-boxed elementor-section-height-default elementor-section-height-default\" data-id=\"bb9d0eb\" data-element_type=\"section\">\n\t\t\t\t\t\t<div class=\"elementor-container elementor-column-gap-default\">\n\t\t\t\t\t<div class=\"elementor-column elementor-col-25 elementor-top-column elementor-element elementor-element-f5276c5\" data-id=\"f5276c5\" data-element_type=\"column\">\n\t\t\t<div class=\"elementor-widget-wrap elementor-element-populated\">\n\t\t\t\t\t\t<div class=\"elementor-element elementor-element-8838eef elementor-widget elementor-widget-text-editor\" data-id=\"8838eef\" data-element_type=\"widget\" data-widget_type=\"text-editor.default\">\n\t\t\t\t<div class=\"elementor-widget-container\">\n\t\t\t\t\t\t\t\t\t<p><strong>1. Comp\u00e9tences\u00a0:<\/strong> Imaginez avoir un guide comp\u00e9tent \u00e0 vos c\u00f4t\u00e9s, quelqu&#039;un qui peut redonner vie aux pierres silencieuses et aux ruines en ruine. Nous vous fournissons un contexte historique, des histoires intrigantes et des faits fascinants que vous pourriez autrement manquer.\u00a0<\/p><p><strong>2. Faces cach\u00e9es :<\/strong> Pomp\u00e9i est vaste et il est facile de n\u00e9gliger les tr\u00e9sors cach\u00e9s cach\u00e9s dans ses rues labyrinthiques. Un guide officiel conna\u00eet les coins et recoins de la ville.<\/p>\t\t\t\t\t\t\t\t<\/div>\n\t\t\t\t<\/div>\n\t\t\t\t\t<\/div>\n\t\t<\/div>\n\t\t\t\t<div class=\"elementor-column elementor-col-25 elementor-top-column elementor-element elementor-element-100ad90\" data-id=\"100ad90\" data-element_type=\"column\">\n\t\t\t<div class=\"elementor-widget-wrap elementor-element-populated\">\n\t\t\t\t\t\t<div class=\"elementor-element elementor-element-09853f8 elementor-widget elementor-widget-text-editor\" data-id=\"09853f8\" data-element_type=\"widget\" data-widget_type=\"text-editor.default\">\n\t\t\t\t<div class=\"elementor-widget-container\">\n\t\t\t\t\t\t\t\t\t<p><strong>3. Cela fait gagner du temps :<\/strong> Pomp\u00e9i peut \u00eatre bond\u00e9e, surtout pendant la haute saison touristique. Entrer avec un guide officiel peut garantir un acc\u00e8s anticip\u00e9.<\/p>\t\t\t\t\t\t\t\t<\/div>\n\t\t\t\t<\/div>\n\t\t\t\t\t<\/div>\n\t\t<\/div>\n\t\t\t\t<div class=\"elementor-column elementor-col-25 elementor-top-column elementor-element elementor-element-87fadce\" data-id=\"87fadce\" data-element_type=\"column\">\n\t\t\t<div class=\"elementor-widget-wrap elementor-element-populated\">\n\t\t\t\t\t\t<div class=\"elementor-element elementor-element-848e102 elementor-widget elementor-widget-text-editor\" data-id=\"848e102\" data-element_type=\"widget\" data-widget_type=\"text-editor.default\">\n\t\t\t\t<div class=\"elementor-widget-container\">\n\t\t\t\t\t\t\t\t\t<p><strong>4. C&#039;est un gain de temps :<\/strong>\u00a0Avec un guide touristique, vous rationalisez votre visite, en vous assurant de voir les points forts et de comprendre leur importance sans perdre de temps en navigation ou en errance sans but. Vous pouvez profiter au maximum de votre s\u00e9jour \u00e0 Pomp\u00e9i, sans rien n\u00e9gliger.<\/p>\t\t\t\t\t\t\t\t<\/div>\n\t\t\t\t<\/div>\n\t\t\t\t\t<\/div>\n\t\t<\/div>\n\t\t\t\t<div class=\"elementor-column elementor-col-25 elementor-top-column elementor-element elementor-element-52009fe\" data-id=\"52009fe\" data-element_type=\"column\">\n\t\t\t<div class=\"elementor-widget-wrap elementor-element-populated\">\n\t\t\t\t\t\t<div class=\"elementor-element elementor-element-b226e0e elementor-widget elementor-widget-text-editor\" data-id=\"b226e0e\" data-element_type=\"widget\" data-widget_type=\"text-editor.default\">\n\t\t\t\t<div class=\"elementor-widget-container\">\n\t\t\t\t\t\t\t\t\t<p><strong>5. C&#039;est du sur mesure :<\/strong> Les visites guid\u00e9es peuvent \u00eatre adapt\u00e9es \u00e0 vos int\u00e9r\u00eats. Que vous soyez amateur d&#039;art, passionn\u00e9 d&#039;histoire ou simplement curieux de la vie quotidienne dans l&#039;ancienne Pomp\u00e9i, nous pouvons modifier et prolonger la visite selon vos attentes.<\/p>\t\t\t\t\t\t\t\t<\/div>\n\t\t\t\t<\/div>\n\t\t\t\t<div class=\"elementor-element elementor-element-502e5b9 elementor-widget elementor-widget-text-editor\" data-id=\"502e5b9\" data-element_type=\"widget\" data-widget_type=\"text-editor.default\">\n\t\t\t\t<div class=\"elementor-widget-container\">\n\t\t\t\t\t\t\t\t\t<p><strong>6. C&#039;est professionnel :<\/strong> Pas besoin de vous soucier d&#039;acheter des billets, de rester dans la file d&#039;attente, de naviguer sur le site ou d&#039;essayer de d\u00e9chiffrer des cartes. Un guide officiel et agr\u00e9\u00e9 s&#039;occupera de toute l&#039;organisation.<\/p>\t\t\t\t\t\t\t\t<\/div>\n\t\t\t\t<\/div>\n\t\t\t\t\t<\/div>\n\t\t<\/div>\n\t\t\t\t\t<\/div>\n\t\t<\/section>\n\t\t\t\t<section class=\"elementor-section elementor-top-section elementor-element elementor-element-cfe8ac8 elementor-section-boxed elementor-section-height-default elementor-section-height-default\" data-id=\"cfe8ac8\" data-element_type=\"section\">\n\t\t\t\t\t\t<div class=\"elementor-container elementor-column-gap-default\">\n\t\t\t\t\t<div class=\"elementor-column elementor-col-100 elementor-top-column elementor-element elementor-element-14c3675\" data-id=\"14c3675\" data-element_type=\"column\">\n\t\t\t<div class=\"elementor-widget-wrap\">\n\t\t\t\t\t\t\t<\/div>\n\t\t<\/div>\n\t\t\t\t\t<\/div>\n\t\t<\/section>\n\t\t\t\t<section class=\"elementor-section elementor-top-section elementor-element elementor-element-9d1cdcb elementor-section-boxed elementor-section-height-default elementor-section-height-default\" data-id=\"9d1cdcb\" data-element_type=\"section\">\n\t\t\t\t\t\t<div class=\"elementor-container elementor-column-gap-default\">\n\t\t\t\t\t<div class=\"elementor-column elementor-col-100 elementor-top-column elementor-element elementor-element-8e2a182\" data-id=\"8e2a182\" data-element_type=\"column\">\n\t\t\t<div class=\"elementor-widget-wrap elementor-element-populated\">\n\t\t\t\t\t\t<div class=\"elementor-element elementor-element-f4d6ae9 elementor-widget__width-initial elementor-widget elementor-widget-image\" data-id=\"f4d6ae9\" data-element_type=\"widget\" data-widget_type=\"image.default\">\n\t\t\t\t<div class=\"elementor-widget-container\">\n\t\t\t\t\t\t\t\t\t\t\t\t\t\t\t<img fetchpriority=\"high\" decoding=\"async\" width=\"1200\" height=\"802\" src=\"https:\/\/www.laguidasorrento.com\/wp-content\/uploads\/2023\/10\/Menandro.jpg\" class=\"attachment-2048x2048 size-2048x2048 wp-image-3662\" alt=\"Pompeii\" srcset=\"https:\/\/www.laguidasorrento.com\/wp-content\/uploads\/2023\/10\/Menandro.jpg 1200w, https:\/\/www.laguidasorrento.com\/wp-content\/uploads\/2023\/10\/Menandro-300x201.jpg 300w, https:\/\/www.laguidasorrento.com\/wp-content\/uploads\/2023\/10\/Menandro-1024x684.jpg 1024w, https:\/\/www.laguidasorrento.com\/wp-content\/uploads\/2023\/10\/Menandro-768x513.jpg 768w, https:\/\/www.laguidasorrento.com\/wp-content\/uploads\/2023\/10\/Menandro-18x12.jpg 18w, https:\/\/www.laguidasorrento.com\/wp-content\/uploads\/2023\/10\/Menandro-600x401.jpg 600w\" sizes=\"(max-width: 1200px) 100vw, 1200px\" \/>\t\t\t\t\t\t\t\t\t\t\t\t\t\t\t<\/div>\n\t\t\t\t<\/div>\n\t\t\t\t\t<\/div>\n\t\t<\/div>\n\t\t\t\t\t<\/div>\n\t\t<\/section>\n\t\t\t\t<\/div>","protected":false},"excerpt":{"rendered":"<p>POMP\u00c9I : d\u00e9voiler l\u2019histoire d\u2019une \u00e9poque r\u00e9volue Imaginez que vous montiez \u00e0 bord d\u2019une machine \u00e0 remonter le temps et que vous vous retrouviez soudain au c\u0153ur de l\u2019ancienne Pomp\u00e9i. Nous sommes en l\u2019an 79 apr\u00e8s J.-C. et la ville grouille de vie : les marchands marchandent sur la place du march\u00e9, les citoyens vaquent \u00e0 leurs occupations quotidiennes et l\u2019air est empli de [\u2026]<\/p>","protected":false},"author":4,"featured_media":4813,"parent":0,"menu_order":0,"comment_status":"closed","ping_status":"closed","template":"","meta":{"footnotes":""},"class_list":["post-3661","page","type-page","status-publish","has-post-thumbnail","hentry"],"yoast_head":"<!-- This site is optimized with the Yoast SEO Premium plugin v26.8 (Yoast SEO v27.3) - https:\/\/yoast.com\/product\/yoast-seo-premium-wordpress\/ -->\n<title>Pompeii Guided Tour with Licensed Guide<\/title>\n<meta name=\"description\" content=\"Step into ancient Pompeii with an official guide. Walk its ruins, villas and frescoes for an unforgettable journey through history.\" \/>\n<meta name=\"robots\" content=\"index, follow, max-snippet:-1, max-image-preview:large, max-video-preview:-1\" \/>\n<link rel=\"canonical\" href=\"https:\/\/www.laguidasorrento.com\/fr\/pompeii-tour-guide\/\" \/>\n<meta property=\"og:locale\" content=\"fr_FR\" \/>\n<meta property=\"og:type\" content=\"article\" \/>\n<meta property=\"og:title\" content=\"Pompeii\" \/>\n<meta property=\"og:description\" content=\"Step into ancient Pompeii with an official guide. Walk its ruins, villas and frescoes for an unforgettable journey through history.\" \/>\n<meta property=\"og:url\" content=\"https:\/\/www.laguidasorrento.com\/fr\/pompeii-tour-guide\/\" \/>\n<meta property=\"og:site_name\" content=\"La Guida Sorrento\" \/>\n<meta property=\"article:publisher\" content=\"https:\/\/facebook.com\/tourguidesorrento\" \/>\n<meta property=\"article:modified_time\" content=\"2025-08-19T13:51:44+00:00\" \/>\n<meta property=\"og:image\" content=\"https:\/\/www.laguidasorrento.com\/wp-content\/uploads\/2025\/01\/1NataliaFiorentino-scaled.jpg\" \/>\n\t<meta property=\"og:image:width\" content=\"1840\" \/>\n\t<meta property=\"og:image:height\" content=\"2560\" \/>\n\t<meta property=\"og:image:type\" content=\"image\/jpeg\" \/>\n<meta name=\"twitter:card\" content=\"summary_large_image\" \/>\n<meta name=\"twitter:label1\" content=\"Dur\u00e9e de lecture estim\u00e9e\" \/>\n\t<meta name=\"twitter:data1\" content=\"3 minutes\" \/>\n<script type=\"application\/ld+json\" class=\"yoast-schema-graph\">{\"@context\":\"https:\\\/\\\/schema.org\",\"@graph\":[{\"@type\":\"WebPage\",\"@id\":\"https:\\\/\\\/www.laguidasorrento.com\\\/pompeii-tour-guide\\\/\",\"url\":\"https:\\\/\\\/www.laguidasorrento.com\\\/pompeii-tour-guide\\\/\",\"name\":\"Pompeii Guided Tour with Licensed Guide\",\"isPartOf\":{\"@id\":\"https:\\\/\\\/www.laguidasorrento.com\\\/#website\"},\"primaryImageOfPage\":{\"@id\":\"https:\\\/\\\/www.laguidasorrento.com\\\/pompeii-tour-guide\\\/#primaryimage\"},\"image\":{\"@id\":\"https:\\\/\\\/www.laguidasorrento.com\\\/pompeii-tour-guide\\\/#primaryimage\"},\"thumbnailUrl\":\"https:\\\/\\\/www.laguidasorrento.com\\\/wp-content\\\/uploads\\\/2025\\\/01\\\/1NataliaFiorentino-scaled.jpg\",\"datePublished\":\"2023-10-26T13:42:26+00:00\",\"dateModified\":\"2025-08-19T13:51:44+00:00\",\"description\":\"Step into ancient Pompeii with an official guide. Walk its ruins, villas and frescoes for an unforgettable journey through history.\",\"breadcrumb\":{\"@id\":\"https:\\\/\\\/www.laguidasorrento.com\\\/pompeii-tour-guide\\\/#breadcrumb\"},\"inLanguage\":\"fr-FR\",\"potentialAction\":[{\"@type\":\"ReadAction\",\"target\":[\"https:\\\/\\\/www.laguidasorrento.com\\\/pompeii-tour-guide\\\/\"]}]},{\"@type\":\"ImageObject\",\"inLanguage\":\"fr-FR\",\"@id\":\"https:\\\/\\\/www.laguidasorrento.com\\\/pompeii-tour-guide\\\/#primaryimage\",\"url\":\"https:\\\/\\\/www.laguidasorrento.com\\\/wp-content\\\/uploads\\\/2025\\\/01\\\/1NataliaFiorentino-scaled.jpg\",\"contentUrl\":\"https:\\\/\\\/www.laguidasorrento.com\\\/wp-content\\\/uploads\\\/2025\\\/01\\\/1NataliaFiorentino-scaled.jpg\",\"width\":1840,\"height\":2560,\"caption\":\"Tour Guide\"},{\"@type\":\"BreadcrumbList\",\"@id\":\"https:\\\/\\\/www.laguidasorrento.com\\\/pompeii-tour-guide\\\/#breadcrumb\",\"itemListElement\":[{\"@type\":\"ListItem\",\"position\":1,\"name\":\"Home\",\"item\":\"https:\\\/\\\/www.laguidasorrento.com\\\/\"},{\"@type\":\"ListItem\",\"position\":2,\"name\":\"Pompeii\"}]},{\"@type\":\"WebSite\",\"@id\":\"https:\\\/\\\/www.laguidasorrento.com\\\/#website\",\"url\":\"https:\\\/\\\/www.laguidasorrento.com\\\/\",\"name\":\"La Guida Sorrento\",\"description\":\"Explore Naples and Beyond\",\"publisher\":{\"@id\":\"https:\\\/\\\/www.laguidasorrento.com\\\/#organization\"},\"potentialAction\":[{\"@type\":\"SearchAction\",\"target\":{\"@type\":\"EntryPoint\",\"urlTemplate\":\"https:\\\/\\\/www.laguidasorrento.com\\\/?s={search_term_string}\"},\"query-input\":{\"@type\":\"PropertyValueSpecification\",\"valueRequired\":true,\"valueName\":\"search_term_string\"}}],\"inLanguage\":\"fr-FR\"},{\"@type\":\"Organization\",\"@id\":\"https:\\\/\\\/www.laguidasorrento.com\\\/#organization\",\"name\":\"La Guida Sorrento\",\"url\":\"https:\\\/\\\/www.laguidasorrento.com\\\/\",\"logo\":{\"@type\":\"ImageObject\",\"inLanguage\":\"fr-FR\",\"@id\":\"https:\\\/\\\/www.laguidasorrento.com\\\/#\\\/schema\\\/logo\\\/image\\\/\",\"url\":\"https:\\\/\\\/www.laguidasorrento.com\\\/wp-content\\\/uploads\\\/2023\\\/02\\\/la_guida_sorrento_logo-e1688335948369.webp\",\"contentUrl\":\"https:\\\/\\\/www.laguidasorrento.com\\\/wp-content\\\/uploads\\\/2023\\\/02\\\/la_guida_sorrento_logo-e1688335948369.webp\",\"width\":1443,\"height\":468,\"caption\":\"La Guida Sorrento\"},\"image\":{\"@id\":\"https:\\\/\\\/www.laguidasorrento.com\\\/#\\\/schema\\\/logo\\\/image\\\/\"},\"sameAs\":[\"https:\\\/\\\/facebook.com\\\/tourguidesorrento\",\"https:\\\/\\\/instagram.com\\\/tourguidesorrento\",\"https:\\\/\\\/linkedin.com\\\/tourguidesorrento\"]}]}<\/script>\n<!-- \/ Yoast SEO Premium plugin. -->","yoast_head_json":{"title":"Visite guid\u00e9e de Pomp\u00e9i avec un guide agr\u00e9\u00e9","description":"Plongez dans l&#039;antique Pomp\u00e9i avec un guide officiel. Promenez-vous dans ses ruines, ses villas et ses fresques pour un voyage inoubliable \u00e0 travers l&#039;histoire.","robots":{"index":"index","follow":"follow","max-snippet":"max-snippet:-1","max-image-preview":"max-image-preview:large","max-video-preview":"max-video-preview:-1"},"canonical":"https:\/\/www.laguidasorrento.com\/fr\/pompeii-tour-guide\/","og_locale":"fr_FR","og_type":"article","og_title":"Pompeii","og_description":"Step into ancient Pompeii with an official guide. Walk its ruins, villas and frescoes for an unforgettable journey through history.","og_url":"https:\/\/www.laguidasorrento.com\/fr\/pompeii-tour-guide\/","og_site_name":"La Guida Sorrento","article_publisher":"https:\/\/facebook.com\/tourguidesorrento","article_modified_time":"2025-08-19T13:51:44+00:00","og_image":[{"width":1840,"height":2560,"url":"https:\/\/www.laguidasorrento.com\/wp-content\/uploads\/2025\/01\/1NataliaFiorentino-scaled.jpg","type":"image\/jpeg"}],"twitter_card":"summary_large_image","twitter_misc":{"Dur\u00e9e de lecture estim\u00e9e":"3 minutes"},"schema":{"@context":"https:\/\/schema.org","@graph":[{"@type":"WebPage","@id":"https:\/\/www.laguidasorrento.com\/pompeii-tour-guide\/","url":"https:\/\/www.laguidasorrento.com\/pompeii-tour-guide\/","name":"Visite guid\u00e9e de Pomp\u00e9i avec un guide agr\u00e9\u00e9","isPartOf":{"@id":"https:\/\/www.laguidasorrento.com\/#website"},"primaryImageOfPage":{"@id":"https:\/\/www.laguidasorrento.com\/pompeii-tour-guide\/#primaryimage"},"image":{"@id":"https:\/\/www.laguidasorrento.com\/pompeii-tour-guide\/#primaryimage"},"thumbnailUrl":"https:\/\/www.laguidasorrento.com\/wp-content\/uploads\/2025\/01\/1NataliaFiorentino-scaled.jpg","datePublished":"2023-10-26T13:42:26+00:00","dateModified":"2025-08-19T13:51:44+00:00","description":"Plongez dans l&#039;antique Pomp\u00e9i avec un guide officiel. Promenez-vous dans ses ruines, ses villas et ses fresques pour un voyage inoubliable \u00e0 travers l&#039;histoire.","breadcrumb":{"@id":"https:\/\/www.laguidasorrento.com\/pompeii-tour-guide\/#breadcrumb"},"inLanguage":"fr-FR","potentialAction":[{"@type":"ReadAction","target":["https:\/\/www.laguidasorrento.com\/pompeii-tour-guide\/"]}]},{"@type":"ImageObject","inLanguage":"fr-FR","@id":"https:\/\/www.laguidasorrento.com\/pompeii-tour-guide\/#primaryimage","url":"https:\/\/www.laguidasorrento.com\/wp-content\/uploads\/2025\/01\/1NataliaFiorentino-scaled.jpg","contentUrl":"https:\/\/www.laguidasorrento.com\/wp-content\/uploads\/2025\/01\/1NataliaFiorentino-scaled.jpg","width":1840,"height":2560,"caption":"Tour Guide"},{"@type":"BreadcrumbList","@id":"https:\/\/www.laguidasorrento.com\/pompeii-tour-guide\/#breadcrumb","itemListElement":[{"@type":"ListItem","position":1,"name":"Home","item":"https:\/\/www.laguidasorrento.com\/"},{"@type":"ListItem","position":2,"name":"Pompeii"}]},{"@type":"WebSite","@id":"https:\/\/www.laguidasorrento.com\/#website","url":"https:\/\/www.laguidasorrento.com\/","name":"La Guida Sorrente","description":"Explorez Naples et au-del\u00e0","publisher":{"@id":"https:\/\/www.laguidasorrento.com\/#organization"},"potentialAction":[{"@type":"SearchAction","target":{"@type":"EntryPoint","urlTemplate":"https:\/\/www.laguidasorrento.com\/?s={search_term_string}"},"query-input":{"@type":"PropertyValueSpecification","valueRequired":true,"valueName":"search_term_string"}}],"inLanguage":"fr-FR"},{"@type":"Organization","@id":"https:\/\/www.laguidasorrento.com\/#organization","name":"La Guida Sorrente","url":"https:\/\/www.laguidasorrento.com\/","logo":{"@type":"ImageObject","inLanguage":"fr-FR","@id":"https:\/\/www.laguidasorrento.com\/#\/schema\/logo\/image\/","url":"https:\/\/www.laguidasorrento.com\/wp-content\/uploads\/2023\/02\/la_guida_sorrento_logo-e1688335948369.webp","contentUrl":"https:\/\/www.laguidasorrento.com\/wp-content\/uploads\/2023\/02\/la_guida_sorrento_logo-e1688335948369.webp","width":1443,"height":468,"caption":"La Guida Sorrento"},"image":{"@id":"https:\/\/www.laguidasorrento.com\/#\/schema\/logo\/image\/"},"sameAs":["https:\/\/facebook.com\/tourguidesorrento","https:\/\/instagram.com\/tourguidesorrento","https:\/\/linkedin.com\/tourguidesorrento"]}]}},"_links":{"self":[{"href":"https:\/\/www.laguidasorrento.com\/fr\/wp-json\/wp\/v2\/pages\/3661","targetHints":{"allow":["GET"]}}],"collection":[{"href":"https:\/\/www.laguidasorrento.com\/fr\/wp-json\/wp\/v2\/pages"}],"about":[{"href":"https:\/\/www.laguidasorrento.com\/fr\/wp-json\/wp\/v2\/types\/page"}],"author":[{"embeddable":true,"href":"https:\/\/www.laguidasorrento.com\/fr\/wp-json\/wp\/v2\/users\/4"}],"replies":[{"embeddable":true,"href":"https:\/\/www.laguidasorrento.com\/fr\/wp-json\/wp\/v2\/comments?post=3661"}],"version-history":[{"count":34,"href":"https:\/\/www.laguidasorrento.com\/fr\/wp-json\/wp\/v2\/pages\/3661\/revisions"}],"predecessor-version":[{"id":6951,"href":"https:\/\/www.laguidasorrento.com\/fr\/wp-json\/wp\/v2\/pages\/3661\/revisions\/6951"}],"wp:featuredmedia":[{"embeddable":true,"href":"https:\/\/www.laguidasorrento.com\/fr\/wp-json\/wp\/v2\/media\/4813"}],"wp:attachment":[{"href":"https:\/\/www.laguidasorrento.com\/fr\/wp-json\/wp\/v2\/media?parent=3661"}],"curies":[{"name":"wp","href":"https:\/\/api.w.org\/{rel}","templated":true}]}}