{"id":3668,"date":"2023-10-26T16:56:41","date_gmt":"2023-10-26T14:56:41","guid":{"rendered":"https:\/\/www.laguidasorrento.com\/?page_id=3668"},"modified":"2025-08-19T15:50:35","modified_gmt":"2025-08-19T13:50:35","slug":"herculaneum","status":"publish","type":"page","link":"https:\/\/www.laguidasorrento.com\/fr\/herculaneum\/","title":{"rendered":"Herculanum"},"content":{"rendered":"<h4><strong>Parc arch\u00e9ologique d&#039;Herculanum\u00a0: un joyau cach\u00e9 de la splendeur antique<\/strong><\/h4>\n<p><em>Si<strong> Pomp\u00e9i est sous les projecteurs, un secret bien gard\u00e9 se cache \u00e0 l&#039;ombre du V\u00e9suve : le parc arch\u00e9ologique d&#039;Herculanum.<\/strong><\/em>\u00a0D\u00e9voiler ce tr\u00e9sor, c&#039;est comme ouvrir un chapitre oubli\u00e9 de l&#039;Empire romain, o\u00f9 histoire et beaut\u00e9 convergent dans un cadre plus intimiste.<\/p>\n<p>En 79 apr\u00e8s JC, la fureur volcanique qui scella le sort de Pomp\u00e9i frappa \u00e9galement Herculanum. Mais si l&#039;histoire de Pomp\u00e9i est largement connue, celle d&#039;Herculanum ressemble davantage \u00e0 une l\u00e9gende murmur\u00e9e, attendant ceux qui recherchent un lien plus profond avec le pass\u00e9.<\/p>\n<p>Contrairement \u00e0 l\u2019immensit\u00e9 de Pomp\u00e9i, Herculanum offre une rencontre plus concentr\u00e9e avec l\u2019Antiquit\u00e9. Ses rues bien pr\u00e9serv\u00e9es serpentent \u00e0 travers des maisons anciennes et de somptueuses villas, chacune chuchotant des histoires de vies v\u00e9cues il y a longtemps.<\/p>\n<p>Ce qui distingue Herculanum, c&#039;est sa pr\u00e9servation unique des mati\u00e8res organiques. Les portes en bois, les poutres et m\u00eame les meubles ont travers\u00e9 les si\u00e8cles, dressant un portrait intime de la vie quotidienne romaine. La Maison \u00e0 la cloison en bois, avec ses superbes paravents en bois et ses mosa\u00efques complexes, t\u00e9moigne de l&#039;opulence de la ville.<\/p>\n<p>Tandis que vous explorez les anciennes villas en bord de mer, les hangars \u00e0 bateaux sont parfaitement conserv\u00e9s, t\u00e9moignage d&#039;une vie au bord de la mer. Ces structures nous permettent d&#039;imaginer les Romains vivant, travaillant et regardant la baie, tout comme nous le faisons aujourd&#039;hui.<\/p>\n<p>Herculanum, le tr\u00e9sor cach\u00e9, attend les passionn\u00e9s d&#039;histoire et d\u00e9sireux de se lancer dans une aventure inoubliable.<\/p>\n<p><strong>Pourquoi choisir une visite guid\u00e9e avec moi ?<\/strong><\/p>\n<p><strong>1. Comp\u00e9tences\u00a0:<\/strong>\u00a0Imaginez avoir un guide comp\u00e9tent \u00e0 vos c\u00f4t\u00e9s, quelqu&#039;un qui peut redonner vie aux pierres silencieuses et aux ruines en ruine. Nous vous fournissons un contexte historique, des histoires intrigantes et des faits fascinants que vous pourriez autrement manquer.\u00a0<\/p>\n<p><strong>2. Naviguez en toute s\u00e9curit\u00e9 :<\/strong> La configuration compacte d&#039;Herculanum peut \u00eatre difficile \u00e0 naviguer sans guidage. Un guide vous permettra de ne manquer aucun des points forts du site et pourra vous faire voyager efficacement \u00e0 travers son histoire.<\/p>\n<p><strong>3. C&#039;est un gain de temps :<\/strong> Avec un guide touristique, vous rationalisez votre visite, en vous assurant de voir les points forts et de comprendre leur importance sans perdre de temps en navigation ou en errance sans but. Vous pouvez profiter au maximum de votre temps sans rien laisser de c\u00f4t\u00e9.<\/p>\n<p><strong>4. C&#039;est du sur mesure :<\/strong>\u00a0Les visites guid\u00e9es peuvent \u00eatre adapt\u00e9es \u00e0 vos int\u00e9r\u00eats. Que vous soyez amateur d&#039;art, passionn\u00e9 d&#039;histoire ou simplement curieux de la vie quotidienne dans l&#039;ancienne Pomp\u00e9i, nous pouvons modifier et prolonger la visite selon vos attentes.<\/p>\n<p><strong>5. C&#039;est professionnel :<\/strong>\u00a0Pas besoin de vous soucier d&#039;acheter des billets, de rester dans la file d&#039;attente, de naviguer sur le site ou d&#039;essayer de d\u00e9chiffrer des cartes. Un guide officiel et agr\u00e9\u00e9 s&#039;occupera de toute l&#039;organisation.<\/p>\n<style>\/*! elementor - v3.16.0 - 17-10-2023 *\/\n.elementor-widget-image{text-align:center}.elementor-widget-image a{display:inline-block}.elementor-widget-image a img[src$=\".svg\"]{width:48px}.elementor-widget-image img{vertical-align:middle;display:inline-block}<\/style>\n<p>\t\t\t\t\t\t\t\t\t\t\t\t<img loading=\"lazy\" decoding=\"async\" width=\"1024\" height=\"768\" src=\"https:\/\/www.laguidasorrento.com\/wp-content\/uploads\/2023\/10\/IMG_1436-1024x768.jpg\" alt=\"\" srcset=\"https:\/\/www.laguidasorrento.com\/wp-content\/uploads\/2023\/10\/IMG_1436-1024x768.jpg 1024w, https:\/\/www.laguidasorrento.com\/wp-content\/uploads\/2023\/10\/IMG_1436-300x225.jpg 300w, https:\/\/www.laguidasorrento.com\/wp-content\/uploads\/2023\/10\/IMG_1436-768x576.jpg 768w, https:\/\/www.laguidasorrento.com\/wp-content\/uploads\/2023\/10\/IMG_1436-1536x1152.jpg 1536w, https:\/\/www.laguidasorrento.com\/wp-content\/uploads\/2023\/10\/IMG_1436-2048x1536.jpg 2048w, https:\/\/www.laguidasorrento.com\/wp-content\/uploads\/2023\/10\/IMG_1436-16x12.jpg 16w, https:\/\/www.laguidasorrento.com\/wp-content\/uploads\/2023\/10\/IMG_1436-600x450.jpg 600w\" sizes=\"auto, (max-width: 1024px) 100vw, 1024px\" \/><\/p>","protected":false},"excerpt":{"rendered":"<p>Parc arch\u00e9ologique d\u2019Herculanum : un joyau cach\u00e9 de la splendeur antique Si Pomp\u00e9i est sous les feux de la rampe, un secret bien gard\u00e9 se cache \u00e0 l\u2019ombre du V\u00e9suve : le parc arch\u00e9ologique d\u2019Herculanum. D\u00e9voiler ce tr\u00e9sor, c\u2019est comme ouvrir un chapitre oubli\u00e9 de l\u2019Empire romain, o\u00f9 l\u2019histoire et la beaut\u00e9 convergent dans un cadre plus intime. En 79 apr\u00e8s J.-C., [\u2026]<\/p>","protected":false},"author":4,"featured_media":3672,"parent":0,"menu_order":0,"comment_status":"closed","ping_status":"closed","template":"","meta":{"footnotes":""},"class_list":["post-3668","page","type-page","status-publish","has-post-thumbnail","hentry"],"yoast_head":"<!-- This site is optimized with the Yoast SEO Premium plugin v26.8 (Yoast SEO v27.6) - https:\/\/yoast.com\/product\/yoast-seo-premium-wordpress\/ -->\n<title>Herculaneum Guided Tour \u2013 Private Experience<\/title>\n<meta name=\"description\" content=\"Discover Herculaneum with a licensed guide. Explore preserved homes, frescoes and streets for an immersive journey into Roman life.\" \/>\n<meta name=\"robots\" content=\"index, follow, max-snippet:-1, max-image-preview:large, max-video-preview:-1\" \/>\n<link rel=\"canonical\" href=\"https:\/\/www.laguidasorrento.com\/fr\/herculaneum\/\" \/>\n<meta property=\"og:locale\" content=\"fr_FR\" \/>\n<meta property=\"og:type\" content=\"article\" \/>\n<meta property=\"og:title\" content=\"Herculaneum\" \/>\n<meta property=\"og:description\" content=\"Discover Herculaneum with a licensed guide. Explore preserved homes, frescoes and streets for an immersive journey into Roman life.\" \/>\n<meta property=\"og:url\" content=\"https:\/\/www.laguidasorrento.com\/fr\/herculaneum\/\" \/>\n<meta property=\"og:site_name\" content=\"La Guida Sorrento\" \/>\n<meta property=\"article:publisher\" content=\"https:\/\/facebook.com\/tourguidesorrento\" \/>\n<meta property=\"article:modified_time\" content=\"2025-08-19T13:50:35+00:00\" \/>\n<meta property=\"og:image\" content=\"https:\/\/www.laguidasorrento.com\/wp-content\/uploads\/2023\/10\/IMG_1436-scaled.jpg\" \/>\n\t<meta property=\"og:image:width\" content=\"2560\" \/>\n\t<meta property=\"og:image:height\" content=\"1920\" \/>\n\t<meta property=\"og:image:type\" content=\"image\/jpeg\" \/>\n<meta name=\"twitter:card\" content=\"summary_large_image\" \/>\n<meta name=\"twitter:label1\" content=\"Dur\u00e9e de lecture estim\u00e9e\" \/>\n\t<meta name=\"twitter:data1\" content=\"3 minutes\" \/>\n<script type=\"application\/ld+json\" class=\"yoast-schema-graph\">{\"@context\":\"https:\\\/\\\/schema.org\",\"@graph\":[{\"@type\":\"WebPage\",\"@id\":\"https:\\\/\\\/www.laguidasorrento.com\\\/herculaneum\\\/\",\"url\":\"https:\\\/\\\/www.laguidasorrento.com\\\/herculaneum\\\/\",\"name\":\"Herculaneum Guided Tour \u2013 Private Experience\",\"isPartOf\":{\"@id\":\"https:\\\/\\\/www.laguidasorrento.com\\\/#website\"},\"primaryImageOfPage\":{\"@id\":\"https:\\\/\\\/www.laguidasorrento.com\\\/herculaneum\\\/#primaryimage\"},\"image\":{\"@id\":\"https:\\\/\\\/www.laguidasorrento.com\\\/herculaneum\\\/#primaryimage\"},\"thumbnailUrl\":\"https:\\\/\\\/www.laguidasorrento.com\\\/wp-content\\\/uploads\\\/2023\\\/10\\\/IMG_1436-scaled.jpg\",\"datePublished\":\"2023-10-26T14:56:41+00:00\",\"dateModified\":\"2025-08-19T13:50:35+00:00\",\"description\":\"Discover Herculaneum with a licensed guide. Explore preserved homes, frescoes and streets for an immersive journey into Roman life.\",\"breadcrumb\":{\"@id\":\"https:\\\/\\\/www.laguidasorrento.com\\\/herculaneum\\\/#breadcrumb\"},\"inLanguage\":\"fr-FR\",\"potentialAction\":[{\"@type\":\"ReadAction\",\"target\":[\"https:\\\/\\\/www.laguidasorrento.com\\\/herculaneum\\\/\"]}]},{\"@type\":\"ImageObject\",\"inLanguage\":\"fr-FR\",\"@id\":\"https:\\\/\\\/www.laguidasorrento.com\\\/herculaneum\\\/#primaryimage\",\"url\":\"https:\\\/\\\/www.laguidasorrento.com\\\/wp-content\\\/uploads\\\/2023\\\/10\\\/IMG_1436-scaled.jpg\",\"contentUrl\":\"https:\\\/\\\/www.laguidasorrento.com\\\/wp-content\\\/uploads\\\/2023\\\/10\\\/IMG_1436-scaled.jpg\",\"width\":2560,\"height\":1920,\"caption\":\"Herculaneum\"},{\"@type\":\"BreadcrumbList\",\"@id\":\"https:\\\/\\\/www.laguidasorrento.com\\\/herculaneum\\\/#breadcrumb\",\"itemListElement\":[{\"@type\":\"ListItem\",\"position\":1,\"name\":\"Home\",\"item\":\"https:\\\/\\\/www.laguidasorrento.com\\\/\"},{\"@type\":\"ListItem\",\"position\":2,\"name\":\"Herculaneum\"}]},{\"@type\":\"WebSite\",\"@id\":\"https:\\\/\\\/www.laguidasorrento.com\\\/#website\",\"url\":\"https:\\\/\\\/www.laguidasorrento.com\\\/\",\"name\":\"La Guida Sorrento\",\"description\":\"Explore Naples and Beyond\",\"publisher\":{\"@id\":\"https:\\\/\\\/www.laguidasorrento.com\\\/#organization\"},\"potentialAction\":[{\"@type\":\"SearchAction\",\"target\":{\"@type\":\"EntryPoint\",\"urlTemplate\":\"https:\\\/\\\/www.laguidasorrento.com\\\/?s={search_term_string}\"},\"query-input\":{\"@type\":\"PropertyValueSpecification\",\"valueRequired\":true,\"valueName\":\"search_term_string\"}}],\"inLanguage\":\"fr-FR\"},{\"@type\":\"Organization\",\"@id\":\"https:\\\/\\\/www.laguidasorrento.com\\\/#organization\",\"name\":\"La Guida Sorrento\",\"url\":\"https:\\\/\\\/www.laguidasorrento.com\\\/\",\"logo\":{\"@type\":\"ImageObject\",\"inLanguage\":\"fr-FR\",\"@id\":\"https:\\\/\\\/www.laguidasorrento.com\\\/#\\\/schema\\\/logo\\\/image\\\/\",\"url\":\"https:\\\/\\\/www.laguidasorrento.com\\\/wp-content\\\/uploads\\\/2023\\\/02\\\/la_guida_sorrento_logo-e1688335948369.webp\",\"contentUrl\":\"https:\\\/\\\/www.laguidasorrento.com\\\/wp-content\\\/uploads\\\/2023\\\/02\\\/la_guida_sorrento_logo-e1688335948369.webp\",\"width\":1443,\"height\":468,\"caption\":\"La Guida Sorrento\"},\"image\":{\"@id\":\"https:\\\/\\\/www.laguidasorrento.com\\\/#\\\/schema\\\/logo\\\/image\\\/\"},\"sameAs\":[\"https:\\\/\\\/facebook.com\\\/tourguidesorrento\",\"https:\\\/\\\/instagram.com\\\/tourguidesorrento\",\"https:\\\/\\\/linkedin.com\\\/tourguidesorrento\"]}]}<\/script>\n<!-- \/ Yoast SEO Premium plugin. -->","yoast_head_json":{"title":"Visite guid\u00e9e d&#039;Herculanum \u2013 Exp\u00e9rience priv\u00e9e","description":"D\u00e9couvrez Herculanum en compagnie d&#039;un guide agr\u00e9\u00e9. Explorez des maisons, des fresques et des rues pr\u00e9serv\u00e9es pour une immersion totale dans la vie romaine.","robots":{"index":"index","follow":"follow","max-snippet":"max-snippet:-1","max-image-preview":"max-image-preview:large","max-video-preview":"max-video-preview:-1"},"canonical":"https:\/\/www.laguidasorrento.com\/fr\/herculaneum\/","og_locale":"fr_FR","og_type":"article","og_title":"Herculaneum","og_description":"Discover Herculaneum with a licensed guide. Explore preserved homes, frescoes and streets for an immersive journey into Roman life.","og_url":"https:\/\/www.laguidasorrento.com\/fr\/herculaneum\/","og_site_name":"La Guida Sorrento","article_publisher":"https:\/\/facebook.com\/tourguidesorrento","article_modified_time":"2025-08-19T13:50:35+00:00","og_image":[{"width":2560,"height":1920,"url":"https:\/\/www.laguidasorrento.com\/wp-content\/uploads\/2023\/10\/IMG_1436-scaled.jpg","type":"image\/jpeg"}],"twitter_card":"summary_large_image","twitter_misc":{"Dur\u00e9e de lecture estim\u00e9e":"3 minutes"},"schema":{"@context":"https:\/\/schema.org","@graph":[{"@type":"WebPage","@id":"https:\/\/www.laguidasorrento.com\/herculaneum\/","url":"https:\/\/www.laguidasorrento.com\/herculaneum\/","name":"Visite guid\u00e9e d&#039;Herculanum \u2013 Exp\u00e9rience priv\u00e9e","isPartOf":{"@id":"https:\/\/www.laguidasorrento.com\/#website"},"primaryImageOfPage":{"@id":"https:\/\/www.laguidasorrento.com\/herculaneum\/#primaryimage"},"image":{"@id":"https:\/\/www.laguidasorrento.com\/herculaneum\/#primaryimage"},"thumbnailUrl":"https:\/\/www.laguidasorrento.com\/wp-content\/uploads\/2023\/10\/IMG_1436-scaled.jpg","datePublished":"2023-10-26T14:56:41+00:00","dateModified":"2025-08-19T13:50:35+00:00","description":"D\u00e9couvrez Herculanum en compagnie d&#039;un guide agr\u00e9\u00e9. Explorez des maisons, des fresques et des rues pr\u00e9serv\u00e9es pour une immersion totale dans la vie romaine.","breadcrumb":{"@id":"https:\/\/www.laguidasorrento.com\/herculaneum\/#breadcrumb"},"inLanguage":"fr-FR","potentialAction":[{"@type":"ReadAction","target":["https:\/\/www.laguidasorrento.com\/herculaneum\/"]}]},{"@type":"ImageObject","inLanguage":"fr-FR","@id":"https:\/\/www.laguidasorrento.com\/herculaneum\/#primaryimage","url":"https:\/\/www.laguidasorrento.com\/wp-content\/uploads\/2023\/10\/IMG_1436-scaled.jpg","contentUrl":"https:\/\/www.laguidasorrento.com\/wp-content\/uploads\/2023\/10\/IMG_1436-scaled.jpg","width":2560,"height":1920,"caption":"Herculaneum"},{"@type":"BreadcrumbList","@id":"https:\/\/www.laguidasorrento.com\/herculaneum\/#breadcrumb","itemListElement":[{"@type":"ListItem","position":1,"name":"Home","item":"https:\/\/www.laguidasorrento.com\/"},{"@type":"ListItem","position":2,"name":"Herculaneum"}]},{"@type":"WebSite","@id":"https:\/\/www.laguidasorrento.com\/#website","url":"https:\/\/www.laguidasorrento.com\/","name":"La Guida Sorrente","description":"Explorez Naples et au-del\u00e0","publisher":{"@id":"https:\/\/www.laguidasorrento.com\/#organization"},"potentialAction":[{"@type":"SearchAction","target":{"@type":"EntryPoint","urlTemplate":"https:\/\/www.laguidasorrento.com\/?s={search_term_string}"},"query-input":{"@type":"PropertyValueSpecification","valueRequired":true,"valueName":"search_term_string"}}],"inLanguage":"fr-FR"},{"@type":"Organization","@id":"https:\/\/www.laguidasorrento.com\/#organization","name":"La Guida Sorrente","url":"https:\/\/www.laguidasorrento.com\/","logo":{"@type":"ImageObject","inLanguage":"fr-FR","@id":"https:\/\/www.laguidasorrento.com\/#\/schema\/logo\/image\/","url":"https:\/\/www.laguidasorrento.com\/wp-content\/uploads\/2023\/02\/la_guida_sorrento_logo-e1688335948369.webp","contentUrl":"https:\/\/www.laguidasorrento.com\/wp-content\/uploads\/2023\/02\/la_guida_sorrento_logo-e1688335948369.webp","width":1443,"height":468,"caption":"La Guida Sorrento"},"image":{"@id":"https:\/\/www.laguidasorrento.com\/#\/schema\/logo\/image\/"},"sameAs":["https:\/\/facebook.com\/tourguidesorrento","https:\/\/instagram.com\/tourguidesorrento","https:\/\/linkedin.com\/tourguidesorrento"]}]}},"_links":{"self":[{"href":"https:\/\/www.laguidasorrento.com\/fr\/wp-json\/wp\/v2\/pages\/3668","targetHints":{"allow":["GET"]}}],"collection":[{"href":"https:\/\/www.laguidasorrento.com\/fr\/wp-json\/wp\/v2\/pages"}],"about":[{"href":"https:\/\/www.laguidasorrento.com\/fr\/wp-json\/wp\/v2\/types\/page"}],"author":[{"embeddable":true,"href":"https:\/\/www.laguidasorrento.com\/fr\/wp-json\/wp\/v2\/users\/4"}],"replies":[{"embeddable":true,"href":"https:\/\/www.laguidasorrento.com\/fr\/wp-json\/wp\/v2\/comments?post=3668"}],"version-history":[{"count":22,"href":"https:\/\/www.laguidasorrento.com\/fr\/wp-json\/wp\/v2\/pages\/3668\/revisions"}],"predecessor-version":[{"id":3732,"href":"https:\/\/www.laguidasorrento.com\/fr\/wp-json\/wp\/v2\/pages\/3668\/revisions\/3732"}],"wp:featuredmedia":[{"embeddable":true,"href":"https:\/\/www.laguidasorrento.com\/fr\/wp-json\/wp\/v2\/media\/3672"}],"wp:attachment":[{"href":"https:\/\/www.laguidasorrento.com\/fr\/wp-json\/wp\/v2\/media?parent=3668"}],"curies":[{"name":"wp","href":"https:\/\/api.w.org\/{rel}","templated":true}]}}