{"id":3768,"date":"2023-10-27T17:18:27","date_gmt":"2023-10-27T15:18:27","guid":{"rendered":"https:\/\/www.laguidasorrento.com\/?page_id=3768"},"modified":"2025-08-19T15:56:22","modified_gmt":"2025-08-19T13:56:22","slug":"naples","status":"publish","type":"page","link":"https:\/\/www.laguidasorrento.com\/fr\/naples\/","title":{"rendered":"Naples"},"content":{"rendered":"<div data-elementor-type=\"wp-page\" data-elementor-id=\"3768\" class=\"elementor elementor-3768\">\n\t\t\t\t\t\t<section class=\"elementor-section elementor-top-section elementor-element elementor-element-d7ced84 elementor-section-boxed elementor-section-height-default elementor-section-height-default\" data-id=\"d7ced84\" data-element_type=\"section\">\n\t\t\t\t\t\t<div class=\"elementor-container elementor-column-gap-default\">\n\t\t\t\t\t<div class=\"elementor-column elementor-col-100 elementor-top-column elementor-element elementor-element-cad681e\" data-id=\"cad681e\" data-element_type=\"column\">\n\t\t\t<div class=\"elementor-widget-wrap elementor-element-populated\">\n\t\t\t\t\t\t<div class=\"elementor-element elementor-element-7202c28 elementor-widget elementor-widget-text-editor\" data-id=\"7202c28\" data-element_type=\"widget\" data-widget_type=\"text-editor.default\">\n\t\t\t\t<div class=\"elementor-widget-container\">\n\t\t\t\t\t\t\t\t\t<h2>Naples<\/h2>\n<h3 style=\"font-size: 1.5rem;\">La ville du mythe<\/h3>\t\t\t\t\t\t\t\t<\/div>\n\t\t\t\t<\/div>\n\t\t\t\t\t<\/div>\n\t\t<\/div>\n\t\t\t\t\t<\/div>\n\t\t<\/section>\n\t\t\t\t<section class=\"elementor-section elementor-top-section elementor-element elementor-element-2dd9f51 elementor-section-boxed elementor-section-height-default elementor-section-height-default\" data-id=\"2dd9f51\" data-element_type=\"section\">\n\t\t\t\t\t\t<div class=\"elementor-container elementor-column-gap-default\">\n\t\t\t\t\t<div class=\"elementor-column elementor-col-100 elementor-top-column elementor-element elementor-element-430e85a\" data-id=\"430e85a\" data-element_type=\"column\">\n\t\t\t<div class=\"elementor-widget-wrap elementor-element-populated\">\n\t\t\t\t\t\t<div class=\"elementor-element elementor-element-05282cc elementor-widget elementor-widget-text-editor\" data-id=\"05282cc\" data-element_type=\"widget\" data-widget_type=\"text-editor.default\">\n\t\t\t\t<div class=\"elementor-widget-container\">\n\t\t\t\t\t\t\t\t\t<p>Ancienne capitale du Royaume des Deux-Siciles, ici<strong> L&#039;histoire, la culture et la beaut\u00e9 naturelle convergent pour cr\u00e9er une exp\u00e9rience pas comme les autres.<\/strong><\/p><p>Nich\u00e9e le long des rives azur de la mer Tyrrh\u00e9nienne, Naples est une ville avec une histoire qui s&#039;\u00e9tend sur des mill\u00e9naires et un dynamisme qui captive l&#039;\u00e2me.<\/p><p>Selon la l\u00e9gende la Ville aurait \u00e9t\u00e9 fond\u00e9e par la belle sir\u00e8ne &quot;<strong>Parth\u00e9nope<\/strong>\u00bb.<\/p><p>Cette ville a \u00e9t\u00e9 t\u00e9moin de l&#039;essor et de la chute d&#039;empires et de dynasties, depuis le <strong>Romains<\/strong> au <strong>Byzantins<\/strong>, le <strong>Normands<\/strong>, le <strong>Espagnol <\/strong>le <strong>Anjoux <\/strong>et le <strong>Bourbons,\u00a0<\/strong>\u00a0chacun laissant derri\u00e8re lui une trace de sa culture et de son patrimoine. En vous promenant dans les rues historiques, vous ne pouvez vous emp\u00eacher de ressentir un lien avec le pass\u00e9 que peu d&#039;endroits sur Terre peuvent offrir.<\/p><p>L&#039;un des tr\u00e9sors historiques les plus embl\u00e9matiques de Naples est le <strong>Patrimoine mondial de l&#039;UNESCO<\/strong>, le <strong>Centre historique de Naples<\/strong>. Ce c\u0153ur de la ville regorge d&#039;\u00e9glises, de palais et de rues \u00e9troites qui serpentent \u00e0 travers un labyrinthe d&#039;histoire. La grandeur du <strong>Palais Royal<\/strong>, <strong>Place du Pl\u00e9biscite<\/strong>, la beaut\u00e9 complexe de <strong>San Gregorio Armeno<\/strong>, le <strong>Christ voil\u00e9<\/strong>, le <strong>Clo\u00eetre de Santa Chiara<\/strong> et la splendide majest\u00e9 du<strong> Cath\u00e9drale Saint-Janvier<\/strong>, le Saint bien-aim\u00e9 du <strong>miracle<\/strong>, ne sont que quelques exemples des merveilles architecturales qui attendent votre exploration.<\/p><p>Naples est un mus\u00e9e en plein air, un paradis culinaire, une porte d&#039;entr\u00e9e vers les beaut\u00e9s naturelles et un t\u00e9moignage de la r\u00e9silience de l&#039;esprit humain.<\/p><p>La baie de Naples, encadr\u00e9e par l&#039;imposant <strong>Le mont V\u00e9suve<\/strong>, offre une toile de fond \u00e0 couper le souffle \u00e0 la ville. C&#039;est un rappel de la r\u00e9silience de la ville, puisque le V\u00e9suve a \u00e9t\u00e9 enterr\u00e9 <strong>Pomp\u00e9i<\/strong> en 79 apr\u00e8s JC, et sa capacit\u00e9 de renouvellement.<\/p><p>Mais ce qui rend Naples vraiment remarquable, ce sont ses habitants. Les Napolitains sont r\u00e9put\u00e9s pour leur chaleur, leur passion et leur mode de vie dynamique.<\/p><p>Ainsi, que vous exploriez ses rues historiques ou que vous contempliez simplement la baie de Naples, vous d\u00e9couvrirez une ville qui laissera une marque ind\u00e9l\u00e9bile dans votre c\u0153ur et votre \u00e2me. Naples n&#039;est pas seulement une destination ; c&#039;est un voyage inoubliable \u00e0 travers le temps, la culture et la beaut\u00e9 qui restera avec vous pour toujours.<\/p>\t\t\t\t\t\t\t\t<\/div>\n\t\t\t\t<\/div>\n\t\t\t\t\t<\/div>\n\t\t<\/div>\n\t\t\t\t\t<\/div>\n\t\t<\/section>\n\t\t\t\t<section class=\"elementor-section elementor-top-section elementor-element elementor-element-8e25bb1 elementor-section-boxed elementor-section-height-default elementor-section-height-default\" data-id=\"8e25bb1\" data-element_type=\"section\">\n\t\t\t\t\t\t<div class=\"elementor-container elementor-column-gap-default\">\n\t\t\t\t\t<div class=\"elementor-column elementor-col-100 elementor-top-column elementor-element elementor-element-deca835\" data-id=\"deca835\" data-element_type=\"column\">\n\t\t\t<div class=\"elementor-widget-wrap elementor-element-populated\">\n\t\t\t\t\t\t<div class=\"elementor-element elementor-element-1a4f848 elementor-widget elementor-widget-text-editor\" data-id=\"1a4f848\" data-element_type=\"widget\" data-widget_type=\"text-editor.default\">\n\t\t\t\t<div class=\"elementor-widget-container\">\n\t\t\t\t\t\t\t\t\t<span style=\"text-decoration: underline;\"><strong>Investir dans une visite priv\u00e9e offre non seulement commodit\u00e9 et expertise, mais r\u00e9v\u00e8le \u00e9galement toute la beaut\u00e9 et la richesse culturelle de Naples, ce qui en fait une exp\u00e9rience unique.<\/strong><\/span>\n\n<strong>Avec un guide, vous pouvez rendre votre voyage vraiment exceptionnel.<\/strong>\t\t\t\t\t\t\t\t<\/div>\n\t\t\t\t<\/div>\n\t\t\t\t\t<\/div>\n\t\t<\/div>\n\t\t\t\t\t<\/div>\n\t\t<\/section>\n\t\t\t\t<section class=\"elementor-section elementor-top-section elementor-element elementor-element-046b22d elementor-section-boxed elementor-section-height-default elementor-section-height-default\" data-id=\"046b22d\" data-element_type=\"section\">\n\t\t\t\t\t\t<div class=\"elementor-container elementor-column-gap-default\">\n\t\t\t\t\t<div class=\"elementor-column elementor-col-100 elementor-top-column elementor-element elementor-element-522ac4a\" data-id=\"522ac4a\" data-element_type=\"column\">\n\t\t\t<div class=\"elementor-widget-wrap elementor-element-populated\">\n\t\t\t\t\t\t<div class=\"elementor-element elementor-element-7d61393 elementor-widget elementor-widget-image\" data-id=\"7d61393\" data-element_type=\"widget\" data-widget_type=\"image.default\">\n\t\t\t\t<div class=\"elementor-widget-container\">\n\t\t\t\t\t\t\t\t\t\t\t\t\t\t\t<img fetchpriority=\"high\" decoding=\"async\" width=\"640\" height=\"213\" src=\"https:\/\/www.laguidasorrento.com\/wp-content\/uploads\/2023\/03\/laguidasorrento_the_amazing_urban_trekking-1024x341.jpg\" class=\"attachment-large size-large wp-image-2937\" alt=\"Parthenope, history, art and traditions\" srcset=\"https:\/\/www.laguidasorrento.com\/wp-content\/uploads\/2023\/03\/laguidasorrento_the_amazing_urban_trekking-1024x341.jpg 1024w, https:\/\/www.laguidasorrento.com\/wp-content\/uploads\/2023\/03\/laguidasorrento_the_amazing_urban_trekking-300x100.jpg 300w, https:\/\/www.laguidasorrento.com\/wp-content\/uploads\/2023\/03\/laguidasorrento_the_amazing_urban_trekking-768x256.jpg 768w, https:\/\/www.laguidasorrento.com\/wp-content\/uploads\/2023\/03\/laguidasorrento_the_amazing_urban_trekking-1536x512.jpg 1536w, https:\/\/www.laguidasorrento.com\/wp-content\/uploads\/2023\/03\/laguidasorrento_the_amazing_urban_trekking-2048x683.jpg 2048w, https:\/\/www.laguidasorrento.com\/wp-content\/uploads\/2023\/03\/laguidasorrento_the_amazing_urban_trekking-600x200.jpg 600w\" sizes=\"(max-width: 640px) 100vw, 640px\" \/>\t\t\t\t\t\t\t\t\t\t\t\t\t\t\t<\/div>\n\t\t\t\t<\/div>\n\t\t\t\t\t<\/div>\n\t\t<\/div>\n\t\t\t\t\t<\/div>\n\t\t<\/section>\n\t\t\t\t<\/div>","protected":false},"excerpt":{"rendered":"<p>Naples, la ville mythique. Ancienne capitale du royaume des Deux-Siciles, Naples allie ici histoire, culture et beaut\u00e9 naturelle pour une exp\u00e9rience unique. Nich\u00e9e sur les rives azur\u00e9es de la mer Tyrrh\u00e9nienne, Naples est une ville dont l&#039;histoire s&#039;\u00e9tend sur des mill\u00e9naires et le dynamisme captive [\u2026]<\/p>","protected":false},"author":4,"featured_media":3780,"parent":0,"menu_order":0,"comment_status":"closed","ping_status":"closed","template":"","meta":{"footnotes":""},"class_list":["post-3768","page","type-page","status-publish","has-post-thumbnail","hentry"],"yoast_head":"<!-- This site is optimized with the Yoast SEO Premium plugin v26.8 (Yoast SEO v27.6) - https:\/\/yoast.com\/product\/yoast-seo-premium-wordpress\/ -->\n<title>Naples Private Tour with Official Guide<\/title>\n<meta name=\"description\" content=\"Explore Naples with a private guide. Discover art, culture and hidden gems on a tailor-made tour of this vibrant Italian city.\" \/>\n<meta name=\"robots\" content=\"index, follow, max-snippet:-1, max-image-preview:large, max-video-preview:-1\" \/>\n<link rel=\"canonical\" href=\"https:\/\/www.laguidasorrento.com\/fr\/naples\/\" \/>\n<meta property=\"og:locale\" content=\"fr_FR\" \/>\n<meta property=\"og:type\" content=\"article\" \/>\n<meta property=\"og:title\" content=\"Naples\" \/>\n<meta property=\"og:description\" content=\"Explore Naples with a private guide. Discover art, culture and hidden gems on a tailor-made tour of this vibrant Italian city.\" \/>\n<meta property=\"og:url\" content=\"https:\/\/www.laguidasorrento.com\/fr\/naples\/\" \/>\n<meta property=\"og:site_name\" content=\"La Guida Sorrento\" \/>\n<meta property=\"article:publisher\" content=\"https:\/\/facebook.com\/tourguidesorrento\" \/>\n<meta property=\"article:modified_time\" content=\"2025-08-19T13:56:22+00:00\" \/>\n<meta property=\"og:image\" content=\"https:\/\/www.laguidasorrento.com\/wp-content\/uploads\/2023\/10\/20211213_190109000_iOS.jpg\" \/>\n\t<meta property=\"og:image:width\" content=\"1024\" \/>\n\t<meta property=\"og:image:height\" content=\"768\" \/>\n\t<meta property=\"og:image:type\" content=\"image\/jpeg\" \/>\n<meta name=\"twitter:card\" content=\"summary_large_image\" \/>\n<meta name=\"twitter:label1\" content=\"Dur\u00e9e de lecture estim\u00e9e\" \/>\n\t<meta name=\"twitter:data1\" content=\"3 minutes\" \/>\n<script type=\"application\/ld+json\" class=\"yoast-schema-graph\">{\"@context\":\"https:\\\/\\\/schema.org\",\"@graph\":[{\"@type\":\"WebPage\",\"@id\":\"https:\\\/\\\/www.laguidasorrento.com\\\/naples\\\/\",\"url\":\"https:\\\/\\\/www.laguidasorrento.com\\\/naples\\\/\",\"name\":\"Naples Private Tour with Official Guide\",\"isPartOf\":{\"@id\":\"https:\\\/\\\/www.laguidasorrento.com\\\/#website\"},\"primaryImageOfPage\":{\"@id\":\"https:\\\/\\\/www.laguidasorrento.com\\\/naples\\\/#primaryimage\"},\"image\":{\"@id\":\"https:\\\/\\\/www.laguidasorrento.com\\\/naples\\\/#primaryimage\"},\"thumbnailUrl\":\"https:\\\/\\\/www.laguidasorrento.com\\\/wp-content\\\/uploads\\\/2023\\\/10\\\/20211213_190109000_iOS.jpg\",\"datePublished\":\"2023-10-27T15:18:27+00:00\",\"dateModified\":\"2025-08-19T13:56:22+00:00\",\"description\":\"Explore Naples with a private guide. Discover art, culture and hidden gems on a tailor-made tour of this vibrant Italian city.\",\"breadcrumb\":{\"@id\":\"https:\\\/\\\/www.laguidasorrento.com\\\/naples\\\/#breadcrumb\"},\"inLanguage\":\"fr-FR\",\"potentialAction\":[{\"@type\":\"ReadAction\",\"target\":[\"https:\\\/\\\/www.laguidasorrento.com\\\/naples\\\/\"]}]},{\"@type\":\"ImageObject\",\"inLanguage\":\"fr-FR\",\"@id\":\"https:\\\/\\\/www.laguidasorrento.com\\\/naples\\\/#primaryimage\",\"url\":\"https:\\\/\\\/www.laguidasorrento.com\\\/wp-content\\\/uploads\\\/2023\\\/10\\\/20211213_190109000_iOS.jpg\",\"contentUrl\":\"https:\\\/\\\/www.laguidasorrento.com\\\/wp-content\\\/uploads\\\/2023\\\/10\\\/20211213_190109000_iOS.jpg\",\"width\":1024,\"height\":768,\"caption\":\"San Gregorio Armeno\"},{\"@type\":\"BreadcrumbList\",\"@id\":\"https:\\\/\\\/www.laguidasorrento.com\\\/naples\\\/#breadcrumb\",\"itemListElement\":[{\"@type\":\"ListItem\",\"position\":1,\"name\":\"Home\",\"item\":\"https:\\\/\\\/www.laguidasorrento.com\\\/\"},{\"@type\":\"ListItem\",\"position\":2,\"name\":\"Naples\"}]},{\"@type\":\"WebSite\",\"@id\":\"https:\\\/\\\/www.laguidasorrento.com\\\/#website\",\"url\":\"https:\\\/\\\/www.laguidasorrento.com\\\/\",\"name\":\"La Guida Sorrento\",\"description\":\"Explore Naples and Beyond\",\"publisher\":{\"@id\":\"https:\\\/\\\/www.laguidasorrento.com\\\/#organization\"},\"potentialAction\":[{\"@type\":\"SearchAction\",\"target\":{\"@type\":\"EntryPoint\",\"urlTemplate\":\"https:\\\/\\\/www.laguidasorrento.com\\\/?s={search_term_string}\"},\"query-input\":{\"@type\":\"PropertyValueSpecification\",\"valueRequired\":true,\"valueName\":\"search_term_string\"}}],\"inLanguage\":\"fr-FR\"},{\"@type\":\"Organization\",\"@id\":\"https:\\\/\\\/www.laguidasorrento.com\\\/#organization\",\"name\":\"La Guida Sorrento\",\"url\":\"https:\\\/\\\/www.laguidasorrento.com\\\/\",\"logo\":{\"@type\":\"ImageObject\",\"inLanguage\":\"fr-FR\",\"@id\":\"https:\\\/\\\/www.laguidasorrento.com\\\/#\\\/schema\\\/logo\\\/image\\\/\",\"url\":\"https:\\\/\\\/www.laguidasorrento.com\\\/wp-content\\\/uploads\\\/2023\\\/02\\\/la_guida_sorrento_logo-e1688335948369.webp\",\"contentUrl\":\"https:\\\/\\\/www.laguidasorrento.com\\\/wp-content\\\/uploads\\\/2023\\\/02\\\/la_guida_sorrento_logo-e1688335948369.webp\",\"width\":1443,\"height\":468,\"caption\":\"La Guida Sorrento\"},\"image\":{\"@id\":\"https:\\\/\\\/www.laguidasorrento.com\\\/#\\\/schema\\\/logo\\\/image\\\/\"},\"sameAs\":[\"https:\\\/\\\/facebook.com\\\/tourguidesorrento\",\"https:\\\/\\\/instagram.com\\\/tourguidesorrento\",\"https:\\\/\\\/linkedin.com\\\/tourguidesorrento\"]}]}<\/script>\n<!-- \/ Yoast SEO Premium plugin. -->","yoast_head_json":{"title":"Visite priv\u00e9e de Naples avec guide officiel","description":"Explorez Naples avec un guide priv\u00e9. D\u00e9couvrez l&#039;art, la culture et les tr\u00e9sors cach\u00e9s lors d&#039;une visite sur mesure de cette ville italienne dynamique.","robots":{"index":"index","follow":"follow","max-snippet":"max-snippet:-1","max-image-preview":"max-image-preview:large","max-video-preview":"max-video-preview:-1"},"canonical":"https:\/\/www.laguidasorrento.com\/fr\/naples\/","og_locale":"fr_FR","og_type":"article","og_title":"Naples","og_description":"Explore Naples with a private guide. Discover art, culture and hidden gems on a tailor-made tour of this vibrant Italian city.","og_url":"https:\/\/www.laguidasorrento.com\/fr\/naples\/","og_site_name":"La Guida Sorrento","article_publisher":"https:\/\/facebook.com\/tourguidesorrento","article_modified_time":"2025-08-19T13:56:22+00:00","og_image":[{"width":1024,"height":768,"url":"https:\/\/www.laguidasorrento.com\/wp-content\/uploads\/2023\/10\/20211213_190109000_iOS.jpg","type":"image\/jpeg"}],"twitter_card":"summary_large_image","twitter_misc":{"Dur\u00e9e de lecture estim\u00e9e":"3 minutes"},"schema":{"@context":"https:\/\/schema.org","@graph":[{"@type":"WebPage","@id":"https:\/\/www.laguidasorrento.com\/naples\/","url":"https:\/\/www.laguidasorrento.com\/naples\/","name":"Visite priv\u00e9e de Naples avec guide officiel","isPartOf":{"@id":"https:\/\/www.laguidasorrento.com\/#website"},"primaryImageOfPage":{"@id":"https:\/\/www.laguidasorrento.com\/naples\/#primaryimage"},"image":{"@id":"https:\/\/www.laguidasorrento.com\/naples\/#primaryimage"},"thumbnailUrl":"https:\/\/www.laguidasorrento.com\/wp-content\/uploads\/2023\/10\/20211213_190109000_iOS.jpg","datePublished":"2023-10-27T15:18:27+00:00","dateModified":"2025-08-19T13:56:22+00:00","description":"Explorez Naples avec un guide priv\u00e9. D\u00e9couvrez l&#039;art, la culture et les tr\u00e9sors cach\u00e9s lors d&#039;une visite sur mesure de cette ville italienne dynamique.","breadcrumb":{"@id":"https:\/\/www.laguidasorrento.com\/naples\/#breadcrumb"},"inLanguage":"fr-FR","potentialAction":[{"@type":"ReadAction","target":["https:\/\/www.laguidasorrento.com\/naples\/"]}]},{"@type":"ImageObject","inLanguage":"fr-FR","@id":"https:\/\/www.laguidasorrento.com\/naples\/#primaryimage","url":"https:\/\/www.laguidasorrento.com\/wp-content\/uploads\/2023\/10\/20211213_190109000_iOS.jpg","contentUrl":"https:\/\/www.laguidasorrento.com\/wp-content\/uploads\/2023\/10\/20211213_190109000_iOS.jpg","width":1024,"height":768,"caption":"San Gregorio Armeno"},{"@type":"BreadcrumbList","@id":"https:\/\/www.laguidasorrento.com\/naples\/#breadcrumb","itemListElement":[{"@type":"ListItem","position":1,"name":"Home","item":"https:\/\/www.laguidasorrento.com\/"},{"@type":"ListItem","position":2,"name":"Naples"}]},{"@type":"WebSite","@id":"https:\/\/www.laguidasorrento.com\/#website","url":"https:\/\/www.laguidasorrento.com\/","name":"La Guida Sorrente","description":"Explorez Naples et au-del\u00e0","publisher":{"@id":"https:\/\/www.laguidasorrento.com\/#organization"},"potentialAction":[{"@type":"SearchAction","target":{"@type":"EntryPoint","urlTemplate":"https:\/\/www.laguidasorrento.com\/?s={search_term_string}"},"query-input":{"@type":"PropertyValueSpecification","valueRequired":true,"valueName":"search_term_string"}}],"inLanguage":"fr-FR"},{"@type":"Organization","@id":"https:\/\/www.laguidasorrento.com\/#organization","name":"La Guida Sorrente","url":"https:\/\/www.laguidasorrento.com\/","logo":{"@type":"ImageObject","inLanguage":"fr-FR","@id":"https:\/\/www.laguidasorrento.com\/#\/schema\/logo\/image\/","url":"https:\/\/www.laguidasorrento.com\/wp-content\/uploads\/2023\/02\/la_guida_sorrento_logo-e1688335948369.webp","contentUrl":"https:\/\/www.laguidasorrento.com\/wp-content\/uploads\/2023\/02\/la_guida_sorrento_logo-e1688335948369.webp","width":1443,"height":468,"caption":"La Guida Sorrento"},"image":{"@id":"https:\/\/www.laguidasorrento.com\/#\/schema\/logo\/image\/"},"sameAs":["https:\/\/facebook.com\/tourguidesorrento","https:\/\/instagram.com\/tourguidesorrento","https:\/\/linkedin.com\/tourguidesorrento"]}]}},"_links":{"self":[{"href":"https:\/\/www.laguidasorrento.com\/fr\/wp-json\/wp\/v2\/pages\/3768","targetHints":{"allow":["GET"]}}],"collection":[{"href":"https:\/\/www.laguidasorrento.com\/fr\/wp-json\/wp\/v2\/pages"}],"about":[{"href":"https:\/\/www.laguidasorrento.com\/fr\/wp-json\/wp\/v2\/types\/page"}],"author":[{"embeddable":true,"href":"https:\/\/www.laguidasorrento.com\/fr\/wp-json\/wp\/v2\/users\/4"}],"replies":[{"embeddable":true,"href":"https:\/\/www.laguidasorrento.com\/fr\/wp-json\/wp\/v2\/comments?post=3768"}],"version-history":[{"count":32,"href":"https:\/\/www.laguidasorrento.com\/fr\/wp-json\/wp\/v2\/pages\/3768\/revisions"}],"predecessor-version":[{"id":7003,"href":"https:\/\/www.laguidasorrento.com\/fr\/wp-json\/wp\/v2\/pages\/3768\/revisions\/7003"}],"wp:featuredmedia":[{"embeddable":true,"href":"https:\/\/www.laguidasorrento.com\/fr\/wp-json\/wp\/v2\/media\/3780"}],"wp:attachment":[{"href":"https:\/\/www.laguidasorrento.com\/fr\/wp-json\/wp\/v2\/media?parent=3768"}],"curies":[{"name":"wp","href":"https:\/\/api.w.org\/{rel}","templated":true}]}}