{"id":3196,"date":"2023-07-02T23:23:25","date_gmt":"2023-07-02T21:23:25","guid":{"rendered":"https:\/\/www.laguidasorrento.com\/?page_id=3196"},"modified":"2025-08-19T15:41:26","modified_gmt":"2025-08-19T13:41:26","slug":"the-amalfi-coast","status":"publish","type":"page","link":"https:\/\/www.laguidasorrento.com\/it\/the-amalfi-coast\/","title":{"rendered":"La Costiera Amalfitana, un viaggio Divino"},"content":{"rendered":"<div data-elementor-type=\"wp-page\" data-elementor-id=\"3196\" class=\"elementor elementor-3196\">\n\t\t\t\t\t\t<section class=\"elementor-section elementor-top-section elementor-element elementor-element-a645e5d elementor-section-boxed elementor-section-height-default elementor-section-height-default\" data-id=\"a645e5d\" data-element_type=\"section\">\n\t\t\t\t\t\t<div class=\"elementor-container elementor-column-gap-default\">\n\t\t\t\t\t<div class=\"elementor-column elementor-col-100 elementor-top-column elementor-element elementor-element-b73ab21\" data-id=\"b73ab21\" data-element_type=\"column\">\n\t\t\t<div class=\"elementor-widget-wrap elementor-element-populated\">\n\t\t\t\t\t\t<div class=\"elementor-element elementor-element-93ec853 elementor-widget elementor-widget-text-editor\" data-id=\"93ec853\" data-element_type=\"widget\" data-widget_type=\"text-editor.default\">\n\t\t\t\t<div class=\"elementor-widget-container\">\n\t\t\t\t\t\t\t\t\t<h2 style=\"font-size: 1rem; color: #696969;\"><strong>Scopri la Costiera Amalfitana: un viaggio \u201cdivino\u201d tra bellezza e patrimonio<\/strong><\/h1>\nScopri la splendida Costiera Amalfitana, un sito patrimonio mondiale dell&#039;UNESCO celebrato come &quot;la strada pi\u00f9 bella del mondo&quot;. Questo tratto di 50 chilometri si snoda attraverso le spettacolari vette calcaree dei Monti Lattari, offrendo viste impareggiabili dove il cielo bacia lo scintillante mare azzurro.\n<br \/>\n<h3 style=\"font-size: 1rem; color: #696969; margin-top: 15px;\"><strong>Inizia la tua avventura nell&#039;iconica Positano<\/strong><\/h2>\nInizia il tuo viaggio a Positano, la famosa &quot;citt\u00e0 verticale&quot;, nota per i suoi edifici color pastello e i vicoli fioriti che conducono alla Spiaggia Grande. Questa spiaggia vivace \u00e8 perfetta per rilassarsi e concedersi qualcosa di buono, con ristoranti sul mare che offrono una cucina deliziosa.\n\n<br \/>\n<h3 style=\"font-size: 1rem; color: #696969;margin-top: 15px;\">\n<strong>Meraviglie naturali e gemme storiche da ammirare<\/strong>\n<\/h3>\nScopri il Fiordo di Furore e l&#039;incantevole Grotta dello Smeraldo, tesori nascosti lungo la costa. Visita Conca dei Marini, sede di lussuose ville sul mare e dello storico Monastero di Santa Rosa, luogo di nascita della rinomata sfogliatella Santa Rosa.\n\n<br \/>\n<h3 style=\"font-size: 1rem; color: #696969;margin-top: 15px;\">\n<strong>Torna indietro nel tempo ad Amalfi<\/strong>\n<\/h3>\nAmalfi, un tempo influente repubblica marinara, vi invita a esplorare la sua ricca storia. Visitate la splendida Cattedrale di Amalfi, dedicata a Sant&#039;Andrea, e passeggiate per le sue pittoresche strade. Gli amanti della natura apprezzeranno i sentieri escursionistici come la &quot;Valle dei Mulini&quot; e la &quot;Valle delle Ferriere&quot;, dove storia e paesaggi lussureggianti si intrecciano.\n\n<br \/>\n<h3 style=\"font-size: 1rem; color: #696969;margin-top: 15px;\">\n<strong>Ravello: La Citt\u00e0 della Musica<\/strong>\n<\/h3>\nArroccata in alto sopra la costa, Ravello incanta i visitatori con il suo fascino culturale. Passeggiate nei giardini di Villa Rufolo, sede del rinomato Ravello Festival, e Villa Cimbrone, che offre viste mozzafiato dalla sua famosa Infinity Terrace.\n\n<br \/>\n<h3 style=\"font-size: 1rem; color: #696969;margin-top: 15px;\">\n<strong>Villaggi incantevoli e delizie culinarie<\/strong>\n<\/h3>\nEsplora le gemme nascoste della Costiera Amalfitana, tra cui Atrani, Minori, Maiori e Cetara, dove abbondano tradizioni vivaci e paesaggi mozzafiato. Tra terrazze di Limoni di Amalfi (IGP), assapora l&#039;eccellenza culinaria della regione, dai frutti di mare freschi alle specialit\u00e0 al limone.\n\n<br \/>\n<h3 style=\"font-size: 1rem; color: #696969;margin-top: 15px;\">\n<strong>Concludi il tuo viaggio nell&#039;Artistica Vietri<\/strong>\n<\/h3>\nConcludete la vostra avventura a Vietri sul Mare, famosa per le sue ceramiche e il suo patrimonio artistico. La Costiera Amalfitana \u00e8 pi\u00f9 di una strada: \u00e8 un viaggio di bellezza, cultura e sapori che vi lascer\u00e0 incantati.\t\t\t\t\t\t\t\t<\/div>\n\t\t\t\t<\/div>\n\t\t\t\t\t<\/div>\n\t\t<\/div>\n\t\t\t\t\t<\/div>\n\t\t<\/section>\n\t\t\t\t<section class=\"elementor-section elementor-top-section elementor-element elementor-element-ee9cb64 elementor-section-boxed elementor-section-height-default elementor-section-height-default\" data-id=\"ee9cb64\" data-element_type=\"section\">\n\t\t\t\t\t\t<div class=\"elementor-container elementor-column-gap-default\">\n\t\t\t\t\t<div class=\"elementor-column elementor-col-33 elementor-top-column elementor-element elementor-element-5e7f891\" data-id=\"5e7f891\" data-element_type=\"column\">\n\t\t\t<div class=\"elementor-widget-wrap elementor-element-populated\">\n\t\t\t\t\t\t<div class=\"elementor-element elementor-element-6285514 elementor-widget elementor-widget-image\" data-id=\"6285514\" data-element_type=\"widget\" data-widget_type=\"image.default\">\n\t\t\t\t<div class=\"elementor-widget-container\">\n\t\t\t\t\t\t\t\t\t\t\t\t\t\t\t<img fetchpriority=\"high\" decoding=\"async\" width=\"225\" height=\"300\" src=\"https:\/\/www.laguidasorrento.com\/wp-content\/uploads\/2023\/07\/Amalfi-225x300.jpg\" class=\"attachment-medium size-medium wp-image-3199\" alt=\"Amalfi\" srcset=\"https:\/\/www.laguidasorrento.com\/wp-content\/uploads\/2023\/07\/Amalfi-225x300.jpg 225w, https:\/\/www.laguidasorrento.com\/wp-content\/uploads\/2023\/07\/Amalfi-768x1024.jpg 768w, https:\/\/www.laguidasorrento.com\/wp-content\/uploads\/2023\/07\/Amalfi-1152x1536.jpg 1152w, https:\/\/www.laguidasorrento.com\/wp-content\/uploads\/2023\/07\/Amalfi-600x800.jpg 600w, https:\/\/www.laguidasorrento.com\/wp-content\/uploads\/2023\/07\/Amalfi.jpg 1200w\" sizes=\"(max-width: 225px) 100vw, 225px\" \/>\t\t\t\t\t\t\t\t\t\t\t\t\t\t\t<\/div>\n\t\t\t\t<\/div>\n\t\t\t\t\t<\/div>\n\t\t<\/div>\n\t\t\t\t<div class=\"elementor-column elementor-col-33 elementor-top-column elementor-element elementor-element-7a7350d\" data-id=\"7a7350d\" data-element_type=\"column\">\n\t\t\t<div class=\"elementor-widget-wrap elementor-element-populated\">\n\t\t\t\t\t\t<div class=\"elementor-element elementor-element-e373bbb elementor-widget elementor-widget-image\" data-id=\"e373bbb\" data-element_type=\"widget\" data-widget_type=\"image.default\">\n\t\t\t\t<div class=\"elementor-widget-container\">\n\t\t\t\t\t\t\t\t\t\t\t\t\t\t\t<img decoding=\"async\" width=\"300\" height=\"225\" src=\"https:\/\/www.laguidasorrento.com\/wp-content\/uploads\/2025\/01\/AmalfiCoast-Positano-view4-300x225.jpg\" class=\"attachment-medium size-medium wp-image-4936\" alt=\"Sea Tour\" srcset=\"https:\/\/www.laguidasorrento.com\/wp-content\/uploads\/2025\/01\/AmalfiCoast-Positano-view4-300x225.jpg 300w, https:\/\/www.laguidasorrento.com\/wp-content\/uploads\/2025\/01\/AmalfiCoast-Positano-view4-1024x768.jpg 1024w, https:\/\/www.laguidasorrento.com\/wp-content\/uploads\/2025\/01\/AmalfiCoast-Positano-view4-768x576.jpg 768w, https:\/\/www.laguidasorrento.com\/wp-content\/uploads\/2025\/01\/AmalfiCoast-Positano-view4-1536x1152.jpg 1536w, https:\/\/www.laguidasorrento.com\/wp-content\/uploads\/2025\/01\/AmalfiCoast-Positano-view4-2048x1536.jpg 2048w, https:\/\/www.laguidasorrento.com\/wp-content\/uploads\/2025\/01\/AmalfiCoast-Positano-view4-16x12.jpg 16w, https:\/\/www.laguidasorrento.com\/wp-content\/uploads\/2025\/01\/AmalfiCoast-Positano-view4-600x450.jpg 600w\" sizes=\"(max-width: 300px) 100vw, 300px\" \/>\t\t\t\t\t\t\t\t\t\t\t\t\t\t\t<\/div>\n\t\t\t\t<\/div>\n\t\t\t\t\t<\/div>\n\t\t<\/div>\n\t\t\t\t<div class=\"elementor-column elementor-col-33 elementor-top-column elementor-element elementor-element-518e48f\" data-id=\"518e48f\" data-element_type=\"column\">\n\t\t\t<div class=\"elementor-widget-wrap elementor-element-populated\">\n\t\t\t\t\t\t<div class=\"elementor-element elementor-element-3aee709 elementor-widget elementor-widget-image\" data-id=\"3aee709\" data-element_type=\"widget\" data-widget_type=\"image.default\">\n\t\t\t\t<div class=\"elementor-widget-container\">\n\t\t\t\t\t\t\t\t\t\t\t\t\t\t\t<img decoding=\"async\" width=\"300\" height=\"225\" src=\"https:\/\/www.laguidasorrento.com\/wp-content\/uploads\/2025\/01\/AmalfiCoast-Positano-view1-300x225.jpg\" class=\"attachment-medium size-medium wp-image-4939\" alt=\"Positano\" srcset=\"https:\/\/www.laguidasorrento.com\/wp-content\/uploads\/2025\/01\/AmalfiCoast-Positano-view1-300x225.jpg 300w, https:\/\/www.laguidasorrento.com\/wp-content\/uploads\/2025\/01\/AmalfiCoast-Positano-view1-1024x768.jpg 1024w, https:\/\/www.laguidasorrento.com\/wp-content\/uploads\/2025\/01\/AmalfiCoast-Positano-view1-768x576.jpg 768w, https:\/\/www.laguidasorrento.com\/wp-content\/uploads\/2025\/01\/AmalfiCoast-Positano-view1-1536x1152.jpg 1536w, https:\/\/www.laguidasorrento.com\/wp-content\/uploads\/2025\/01\/AmalfiCoast-Positano-view1-2048x1536.jpg 2048w, https:\/\/www.laguidasorrento.com\/wp-content\/uploads\/2025\/01\/AmalfiCoast-Positano-view1-16x12.jpg 16w, https:\/\/www.laguidasorrento.com\/wp-content\/uploads\/2025\/01\/AmalfiCoast-Positano-view1-600x450.jpg 600w\" sizes=\"(max-width: 300px) 100vw, 300px\" \/>\t\t\t\t\t\t\t\t\t\t\t\t\t\t\t<\/div>\n\t\t\t\t<\/div>\n\t\t\t\t\t<\/div>\n\t\t<\/div>\n\t\t\t\t\t<\/div>\n\t\t<\/section>\n\t\t\t\t<\/div>","protected":false},"excerpt":{"rendered":"<p>Scopri la Costiera Amalfitana: un viaggio \u201cdivino\u201d tra bellezza e patrimonio Scopri la straordinaria Costiera Amalfitana, un sito patrimonio mondiale dell&#039;UNESCO celebrato come \u201cla strada pi\u00f9 bella del mondo\u201d. Questo tratto di 50 chilometri si snoda attraverso le spettacolari vette calcaree dei Monti Lattari, offrendo viste impareggiabili dove il cielo bacia lo scintillante mare azzurro. Inizia [\u2026]<\/p>","protected":false},"author":1,"featured_media":0,"parent":0,"menu_order":0,"comment_status":"closed","ping_status":"closed","template":"","meta":{"footnotes":""},"class_list":["post-3196","page","type-page","status-publish","hentry"],"yoast_head":"<!-- This site is optimized with the Yoast SEO Premium plugin v26.8 (Yoast SEO v27.4) - https:\/\/yoast.com\/product\/yoast-seo-premium-wordpress\/ -->\n<title>The Amalfi Coast, a Divine journey - La Guida Sorrento<\/title>\n<meta name=\"description\" content=\"Amalfi Coast private tour: discover the world\u2019s most beautiful road, a UNESCO site with dramatic cliffs, villages and stunning sea views\" \/>\n<meta name=\"robots\" content=\"index, follow, max-snippet:-1, max-image-preview:large, max-video-preview:-1\" \/>\n<link rel=\"canonical\" href=\"https:\/\/www.laguidasorrento.com\/it\/the-amalfi-coast\/\" \/>\n<meta property=\"og:locale\" content=\"it_IT\" \/>\n<meta property=\"og:type\" content=\"article\" \/>\n<meta property=\"og:title\" content=\"The Amalfi Coast, a Divine journey\" \/>\n<meta property=\"og:description\" content=\"Amalfi Coast private tour: discover the world\u2019s most beautiful road, a UNESCO site with dramatic cliffs, villages and stunning sea views\" \/>\n<meta property=\"og:url\" content=\"https:\/\/www.laguidasorrento.com\/it\/the-amalfi-coast\/\" \/>\n<meta property=\"og:site_name\" content=\"La Guida Sorrento\" \/>\n<meta property=\"article:publisher\" content=\"https:\/\/facebook.com\/tourguidesorrento\" \/>\n<meta property=\"article:modified_time\" content=\"2025-08-19T13:41:26+00:00\" \/>\n<meta property=\"og:image\" content=\"https:\/\/www.laguidasorrento.com\/wp-content\/uploads\/2023\/07\/Amalfi-225x300.jpg\" \/>\n<meta name=\"twitter:card\" content=\"summary_large_image\" \/>\n<meta name=\"twitter:label1\" content=\"Tempo di lettura stimato\" \/>\n\t<meta name=\"twitter:data1\" content=\"3 minuti\" \/>\n<script type=\"application\/ld+json\" class=\"yoast-schema-graph\">{\"@context\":\"https:\\\/\\\/schema.org\",\"@graph\":[{\"@type\":\"WebPage\",\"@id\":\"https:\\\/\\\/www.laguidasorrento.com\\\/the-amalfi-coast\\\/\",\"url\":\"https:\\\/\\\/www.laguidasorrento.com\\\/the-amalfi-coast\\\/\",\"name\":\"The Amalfi Coast, a Divine journey - La Guida Sorrento\",\"isPartOf\":{\"@id\":\"https:\\\/\\\/www.laguidasorrento.com\\\/#website\"},\"primaryImageOfPage\":{\"@id\":\"https:\\\/\\\/www.laguidasorrento.com\\\/the-amalfi-coast\\\/#primaryimage\"},\"image\":{\"@id\":\"https:\\\/\\\/www.laguidasorrento.com\\\/the-amalfi-coast\\\/#primaryimage\"},\"thumbnailUrl\":\"https:\\\/\\\/www.laguidasorrento.com\\\/wp-content\\\/uploads\\\/2023\\\/07\\\/Amalfi-225x300.jpg\",\"datePublished\":\"2023-07-02T21:23:25+00:00\",\"dateModified\":\"2025-08-19T13:41:26+00:00\",\"description\":\"Amalfi Coast private tour: discover the world\u2019s most beautiful road, a UNESCO site with dramatic cliffs, villages and stunning sea views\",\"breadcrumb\":{\"@id\":\"https:\\\/\\\/www.laguidasorrento.com\\\/the-amalfi-coast\\\/#breadcrumb\"},\"inLanguage\":\"it-IT\",\"potentialAction\":[{\"@type\":\"ReadAction\",\"target\":[\"https:\\\/\\\/www.laguidasorrento.com\\\/the-amalfi-coast\\\/\"]}]},{\"@type\":\"ImageObject\",\"inLanguage\":\"it-IT\",\"@id\":\"https:\\\/\\\/www.laguidasorrento.com\\\/the-amalfi-coast\\\/#primaryimage\",\"url\":\"https:\\\/\\\/www.laguidasorrento.com\\\/wp-content\\\/uploads\\\/2023\\\/07\\\/Amalfi-225x300.jpg\",\"contentUrl\":\"https:\\\/\\\/www.laguidasorrento.com\\\/wp-content\\\/uploads\\\/2023\\\/07\\\/Amalfi-225x300.jpg\"},{\"@type\":\"BreadcrumbList\",\"@id\":\"https:\\\/\\\/www.laguidasorrento.com\\\/the-amalfi-coast\\\/#breadcrumb\",\"itemListElement\":[{\"@type\":\"ListItem\",\"position\":1,\"name\":\"Home\",\"item\":\"https:\\\/\\\/www.laguidasorrento.com\\\/\"},{\"@type\":\"ListItem\",\"position\":2,\"name\":\"The Amalfi Coast, a Divine journey\"}]},{\"@type\":\"WebSite\",\"@id\":\"https:\\\/\\\/www.laguidasorrento.com\\\/#website\",\"url\":\"https:\\\/\\\/www.laguidasorrento.com\\\/\",\"name\":\"La Guida Sorrento\",\"description\":\"Explore Naples and Beyond\",\"publisher\":{\"@id\":\"https:\\\/\\\/www.laguidasorrento.com\\\/#organization\"},\"potentialAction\":[{\"@type\":\"SearchAction\",\"target\":{\"@type\":\"EntryPoint\",\"urlTemplate\":\"https:\\\/\\\/www.laguidasorrento.com\\\/?s={search_term_string}\"},\"query-input\":{\"@type\":\"PropertyValueSpecification\",\"valueRequired\":true,\"valueName\":\"search_term_string\"}}],\"inLanguage\":\"it-IT\"},{\"@type\":\"Organization\",\"@id\":\"https:\\\/\\\/www.laguidasorrento.com\\\/#organization\",\"name\":\"La Guida Sorrento\",\"url\":\"https:\\\/\\\/www.laguidasorrento.com\\\/\",\"logo\":{\"@type\":\"ImageObject\",\"inLanguage\":\"it-IT\",\"@id\":\"https:\\\/\\\/www.laguidasorrento.com\\\/#\\\/schema\\\/logo\\\/image\\\/\",\"url\":\"https:\\\/\\\/www.laguidasorrento.com\\\/wp-content\\\/uploads\\\/2023\\\/02\\\/la_guida_sorrento_logo-e1688335948369.webp\",\"contentUrl\":\"https:\\\/\\\/www.laguidasorrento.com\\\/wp-content\\\/uploads\\\/2023\\\/02\\\/la_guida_sorrento_logo-e1688335948369.webp\",\"width\":1443,\"height\":468,\"caption\":\"La Guida Sorrento\"},\"image\":{\"@id\":\"https:\\\/\\\/www.laguidasorrento.com\\\/#\\\/schema\\\/logo\\\/image\\\/\"},\"sameAs\":[\"https:\\\/\\\/facebook.com\\\/tourguidesorrento\",\"https:\\\/\\\/instagram.com\\\/tourguidesorrento\",\"https:\\\/\\\/linkedin.com\\\/tourguidesorrento\"]}]}<\/script>\n<!-- \/ Yoast SEO Premium plugin. -->","yoast_head_json":{"title":"La Costiera Amalfitana, un viaggio Divino - La Guida Sorrento","description":"Tour privato della Costiera Amalfitana: scopri la strada pi\u00f9 bella del mondo, un sito UNESCO con scogliere spettacolari, villaggi e viste mozzafiato sul mare","robots":{"index":"index","follow":"follow","max-snippet":"max-snippet:-1","max-image-preview":"max-image-preview:large","max-video-preview":"max-video-preview:-1"},"canonical":"https:\/\/www.laguidasorrento.com\/it\/the-amalfi-coast\/","og_locale":"it_IT","og_type":"article","og_title":"The Amalfi Coast, a Divine journey","og_description":"Amalfi Coast private tour: discover the world\u2019s most beautiful road, a UNESCO site with dramatic cliffs, villages and stunning sea views","og_url":"https:\/\/www.laguidasorrento.com\/it\/the-amalfi-coast\/","og_site_name":"La Guida Sorrento","article_publisher":"https:\/\/facebook.com\/tourguidesorrento","article_modified_time":"2025-08-19T13:41:26+00:00","og_image":[{"url":"https:\/\/www.laguidasorrento.com\/wp-content\/uploads\/2023\/07\/Amalfi-225x300.jpg","type":"","width":"","height":""}],"twitter_card":"summary_large_image","twitter_misc":{"Tempo di lettura stimato":"3 minuti"},"schema":{"@context":"https:\/\/schema.org","@graph":[{"@type":"WebPage","@id":"https:\/\/www.laguidasorrento.com\/the-amalfi-coast\/","url":"https:\/\/www.laguidasorrento.com\/the-amalfi-coast\/","name":"La Costiera Amalfitana, un viaggio Divino - La Guida Sorrento","isPartOf":{"@id":"https:\/\/www.laguidasorrento.com\/#website"},"primaryImageOfPage":{"@id":"https:\/\/www.laguidasorrento.com\/the-amalfi-coast\/#primaryimage"},"image":{"@id":"https:\/\/www.laguidasorrento.com\/the-amalfi-coast\/#primaryimage"},"thumbnailUrl":"https:\/\/www.laguidasorrento.com\/wp-content\/uploads\/2023\/07\/Amalfi-225x300.jpg","datePublished":"2023-07-02T21:23:25+00:00","dateModified":"2025-08-19T13:41:26+00:00","description":"Tour privato della Costiera Amalfitana: scopri la strada pi\u00f9 bella del mondo, un sito UNESCO con scogliere spettacolari, villaggi e viste mozzafiato sul mare","breadcrumb":{"@id":"https:\/\/www.laguidasorrento.com\/the-amalfi-coast\/#breadcrumb"},"inLanguage":"it-IT","potentialAction":[{"@type":"ReadAction","target":["https:\/\/www.laguidasorrento.com\/the-amalfi-coast\/"]}]},{"@type":"ImageObject","inLanguage":"it-IT","@id":"https:\/\/www.laguidasorrento.com\/the-amalfi-coast\/#primaryimage","url":"https:\/\/www.laguidasorrento.com\/wp-content\/uploads\/2023\/07\/Amalfi-225x300.jpg","contentUrl":"https:\/\/www.laguidasorrento.com\/wp-content\/uploads\/2023\/07\/Amalfi-225x300.jpg"},{"@type":"BreadcrumbList","@id":"https:\/\/www.laguidasorrento.com\/the-amalfi-coast\/#breadcrumb","itemListElement":[{"@type":"ListItem","position":1,"name":"Home","item":"https:\/\/www.laguidasorrento.com\/"},{"@type":"ListItem","position":2,"name":"The Amalfi Coast, a Divine journey"}]},{"@type":"WebSite","@id":"https:\/\/www.laguidasorrento.com\/#website","url":"https:\/\/www.laguidasorrento.com\/","name":"La Guida Sorrento","description":"Esplora Napoli e dintorni","publisher":{"@id":"https:\/\/www.laguidasorrento.com\/#organization"},"potentialAction":[{"@type":"SearchAction","target":{"@type":"EntryPoint","urlTemplate":"https:\/\/www.laguidasorrento.com\/?s={search_term_string}"},"query-input":{"@type":"PropertyValueSpecification","valueRequired":true,"valueName":"search_term_string"}}],"inLanguage":"it-IT"},{"@type":"Organization","@id":"https:\/\/www.laguidasorrento.com\/#organization","name":"La Guida Sorrento","url":"https:\/\/www.laguidasorrento.com\/","logo":{"@type":"ImageObject","inLanguage":"it-IT","@id":"https:\/\/www.laguidasorrento.com\/#\/schema\/logo\/image\/","url":"https:\/\/www.laguidasorrento.com\/wp-content\/uploads\/2023\/02\/la_guida_sorrento_logo-e1688335948369.webp","contentUrl":"https:\/\/www.laguidasorrento.com\/wp-content\/uploads\/2023\/02\/la_guida_sorrento_logo-e1688335948369.webp","width":1443,"height":468,"caption":"La Guida Sorrento"},"image":{"@id":"https:\/\/www.laguidasorrento.com\/#\/schema\/logo\/image\/"},"sameAs":["https:\/\/facebook.com\/tourguidesorrento","https:\/\/instagram.com\/tourguidesorrento","https:\/\/linkedin.com\/tourguidesorrento"]}]}},"_links":{"self":[{"href":"https:\/\/www.laguidasorrento.com\/it\/wp-json\/wp\/v2\/pages\/3196","targetHints":{"allow":["GET"]}}],"collection":[{"href":"https:\/\/www.laguidasorrento.com\/it\/wp-json\/wp\/v2\/pages"}],"about":[{"href":"https:\/\/www.laguidasorrento.com\/it\/wp-json\/wp\/v2\/types\/page"}],"author":[{"embeddable":true,"href":"https:\/\/www.laguidasorrento.com\/it\/wp-json\/wp\/v2\/users\/1"}],"replies":[{"embeddable":true,"href":"https:\/\/www.laguidasorrento.com\/it\/wp-json\/wp\/v2\/comments?post=3196"}],"version-history":[{"count":39,"href":"https:\/\/www.laguidasorrento.com\/it\/wp-json\/wp\/v2\/pages\/3196\/revisions"}],"predecessor-version":[{"id":6966,"href":"https:\/\/www.laguidasorrento.com\/it\/wp-json\/wp\/v2\/pages\/3196\/revisions\/6966"}],"wp:attachment":[{"href":"https:\/\/www.laguidasorrento.com\/it\/wp-json\/wp\/v2\/media?parent=3196"}],"curies":[{"name":"parola chiave","href":"https:\/\/api.w.org\/{rel}","templated":true}]}}