{"id":3206,"date":"2023-07-02T23:37:24","date_gmt":"2023-07-02T21:37:24","guid":{"rendered":"https:\/\/www.laguidasorrento.com\/?page_id=3206"},"modified":"2025-08-19T15:49:20","modified_gmt":"2025-08-19T13:49:20","slug":"capri-la-dolce-vita","status":"publish","type":"page","link":"https:\/\/www.laguidasorrento.com\/it\/capri-la-dolce-vita\/","title":{"rendered":"Capri, La dolce vita"},"content":{"rendered":"<p><strong>Immersa nell&#039;abbraccio del Mar Tirreno, Capri attira i visitatori molto prima che raggiungano le sue pittoresche coste<\/strong>.<\/p>\n<p>Questa incantevole isola, situata a pochi passi dalla Costiera Sorrentina, ha un fascino a dir poco affascinante.<\/p>\n<p>Nell&#039;antichit\u00e0, anche gli imperatori romani Augusto e Tiberio erano affascinati dalla mistica di Capri. Augusto era cos\u00ec innamorato dell&#039;isola che pens\u00f2 di scambiarla con Ischia. Nel frattempo Tiberio scelse Capri come luogo di esilio volontario, da dove continu\u00f2 a governare il vasto Impero Romano.<\/p>\n<p><strong>Capri \u00e8 divisa in due incantevoli cittadine: Anacapri e Capri.<\/strong><\/p>\n<p><strong>Anacapri<\/strong>, arroccato nelle parti alte dell&#039;Isola e dominato dal maestoso Monte Solaro, \u00e8 un paradiso di meraviglie naturali e architettoniche. Qui puoi esplorare l&#039;affascinante <strong>Villa San Michele<\/strong>, l&#039;antica residenza del medico svedese <strong>Axel Munthe<\/strong>, ora trasformato in museo. Si dice che qui abbia origine la leggenda della famosa campana di Capri, simbolo di felicit\u00e0 e buona fortuna.<\/p>\n<p>Una deliziosa passeggiata vi porta al \u201c<strong>Porta della Differenza,<\/strong>\u201d un&#039;antica porta medievale da cui si accede <strong>Passi fenici<\/strong>, composto da 921 gradini, iniziano. Nell&#039;antichit\u00e0 questo era l&#039;unico collegamento tra Capri e Anacapri. Oggi offre un percorso alternativo mozzafiato per gli amanti dell&#039;avventura e delle escursioni, offrendo viste panoramiche sul Golfo di Napoli e sulla Costiera Sorrentina.<\/p>\n<p>Prima di scendere a Capri, una visita alla magnifica <strong>Chiesa di San Michele<\/strong> \u00e8 un dovere. Qui potete ammirare una rappresentazione del \u201cGiardino dell&#039;Eden\u201d raffigurato sul <strong>Pavimento in maioliche<\/strong>.<\/p>\n<p>Il cuore di Capri \u00e8 il rinomato <strong>Piazzetta<\/strong>, un centro di caff\u00e8 \u201cchic\u201d e negozi alla moda che trasudano un&#039;atmosfera da dolce vita. Serpeggiando tra le stradine dell&#039;isola, famose per le boutique alla moda e gli hotel di lusso, potrete scoprire luoghi incantevoli.<\/p>\n<p>Esplorare la <strong>Giardini di Augusto<\/strong>, giardini terrazzati con vista sull&#039;iconico <strong>Faraglioni,<\/strong> e la tortuosa Via Krupp. Non perdetevi il <strong>Certosa di San Giacomo<\/strong>, dove, secondo la leggenda, i monaci crearono inavvertitamente il primo profumo dell&#039;isola per la sovrana Giovanna d&#039;Angi\u00f2. Ancora oggi, queste squisite fragranze rimangono uno dei tesori pi\u00f9 preziosi dell&#039;isola.<\/p>\n<p>Nessuna visita a Capri \u00e8 completa senza aver ammirato l&#039;isola dal mare <strong>romantica gita in barca<\/strong>. Capri ha molto altro da rivelare, da baie nascoste e panorami spettacolari ad accattivanti grotte come le famose <strong>Grotta Azzurra<\/strong>. Un momento particolarmente romantico ti aspetta mentre attraversi il <strong>\u201cFaraglione di Mezzo<\/strong>\u201d, dove si crede che un bacio simboleggi una promessa di amore eterno.<\/p>\n<p>Per gli appassionati di cucina, Capri non delude. Concediti delizie autentiche come<strong> Ravioli Capres<\/strong>ho condito con maggiorana e ne ho gustato un bicchiere <strong>Limoncello<\/strong>, un liquore leggendario con le sue origini nell&#039;isola.<\/p>\n<p>E se pensi che tutto questo non ti basti, vivi Capri by night. Come la donna pi\u00f9 elegante, Capri abbaglia anche in abito da sera. <strong>Vedere per credere!<\/strong><\/p>\n<p><strong>UN<\/strong><strong>Sei pronto per intraprendere questo viaggio indimenticabile prenotando una visita guidata con me?<\/strong><\/p>\n<p>\u00a0<\/p>\n<p>\t\t\t\t\t\t\t\t\t\t\t\t\t\t\t<img loading=\"lazy\" decoding=\"async\" width=\"640\" height=\"480\" src=\"https:\/\/www.laguidasorrento.com\/wp-content\/uploads\/2023\/04\/77db7e95-7aa5-4594-bd6a-58de4d0e0f00-1024x768.jpg\" alt=\"Natalia_Fiorentino_LaguidaSorrento\" \/><\/p>","protected":false},"excerpt":{"rendered":"<p>Immersa nell&#039;abbraccio del Mar Tirreno, Capri attira i visitatori molto prima che raggiungano le sue pittoresche coste. Questa incantevole isola, situata a pochi passi dalla Costiera Sorrentina, ha un fascino a dir poco affascinante. Nei tempi antichi, anche gli imperatori romani Augusto e Tiberio erano affascinati dalla mistica di [\u2026]<\/p>","protected":false},"author":1,"featured_media":3363,"parent":0,"menu_order":0,"comment_status":"closed","ping_status":"closed","template":"","meta":{"footnotes":""},"class_list":["post-3206","page","type-page","status-publish","has-post-thumbnail","hentry"],"yoast_head":"<!-- This site is optimized with the Yoast SEO Premium plugin v26.8 (Yoast SEO v27.4) - https:\/\/yoast.com\/product\/yoast-seo-premium-wordpress\/ -->\n<title>Capri Private Tour with Expert Guide<\/title>\n<meta name=\"description\" content=\"Exclusive Capri private tours with a private guide. Explore the iconic places, breathtaking views and authentic stories of the island!\" \/>\n<meta name=\"robots\" content=\"index, follow, max-snippet:-1, max-image-preview:large, max-video-preview:-1\" \/>\n<link rel=\"canonical\" href=\"https:\/\/www.laguidasorrento.com\/it\/capri-la-dolce-vita\/\" \/>\n<meta property=\"og:locale\" content=\"it_IT\" \/>\n<meta property=\"og:type\" content=\"article\" \/>\n<meta property=\"og:title\" content=\"Capri, La Dolce Vita\" \/>\n<meta property=\"og:description\" content=\"Exclusive Capri private tours with a private guide. Explore the iconic places, breathtaking views and authentic stories of the island!\" \/>\n<meta property=\"og:url\" content=\"https:\/\/www.laguidasorrento.com\/it\/capri-la-dolce-vita\/\" \/>\n<meta property=\"og:site_name\" content=\"La Guida Sorrento\" \/>\n<meta property=\"article:publisher\" content=\"https:\/\/facebook.com\/tourguidesorrento\" \/>\n<meta property=\"article:modified_time\" content=\"2025-08-19T13:49:20+00:00\" \/>\n<meta property=\"og:image\" content=\"https:\/\/www.laguidasorrento.com\/wp-content\/uploads\/2023\/04\/Capri.jpg\" \/>\n\t<meta property=\"og:image:width\" content=\"1920\" \/>\n\t<meta property=\"og:image:height\" content=\"1200\" \/>\n\t<meta property=\"og:image:type\" content=\"image\/jpeg\" \/>\n<meta name=\"twitter:card\" content=\"summary_large_image\" \/>\n<meta name=\"twitter:label1\" content=\"Tempo di lettura stimato\" \/>\n\t<meta name=\"twitter:data1\" content=\"4 minuti\" \/>\n<script type=\"application\/ld+json\" class=\"yoast-schema-graph\">{\"@context\":\"https:\\\/\\\/schema.org\",\"@graph\":[{\"@type\":\"WebPage\",\"@id\":\"https:\\\/\\\/www.laguidasorrento.com\\\/capri-la-dolce-vita\\\/\",\"url\":\"https:\\\/\\\/www.laguidasorrento.com\\\/capri-la-dolce-vita\\\/\",\"name\":\"Capri Private Tour with Expert Guide\",\"isPartOf\":{\"@id\":\"https:\\\/\\\/www.laguidasorrento.com\\\/#website\"},\"primaryImageOfPage\":{\"@id\":\"https:\\\/\\\/www.laguidasorrento.com\\\/capri-la-dolce-vita\\\/#primaryimage\"},\"image\":{\"@id\":\"https:\\\/\\\/www.laguidasorrento.com\\\/capri-la-dolce-vita\\\/#primaryimage\"},\"thumbnailUrl\":\"https:\\\/\\\/www.laguidasorrento.com\\\/wp-content\\\/uploads\\\/2023\\\/04\\\/Capri.jpg\",\"datePublished\":\"2023-07-02T21:37:24+00:00\",\"dateModified\":\"2025-08-19T13:49:20+00:00\",\"description\":\"Exclusive Capri private tours with a private guide. Explore the iconic places, breathtaking views and authentic stories of the island!\",\"breadcrumb\":{\"@id\":\"https:\\\/\\\/www.laguidasorrento.com\\\/capri-la-dolce-vita\\\/#breadcrumb\"},\"inLanguage\":\"it-IT\",\"potentialAction\":[{\"@type\":\"ReadAction\",\"target\":[\"https:\\\/\\\/www.laguidasorrento.com\\\/capri-la-dolce-vita\\\/\"]}]},{\"@type\":\"ImageObject\",\"inLanguage\":\"it-IT\",\"@id\":\"https:\\\/\\\/www.laguidasorrento.com\\\/capri-la-dolce-vita\\\/#primaryimage\",\"url\":\"https:\\\/\\\/www.laguidasorrento.com\\\/wp-content\\\/uploads\\\/2023\\\/04\\\/Capri.jpg\",\"contentUrl\":\"https:\\\/\\\/www.laguidasorrento.com\\\/wp-content\\\/uploads\\\/2023\\\/04\\\/Capri.jpg\",\"width\":1920,\"height\":1200,\"caption\":\"Faraglioni\"},{\"@type\":\"BreadcrumbList\",\"@id\":\"https:\\\/\\\/www.laguidasorrento.com\\\/capri-la-dolce-vita\\\/#breadcrumb\",\"itemListElement\":[{\"@type\":\"ListItem\",\"position\":1,\"name\":\"Home\",\"item\":\"https:\\\/\\\/www.laguidasorrento.com\\\/\"},{\"@type\":\"ListItem\",\"position\":2,\"name\":\"Capri, La Dolce Vita\"}]},{\"@type\":\"WebSite\",\"@id\":\"https:\\\/\\\/www.laguidasorrento.com\\\/#website\",\"url\":\"https:\\\/\\\/www.laguidasorrento.com\\\/\",\"name\":\"La Guida Sorrento\",\"description\":\"Explore Naples and Beyond\",\"publisher\":{\"@id\":\"https:\\\/\\\/www.laguidasorrento.com\\\/#organization\"},\"potentialAction\":[{\"@type\":\"SearchAction\",\"target\":{\"@type\":\"EntryPoint\",\"urlTemplate\":\"https:\\\/\\\/www.laguidasorrento.com\\\/?s={search_term_string}\"},\"query-input\":{\"@type\":\"PropertyValueSpecification\",\"valueRequired\":true,\"valueName\":\"search_term_string\"}}],\"inLanguage\":\"it-IT\"},{\"@type\":\"Organization\",\"@id\":\"https:\\\/\\\/www.laguidasorrento.com\\\/#organization\",\"name\":\"La Guida Sorrento\",\"url\":\"https:\\\/\\\/www.laguidasorrento.com\\\/\",\"logo\":{\"@type\":\"ImageObject\",\"inLanguage\":\"it-IT\",\"@id\":\"https:\\\/\\\/www.laguidasorrento.com\\\/#\\\/schema\\\/logo\\\/image\\\/\",\"url\":\"https:\\\/\\\/www.laguidasorrento.com\\\/wp-content\\\/uploads\\\/2023\\\/02\\\/la_guida_sorrento_logo-e1688335948369.webp\",\"contentUrl\":\"https:\\\/\\\/www.laguidasorrento.com\\\/wp-content\\\/uploads\\\/2023\\\/02\\\/la_guida_sorrento_logo-e1688335948369.webp\",\"width\":1443,\"height\":468,\"caption\":\"La Guida Sorrento\"},\"image\":{\"@id\":\"https:\\\/\\\/www.laguidasorrento.com\\\/#\\\/schema\\\/logo\\\/image\\\/\"},\"sameAs\":[\"https:\\\/\\\/facebook.com\\\/tourguidesorrento\",\"https:\\\/\\\/instagram.com\\\/tourguidesorrento\",\"https:\\\/\\\/linkedin.com\\\/tourguidesorrento\"]}]}<\/script>\n<!-- \/ Yoast SEO Premium plugin. -->","yoast_head_json":{"title":"Tour privato di Capri con guida esperta","description":"Esclusivi tour privati di Capri con guida privata. Esplora i luoghi simbolo, i panorami mozzafiato e le storie autentiche dell&#039;isola!","robots":{"index":"index","follow":"follow","max-snippet":"max-snippet:-1","max-image-preview":"max-image-preview:large","max-video-preview":"max-video-preview:-1"},"canonical":"https:\/\/www.laguidasorrento.com\/it\/capri-la-dolce-vita\/","og_locale":"it_IT","og_type":"article","og_title":"Capri, La Dolce Vita","og_description":"Exclusive Capri private tours with a private guide. Explore the iconic places, breathtaking views and authentic stories of the island!","og_url":"https:\/\/www.laguidasorrento.com\/it\/capri-la-dolce-vita\/","og_site_name":"La Guida Sorrento","article_publisher":"https:\/\/facebook.com\/tourguidesorrento","article_modified_time":"2025-08-19T13:49:20+00:00","og_image":[{"width":1920,"height":1200,"url":"https:\/\/www.laguidasorrento.com\/wp-content\/uploads\/2023\/04\/Capri.jpg","type":"image\/jpeg"}],"twitter_card":"summary_large_image","twitter_misc":{"Tempo di lettura stimato":"4 minuti"},"schema":{"@context":"https:\/\/schema.org","@graph":[{"@type":"WebPage","@id":"https:\/\/www.laguidasorrento.com\/capri-la-dolce-vita\/","url":"https:\/\/www.laguidasorrento.com\/capri-la-dolce-vita\/","name":"Tour privato di Capri con guida esperta","isPartOf":{"@id":"https:\/\/www.laguidasorrento.com\/#website"},"primaryImageOfPage":{"@id":"https:\/\/www.laguidasorrento.com\/capri-la-dolce-vita\/#primaryimage"},"image":{"@id":"https:\/\/www.laguidasorrento.com\/capri-la-dolce-vita\/#primaryimage"},"thumbnailUrl":"https:\/\/www.laguidasorrento.com\/wp-content\/uploads\/2023\/04\/Capri.jpg","datePublished":"2023-07-02T21:37:24+00:00","dateModified":"2025-08-19T13:49:20+00:00","description":"Esclusivi tour privati di Capri con guida privata. Esplora i luoghi simbolo, i panorami mozzafiato e le storie autentiche dell&#039;isola!","breadcrumb":{"@id":"https:\/\/www.laguidasorrento.com\/capri-la-dolce-vita\/#breadcrumb"},"inLanguage":"it-IT","potentialAction":[{"@type":"ReadAction","target":["https:\/\/www.laguidasorrento.com\/capri-la-dolce-vita\/"]}]},{"@type":"ImageObject","inLanguage":"it-IT","@id":"https:\/\/www.laguidasorrento.com\/capri-la-dolce-vita\/#primaryimage","url":"https:\/\/www.laguidasorrento.com\/wp-content\/uploads\/2023\/04\/Capri.jpg","contentUrl":"https:\/\/www.laguidasorrento.com\/wp-content\/uploads\/2023\/04\/Capri.jpg","width":1920,"height":1200,"caption":"Faraglioni"},{"@type":"BreadcrumbList","@id":"https:\/\/www.laguidasorrento.com\/capri-la-dolce-vita\/#breadcrumb","itemListElement":[{"@type":"ListItem","position":1,"name":"Home","item":"https:\/\/www.laguidasorrento.com\/"},{"@type":"ListItem","position":2,"name":"Capri, La Dolce Vita"}]},{"@type":"WebSite","@id":"https:\/\/www.laguidasorrento.com\/#website","url":"https:\/\/www.laguidasorrento.com\/","name":"La Guida Sorrento","description":"Esplora Napoli e dintorni","publisher":{"@id":"https:\/\/www.laguidasorrento.com\/#organization"},"potentialAction":[{"@type":"SearchAction","target":{"@type":"EntryPoint","urlTemplate":"https:\/\/www.laguidasorrento.com\/?s={search_term_string}"},"query-input":{"@type":"PropertyValueSpecification","valueRequired":true,"valueName":"search_term_string"}}],"inLanguage":"it-IT"},{"@type":"Organization","@id":"https:\/\/www.laguidasorrento.com\/#organization","name":"La Guida Sorrento","url":"https:\/\/www.laguidasorrento.com\/","logo":{"@type":"ImageObject","inLanguage":"it-IT","@id":"https:\/\/www.laguidasorrento.com\/#\/schema\/logo\/image\/","url":"https:\/\/www.laguidasorrento.com\/wp-content\/uploads\/2023\/02\/la_guida_sorrento_logo-e1688335948369.webp","contentUrl":"https:\/\/www.laguidasorrento.com\/wp-content\/uploads\/2023\/02\/la_guida_sorrento_logo-e1688335948369.webp","width":1443,"height":468,"caption":"La Guida Sorrento"},"image":{"@id":"https:\/\/www.laguidasorrento.com\/#\/schema\/logo\/image\/"},"sameAs":["https:\/\/facebook.com\/tourguidesorrento","https:\/\/instagram.com\/tourguidesorrento","https:\/\/linkedin.com\/tourguidesorrento"]}]}},"_links":{"self":[{"href":"https:\/\/www.laguidasorrento.com\/it\/wp-json\/wp\/v2\/pages\/3206","targetHints":{"allow":["GET"]}}],"collection":[{"href":"https:\/\/www.laguidasorrento.com\/it\/wp-json\/wp\/v2\/pages"}],"about":[{"href":"https:\/\/www.laguidasorrento.com\/it\/wp-json\/wp\/v2\/types\/page"}],"author":[{"embeddable":true,"href":"https:\/\/www.laguidasorrento.com\/it\/wp-json\/wp\/v2\/users\/1"}],"replies":[{"embeddable":true,"href":"https:\/\/www.laguidasorrento.com\/it\/wp-json\/wp\/v2\/comments?post=3206"}],"version-history":[{"count":16,"href":"https:\/\/www.laguidasorrento.com\/it\/wp-json\/wp\/v2\/pages\/3206\/revisions"}],"predecessor-version":[{"id":3860,"href":"https:\/\/www.laguidasorrento.com\/it\/wp-json\/wp\/v2\/pages\/3206\/revisions\/3860"}],"wp:featuredmedia":[{"embeddable":true,"href":"https:\/\/www.laguidasorrento.com\/it\/wp-json\/wp\/v2\/media\/3363"}],"wp:attachment":[{"href":"https:\/\/www.laguidasorrento.com\/it\/wp-json\/wp\/v2\/media?parent=3206"}],"curies":[{"name":"parola chiave","href":"https:\/\/api.w.org\/{rel}","templated":true}]}}