{"id":3214,"date":"2023-07-02T23:47:57","date_gmt":"2023-07-02T21:47:57","guid":{"rendered":"https:\/\/www.laguidasorrento.com\/?page_id=3214"},"modified":"2025-08-19T15:08:23","modified_gmt":"2025-08-19T13:08:23","slug":"contact-me","status":"publish","type":"page","link":"https:\/\/www.laguidasorrento.com\/it\/contact-me\/","title":{"rendered":"Contattami"},"content":{"rendered":"<div data-elementor-type=\"wp-page\" data-elementor-id=\"3214\" class=\"elementor elementor-3214\">\n\t\t\t\t\t\t<section class=\"elementor-section elementor-top-section elementor-element elementor-element-9322498 elementor-section-boxed elementor-section-height-default elementor-section-height-default\" data-id=\"9322498\" data-element_type=\"section\">\n\t\t\t\t\t\t<div class=\"elementor-container elementor-column-gap-default\">\n\t\t\t\t\t<div class=\"elementor-column elementor-col-100 elementor-top-column elementor-element elementor-element-a037de3\" data-id=\"a037de3\" data-element_type=\"column\">\n\t\t\t<div class=\"elementor-widget-wrap elementor-element-populated\">\n\t\t\t\t\t\t<div class=\"elementor-element elementor-element-fb3b9f4 elementor-widget__width-initial elementor-widget elementor-widget-text-editor\" data-id=\"fb3b9f4\" data-element_type=\"widget\" data-widget_type=\"text-editor.default\">\n\t\t\t\t<div class=\"elementor-widget-container\">\n\t\t\t\t\t\t\t\t\t<h2 style=\"font-size: 1.1rem; color: grey;\"><strong>Esperienze Uniche a Napoli, Pompei e Costiera Amalfitana<\/strong><\/h2><p>Immergiti nel <strong>anima vibrante di Napoli,<\/strong> dove ogni vicolo racconta una storia. Passeggia attraverso <strong>UNESCO<\/strong>- centro storico classificato e i vivaci quartieri spagnoli, dove l&#039;aroma dei dolci appena sfornati <strong><em data-start=\"618\" data-end=\"632\">sfogliatelle<\/em> <\/strong>si fonde con i vivaci suoni della vita quotidiana napoletana. Scopri una citt\u00e0 ricca di arte, storia e cultura con un tour guidato da esperti e di alto livello.<\/p><p><strong>Fai un salto indietro nel tempo nei siti archeologici di fama mondiale di Pompei ed Ercolano<\/strong>, dove la vita romana fu sospesa in un istante dall&#039;eruzione del Vesuvio. Esplora queste antiche citt\u00e0 con una guida autorizzata che ne dar\u00e0 vita alle storie pi\u00f9 drammatiche, rendendo la storia tangibile, coinvolgente e indimenticabile.<\/p><p data-start=\"1101\" data-end=\"1374\">Lascia che il <strong>Costiera Amalfitana, Sorrento e Capri<\/strong> vi incanteranno con le loro scogliere spettacolari, i villaggi pittoreschi e le acque turchesi.<\/p><p data-start=\"1101\" data-end=\"1374\">Assapora i sapori autentici del Sud Italia, incontra gli artigiani locali e lasciati conquistare dalla straordinaria bellezza che da secoli affascina i viaggiatori.<\/p><p data-start=\"1376\" data-end=\"1540\">Con una guida autorizzata e multilingue al tuo fianco, ogni fase del tuo viaggio diventer\u00e0 significativa, frutto di passione, competenza e una profonda conoscenza della regione.<\/p>\t\t\t\t\t\t\t\t<\/div>\n\t\t\t\t<\/div>\n\t\t\t\t\t<\/div>\n\t\t<\/div>\n\t\t\t\t\t<\/div>\n\t\t<\/section>\n\t\t\t\t<section class=\"elementor-section elementor-top-section elementor-element elementor-element-cbac1aa elementor-section-boxed elementor-section-height-default elementor-section-height-default\" data-id=\"cbac1aa\" data-element_type=\"section\">\n\t\t\t\t\t\t<div class=\"elementor-container elementor-column-gap-default\">\n\t\t\t\t\t<div class=\"elementor-column elementor-col-100 elementor-top-column elementor-element elementor-element-46f57fa\" data-id=\"46f57fa\" data-element_type=\"column\">\n\t\t\t<div class=\"elementor-widget-wrap elementor-element-populated\">\n\t\t\t\t\t\t<div class=\"elementor-element elementor-element-a53d79e elementor-widget elementor-widget-text-editor\" data-id=\"a53d79e\" data-element_type=\"widget\" data-widget_type=\"text-editor.default\">\n\t\t\t\t<div class=\"elementor-widget-container\">\n\t\t\t\t\t\t\t\t\t<h2 style=\"font-size: 1.1rem; color: grey;\"><strong style=\"font-size: 1rem;\" data-start=\"1547\" data-end=\"1586\">Tour privati con un tocco personale<\/strong><\/h2><p data-start=\"1588\" data-end=\"1767\">Pianificare il viaggio perfetto per <strong>Sorrento<\/strong>, <strong>Napoli<\/strong>, o il <strong>Amalfi<\/strong> La costa pu\u00f2 sembrare opprimente, ma non deve esserlo per forza. Evita lo stress di itinerari complicati o ricerche infinite.<\/p><p data-start=\"1769\" data-end=\"2044\">In qualit\u00e0 di guida turistica certificata e professionista fidata, offro esperienze private curate nei minimi dettagli, pensate per offrire comfort, approfondimento e scoperta.<\/p><p data-start=\"1769\" data-end=\"2044\">Che tu stia esplorando antiche rovine, citt\u00e0 vivaci o gemme costiere, mi assicuro che ogni momento sia perfetto, personalizzato e indimenticabile.<\/p><p data-start=\"2046\" data-end=\"2199\">In un panorama turistico in cui la professionalit\u00e0 pu\u00f2 essere incerta, offro un servizio affidabile e pienamente conforme alle normative, con i pi\u00f9 alti standard di qualit\u00e0 e cura.<\/p><p data-start=\"2201\" data-end=\"2261\"><strong data-start=\"2201\" data-end=\"2261\">Rilassati e goditi il viaggio: al resto penser\u00f2 io!<\/strong><\/p>\t\t\t\t\t\t\t\t<\/div>\n\t\t\t\t<\/div>\n\t\t\t\t\t<\/div>\n\t\t<\/div>\n\t\t\t\t\t<\/div>\n\t\t<\/section>\n\t\t\t\t<section class=\"elementor-section elementor-top-section elementor-element elementor-element-16dda56 elementor-section-boxed elementor-section-height-default elementor-section-height-default\" data-id=\"16dda56\" data-element_type=\"section\">\n\t\t\t\t\t\t<div class=\"elementor-container elementor-column-gap-default\">\n\t\t\t\t\t<div class=\"elementor-column elementor-col-33 elementor-top-column elementor-element elementor-element-069d0d5\" data-id=\"069d0d5\" data-element_type=\"column\">\n\t\t\t<div class=\"elementor-widget-wrap elementor-element-populated\">\n\t\t\t\t\t\t<div class=\"elementor-element elementor-element-5789420 elementor-widget__width-initial elementor-widget elementor-widget-image\" data-id=\"5789420\" data-element_type=\"widget\" data-widget_type=\"image.default\">\n\t\t\t\t<div class=\"elementor-widget-container\">\n\t\t\t\t\t\t\t\t\t\t\t\t\t\t\t\t<a href=\"mailto:info@laguidasorrento.com\">\n\t\t\t\t\t\t\t<img decoding=\"async\" src=\"https:\/\/www.laguidasorrento.com\/wp-content\/uploads\/elementor\/thumbs\/email-icon-q8u99r8iq8uziq5mssp5w9280k3gqerixuq652nzxq.png\" title=\"icona-e-mail\" alt=\"email-icon\" loading=\"lazy\" \/>\t\t\t\t\t\t\t\t<\/a>\n\t\t\t\t\t\t\t\t\t\t\t\t\t\t\t<\/div>\n\t\t\t\t<\/div>\n\t\t\t\t<div class=\"elementor-element elementor-element-00f6076 elementor-widget elementor-widget-text-editor\" data-id=\"00f6076\" data-element_type=\"widget\" data-widget_type=\"text-editor.default\">\n\t\t\t\t<div class=\"elementor-widget-container\">\n\t\t\t\t\t\t\t\t\t<h5 class=\"vc_custom_heading wpb_animate_when_almost_visible wpb_slideInUp slideInUp wpb_start_animation animated\" style=\"text-align: center;\"><span style=\"color: #000030;\">E-mail<\/span><\/h5><h5 class=\"vc_custom_heading wpb_animate_when_almost_visible wpb_slideInUp slideInUp wpb_start_animation animated\" style=\"text-align: center;\"><span style=\"color: #3366ff;\">laguidasorrento@gmail.com<\/span><\/h5>\t\t\t\t\t\t\t\t<\/div>\n\t\t\t\t<\/div>\n\t\t\t\t\t<\/div>\n\t\t<\/div>\n\t\t\t\t<div class=\"elementor-column elementor-col-33 elementor-top-column elementor-element elementor-element-93beb10\" data-id=\"93beb10\" data-element_type=\"column\">\n\t\t\t<div class=\"elementor-widget-wrap elementor-element-populated\">\n\t\t\t\t\t\t<div class=\"elementor-element elementor-element-40d4a26 elementor-widget elementor-widget-image\" data-id=\"40d4a26\" data-element_type=\"widget\" data-widget_type=\"image.default\">\n\t\t\t\t<div class=\"elementor-widget-container\">\n\t\t\t\t\t\t\t\t\t\t\t\t\t\t\t\t<a href=\"https:\/\/wa.me\/+393387055548\">\n\t\t\t\t\t\t\t<img decoding=\"async\" src=\"https:\/\/www.laguidasorrento.com\/wp-content\/uploads\/elementor\/thumbs\/vettore-dell-icona-di-logo-whatsapp-con-l-illustrazione-progettazione-pendenza-su-fondo-bianco-146098362-q8u99e2s2kcz06oqxn0dxcdrp5wbqnba81ldf77icu.jpg\" title=\"vettore-dell-icona-di-logo-whatsapp-con-l-illustrazione-progettazione-pendenza-su-fondo-bianco-146098362\" alt=\"vettore-dell-icona-di-logo-whatsapp-con-l-illustrazione-progettazione-pendenza-su-fondo-bianco-146098362\" loading=\"lazy\" \/>\t\t\t\t\t\t\t\t<\/a>\n\t\t\t\t\t\t\t\t\t\t\t\t\t\t\t<\/div>\n\t\t\t\t<\/div>\n\t\t\t\t<div class=\"elementor-element elementor-element-9c7f5fe elementor-widget elementor-widget-text-editor\" data-id=\"9c7f5fe\" data-element_type=\"widget\" data-widget_type=\"text-editor.default\">\n\t\t\t\t<div class=\"elementor-widget-container\">\n\t\t\t\t\t\t\t\t\t<h5 class=\"vc_custom_heading wpb_animate_when_almost_visible wpb_slideInUp slideInUp wpb_start_animation animated\" style=\"text-align: center;\"><span style=\"color: #000030;\">Whatsapp Affari<\/span><\/h5><h5 class=\"vc_custom_heading wpb_animate_when_almost_visible wpb_slideInUp slideInUp wpb_start_animation animated\" style=\"text-align: center;\"><a title=\"https:\/\/wa.me\/+393387055548\" href=\"https:\/\/wa.me\/+393387055548\"><span style=\"color: #000030;\">https:\/\/wa.me\/+393387055548<\/span><\/a><\/h5>\t\t\t\t\t\t\t\t<\/div>\n\t\t\t\t<\/div>\n\t\t\t\t\t<\/div>\n\t\t<\/div>\n\t\t\t\t<div class=\"elementor-column elementor-col-33 elementor-top-column elementor-element elementor-element-47b45a5\" data-id=\"47b45a5\" data-element_type=\"column\">\n\t\t\t<div class=\"elementor-widget-wrap elementor-element-populated\">\n\t\t\t\t\t\t<div class=\"elementor-element elementor-element-c3b9ce3 elementor-widget elementor-widget-spacer\" data-id=\"c3b9ce3\" data-element_type=\"widget\" data-widget_type=\"spacer.default\">\n\t\t\t\t<div class=\"elementor-widget-container\">\n\t\t\t\t\t\t\t<div class=\"elementor-spacer\">\n\t\t\t<div class=\"elementor-spacer-inner\"><\/div>\n\t\t<\/div>\n\t\t\t\t\t\t<\/div>\n\t\t\t\t<\/div>\n\t\t\t\t\t<\/div>\n\t\t<\/div>\n\t\t\t\t\t<\/div>\n\t\t<\/section>\n\t\t\t\t<section class=\"elementor-section elementor-top-section elementor-element elementor-element-1a2f88c elementor-section-boxed elementor-section-height-default elementor-section-height-default\" data-id=\"1a2f88c\" data-element_type=\"section\">\n\t\t\t\t\t\t<div class=\"elementor-container elementor-column-gap-default\">\n\t\t\t\t\t<div class=\"elementor-column elementor-col-100 elementor-top-column elementor-element elementor-element-5e4edf9\" data-id=\"5e4edf9\" data-element_type=\"column\">\n\t\t\t<div class=\"elementor-widget-wrap\">\n\t\t\t\t\t\t\t<\/div>\n\t\t<\/div>\n\t\t\t\t\t<\/div>\n\t\t<\/section>\n\t\t\t\t<section class=\"elementor-section elementor-top-section elementor-element elementor-element-9eb40c9 elementor-section-boxed elementor-section-height-default elementor-section-height-default\" data-id=\"9eb40c9\" data-element_type=\"section\">\n\t\t\t\t\t\t<div class=\"elementor-container elementor-column-gap-default\">\n\t\t\t\t\t<div class=\"elementor-column elementor-col-100 elementor-top-column elementor-element elementor-element-78a11cf\" data-id=\"78a11cf\" data-element_type=\"column\">\n\t\t\t<div class=\"elementor-widget-wrap elementor-element-populated\">\n\t\t\t\t\t\t<div class=\"elementor-element elementor-element-42d4e66 elementor-widget elementor-widget-video\" data-id=\"42d4e66\" data-element_type=\"widget\" data-settings=\"{&quot;youtube_url&quot;:&quot;https:\\\/\\\/www.youtube.com\\\/watch?v=qJu0qzTCeug&quot;,&quot;video_type&quot;:&quot;youtube&quot;,&quot;controls&quot;:&quot;yes&quot;}\" data-widget_type=\"video.default\">\n\t\t\t\t<div class=\"elementor-widget-container\">\n\t\t\t\t\t\t\t<div class=\"elementor-wrapper elementor-open-inline\">\n\t\t\t<div class=\"elementor-video\"><\/div>\t\t<\/div>\n\t\t\t\t\t\t<\/div>\n\t\t\t\t<\/div>\n\t\t\t\t\t<\/div>\n\t\t<\/div>\n\t\t\t\t\t<\/div>\n\t\t<\/section>\n\t\t\t\t<section class=\"elementor-section elementor-top-section elementor-element elementor-element-361b72f elementor-section-boxed elementor-section-height-default elementor-section-height-default\" data-id=\"361b72f\" data-element_type=\"section\">\n\t\t\t\t\t\t<div class=\"elementor-container elementor-column-gap-default\">\n\t\t\t\t\t<div class=\"elementor-column elementor-col-100 elementor-top-column elementor-element elementor-element-f262a49\" data-id=\"f262a49\" data-element_type=\"column\">\n\t\t\t<div class=\"elementor-widget-wrap elementor-element-populated\">\n\t\t\t\t\t\t<div class=\"elementor-element elementor-element-f777eca elementor-widget elementor-widget-google_maps\" data-id=\"f777eca\" data-element_type=\"widget\" data-widget_type=\"google_maps.default\">\n\t\t\t\t<div class=\"elementor-widget-container\">\n\t\t\t\t\t\t\t<div class=\"elementor-custom-embed\">\n\t\t\t<iframe loading=\"lazy\"\n\t\t\t\t\tsrc=\"https:\/\/maps.google.com\/maps?q=la%20guida%20sorrento&#038;t=m&#038;z=11&#038;output=embed&#038;iwloc=near\"\n\t\t\t\t\ttitle=\"la guida sorrento\"\n\t\t\t\t\taria-label=\"la guida sorrento\"\n\t\t\t><\/iframe>\n\t\t<\/div>\n\t\t\t\t\t\t<\/div>\n\t\t\t\t<\/div>\n\t\t\t\t\t<\/div>\n\t\t<\/div>\n\t\t\t\t\t<\/div>\n\t\t<\/section>\n\t\t\t\t<section class=\"elementor-section elementor-top-section elementor-element elementor-element-cff9f0f elementor-section-boxed elementor-section-height-default elementor-section-height-default\" data-id=\"cff9f0f\" data-element_type=\"section\">\n\t\t\t\t\t\t<div class=\"elementor-container elementor-column-gap-default\">\n\t\t\t\t\t<div class=\"elementor-column elementor-col-100 elementor-top-column elementor-element elementor-element-07dc6c4\" data-id=\"07dc6c4\" data-element_type=\"column\">\n\t\t\t<div class=\"elementor-widget-wrap\">\n\t\t\t\t\t\t\t<\/div>\n\t\t<\/div>\n\t\t\t\t\t<\/div>\n\t\t<\/section>\n\t\t\t\t<section class=\"elementor-section elementor-top-section elementor-element elementor-element-796e149 elementor-section-boxed elementor-section-height-default elementor-section-height-default\" data-id=\"796e149\" data-element_type=\"section\">\n\t\t\t\t\t\t<div class=\"elementor-container elementor-column-gap-default\">\n\t\t\t\t\t<div class=\"elementor-column elementor-col-100 elementor-top-column elementor-element elementor-element-b39fac9\" data-id=\"b39fac9\" data-element_type=\"column\">\n\t\t\t<div class=\"elementor-widget-wrap elementor-element-populated\">\n\t\t\t\t\t\t<div class=\"elementor-element elementor-element-5b9d18c elementor-align-center elementor-widget elementor-widget-button\" data-id=\"5b9d18c\" data-element_type=\"widget\" data-widget_type=\"button.default\">\n\t\t\t\t<div class=\"elementor-widget-container\">\n\t\t\t\t\t\t\t\t\t<div class=\"elementor-button-wrapper\">\n\t\t\t\t\t<a class=\"elementor-button elementor-button-link elementor-size-sm\" href=\"\">\n\t\t\t\t\t\t<span class=\"elementor-button-content-wrapper\">\n\t\t\t\t\t\t\t\t\t<span class=\"elementor-button-text\">Clink e vota! <\/span>\n\t\t\t\t\t<\/span>\n\t\t\t\t\t<\/a>\n\t\t\t\t<\/div>\n\t\t\t\t\t\t\t\t<\/div>\n\t\t\t\t<\/div>\n\t\t\t\t\t<\/div>\n\t\t<\/div>\n\t\t\t\t\t<\/div>\n\t\t<\/section>\n\t\t\t\t<\/div>","protected":false},"excerpt":{"rendered":"<p>Esperienze uniche a Napoli, Pompei e la Costiera Amalfitana. Immergiti nell&#039;anima vibrante di Napoli, dove ogni vicolo racconta una storia. Passeggia per il centro storico, patrimonio dell&#039;UNESCO, e per i vivaci Quartieri Spagnoli, dove il profumo delle sfogliatelle appena sfornate si mescola ai vivaci suoni della vita quotidiana napoletana. Scopri una citt\u00e0 ricca di [\u2026]<\/p>","protected":false},"author":1,"featured_media":4939,"parent":0,"menu_order":0,"comment_status":"closed","ping_status":"closed","template":"","meta":{"footnotes":""},"class_list":["post-3214","page","type-page","status-publish","has-post-thumbnail","hentry"],"yoast_head":"<!-- This site is optimized with the Yoast SEO Premium plugin v26.8 (Yoast SEO v27.5) - https:\/\/yoast.com\/product\/yoast-seo-premium-wordpress\/ -->\n<title>Discover Naples, Pompeii and the Amalfi Coast - La Guida Sorrento<\/title>\n<meta name=\"description\" content=\"Private tours in Naples, Pompeii and the Amalfi Coast. Discover ancient ruins, local life and stunning landscapes with your expert guide\" \/>\n<meta name=\"robots\" content=\"index, follow, max-snippet:-1, max-image-preview:large, max-video-preview:-1\" \/>\n<link rel=\"canonical\" href=\"https:\/\/www.laguidasorrento.com\/it\/contact-me\/\" \/>\n<meta property=\"og:locale\" content=\"it_IT\" \/>\n<meta property=\"og:type\" content=\"article\" \/>\n<meta property=\"og:title\" content=\"Contact me\" \/>\n<meta property=\"og:description\" content=\"Private tours in Naples, Pompeii and the Amalfi Coast. Discover ancient ruins, local life and stunning landscapes with your expert guide\" \/>\n<meta property=\"og:url\" content=\"https:\/\/www.laguidasorrento.com\/it\/contact-me\/\" \/>\n<meta property=\"og:site_name\" content=\"La Guida Sorrento\" \/>\n<meta property=\"article:publisher\" content=\"https:\/\/facebook.com\/tourguidesorrento\" \/>\n<meta property=\"article:modified_time\" content=\"2025-08-19T13:08:23+00:00\" \/>\n<meta property=\"og:image\" content=\"https:\/\/www.laguidasorrento.com\/wp-content\/uploads\/2025\/01\/AmalfiCoast-Positano-view1-scaled.jpg\" \/>\n\t<meta property=\"og:image:width\" content=\"2560\" \/>\n\t<meta property=\"og:image:height\" content=\"1920\" \/>\n\t<meta property=\"og:image:type\" content=\"image\/jpeg\" \/>\n<meta name=\"twitter:card\" content=\"summary_large_image\" \/>\n<meta name=\"twitter:label1\" content=\"Tempo di lettura stimato\" \/>\n\t<meta name=\"twitter:data1\" content=\"3 minuti\" \/>\n<script type=\"application\/ld+json\" class=\"yoast-schema-graph\">{\"@context\":\"https:\\\/\\\/schema.org\",\"@graph\":[{\"@type\":\"WebPage\",\"@id\":\"https:\\\/\\\/www.laguidasorrento.com\\\/contact-me\\\/\",\"url\":\"https:\\\/\\\/www.laguidasorrento.com\\\/contact-me\\\/\",\"name\":\"Discover Naples, Pompeii and the Amalfi Coast - La Guida Sorrento\",\"isPartOf\":{\"@id\":\"https:\\\/\\\/www.laguidasorrento.com\\\/#website\"},\"primaryImageOfPage\":{\"@id\":\"https:\\\/\\\/www.laguidasorrento.com\\\/contact-me\\\/#primaryimage\"},\"image\":{\"@id\":\"https:\\\/\\\/www.laguidasorrento.com\\\/contact-me\\\/#primaryimage\"},\"thumbnailUrl\":\"https:\\\/\\\/www.laguidasorrento.com\\\/wp-content\\\/uploads\\\/2025\\\/01\\\/AmalfiCoast-Positano-view1-scaled.jpg\",\"datePublished\":\"2023-07-02T21:47:57+00:00\",\"dateModified\":\"2025-08-19T13:08:23+00:00\",\"description\":\"Private tours in Naples, Pompeii and the Amalfi Coast. Discover ancient ruins, local life and stunning landscapes with your expert guide\",\"breadcrumb\":{\"@id\":\"https:\\\/\\\/www.laguidasorrento.com\\\/contact-me\\\/#breadcrumb\"},\"inLanguage\":\"it-IT\",\"potentialAction\":[{\"@type\":\"ReadAction\",\"target\":[\"https:\\\/\\\/www.laguidasorrento.com\\\/contact-me\\\/\"]}]},{\"@type\":\"ImageObject\",\"inLanguage\":\"it-IT\",\"@id\":\"https:\\\/\\\/www.laguidasorrento.com\\\/contact-me\\\/#primaryimage\",\"url\":\"https:\\\/\\\/www.laguidasorrento.com\\\/wp-content\\\/uploads\\\/2025\\\/01\\\/AmalfiCoast-Positano-view1-scaled.jpg\",\"contentUrl\":\"https:\\\/\\\/www.laguidasorrento.com\\\/wp-content\\\/uploads\\\/2025\\\/01\\\/AmalfiCoast-Positano-view1-scaled.jpg\",\"width\":2560,\"height\":1920,\"caption\":\"Positano\"},{\"@type\":\"BreadcrumbList\",\"@id\":\"https:\\\/\\\/www.laguidasorrento.com\\\/contact-me\\\/#breadcrumb\",\"itemListElement\":[{\"@type\":\"ListItem\",\"position\":1,\"name\":\"Home\",\"item\":\"https:\\\/\\\/www.laguidasorrento.com\\\/\"},{\"@type\":\"ListItem\",\"position\":2,\"name\":\"Contact me\"}]},{\"@type\":\"WebSite\",\"@id\":\"https:\\\/\\\/www.laguidasorrento.com\\\/#website\",\"url\":\"https:\\\/\\\/www.laguidasorrento.com\\\/\",\"name\":\"La Guida Sorrento\",\"description\":\"Explore Naples and Beyond\",\"publisher\":{\"@id\":\"https:\\\/\\\/www.laguidasorrento.com\\\/#organization\"},\"potentialAction\":[{\"@type\":\"SearchAction\",\"target\":{\"@type\":\"EntryPoint\",\"urlTemplate\":\"https:\\\/\\\/www.laguidasorrento.com\\\/?s={search_term_string}\"},\"query-input\":{\"@type\":\"PropertyValueSpecification\",\"valueRequired\":true,\"valueName\":\"search_term_string\"}}],\"inLanguage\":\"it-IT\"},{\"@type\":\"Organization\",\"@id\":\"https:\\\/\\\/www.laguidasorrento.com\\\/#organization\",\"name\":\"La Guida Sorrento\",\"url\":\"https:\\\/\\\/www.laguidasorrento.com\\\/\",\"logo\":{\"@type\":\"ImageObject\",\"inLanguage\":\"it-IT\",\"@id\":\"https:\\\/\\\/www.laguidasorrento.com\\\/#\\\/schema\\\/logo\\\/image\\\/\",\"url\":\"https:\\\/\\\/www.laguidasorrento.com\\\/wp-content\\\/uploads\\\/2023\\\/02\\\/la_guida_sorrento_logo-e1688335948369.webp\",\"contentUrl\":\"https:\\\/\\\/www.laguidasorrento.com\\\/wp-content\\\/uploads\\\/2023\\\/02\\\/la_guida_sorrento_logo-e1688335948369.webp\",\"width\":1443,\"height\":468,\"caption\":\"La Guida Sorrento\"},\"image\":{\"@id\":\"https:\\\/\\\/www.laguidasorrento.com\\\/#\\\/schema\\\/logo\\\/image\\\/\"},\"sameAs\":[\"https:\\\/\\\/facebook.com\\\/tourguidesorrento\",\"https:\\\/\\\/instagram.com\\\/tourguidesorrento\",\"https:\\\/\\\/linkedin.com\\\/tourguidesorrento\"]}]}<\/script>\n<!-- \/ Yoast SEO Premium plugin. -->","yoast_head_json":{"title":"Scopri Napoli, Pompei e la Costiera Amalfitana - La Guida Sorrento","description":"Tour privati a Napoli, Pompei e sulla Costiera Amalfitana. Scopri antiche rovine, la vita locale e paesaggi mozzafiato con la tua guida esperta.","robots":{"index":"index","follow":"follow","max-snippet":"max-snippet:-1","max-image-preview":"max-image-preview:large","max-video-preview":"max-video-preview:-1"},"canonical":"https:\/\/www.laguidasorrento.com\/it\/contact-me\/","og_locale":"it_IT","og_type":"article","og_title":"Contact me","og_description":"Private tours in Naples, Pompeii and the Amalfi Coast. Discover ancient ruins, local life and stunning landscapes with your expert guide","og_url":"https:\/\/www.laguidasorrento.com\/it\/contact-me\/","og_site_name":"La Guida Sorrento","article_publisher":"https:\/\/facebook.com\/tourguidesorrento","article_modified_time":"2025-08-19T13:08:23+00:00","og_image":[{"width":2560,"height":1920,"url":"https:\/\/www.laguidasorrento.com\/wp-content\/uploads\/2025\/01\/AmalfiCoast-Positano-view1-scaled.jpg","type":"image\/jpeg"}],"twitter_card":"summary_large_image","twitter_misc":{"Tempo di lettura stimato":"3 minuti"},"schema":{"@context":"https:\/\/schema.org","@graph":[{"@type":"WebPage","@id":"https:\/\/www.laguidasorrento.com\/contact-me\/","url":"https:\/\/www.laguidasorrento.com\/contact-me\/","name":"Scopri Napoli, Pompei e la Costiera Amalfitana - La Guida Sorrento","isPartOf":{"@id":"https:\/\/www.laguidasorrento.com\/#website"},"primaryImageOfPage":{"@id":"https:\/\/www.laguidasorrento.com\/contact-me\/#primaryimage"},"image":{"@id":"https:\/\/www.laguidasorrento.com\/contact-me\/#primaryimage"},"thumbnailUrl":"https:\/\/www.laguidasorrento.com\/wp-content\/uploads\/2025\/01\/AmalfiCoast-Positano-view1-scaled.jpg","datePublished":"2023-07-02T21:47:57+00:00","dateModified":"2025-08-19T13:08:23+00:00","description":"Tour privati a Napoli, Pompei e sulla Costiera Amalfitana. Scopri antiche rovine, la vita locale e paesaggi mozzafiato con la tua guida esperta.","breadcrumb":{"@id":"https:\/\/www.laguidasorrento.com\/contact-me\/#breadcrumb"},"inLanguage":"it-IT","potentialAction":[{"@type":"ReadAction","target":["https:\/\/www.laguidasorrento.com\/contact-me\/"]}]},{"@type":"ImageObject","inLanguage":"it-IT","@id":"https:\/\/www.laguidasorrento.com\/contact-me\/#primaryimage","url":"https:\/\/www.laguidasorrento.com\/wp-content\/uploads\/2025\/01\/AmalfiCoast-Positano-view1-scaled.jpg","contentUrl":"https:\/\/www.laguidasorrento.com\/wp-content\/uploads\/2025\/01\/AmalfiCoast-Positano-view1-scaled.jpg","width":2560,"height":1920,"caption":"Positano"},{"@type":"BreadcrumbList","@id":"https:\/\/www.laguidasorrento.com\/contact-me\/#breadcrumb","itemListElement":[{"@type":"ListItem","position":1,"name":"Home","item":"https:\/\/www.laguidasorrento.com\/"},{"@type":"ListItem","position":2,"name":"Contact me"}]},{"@type":"WebSite","@id":"https:\/\/www.laguidasorrento.com\/#website","url":"https:\/\/www.laguidasorrento.com\/","name":"La Guida Sorrento","description":"Esplora Napoli e dintorni","publisher":{"@id":"https:\/\/www.laguidasorrento.com\/#organization"},"potentialAction":[{"@type":"SearchAction","target":{"@type":"EntryPoint","urlTemplate":"https:\/\/www.laguidasorrento.com\/?s={search_term_string}"},"query-input":{"@type":"PropertyValueSpecification","valueRequired":true,"valueName":"search_term_string"}}],"inLanguage":"it-IT"},{"@type":"Organization","@id":"https:\/\/www.laguidasorrento.com\/#organization","name":"La Guida Sorrento","url":"https:\/\/www.laguidasorrento.com\/","logo":{"@type":"ImageObject","inLanguage":"it-IT","@id":"https:\/\/www.laguidasorrento.com\/#\/schema\/logo\/image\/","url":"https:\/\/www.laguidasorrento.com\/wp-content\/uploads\/2023\/02\/la_guida_sorrento_logo-e1688335948369.webp","contentUrl":"https:\/\/www.laguidasorrento.com\/wp-content\/uploads\/2023\/02\/la_guida_sorrento_logo-e1688335948369.webp","width":1443,"height":468,"caption":"La Guida Sorrento"},"image":{"@id":"https:\/\/www.laguidasorrento.com\/#\/schema\/logo\/image\/"},"sameAs":["https:\/\/facebook.com\/tourguidesorrento","https:\/\/instagram.com\/tourguidesorrento","https:\/\/linkedin.com\/tourguidesorrento"]}]}},"_links":{"self":[{"href":"https:\/\/www.laguidasorrento.com\/it\/wp-json\/wp\/v2\/pages\/3214","targetHints":{"allow":["GET"]}}],"collection":[{"href":"https:\/\/www.laguidasorrento.com\/it\/wp-json\/wp\/v2\/pages"}],"about":[{"href":"https:\/\/www.laguidasorrento.com\/it\/wp-json\/wp\/v2\/types\/page"}],"author":[{"embeddable":true,"href":"https:\/\/www.laguidasorrento.com\/it\/wp-json\/wp\/v2\/users\/1"}],"replies":[{"embeddable":true,"href":"https:\/\/www.laguidasorrento.com\/it\/wp-json\/wp\/v2\/comments?post=3214"}],"version-history":[{"count":117,"href":"https:\/\/www.laguidasorrento.com\/it\/wp-json\/wp\/v2\/pages\/3214\/revisions"}],"predecessor-version":[{"id":7007,"href":"https:\/\/www.laguidasorrento.com\/it\/wp-json\/wp\/v2\/pages\/3214\/revisions\/7007"}],"wp:featuredmedia":[{"embeddable":true,"href":"https:\/\/www.laguidasorrento.com\/it\/wp-json\/wp\/v2\/media\/4939"}],"wp:attachment":[{"href":"https:\/\/www.laguidasorrento.com\/it\/wp-json\/wp\/v2\/media?parent=3214"}],"curies":[{"name":"parola chiave","href":"https:\/\/api.w.org\/{rel}","templated":true}]}}