{"id":3661,"date":"2023-10-26T15:42:26","date_gmt":"2023-10-26T13:42:26","guid":{"rendered":"https:\/\/www.laguidasorrento.com\/?page_id=3661"},"modified":"2025-08-19T15:51:44","modified_gmt":"2025-08-19T13:51:44","slug":"pompeii-tour-guide","status":"publish","type":"page","link":"https:\/\/www.laguidasorrento.com\/it\/pompeii-tour-guide\/","title":{"rendered":"Pompei"},"content":{"rendered":"<div data-elementor-type=\"wp-page\" data-elementor-id=\"3661\" class=\"elementor elementor-3661\">\n\t\t\t\t\t\t<section class=\"elementor-section elementor-top-section elementor-element elementor-element-d7ced84 elementor-section-boxed elementor-section-height-default elementor-section-height-default\" data-id=\"d7ced84\" data-element_type=\"section\">\n\t\t\t\t\t\t<div class=\"elementor-container elementor-column-gap-default\">\n\t\t\t\t\t<div class=\"elementor-column elementor-col-100 elementor-top-column elementor-element elementor-element-cad681e\" data-id=\"cad681e\" data-element_type=\"column\">\n\t\t\t<div class=\"elementor-widget-wrap elementor-element-populated\">\n\t\t\t\t\t\t<div class=\"elementor-element elementor-element-7202c28 elementor-widget elementor-widget-text-editor\" data-id=\"7202c28\" data-element_type=\"widget\" data-widget_type=\"text-editor.default\">\n\t\t\t\t<div class=\"elementor-widget-container\">\n\t\t\t\t\t\t\t\t\t<h1 style=\"font-size: 1.8rem\"><strong>POMPEI: svelare la storia di un&#039;epoca eclissata<\/strong><\/h1>\t\t\t\t\t\t\t\t<\/div>\n\t\t\t\t<\/div>\n\t\t\t\t\t<\/div>\n\t\t<\/div>\n\t\t\t\t\t<\/div>\n\t\t<\/section>\n\t\t\t\t<section class=\"elementor-section elementor-top-section elementor-element elementor-element-a189ee6 elementor-section-boxed elementor-section-height-default elementor-section-height-default\" data-id=\"a189ee6\" data-element_type=\"section\">\n\t\t\t\t\t\t<div class=\"elementor-container elementor-column-gap-default\">\n\t\t\t\t\t<div class=\"elementor-column elementor-col-100 elementor-top-column elementor-element elementor-element-1fe34e2\" data-id=\"1fe34e2\" data-element_type=\"column\">\n\t\t\t<div class=\"elementor-widget-wrap\">\n\t\t\t\t\t\t\t<\/div>\n\t\t<\/div>\n\t\t\t\t\t<\/div>\n\t\t<\/section>\n\t\t\t\t<section class=\"elementor-section elementor-top-section elementor-element elementor-element-2dd9f51 elementor-section-boxed elementor-section-height-default elementor-section-height-default\" data-id=\"2dd9f51\" data-element_type=\"section\">\n\t\t\t\t\t\t<div class=\"elementor-container elementor-column-gap-default\">\n\t\t\t\t\t<div class=\"elementor-column elementor-col-100 elementor-top-column elementor-element elementor-element-430e85a\" data-id=\"430e85a\" data-element_type=\"column\">\n\t\t\t<div class=\"elementor-widget-wrap elementor-element-populated\">\n\t\t\t\t\t\t<div class=\"elementor-element elementor-element-05282cc elementor-widget elementor-widget-text-editor\" data-id=\"05282cc\" data-element_type=\"widget\" data-widget_type=\"text-editor.default\">\n\t\t\t\t<div class=\"elementor-widget-container\">\n\t\t\t\t\t\t\t\t\t<p><strong><em>Immagina di entrare in una macchina del tempo e all&#039;improvviso di ritrovarti nel cuore dell&#039;antica Pompei.<\/em><\/strong> L&#039;anno \u00e8 il 79 d.C. e la citt\u00e0 \u00e8 piena di vita: i mercanti contrattano sul mercato, i cittadini svolgono le loro attivit\u00e0 quotidiane e l&#039;aria \u00e8 piena del profumo del pane appena sfornato. Questo \u00e8 il mondo affascinante che ti aspetta tra gli scavi di Pompei.<\/p><p>Due millenni fa, la catastrofica eruzione del Vesuvio seppell\u00ec questa fiorente citt\u00e0 romana sotto strati di lava e detriti vulcanici. Mentre pose fine alla vita dei suoi abitanti, conserv\u00f2 anche Pompei in una capsula del tempo. Oggi passeggiare per le sue strade perfettamente conservate \u00e8 un viaggio mozzafiato a ritroso nel tempo.<\/p><p>Le meraviglie architettoniche di Pompei sono a dir poco maestose. Grandi ville, graziosi templi e un anfiteatro straordinariamente intatto testimoniano la ricchezza e la raffinatezza della citt\u00e0. Mentre attraversi le antiche strade acciottolate, non puoi fare a meno di sentire il polso di un&#039;epoca passata.<\/p><p>Ma ci\u00f2 che distingue veramente Pompei \u00e8 la sua straordinaria collezione di arte e affreschi. Questi dipinti splendidamente conservati rivelano la sensibilit\u00e0 estetica dell&#039;epoca, raffigurando racconti mitologici, paesaggi pittoreschi e ritratti.<\/p><p>Oggi Pompei \u00e8 un patrimonio mondiale dell&#039;UNESCO e le ricerche in corso svelano continuamente nuovi strati della sua affascinante storia. Ogni visita promette nuove scoperte, rendendo questo sito archeologico una fonte infinita di fascino.<\/p>\t\t\t\t\t\t\t\t<\/div>\n\t\t\t\t<\/div>\n\t\t\t\t<div class=\"elementor-element elementor-element-9646155 elementor-widget elementor-widget-text-editor\" data-id=\"9646155\" data-element_type=\"widget\" data-widget_type=\"text-editor.default\">\n\t\t\t\t<div class=\"elementor-widget-container\">\n\t\t\t\t\t\t\t\t\t<h2 style=\"font-size: 1rem; color:#696969\"><strong>Prenotare un tour guidato per la tua visita a Pompei \u00e8 un&#039;occasione per trasformare un viaggio ordinario in uno straordinario.\u00a0<\/strong><\/h2>\n\n<span style=\"text-decoration: underline;\"><strong>Perch\u00e9 scegliermi per la tua visita guidata?<\/strong><\/span>\t\t\t\t\t\t\t\t<\/div>\n\t\t\t\t<\/div>\n\t\t\t\t\t<\/div>\n\t\t<\/div>\n\t\t\t\t\t<\/div>\n\t\t<\/section>\n\t\t\t\t<section class=\"elementor-section elementor-top-section elementor-element elementor-element-bb9d0eb elementor-section-boxed elementor-section-height-default elementor-section-height-default\" data-id=\"bb9d0eb\" data-element_type=\"section\">\n\t\t\t\t\t\t<div class=\"elementor-container elementor-column-gap-default\">\n\t\t\t\t\t<div class=\"elementor-column elementor-col-25 elementor-top-column elementor-element elementor-element-f5276c5\" data-id=\"f5276c5\" data-element_type=\"column\">\n\t\t\t<div class=\"elementor-widget-wrap elementor-element-populated\">\n\t\t\t\t\t\t<div class=\"elementor-element elementor-element-8838eef elementor-widget elementor-widget-text-editor\" data-id=\"8838eef\" data-element_type=\"widget\" data-widget_type=\"text-editor.default\">\n\t\t\t\t<div class=\"elementor-widget-container\">\n\t\t\t\t\t\t\t\t\t<p><strong>1. Competenza:<\/strong> Immagina di avere una guida esperta al tuo fianco, qualcuno che possa infondere vita nelle pietre silenziose e nelle rovine fatiscenti. Ti forniamo contesto storico, storie intriganti e fatti affascinanti che altrimenti potresti perdere.\u00a0<\/p><p><strong>2. Lati nascosti:<\/strong> Pompei \u00e8 vasta ed \u00e8 facile trascurare i tesori nascosti nascosti nelle sue strade labirintiche. Una guida ufficiale conosce gli angoli e le fessure della citt\u00e0.<\/p>\t\t\t\t\t\t\t\t<\/div>\n\t\t\t\t<\/div>\n\t\t\t\t\t<\/div>\n\t\t<\/div>\n\t\t\t\t<div class=\"elementor-column elementor-col-25 elementor-top-column elementor-element elementor-element-100ad90\" data-id=\"100ad90\" data-element_type=\"column\">\n\t\t\t<div class=\"elementor-widget-wrap elementor-element-populated\">\n\t\t\t\t\t\t<div class=\"elementor-element elementor-element-09853f8 elementor-widget elementor-widget-text-editor\" data-id=\"09853f8\" data-element_type=\"widget\" data-widget_type=\"text-editor.default\">\n\t\t\t\t<div class=\"elementor-widget-container\">\n\t\t\t\t\t\t\t\t\t<p><strong>3. Fa risparmiare tempo:<\/strong> Pompei pu\u00f2 essere affollata, soprattutto durante l&#039;alta stagione turistica. Entrare con una guida ufficiale potrebbe garantire un accesso anticipato.<\/p>\t\t\t\t\t\t\t\t<\/div>\n\t\t\t\t<\/div>\n\t\t\t\t\t<\/div>\n\t\t<\/div>\n\t\t\t\t<div class=\"elementor-column elementor-col-25 elementor-top-column elementor-element elementor-element-87fadce\" data-id=\"87fadce\" data-element_type=\"column\">\n\t\t\t<div class=\"elementor-widget-wrap elementor-element-populated\">\n\t\t\t\t\t\t<div class=\"elementor-element elementor-element-848e102 elementor-widget elementor-widget-text-editor\" data-id=\"848e102\" data-element_type=\"widget\" data-widget_type=\"text-editor.default\">\n\t\t\t\t<div class=\"elementor-widget-container\">\n\t\t\t\t\t\t\t\t\t<p><strong>4. \u00c8 efficiente in termini di tempo:<\/strong>\u00a0Con una guida turistica semplifichi la tua visita, assicurandoti di vedere i punti salienti e comprenderne il significato senza perdere tempo nella navigazione o vagabondaggi senza meta. Puoi sfruttare al massimo il tuo tempo a Pompei, senza lasciare nulla di intentato.<\/p>\t\t\t\t\t\t\t\t<\/div>\n\t\t\t\t<\/div>\n\t\t\t\t\t<\/div>\n\t\t<\/div>\n\t\t\t\t<div class=\"elementor-column elementor-col-25 elementor-top-column elementor-element elementor-element-52009fe\" data-id=\"52009fe\" data-element_type=\"column\">\n\t\t\t<div class=\"elementor-widget-wrap elementor-element-populated\">\n\t\t\t\t\t\t<div class=\"elementor-element elementor-element-b226e0e elementor-widget elementor-widget-text-editor\" data-id=\"b226e0e\" data-element_type=\"widget\" data-widget_type=\"text-editor.default\">\n\t\t\t\t<div class=\"elementor-widget-container\">\n\t\t\t\t\t\t\t\t\t<p><strong>5. \u00c8 fatto su misura:<\/strong> Le visite guidate possono essere personalizzate in base ai vostri interessi. Che tu sia un appassionato d&#039;arte, un appassionato di storia o semplicemente curioso della vita quotidiana nell&#039;antica Pompei, possiamo modificare ed estendere il tour in base alle tue aspettative.<\/p>\t\t\t\t\t\t\t\t<\/div>\n\t\t\t\t<\/div>\n\t\t\t\t<div class=\"elementor-element elementor-element-502e5b9 elementor-widget elementor-widget-text-editor\" data-id=\"502e5b9\" data-element_type=\"widget\" data-widget_type=\"text-editor.default\">\n\t\t\t\t<div class=\"elementor-widget-container\">\n\t\t\t\t\t\t\t\t\t<p><strong>6. \u00c8 professionale:<\/strong> Non devi preoccuparti di acquistare i biglietti, rimanere in coda, navigare nel sito o provare a decifrare le mappe. Una guida ufficiale autorizzata si occuper\u00e0 di tutta l&#039;organizzazione.<\/p>\t\t\t\t\t\t\t\t<\/div>\n\t\t\t\t<\/div>\n\t\t\t\t\t<\/div>\n\t\t<\/div>\n\t\t\t\t\t<\/div>\n\t\t<\/section>\n\t\t\t\t<section class=\"elementor-section elementor-top-section elementor-element elementor-element-cfe8ac8 elementor-section-boxed elementor-section-height-default elementor-section-height-default\" data-id=\"cfe8ac8\" data-element_type=\"section\">\n\t\t\t\t\t\t<div class=\"elementor-container elementor-column-gap-default\">\n\t\t\t\t\t<div class=\"elementor-column elementor-col-100 elementor-top-column elementor-element elementor-element-14c3675\" data-id=\"14c3675\" data-element_type=\"column\">\n\t\t\t<div class=\"elementor-widget-wrap\">\n\t\t\t\t\t\t\t<\/div>\n\t\t<\/div>\n\t\t\t\t\t<\/div>\n\t\t<\/section>\n\t\t\t\t<section class=\"elementor-section elementor-top-section elementor-element elementor-element-9d1cdcb elementor-section-boxed elementor-section-height-default elementor-section-height-default\" data-id=\"9d1cdcb\" data-element_type=\"section\">\n\t\t\t\t\t\t<div class=\"elementor-container elementor-column-gap-default\">\n\t\t\t\t\t<div class=\"elementor-column elementor-col-100 elementor-top-column elementor-element elementor-element-8e2a182\" data-id=\"8e2a182\" data-element_type=\"column\">\n\t\t\t<div class=\"elementor-widget-wrap elementor-element-populated\">\n\t\t\t\t\t\t<div class=\"elementor-element elementor-element-f4d6ae9 elementor-widget__width-initial elementor-widget elementor-widget-image\" data-id=\"f4d6ae9\" data-element_type=\"widget\" data-widget_type=\"image.default\">\n\t\t\t\t<div class=\"elementor-widget-container\">\n\t\t\t\t\t\t\t\t\t\t\t\t\t\t\t<img fetchpriority=\"high\" decoding=\"async\" width=\"1200\" height=\"802\" src=\"https:\/\/www.laguidasorrento.com\/wp-content\/uploads\/2023\/10\/Menandro.jpg\" class=\"attachment-2048x2048 size-2048x2048 wp-image-3662\" alt=\"Pompeii\" srcset=\"https:\/\/www.laguidasorrento.com\/wp-content\/uploads\/2023\/10\/Menandro.jpg 1200w, https:\/\/www.laguidasorrento.com\/wp-content\/uploads\/2023\/10\/Menandro-300x201.jpg 300w, https:\/\/www.laguidasorrento.com\/wp-content\/uploads\/2023\/10\/Menandro-1024x684.jpg 1024w, https:\/\/www.laguidasorrento.com\/wp-content\/uploads\/2023\/10\/Menandro-768x513.jpg 768w, https:\/\/www.laguidasorrento.com\/wp-content\/uploads\/2023\/10\/Menandro-18x12.jpg 18w, https:\/\/www.laguidasorrento.com\/wp-content\/uploads\/2023\/10\/Menandro-600x401.jpg 600w\" sizes=\"(max-width: 1200px) 100vw, 1200px\" \/>\t\t\t\t\t\t\t\t\t\t\t\t\t\t\t<\/div>\n\t\t\t\t<\/div>\n\t\t\t\t\t<\/div>\n\t\t<\/div>\n\t\t\t\t\t<\/div>\n\t\t<\/section>\n\t\t\t\t<\/div>","protected":false},"excerpt":{"rendered":"<p>POMPEI: svelare la storia di un&#039;era eclissata Immagina di entrare in una macchina del tempo e all&#039;improvviso di ritrovarti nel cuore dell&#039;antica Pompei. L&#039;anno \u00e8 il 79 d.C. e la citt\u00e0 \u00e8 piena di vita: i mercanti contrattano sul mercato, i cittadini svolgono la loro routine quotidiana e l&#039;aria \u00e8 piena di [\u2026]<\/p>","protected":false},"author":4,"featured_media":4813,"parent":0,"menu_order":0,"comment_status":"closed","ping_status":"closed","template":"","meta":{"footnotes":""},"class_list":["post-3661","page","type-page","status-publish","has-post-thumbnail","hentry"],"yoast_head":"<!-- This site is optimized with the Yoast SEO Premium plugin v26.8 (Yoast SEO v27.3) - https:\/\/yoast.com\/product\/yoast-seo-premium-wordpress\/ -->\n<title>Pompeii Guided Tour with Licensed Guide<\/title>\n<meta name=\"description\" content=\"Step into ancient Pompeii with an official guide. Walk its ruins, villas and frescoes for an unforgettable journey through history.\" \/>\n<meta name=\"robots\" content=\"index, follow, max-snippet:-1, max-image-preview:large, max-video-preview:-1\" \/>\n<link rel=\"canonical\" href=\"https:\/\/www.laguidasorrento.com\/it\/pompeii-tour-guide\/\" \/>\n<meta property=\"og:locale\" content=\"it_IT\" \/>\n<meta property=\"og:type\" content=\"article\" \/>\n<meta property=\"og:title\" content=\"Pompeii\" \/>\n<meta property=\"og:description\" content=\"Step into ancient Pompeii with an official guide. Walk its ruins, villas and frescoes for an unforgettable journey through history.\" \/>\n<meta property=\"og:url\" content=\"https:\/\/www.laguidasorrento.com\/it\/pompeii-tour-guide\/\" \/>\n<meta property=\"og:site_name\" content=\"La Guida Sorrento\" \/>\n<meta property=\"article:publisher\" content=\"https:\/\/facebook.com\/tourguidesorrento\" \/>\n<meta property=\"article:modified_time\" content=\"2025-08-19T13:51:44+00:00\" \/>\n<meta property=\"og:image\" content=\"https:\/\/www.laguidasorrento.com\/wp-content\/uploads\/2025\/01\/1NataliaFiorentino-scaled.jpg\" \/>\n\t<meta property=\"og:image:width\" content=\"1840\" \/>\n\t<meta property=\"og:image:height\" content=\"2560\" \/>\n\t<meta property=\"og:image:type\" content=\"image\/jpeg\" \/>\n<meta name=\"twitter:card\" content=\"summary_large_image\" \/>\n<meta name=\"twitter:label1\" content=\"Tempo di lettura stimato\" \/>\n\t<meta name=\"twitter:data1\" content=\"3 minuti\" \/>\n<script type=\"application\/ld+json\" class=\"yoast-schema-graph\">{\"@context\":\"https:\\\/\\\/schema.org\",\"@graph\":[{\"@type\":\"WebPage\",\"@id\":\"https:\\\/\\\/www.laguidasorrento.com\\\/pompeii-tour-guide\\\/\",\"url\":\"https:\\\/\\\/www.laguidasorrento.com\\\/pompeii-tour-guide\\\/\",\"name\":\"Pompeii Guided Tour with Licensed Guide\",\"isPartOf\":{\"@id\":\"https:\\\/\\\/www.laguidasorrento.com\\\/#website\"},\"primaryImageOfPage\":{\"@id\":\"https:\\\/\\\/www.laguidasorrento.com\\\/pompeii-tour-guide\\\/#primaryimage\"},\"image\":{\"@id\":\"https:\\\/\\\/www.laguidasorrento.com\\\/pompeii-tour-guide\\\/#primaryimage\"},\"thumbnailUrl\":\"https:\\\/\\\/www.laguidasorrento.com\\\/wp-content\\\/uploads\\\/2025\\\/01\\\/1NataliaFiorentino-scaled.jpg\",\"datePublished\":\"2023-10-26T13:42:26+00:00\",\"dateModified\":\"2025-08-19T13:51:44+00:00\",\"description\":\"Step into ancient Pompeii with an official guide. Walk its ruins, villas and frescoes for an unforgettable journey through history.\",\"breadcrumb\":{\"@id\":\"https:\\\/\\\/www.laguidasorrento.com\\\/pompeii-tour-guide\\\/#breadcrumb\"},\"inLanguage\":\"it-IT\",\"potentialAction\":[{\"@type\":\"ReadAction\",\"target\":[\"https:\\\/\\\/www.laguidasorrento.com\\\/pompeii-tour-guide\\\/\"]}]},{\"@type\":\"ImageObject\",\"inLanguage\":\"it-IT\",\"@id\":\"https:\\\/\\\/www.laguidasorrento.com\\\/pompeii-tour-guide\\\/#primaryimage\",\"url\":\"https:\\\/\\\/www.laguidasorrento.com\\\/wp-content\\\/uploads\\\/2025\\\/01\\\/1NataliaFiorentino-scaled.jpg\",\"contentUrl\":\"https:\\\/\\\/www.laguidasorrento.com\\\/wp-content\\\/uploads\\\/2025\\\/01\\\/1NataliaFiorentino-scaled.jpg\",\"width\":1840,\"height\":2560,\"caption\":\"Tour Guide\"},{\"@type\":\"BreadcrumbList\",\"@id\":\"https:\\\/\\\/www.laguidasorrento.com\\\/pompeii-tour-guide\\\/#breadcrumb\",\"itemListElement\":[{\"@type\":\"ListItem\",\"position\":1,\"name\":\"Home\",\"item\":\"https:\\\/\\\/www.laguidasorrento.com\\\/\"},{\"@type\":\"ListItem\",\"position\":2,\"name\":\"Pompeii\"}]},{\"@type\":\"WebSite\",\"@id\":\"https:\\\/\\\/www.laguidasorrento.com\\\/#website\",\"url\":\"https:\\\/\\\/www.laguidasorrento.com\\\/\",\"name\":\"La Guida Sorrento\",\"description\":\"Explore Naples and Beyond\",\"publisher\":{\"@id\":\"https:\\\/\\\/www.laguidasorrento.com\\\/#organization\"},\"potentialAction\":[{\"@type\":\"SearchAction\",\"target\":{\"@type\":\"EntryPoint\",\"urlTemplate\":\"https:\\\/\\\/www.laguidasorrento.com\\\/?s={search_term_string}\"},\"query-input\":{\"@type\":\"PropertyValueSpecification\",\"valueRequired\":true,\"valueName\":\"search_term_string\"}}],\"inLanguage\":\"it-IT\"},{\"@type\":\"Organization\",\"@id\":\"https:\\\/\\\/www.laguidasorrento.com\\\/#organization\",\"name\":\"La Guida Sorrento\",\"url\":\"https:\\\/\\\/www.laguidasorrento.com\\\/\",\"logo\":{\"@type\":\"ImageObject\",\"inLanguage\":\"it-IT\",\"@id\":\"https:\\\/\\\/www.laguidasorrento.com\\\/#\\\/schema\\\/logo\\\/image\\\/\",\"url\":\"https:\\\/\\\/www.laguidasorrento.com\\\/wp-content\\\/uploads\\\/2023\\\/02\\\/la_guida_sorrento_logo-e1688335948369.webp\",\"contentUrl\":\"https:\\\/\\\/www.laguidasorrento.com\\\/wp-content\\\/uploads\\\/2023\\\/02\\\/la_guida_sorrento_logo-e1688335948369.webp\",\"width\":1443,\"height\":468,\"caption\":\"La Guida Sorrento\"},\"image\":{\"@id\":\"https:\\\/\\\/www.laguidasorrento.com\\\/#\\\/schema\\\/logo\\\/image\\\/\"},\"sameAs\":[\"https:\\\/\\\/facebook.com\\\/tourguidesorrento\",\"https:\\\/\\\/instagram.com\\\/tourguidesorrento\",\"https:\\\/\\\/linkedin.com\\\/tourguidesorrento\"]}]}<\/script>\n<!-- \/ Yoast SEO Premium plugin. -->","yoast_head_json":{"title":"Visita guidata di Pompei con guida autorizzata","description":"Entra nell&#039;antica Pompei con una guida ufficiale. Esplora le sue rovine, le ville e gli affreschi per un viaggio indimenticabile nella storia.","robots":{"index":"index","follow":"follow","max-snippet":"max-snippet:-1","max-image-preview":"max-image-preview:large","max-video-preview":"max-video-preview:-1"},"canonical":"https:\/\/www.laguidasorrento.com\/it\/pompeii-tour-guide\/","og_locale":"it_IT","og_type":"article","og_title":"Pompeii","og_description":"Step into ancient Pompeii with an official guide. Walk its ruins, villas and frescoes for an unforgettable journey through history.","og_url":"https:\/\/www.laguidasorrento.com\/it\/pompeii-tour-guide\/","og_site_name":"La Guida Sorrento","article_publisher":"https:\/\/facebook.com\/tourguidesorrento","article_modified_time":"2025-08-19T13:51:44+00:00","og_image":[{"width":1840,"height":2560,"url":"https:\/\/www.laguidasorrento.com\/wp-content\/uploads\/2025\/01\/1NataliaFiorentino-scaled.jpg","type":"image\/jpeg"}],"twitter_card":"summary_large_image","twitter_misc":{"Tempo di lettura stimato":"3 minuti"},"schema":{"@context":"https:\/\/schema.org","@graph":[{"@type":"WebPage","@id":"https:\/\/www.laguidasorrento.com\/pompeii-tour-guide\/","url":"https:\/\/www.laguidasorrento.com\/pompeii-tour-guide\/","name":"Visita guidata di Pompei con guida autorizzata","isPartOf":{"@id":"https:\/\/www.laguidasorrento.com\/#website"},"primaryImageOfPage":{"@id":"https:\/\/www.laguidasorrento.com\/pompeii-tour-guide\/#primaryimage"},"image":{"@id":"https:\/\/www.laguidasorrento.com\/pompeii-tour-guide\/#primaryimage"},"thumbnailUrl":"https:\/\/www.laguidasorrento.com\/wp-content\/uploads\/2025\/01\/1NataliaFiorentino-scaled.jpg","datePublished":"2023-10-26T13:42:26+00:00","dateModified":"2025-08-19T13:51:44+00:00","description":"Entra nell&#039;antica Pompei con una guida ufficiale. Esplora le sue rovine, le ville e gli affreschi per un viaggio indimenticabile nella storia.","breadcrumb":{"@id":"https:\/\/www.laguidasorrento.com\/pompeii-tour-guide\/#breadcrumb"},"inLanguage":"it-IT","potentialAction":[{"@type":"ReadAction","target":["https:\/\/www.laguidasorrento.com\/pompeii-tour-guide\/"]}]},{"@type":"ImageObject","inLanguage":"it-IT","@id":"https:\/\/www.laguidasorrento.com\/pompeii-tour-guide\/#primaryimage","url":"https:\/\/www.laguidasorrento.com\/wp-content\/uploads\/2025\/01\/1NataliaFiorentino-scaled.jpg","contentUrl":"https:\/\/www.laguidasorrento.com\/wp-content\/uploads\/2025\/01\/1NataliaFiorentino-scaled.jpg","width":1840,"height":2560,"caption":"Tour Guide"},{"@type":"BreadcrumbList","@id":"https:\/\/www.laguidasorrento.com\/pompeii-tour-guide\/#breadcrumb","itemListElement":[{"@type":"ListItem","position":1,"name":"Home","item":"https:\/\/www.laguidasorrento.com\/"},{"@type":"ListItem","position":2,"name":"Pompeii"}]},{"@type":"WebSite","@id":"https:\/\/www.laguidasorrento.com\/#website","url":"https:\/\/www.laguidasorrento.com\/","name":"La Guida Sorrento","description":"Esplora Napoli e dintorni","publisher":{"@id":"https:\/\/www.laguidasorrento.com\/#organization"},"potentialAction":[{"@type":"SearchAction","target":{"@type":"EntryPoint","urlTemplate":"https:\/\/www.laguidasorrento.com\/?s={search_term_string}"},"query-input":{"@type":"PropertyValueSpecification","valueRequired":true,"valueName":"search_term_string"}}],"inLanguage":"it-IT"},{"@type":"Organization","@id":"https:\/\/www.laguidasorrento.com\/#organization","name":"La Guida Sorrento","url":"https:\/\/www.laguidasorrento.com\/","logo":{"@type":"ImageObject","inLanguage":"it-IT","@id":"https:\/\/www.laguidasorrento.com\/#\/schema\/logo\/image\/","url":"https:\/\/www.laguidasorrento.com\/wp-content\/uploads\/2023\/02\/la_guida_sorrento_logo-e1688335948369.webp","contentUrl":"https:\/\/www.laguidasorrento.com\/wp-content\/uploads\/2023\/02\/la_guida_sorrento_logo-e1688335948369.webp","width":1443,"height":468,"caption":"La Guida Sorrento"},"image":{"@id":"https:\/\/www.laguidasorrento.com\/#\/schema\/logo\/image\/"},"sameAs":["https:\/\/facebook.com\/tourguidesorrento","https:\/\/instagram.com\/tourguidesorrento","https:\/\/linkedin.com\/tourguidesorrento"]}]}},"_links":{"self":[{"href":"https:\/\/www.laguidasorrento.com\/it\/wp-json\/wp\/v2\/pages\/3661","targetHints":{"allow":["GET"]}}],"collection":[{"href":"https:\/\/www.laguidasorrento.com\/it\/wp-json\/wp\/v2\/pages"}],"about":[{"href":"https:\/\/www.laguidasorrento.com\/it\/wp-json\/wp\/v2\/types\/page"}],"author":[{"embeddable":true,"href":"https:\/\/www.laguidasorrento.com\/it\/wp-json\/wp\/v2\/users\/4"}],"replies":[{"embeddable":true,"href":"https:\/\/www.laguidasorrento.com\/it\/wp-json\/wp\/v2\/comments?post=3661"}],"version-history":[{"count":34,"href":"https:\/\/www.laguidasorrento.com\/it\/wp-json\/wp\/v2\/pages\/3661\/revisions"}],"predecessor-version":[{"id":6951,"href":"https:\/\/www.laguidasorrento.com\/it\/wp-json\/wp\/v2\/pages\/3661\/revisions\/6951"}],"wp:featuredmedia":[{"embeddable":true,"href":"https:\/\/www.laguidasorrento.com\/it\/wp-json\/wp\/v2\/media\/4813"}],"wp:attachment":[{"href":"https:\/\/www.laguidasorrento.com\/it\/wp-json\/wp\/v2\/media?parent=3661"}],"curies":[{"name":"parola chiave","href":"https:\/\/api.w.org\/{rel}","templated":true}]}}