{"id":3768,"date":"2023-10-27T17:18:27","date_gmt":"2023-10-27T15:18:27","guid":{"rendered":"https:\/\/www.laguidasorrento.com\/?page_id=3768"},"modified":"2025-08-19T15:56:22","modified_gmt":"2025-08-19T13:56:22","slug":"naples","status":"publish","type":"page","link":"https:\/\/www.laguidasorrento.com\/it\/naples\/","title":{"rendered":"Napoli"},"content":{"rendered":"<div data-elementor-type=\"wp-page\" data-elementor-id=\"3768\" class=\"elementor elementor-3768\">\n\t\t\t\t\t\t<section class=\"elementor-section elementor-top-section elementor-element elementor-element-d7ced84 elementor-section-boxed elementor-section-height-default elementor-section-height-default\" data-id=\"d7ced84\" data-element_type=\"section\">\n\t\t\t\t\t\t<div class=\"elementor-container elementor-column-gap-default\">\n\t\t\t\t\t<div class=\"elementor-column elementor-col-100 elementor-top-column elementor-element elementor-element-cad681e\" data-id=\"cad681e\" data-element_type=\"column\">\n\t\t\t<div class=\"elementor-widget-wrap elementor-element-populated\">\n\t\t\t\t\t\t<div class=\"elementor-element elementor-element-7202c28 elementor-widget elementor-widget-text-editor\" data-id=\"7202c28\" data-element_type=\"widget\" data-widget_type=\"text-editor.default\">\n\t\t\t\t<div class=\"elementor-widget-container\">\n\t\t\t\t\t\t\t\t\t<h2>Napoli<\/h2>\n<h3 style=\"font-size: 1.5rem;\">La citt\u00e0 del Mito<\/h3>\t\t\t\t\t\t\t\t<\/div>\n\t\t\t\t<\/div>\n\t\t\t\t\t<\/div>\n\t\t<\/div>\n\t\t\t\t\t<\/div>\n\t\t<\/section>\n\t\t\t\t<section class=\"elementor-section elementor-top-section elementor-element elementor-element-2dd9f51 elementor-section-boxed elementor-section-height-default elementor-section-height-default\" data-id=\"2dd9f51\" data-element_type=\"section\">\n\t\t\t\t\t\t<div class=\"elementor-container elementor-column-gap-default\">\n\t\t\t\t\t<div class=\"elementor-column elementor-col-100 elementor-top-column elementor-element elementor-element-430e85a\" data-id=\"430e85a\" data-element_type=\"column\">\n\t\t\t<div class=\"elementor-widget-wrap elementor-element-populated\">\n\t\t\t\t\t\t<div class=\"elementor-element elementor-element-05282cc elementor-widget elementor-widget-text-editor\" data-id=\"05282cc\" data-element_type=\"widget\" data-widget_type=\"text-editor.default\">\n\t\t\t\t<div class=\"elementor-widget-container\">\n\t\t\t\t\t\t\t\t\t<p>Ex Capitale del Regno delle due Sicilie, Qui<strong> Storia, cultura e bellezza naturale convergono per creare un&#039;esperienza senza eguali.<\/strong><\/p><p>Adagiata lungo le rive azzurre del Mar Tirreno, Napoli \u00e8 una citt\u00e0 con una storia che abbraccia millenni e una vitalit\u00e0 che affascina l&#039;anima.<\/p><p>Secondo la leggenda la Citt\u00e0 fu fondata dalla bellissima sirena\u201d<strong>Partenope<\/strong>\u201d.<\/p><p>Questa citt\u00e0 \u00e8 stata testimone dell&#039;ascesa e della caduta di imperi e dinastie, dal <strong>romani<\/strong> al <strong>Bizantini<\/strong>, IL <strong>Normanni<\/strong>, IL <strong>spagnolo <\/strong>IL <strong>Angi\u00f2 <\/strong>e il <strong>Borboni,\u00a0<\/strong>\u00a0ognuno lasciando dietro di s\u00e9 una traccia della propria cultura e del proprio patrimonio. Passeggiando per le vie storiche, non puoi fare a meno di sentire un legame con il passato che pochi posti sulla Terra possono offrire.<\/p><p>Uno dei tesori storici pi\u00f9 iconici di Napoli \u00e8 il <strong>Sito Patrimonio dell&#039;Umanit\u00e0 dell&#039;UNESCO<\/strong>, IL <strong>Centro Storico di Napoli<\/strong>. Questo cuore della citt\u00e0 vanta una ricchezza di chiese, palazzi e strade strette che si snodano attraverso un labirinto di storia. La grandezza del <strong>Palazzo Reale<\/strong>, <strong>Piazza Plebiscito<\/strong>, l&#039;intricata bellezza di <strong>San Gregorio Armeno<\/strong>, IL <strong>Cristo velato<\/strong>, IL <strong>Chiostro di Santa Chiara<\/strong> e la splendida maestosit\u00e0 del<strong> Cattedrale di San Gennaio<\/strong>, l&#039;amato Santo dei <strong>miracolo<\/strong>, sono solo alcuni esempi delle meraviglie architettoniche che attendono la tua esplorazione.<\/p><p>Napoli \u00e8 un museo a cielo aperto, un paradiso culinario, una porta verso le bellezze naturali e una testimonianza della resilienza dello spirito umano.<\/p><p>Il Golfo di Napoli, incorniciato dall&#039;imponente <strong>Monte Vesuvio<\/strong>, offre uno sfondo mozzafiato alla citt\u00e0. \u00c8 un promemoria della resilienza della citt\u00e0, come \u00e8 noto seppellire il Vesuvio <strong>Pompei<\/strong> nel 79 d.C., e la sua capacit\u00e0 di rinnovamento.<\/p><p>Ma ci\u00f2 che rende Napoli davvero straordinaria \u00e8 la sua gente. I napoletani sono rinomati per il loro calore, passione e vivace stile di vita.<\/p><p>Quindi, sia che tu stia esplorando le sue strade storiche, o semplicemente ammirando il Golfo di Napoli, scoprirai una citt\u00e0 che lascia un segno indelebile nel tuo cuore e nella tua anima. Napoli non \u00e8 solo una destinazione; \u00e8 un viaggio indimenticabile attraverso il tempo, la cultura e la bellezza che rimarr\u00e0 con te per sempre.<\/p>\t\t\t\t\t\t\t\t<\/div>\n\t\t\t\t<\/div>\n\t\t\t\t\t<\/div>\n\t\t<\/div>\n\t\t\t\t\t<\/div>\n\t\t<\/section>\n\t\t\t\t<section class=\"elementor-section elementor-top-section elementor-element elementor-element-8e25bb1 elementor-section-boxed elementor-section-height-default elementor-section-height-default\" data-id=\"8e25bb1\" data-element_type=\"section\">\n\t\t\t\t\t\t<div class=\"elementor-container elementor-column-gap-default\">\n\t\t\t\t\t<div class=\"elementor-column elementor-col-100 elementor-top-column elementor-element elementor-element-deca835\" data-id=\"deca835\" data-element_type=\"column\">\n\t\t\t<div class=\"elementor-widget-wrap elementor-element-populated\">\n\t\t\t\t\t\t<div class=\"elementor-element elementor-element-1a4f848 elementor-widget elementor-widget-text-editor\" data-id=\"1a4f848\" data-element_type=\"widget\" data-widget_type=\"text-editor.default\">\n\t\t\t\t<div class=\"elementor-widget-container\">\n\t\t\t\t\t\t\t\t\t<span style=\"text-decoration: underline;\"><strong>Investire in un tour privato non solo offre comodit\u00e0 e competenza, ma sblocca anche tutta la bellezza e la ricchezza culturale di Napoli, rendendola un&#039;esperienza irripetibile.<\/strong><\/span>\n\n<strong>Con una guida potrai rendere il tuo viaggio davvero eccezionale.<\/strong>\t\t\t\t\t\t\t\t<\/div>\n\t\t\t\t<\/div>\n\t\t\t\t\t<\/div>\n\t\t<\/div>\n\t\t\t\t\t<\/div>\n\t\t<\/section>\n\t\t\t\t<section class=\"elementor-section elementor-top-section elementor-element elementor-element-046b22d elementor-section-boxed elementor-section-height-default elementor-section-height-default\" data-id=\"046b22d\" data-element_type=\"section\">\n\t\t\t\t\t\t<div class=\"elementor-container elementor-column-gap-default\">\n\t\t\t\t\t<div class=\"elementor-column elementor-col-100 elementor-top-column elementor-element elementor-element-522ac4a\" data-id=\"522ac4a\" data-element_type=\"column\">\n\t\t\t<div class=\"elementor-widget-wrap elementor-element-populated\">\n\t\t\t\t\t\t<div class=\"elementor-element elementor-element-7d61393 elementor-widget elementor-widget-image\" data-id=\"7d61393\" data-element_type=\"widget\" data-widget_type=\"image.default\">\n\t\t\t\t<div class=\"elementor-widget-container\">\n\t\t\t\t\t\t\t\t\t\t\t\t\t\t\t<img fetchpriority=\"high\" decoding=\"async\" width=\"640\" height=\"213\" src=\"https:\/\/www.laguidasorrento.com\/wp-content\/uploads\/2023\/03\/laguidasorrento_the_amazing_urban_trekking-1024x341.jpg\" class=\"attachment-large size-large wp-image-2937\" alt=\"Parthenope, history, art and traditions\" srcset=\"https:\/\/www.laguidasorrento.com\/wp-content\/uploads\/2023\/03\/laguidasorrento_the_amazing_urban_trekking-1024x341.jpg 1024w, https:\/\/www.laguidasorrento.com\/wp-content\/uploads\/2023\/03\/laguidasorrento_the_amazing_urban_trekking-300x100.jpg 300w, https:\/\/www.laguidasorrento.com\/wp-content\/uploads\/2023\/03\/laguidasorrento_the_amazing_urban_trekking-768x256.jpg 768w, https:\/\/www.laguidasorrento.com\/wp-content\/uploads\/2023\/03\/laguidasorrento_the_amazing_urban_trekking-1536x512.jpg 1536w, https:\/\/www.laguidasorrento.com\/wp-content\/uploads\/2023\/03\/laguidasorrento_the_amazing_urban_trekking-2048x683.jpg 2048w, https:\/\/www.laguidasorrento.com\/wp-content\/uploads\/2023\/03\/laguidasorrento_the_amazing_urban_trekking-600x200.jpg 600w\" sizes=\"(max-width: 640px) 100vw, 640px\" \/>\t\t\t\t\t\t\t\t\t\t\t\t\t\t\t<\/div>\n\t\t\t\t<\/div>\n\t\t\t\t\t<\/div>\n\t\t<\/div>\n\t\t\t\t\t<\/div>\n\t\t<\/section>\n\t\t\t\t<\/div>","protected":false},"excerpt":{"rendered":"<p>Napoli, la citt\u00e0 del mito. Ex capitale del Regno delle Due Sicilie, qui storia, cultura e bellezze naturali convergono per creare un&#039;esperienza senza pari. Adagiata lungo le rive azzurre del Mar Tirreno, Napoli \u00e8 una citt\u00e0 con una storia millenaria e una vivacit\u00e0 che affascina [\u2026]<\/p>","protected":false},"author":4,"featured_media":3780,"parent":0,"menu_order":0,"comment_status":"closed","ping_status":"closed","template":"","meta":{"footnotes":""},"class_list":["post-3768","page","type-page","status-publish","has-post-thumbnail","hentry"],"yoast_head":"<!-- This site is optimized with the Yoast SEO Premium plugin v26.8 (Yoast SEO v27.6) - https:\/\/yoast.com\/product\/yoast-seo-premium-wordpress\/ -->\n<title>Naples Private Tour with Official Guide<\/title>\n<meta name=\"description\" content=\"Explore Naples with a private guide. Discover art, culture and hidden gems on a tailor-made tour of this vibrant Italian city.\" \/>\n<meta name=\"robots\" content=\"index, follow, max-snippet:-1, max-image-preview:large, max-video-preview:-1\" \/>\n<link rel=\"canonical\" href=\"https:\/\/www.laguidasorrento.com\/it\/naples\/\" \/>\n<meta property=\"og:locale\" content=\"it_IT\" \/>\n<meta property=\"og:type\" content=\"article\" \/>\n<meta property=\"og:title\" content=\"Naples\" \/>\n<meta property=\"og:description\" content=\"Explore Naples with a private guide. Discover art, culture and hidden gems on a tailor-made tour of this vibrant Italian city.\" \/>\n<meta property=\"og:url\" content=\"https:\/\/www.laguidasorrento.com\/it\/naples\/\" \/>\n<meta property=\"og:site_name\" content=\"La Guida Sorrento\" \/>\n<meta property=\"article:publisher\" content=\"https:\/\/facebook.com\/tourguidesorrento\" \/>\n<meta property=\"article:modified_time\" content=\"2025-08-19T13:56:22+00:00\" \/>\n<meta property=\"og:image\" content=\"https:\/\/www.laguidasorrento.com\/wp-content\/uploads\/2023\/10\/20211213_190109000_iOS.jpg\" \/>\n\t<meta property=\"og:image:width\" content=\"1024\" \/>\n\t<meta property=\"og:image:height\" content=\"768\" \/>\n\t<meta property=\"og:image:type\" content=\"image\/jpeg\" \/>\n<meta name=\"twitter:card\" content=\"summary_large_image\" \/>\n<meta name=\"twitter:label1\" content=\"Tempo di lettura stimato\" \/>\n\t<meta name=\"twitter:data1\" content=\"3 minuti\" \/>\n<script type=\"application\/ld+json\" class=\"yoast-schema-graph\">{\"@context\":\"https:\\\/\\\/schema.org\",\"@graph\":[{\"@type\":\"WebPage\",\"@id\":\"https:\\\/\\\/www.laguidasorrento.com\\\/naples\\\/\",\"url\":\"https:\\\/\\\/www.laguidasorrento.com\\\/naples\\\/\",\"name\":\"Naples Private Tour with Official Guide\",\"isPartOf\":{\"@id\":\"https:\\\/\\\/www.laguidasorrento.com\\\/#website\"},\"primaryImageOfPage\":{\"@id\":\"https:\\\/\\\/www.laguidasorrento.com\\\/naples\\\/#primaryimage\"},\"image\":{\"@id\":\"https:\\\/\\\/www.laguidasorrento.com\\\/naples\\\/#primaryimage\"},\"thumbnailUrl\":\"https:\\\/\\\/www.laguidasorrento.com\\\/wp-content\\\/uploads\\\/2023\\\/10\\\/20211213_190109000_iOS.jpg\",\"datePublished\":\"2023-10-27T15:18:27+00:00\",\"dateModified\":\"2025-08-19T13:56:22+00:00\",\"description\":\"Explore Naples with a private guide. Discover art, culture and hidden gems on a tailor-made tour of this vibrant Italian city.\",\"breadcrumb\":{\"@id\":\"https:\\\/\\\/www.laguidasorrento.com\\\/naples\\\/#breadcrumb\"},\"inLanguage\":\"it-IT\",\"potentialAction\":[{\"@type\":\"ReadAction\",\"target\":[\"https:\\\/\\\/www.laguidasorrento.com\\\/naples\\\/\"]}]},{\"@type\":\"ImageObject\",\"inLanguage\":\"it-IT\",\"@id\":\"https:\\\/\\\/www.laguidasorrento.com\\\/naples\\\/#primaryimage\",\"url\":\"https:\\\/\\\/www.laguidasorrento.com\\\/wp-content\\\/uploads\\\/2023\\\/10\\\/20211213_190109000_iOS.jpg\",\"contentUrl\":\"https:\\\/\\\/www.laguidasorrento.com\\\/wp-content\\\/uploads\\\/2023\\\/10\\\/20211213_190109000_iOS.jpg\",\"width\":1024,\"height\":768,\"caption\":\"San Gregorio Armeno\"},{\"@type\":\"BreadcrumbList\",\"@id\":\"https:\\\/\\\/www.laguidasorrento.com\\\/naples\\\/#breadcrumb\",\"itemListElement\":[{\"@type\":\"ListItem\",\"position\":1,\"name\":\"Home\",\"item\":\"https:\\\/\\\/www.laguidasorrento.com\\\/\"},{\"@type\":\"ListItem\",\"position\":2,\"name\":\"Naples\"}]},{\"@type\":\"WebSite\",\"@id\":\"https:\\\/\\\/www.laguidasorrento.com\\\/#website\",\"url\":\"https:\\\/\\\/www.laguidasorrento.com\\\/\",\"name\":\"La Guida Sorrento\",\"description\":\"Explore Naples and Beyond\",\"publisher\":{\"@id\":\"https:\\\/\\\/www.laguidasorrento.com\\\/#organization\"},\"potentialAction\":[{\"@type\":\"SearchAction\",\"target\":{\"@type\":\"EntryPoint\",\"urlTemplate\":\"https:\\\/\\\/www.laguidasorrento.com\\\/?s={search_term_string}\"},\"query-input\":{\"@type\":\"PropertyValueSpecification\",\"valueRequired\":true,\"valueName\":\"search_term_string\"}}],\"inLanguage\":\"it-IT\"},{\"@type\":\"Organization\",\"@id\":\"https:\\\/\\\/www.laguidasorrento.com\\\/#organization\",\"name\":\"La Guida Sorrento\",\"url\":\"https:\\\/\\\/www.laguidasorrento.com\\\/\",\"logo\":{\"@type\":\"ImageObject\",\"inLanguage\":\"it-IT\",\"@id\":\"https:\\\/\\\/www.laguidasorrento.com\\\/#\\\/schema\\\/logo\\\/image\\\/\",\"url\":\"https:\\\/\\\/www.laguidasorrento.com\\\/wp-content\\\/uploads\\\/2023\\\/02\\\/la_guida_sorrento_logo-e1688335948369.webp\",\"contentUrl\":\"https:\\\/\\\/www.laguidasorrento.com\\\/wp-content\\\/uploads\\\/2023\\\/02\\\/la_guida_sorrento_logo-e1688335948369.webp\",\"width\":1443,\"height\":468,\"caption\":\"La Guida Sorrento\"},\"image\":{\"@id\":\"https:\\\/\\\/www.laguidasorrento.com\\\/#\\\/schema\\\/logo\\\/image\\\/\"},\"sameAs\":[\"https:\\\/\\\/facebook.com\\\/tourguidesorrento\",\"https:\\\/\\\/instagram.com\\\/tourguidesorrento\",\"https:\\\/\\\/linkedin.com\\\/tourguidesorrento\"]}]}<\/script>\n<!-- \/ Yoast SEO Premium plugin. -->","yoast_head_json":{"title":"Tour privato di Napoli con guida ufficiale","description":"Esplora Napoli con una guida privata. Scopri arte, cultura e tesori nascosti in un tour personalizzato di questa vivace citt\u00e0 italiana.","robots":{"index":"index","follow":"follow","max-snippet":"max-snippet:-1","max-image-preview":"max-image-preview:large","max-video-preview":"max-video-preview:-1"},"canonical":"https:\/\/www.laguidasorrento.com\/it\/naples\/","og_locale":"it_IT","og_type":"article","og_title":"Naples","og_description":"Explore Naples with a private guide. Discover art, culture and hidden gems on a tailor-made tour of this vibrant Italian city.","og_url":"https:\/\/www.laguidasorrento.com\/it\/naples\/","og_site_name":"La Guida Sorrento","article_publisher":"https:\/\/facebook.com\/tourguidesorrento","article_modified_time":"2025-08-19T13:56:22+00:00","og_image":[{"width":1024,"height":768,"url":"https:\/\/www.laguidasorrento.com\/wp-content\/uploads\/2023\/10\/20211213_190109000_iOS.jpg","type":"image\/jpeg"}],"twitter_card":"summary_large_image","twitter_misc":{"Tempo di lettura stimato":"3 minuti"},"schema":{"@context":"https:\/\/schema.org","@graph":[{"@type":"WebPage","@id":"https:\/\/www.laguidasorrento.com\/naples\/","url":"https:\/\/www.laguidasorrento.com\/naples\/","name":"Tour privato di Napoli con guida ufficiale","isPartOf":{"@id":"https:\/\/www.laguidasorrento.com\/#website"},"primaryImageOfPage":{"@id":"https:\/\/www.laguidasorrento.com\/naples\/#primaryimage"},"image":{"@id":"https:\/\/www.laguidasorrento.com\/naples\/#primaryimage"},"thumbnailUrl":"https:\/\/www.laguidasorrento.com\/wp-content\/uploads\/2023\/10\/20211213_190109000_iOS.jpg","datePublished":"2023-10-27T15:18:27+00:00","dateModified":"2025-08-19T13:56:22+00:00","description":"Esplora Napoli con una guida privata. Scopri arte, cultura e tesori nascosti in un tour personalizzato di questa vivace citt\u00e0 italiana.","breadcrumb":{"@id":"https:\/\/www.laguidasorrento.com\/naples\/#breadcrumb"},"inLanguage":"it-IT","potentialAction":[{"@type":"ReadAction","target":["https:\/\/www.laguidasorrento.com\/naples\/"]}]},{"@type":"ImageObject","inLanguage":"it-IT","@id":"https:\/\/www.laguidasorrento.com\/naples\/#primaryimage","url":"https:\/\/www.laguidasorrento.com\/wp-content\/uploads\/2023\/10\/20211213_190109000_iOS.jpg","contentUrl":"https:\/\/www.laguidasorrento.com\/wp-content\/uploads\/2023\/10\/20211213_190109000_iOS.jpg","width":1024,"height":768,"caption":"San Gregorio Armeno"},{"@type":"BreadcrumbList","@id":"https:\/\/www.laguidasorrento.com\/naples\/#breadcrumb","itemListElement":[{"@type":"ListItem","position":1,"name":"Home","item":"https:\/\/www.laguidasorrento.com\/"},{"@type":"ListItem","position":2,"name":"Naples"}]},{"@type":"WebSite","@id":"https:\/\/www.laguidasorrento.com\/#website","url":"https:\/\/www.laguidasorrento.com\/","name":"La Guida Sorrento","description":"Esplora Napoli e dintorni","publisher":{"@id":"https:\/\/www.laguidasorrento.com\/#organization"},"potentialAction":[{"@type":"SearchAction","target":{"@type":"EntryPoint","urlTemplate":"https:\/\/www.laguidasorrento.com\/?s={search_term_string}"},"query-input":{"@type":"PropertyValueSpecification","valueRequired":true,"valueName":"search_term_string"}}],"inLanguage":"it-IT"},{"@type":"Organization","@id":"https:\/\/www.laguidasorrento.com\/#organization","name":"La Guida Sorrento","url":"https:\/\/www.laguidasorrento.com\/","logo":{"@type":"ImageObject","inLanguage":"it-IT","@id":"https:\/\/www.laguidasorrento.com\/#\/schema\/logo\/image\/","url":"https:\/\/www.laguidasorrento.com\/wp-content\/uploads\/2023\/02\/la_guida_sorrento_logo-e1688335948369.webp","contentUrl":"https:\/\/www.laguidasorrento.com\/wp-content\/uploads\/2023\/02\/la_guida_sorrento_logo-e1688335948369.webp","width":1443,"height":468,"caption":"La Guida Sorrento"},"image":{"@id":"https:\/\/www.laguidasorrento.com\/#\/schema\/logo\/image\/"},"sameAs":["https:\/\/facebook.com\/tourguidesorrento","https:\/\/instagram.com\/tourguidesorrento","https:\/\/linkedin.com\/tourguidesorrento"]}]}},"_links":{"self":[{"href":"https:\/\/www.laguidasorrento.com\/it\/wp-json\/wp\/v2\/pages\/3768","targetHints":{"allow":["GET"]}}],"collection":[{"href":"https:\/\/www.laguidasorrento.com\/it\/wp-json\/wp\/v2\/pages"}],"about":[{"href":"https:\/\/www.laguidasorrento.com\/it\/wp-json\/wp\/v2\/types\/page"}],"author":[{"embeddable":true,"href":"https:\/\/www.laguidasorrento.com\/it\/wp-json\/wp\/v2\/users\/4"}],"replies":[{"embeddable":true,"href":"https:\/\/www.laguidasorrento.com\/it\/wp-json\/wp\/v2\/comments?post=3768"}],"version-history":[{"count":32,"href":"https:\/\/www.laguidasorrento.com\/it\/wp-json\/wp\/v2\/pages\/3768\/revisions"}],"predecessor-version":[{"id":7003,"href":"https:\/\/www.laguidasorrento.com\/it\/wp-json\/wp\/v2\/pages\/3768\/revisions\/7003"}],"wp:featuredmedia":[{"embeddable":true,"href":"https:\/\/www.laguidasorrento.com\/it\/wp-json\/wp\/v2\/media\/3780"}],"wp:attachment":[{"href":"https:\/\/www.laguidasorrento.com\/it\/wp-json\/wp\/v2\/media?parent=3768"}],"curies":[{"name":"parola chiave","href":"https:\/\/api.w.org\/{rel}","templated":true}]}}